{"id":16782,"date":"2025-02-27T13:02:47","date_gmt":"2025-02-27T11:02:47","guid":{"rendered":"https:\/\/www.roly24.com\/?post_type=product&#038;p=16782"},"modified":"2026-03-16T11:38:49","modified_gmt":"2026-03-16T09:38:49","slug":"peli-ja-harjoitus-pikeepaita-tormo","status":"publish","type":"product","link":"https:\/\/www.roly24.com\/index.php\/tuote\/peli-ja-harjoitus-pikeepaita-tormo\/","title":{"rendered":"Tekninen Peli- ja harjoitus pikeepaita TORMO  125 g\/m\u00b2  painamattomana tai painettuna"},"content":{"rendered":"<p><strong>Tuotenumero 501403<\/strong><\/p>\n<h4 data-start=\"159\" data-end=\"251\"><span class=\"BZ_Pyq_fadeIn\">Peli- <\/span><span class=\"BZ_Pyq_fadeIn\">ja <\/span><span class=\"BZ_Pyq_fadeIn\">harjoitus <\/span><span class=\"BZ_Pyq_fadeIn\">pikeepaita <\/span><span class=\"BZ_Pyq_fadeIn\">Tormo \u2013 <\/span><span class=\"BZ_Pyq_fadeIn\">tekninen <\/span><span class=\"BZ_Pyq_fadeIn\">poolopaita <\/span><span class=\"BZ_Pyq_fadeIn\">painettuna <\/span><span class=\"BZ_Pyq_fadeIn\">tai <\/span><span class=\"BZ_Pyq_fadeIn\">painamattomana<\/span><\/h4>\n<p data-start=\"253\" data-end=\"495\"><span class=\"BZ_Pyq_fadeIn\">Tormo <\/span><span class=\"BZ_Pyq_fadeIn\">peli- <\/span><span class=\"BZ_Pyq_fadeIn\">ja <\/span><span class=\"BZ_Pyq_fadeIn\">harjoitus <\/span><span class=\"BZ_Pyq_fadeIn\">pikeepaita <\/span><span class=\"BZ_Pyq_fadeIn\">on <\/span><span class=\"BZ_Pyq_fadeIn\">kevyt <\/span><span class=\"BZ_Pyq_fadeIn\">ja <\/span><span class=\"BZ_Pyq_fadeIn\">hengitt\u00e4v\u00e4 <\/span><span class=\"BZ_Pyq_fadeIn\">tekninen <\/span><span class=\"BZ_Pyq_fadeIn\">poolopaita, <\/span><span class=\"BZ_Pyq_fadeIn\">joka <\/span><span class=\"BZ_Pyq_fadeIn\">on <\/span><span class=\"BZ_Pyq_fadeIn\">suunniteltu <\/span><span class=\"BZ_Pyq_fadeIn\">urheiluun, <\/span><span class=\"BZ_Pyq_fadeIn\">harjoitteluun, <\/span><span class=\"BZ_Pyq_fadeIn\">yritysvaatteisiin, <\/span><span class=\"BZ_Pyq_fadeIn\">tapahtumiin <\/span><span class=\"BZ_Pyq_fadeIn\">sek\u00e4 <\/span><span class=\"BZ_Pyq_fadeIn\">promootiotuotteisiin. <\/span><span class=\"BZ_Pyq_fadeIn\">Paita <\/span><span class=\"BZ_Pyq_fadeIn\">sopii <\/span><span class=\"BZ_Pyq_fadeIn\">hyvin <\/span><span class=\"BZ_Pyq_fadeIn\">my\u00f6s <\/span><span class=\"BZ_Pyq_fadeIn\">seuravaatteeksi <\/span><span class=\"BZ_Pyq_fadeIn\">ja <\/span><span class=\"BZ_Pyq_fadeIn\">j\u00e4lleenmyyntiin.<\/span><\/p>\n<p data-start=\"497\" data-end=\"682\"><span class=\"BZ_Pyq_fadeIn\">Tuotteet <\/span><span class=\"BZ_Pyq_fadeIn\">myyd\u00e4\u00e4n <\/span><span class=\"BZ_Pyq_fadeIn\">sek\u00e4 <\/span><span class=\"BZ_Pyq_fadeIn\">painettuina <\/span><span class=\"BZ_Pyq_fadeIn\">ett\u00e4 <\/span><span class=\"BZ_Pyq_fadeIn\">painamattomina, <\/span><span class=\"BZ_Pyq_fadeIn\">joten <\/span><span class=\"BZ_Pyq_fadeIn\">paidat <\/span><span class=\"BZ_Pyq_fadeIn\">voidaan <\/span><span class=\"BZ_Pyq_fadeIn\">toimittaa <\/span><span class=\"BZ_Pyq_fadeIn\">valmiiksi <\/span><span class=\"BZ_Pyq_fadeIn\">painettuina <\/span><span class=\"BZ_Pyq_fadeIn\">logolla, <\/span><span class=\"BZ_Pyq_fadeIn\">nimell\u00e4 <\/span><span class=\"BZ_Pyq_fadeIn\">tai <\/span><span class=\"BZ_Pyq_fadeIn\">grafiikalla <\/span><span class=\"BZ_Pyq_fadeIn\">tai <\/span><span class=\"BZ_Pyq_fadeIn\">ilman <\/span><span class=\"BZ_Pyq_fadeIn\">painatusta <\/span><span class=\"BZ_Pyq_fadeIn\">jatkomerkkausta <\/span><span class=\"BZ_Pyq_fadeIn\">varten.<\/span><\/p>\n<p data-start=\"684\" data-end=\"1063\"><span class=\"BZ_Pyq_fadeIn\">Paidassa <\/span><span class=\"BZ_Pyq_fadeIn\">on <\/span><span class=\"BZ_Pyq_fadeIn\">klassinen <\/span><span class=\"BZ_Pyq_fadeIn\">poolopaidan <\/span><span class=\"BZ_Pyq_fadeIn\">malli <\/span><span class=\"BZ_Pyq_fadeIn\">lyhyill\u00e4 <\/span><span class=\"BZ_Pyq_fadeIn\">hihoilla, <\/span><span class=\"BZ_Pyq_fadeIn\">joka <\/span><span class=\"BZ_Pyq_fadeIn\">tarjoaa <\/span><span class=\"BZ_Pyq_fadeIn\">sporttisen <\/span><span class=\"BZ_Pyq_fadeIn\">ja <\/span><span class=\"BZ_Pyq_fadeIn\">siistin <\/span><span class=\"BZ_Pyq_fadeIn\">ulkon\u00e4\u00f6n. <\/span><span class=\"BZ_Pyq_fadeIn\">1\u00d7<\/span><span class=\"BZ_Pyq_fadeIn\">1 <\/span><span class=\"BZ_Pyq_fadeIn\">rib &#8211;<\/span><span class=\"BZ_Pyq_fadeIn\">polyesterikaulus <\/span><span class=\"BZ_Pyq_fadeIn\">muovisoljeilla <\/span><span class=\"BZ_Pyq_fadeIn\">on <\/span><span class=\"BZ_Pyq_fadeIn\">yhteensopiva <\/span><span class=\"BZ_Pyq_fadeIn\">l\u00e4ppien <\/span><span class=\"BZ_Pyq_fadeIn\">kanssa <\/span><span class=\"BZ_Pyq_fadeIn\">ja <\/span><span class=\"BZ_Pyq_fadeIn\">antaa <\/span><span class=\"BZ_Pyq_fadeIn\">paidalle <\/span><span class=\"BZ_Pyq_fadeIn\">viimeistellyn <\/span><span class=\"BZ_Pyq_fadeIn\">ilmeen. <\/span><span class=\"BZ_Pyq_fadeIn\">Yhteensopivat <\/span><span class=\"BZ_Pyq_fadeIn\">saumanp\u00e4\u00e4lliset <\/span><span class=\"BZ_Pyq_fadeIn\">lis\u00e4\u00e4v\u00e4t <\/span><span class=\"BZ_Pyq_fadeIn\">k\u00e4ytt\u00f6mukavuutta <\/span><span class=\"BZ_Pyq_fadeIn\">ja <\/span><span class=\"BZ_Pyq_fadeIn\">kest\u00e4vyytt\u00e4. <\/span><span class=\"BZ_Pyq_fadeIn\">Hihoissa <\/span><span class=\"BZ_Pyq_fadeIn\">oleva <\/span><span class=\"BZ_Pyq_fadeIn\">1\u00d7<\/span><span class=\"BZ_Pyq_fadeIn\">1 <\/span><span class=\"BZ_Pyq_fadeIn\">rib &#8211;<\/span><span class=\"BZ_Pyq_fadeIn\">viimeistely <\/span><span class=\"BZ_Pyq_fadeIn\">parantaa <\/span><span class=\"BZ_Pyq_fadeIn\">istuvuutta <\/span><span class=\"BZ_Pyq_fadeIn\">ja <\/span><span class=\"BZ_Pyq_fadeIn\">antaa <\/span><span class=\"BZ_Pyq_fadeIn\">paidalle <\/span><span class=\"BZ_Pyq_fadeIn\">siistin <\/span><span class=\"BZ_Pyq_fadeIn\">ulkon\u00e4\u00f6n.<\/span><\/p>\n<p data-start=\"1065\" data-end=\"1220\"><span class=\"BZ_Pyq_fadeIn\">Tekninen <\/span><span class=\"BZ_Pyq_fadeIn\">kangas <\/span><span class=\"BZ_Pyq_fadeIn\">on <\/span><span class=\"BZ_Pyq_fadeIn\">hengitt\u00e4v\u00e4, <\/span><span class=\"BZ_Pyq_fadeIn\">helposti <\/span><span class=\"BZ_Pyq_fadeIn\">pest\u00e4v\u00e4 <\/span><span class=\"BZ_Pyq_fadeIn\">ja <\/span><span class=\"BZ_Pyq_fadeIn\">nopeasti <\/span><span class=\"BZ_Pyq_fadeIn\">kuivuva, <\/span><span class=\"BZ_Pyq_fadeIn\">mik\u00e4 <\/span><span class=\"BZ_Pyq_fadeIn\">tekee <\/span><span class=\"BZ_Pyq_fadeIn\">paidasta <\/span><span class=\"BZ_Pyq_fadeIn\">k\u00e4yt\u00e4nn\u00f6llisen <\/span><span class=\"BZ_Pyq_fadeIn\">aktiiviseen <\/span><span class=\"BZ_Pyq_fadeIn\">k\u00e4ytt\u00f6\u00f6n <\/span><span class=\"BZ_Pyq_fadeIn\">urheilussa <\/span><span class=\"BZ_Pyq_fadeIn\">ja <\/span><span class=\"BZ_Pyq_fadeIn\">ty\u00f6ymp\u00e4rist\u00f6ss\u00e4.<\/span><\/p>\n<h3 data-section-id=\"rog7al\" data-start=\"1222\" data-end=\"1238\"><span class=\"BZ_Pyq_fadeIn\">Ominaisuudet<\/span><\/h3>\n<p data-start=\"1240\" data-end=\"1470\"><span class=\"BZ_Pyq_fadeIn\">Tekninen <\/span><span class=\"BZ_Pyq_fadeIn\">pikeepaita \u2022 <\/span><span class=\"BZ_Pyq_fadeIn\">Lyhyet <\/span><span class=\"BZ_Pyq_fadeIn\">hihat \u2022 <\/span><span class=\"BZ_Pyq_fadeIn\">1\u00d7<\/span><span class=\"BZ_Pyq_fadeIn\">1 <\/span><span class=\"BZ_Pyq_fadeIn\">rib &#8211;<\/span><span class=\"BZ_Pyq_fadeIn\">polyesterikaulus \u2022 <\/span><span class=\"BZ_Pyq_fadeIn\">Muovisoljet <\/span><span class=\"BZ_Pyq_fadeIn\">l\u00e4pill\u00e4 \u2022 <\/span><span class=\"BZ_Pyq_fadeIn\">Yhteensopivat <\/span><span class=\"BZ_Pyq_fadeIn\">saumanp\u00e4\u00e4lliset \u2022 <\/span><span class=\"BZ_Pyq_fadeIn\">1\u00d7<\/span><span class=\"BZ_Pyq_fadeIn\">1 <\/span><span class=\"BZ_Pyq_fadeIn\">rib &#8211;<\/span><span class=\"BZ_Pyq_fadeIn\">viimeistely <\/span><span class=\"BZ_Pyq_fadeIn\">hihoissa \u2022 <\/span><span class=\"BZ_Pyq_fadeIn\">Hengitt\u00e4v\u00e4 <\/span><span class=\"BZ_Pyq_fadeIn\">ja <\/span><span class=\"BZ_Pyq_fadeIn\">nopeasti <\/span><span class=\"BZ_Pyq_fadeIn\">kuivuva <\/span><span class=\"BZ_Pyq_fadeIn\">kangas \u2022 <\/span><span class=\"BZ_Pyq_fadeIn\">Saatavana <\/span><span class=\"BZ_Pyq_fadeIn\">painettuna <\/span><span class=\"BZ_Pyq_fadeIn\">tai <\/span><span class=\"BZ_Pyq_fadeIn\">painamattomana<\/span><\/p>\n<h3 data-section-id=\"dpzujp\" data-start=\"1472\" data-end=\"1486\"><span class=\"BZ_Pyq_fadeIn\">Materiaali<\/span><\/h3>\n<p data-start=\"1488\" data-end=\"1561\"><span class=\"BZ_Pyq_fadeIn\">100 % <\/span><span class=\"BZ_Pyq_fadeIn\">kierr\u00e4tetty <\/span><span class=\"BZ_Pyq_fadeIn\">polyesteri<\/span><br data-start=\"1516\" data-end=\"1519\" \/><span class=\"BZ_Pyq_fadeIn\">Kangas: <\/span><span class=\"BZ_Pyq_fadeIn\">vohveliinterlock<\/span><br data-start=\"1543\" data-end=\"1546\" \/><span class=\"BZ_Pyq_fadeIn\">Paino: <\/span><span class=\"BZ_Pyq_fadeIn\">125 <\/span><span class=\"BZ_Pyq_fadeIn\">g\/<\/span><span class=\"BZ_Pyq_fadeIn\">m\u00b2<\/span><\/p>\n<p data-start=\"1563\" data-end=\"1668\"><span class=\"BZ_Pyq_fadeIn\">Kevyt <\/span><span class=\"BZ_Pyq_fadeIn\">tekninen <\/span><span class=\"BZ_Pyq_fadeIn\">materiaali <\/span><span class=\"BZ_Pyq_fadeIn\">tekee <\/span><span class=\"BZ_Pyq_fadeIn\">paidasta <\/span><span class=\"BZ_Pyq_fadeIn\">hengitt\u00e4v\u00e4n, <\/span><span class=\"BZ_Pyq_fadeIn\">nopeasti <\/span><span class=\"BZ_Pyq_fadeIn\">kuivuvan <\/span><span class=\"BZ_Pyq_fadeIn\">ja <\/span><span class=\"BZ_Pyq_fadeIn\">mukavan <\/span><span class=\"BZ_Pyq_fadeIn\">aktiivisessa <\/span><span class=\"BZ_Pyq_fadeIn\">k\u00e4yt\u00f6ss\u00e4.<\/span><\/p>\n<h3 data-section-id=\"q08wlc\" data-start=\"1670\" data-end=\"1686\"><span class=\"BZ_Pyq_fadeIn\">Toimitusaika<\/span><\/h3>\n<p data-start=\"1688\" data-end=\"1724\"><span class=\"BZ_Pyq_fadeIn\">Arvioitu <\/span><span class=\"BZ_Pyq_fadeIn\">toimitusaika <\/span><span class=\"BZ_Pyq_fadeIn\">noin <\/span><span class=\"BZ_Pyq_fadeIn\">1 <\/span><span class=\"BZ_Pyq_fadeIn\">viikko.<\/span><\/p>\n<p data-start=\"1726\" data-end=\"1800\"><span class=\"BZ_Pyq_fadeIn\">Toimitusaika <\/span><span class=\"BZ_Pyq_fadeIn\">voi <\/span><span class=\"BZ_Pyq_fadeIn\">vaihdella <\/span><span class=\"BZ_Pyq_fadeIn\">tilausm\u00e4\u00e4r\u00e4n <\/span><span class=\"BZ_Pyq_fadeIn\">ja <\/span><span class=\"BZ_Pyq_fadeIn\">mahdollisen <\/span><span class=\"BZ_Pyq_fadeIn\">painatuksen <\/span><span class=\"BZ_Pyq_fadeIn\">mukaan.<\/span><\/p>\n<h3 data-section-id=\"19f8ccq\" data-start=\"1802\" data-end=\"1819\"><span class=\"BZ_Pyq_fadeIn\">K\u00e4ytt\u00f6kohteet<\/span><\/h3>\n<p data-start=\"1821\" data-end=\"1975\"><span class=\"BZ_Pyq_fadeIn\">Urheilujoukkueet \u2022 <\/span><span class=\"BZ_Pyq_fadeIn\">Harjoituspaidat \u2022 <\/span><span class=\"BZ_Pyq_fadeIn\">Yritysvaatteet \u2022 <\/span><span class=\"BZ_Pyq_fadeIn\">Tapahtumat \u2022 <\/span><span class=\"BZ_Pyq_fadeIn\">Promootiotuotteet \u2022 <\/span><span class=\"BZ_Pyq_fadeIn\">Seuravaatteet \u2022 <\/span><span class=\"BZ_Pyq_fadeIn\">Br\u00e4ndituotteet \u2022 <\/span><span class=\"BZ_Pyq_fadeIn\">Verkkokauppamyynti \u2022 <\/span><span class=\"BZ_Pyq_fadeIn\">J\u00e4lleenmyynti<\/span><\/p>\n<h3 data-section-id=\"6b1txa\" data-start=\"1977\" data-end=\"2019\"><span class=\"BZ_Pyq_fadeIn\">Tuotteet <\/span><span class=\"BZ_Pyq_fadeIn\">painettuna <\/span><span class=\"BZ_Pyq_fadeIn\">tai <\/span><span class=\"BZ_Pyq_fadeIn\">painamattomana<\/span><\/h3>\n<p data-start=\"2021\" data-end=\"2152\"><span class=\"BZ_Pyq_fadeIn\">Voit <\/span><span class=\"BZ_Pyq_fadeIn\">tilata <\/span><span class=\"BZ_Pyq_fadeIn\">Tormo <\/span><span class=\"BZ_Pyq_fadeIn\">pikeepaidat <\/span><span class=\"BZ_Pyq_fadeIn\">painamattomina <\/span><span class=\"BZ_Pyq_fadeIn\">omaa <\/span><span class=\"BZ_Pyq_fadeIn\">painotuotantoa <\/span><span class=\"BZ_Pyq_fadeIn\">varten <\/span><span class=\"BZ_Pyq_fadeIn\">tai <\/span><span class=\"BZ_Pyq_fadeIn\">valmiiksi <\/span><span class=\"BZ_Pyq_fadeIn\">painettuina <\/span><span class=\"BZ_Pyq_fadeIn\">logolla, <\/span><span class=\"BZ_Pyq_fadeIn\">nimell\u00e4 <\/span><span class=\"BZ_Pyq_fadeIn\">tai <\/span><span class=\"BZ_Pyq_fadeIn\">grafiikalla.<\/span><\/p>\n<h3 data-section-id=\"1pycund\" data-start=\"2154\" data-end=\"2183\"><span class=\"BZ_Pyq_fadeIn\">Mahdolliset <\/span><span class=\"BZ_Pyq_fadeIn\">merkkaustavat<\/span><\/h3>\n<p data-start=\"2185\" data-end=\"2272\"><span class=\"BZ_Pyq_fadeIn\">Painatus: <\/span><span class=\"BZ_Pyq_fadeIn\">Tuote <\/span><span class=\"BZ_Pyq_fadeIn\">painetaan <\/span><span class=\"BZ_Pyq_fadeIn\">DTF-<\/span><span class=\"BZ_Pyq_fadeIn\">painatuksella.<\/span><br data-start=\"2229\" data-end=\"2232\" \/><span class=\"BZ_Pyq_fadeIn\">Brodeeraus: <\/span><span class=\"BZ_Pyq_fadeIn\">Saatavilla <\/span><span class=\"BZ_Pyq_fadeIn\">tarjouspyynn\u00f6ll\u00e4.<\/span><\/p>\n<h3 data-section-id=\"gwkuul\" data-start=\"2274\" data-end=\"2306\"><span class=\"BZ_Pyq_fadeIn\">Suuret <\/span><span class=\"BZ_Pyq_fadeIn\">er\u00e4t <\/span><span class=\"BZ_Pyq_fadeIn\">ja <\/span><span class=\"BZ_Pyq_fadeIn\">j\u00e4lleenmyyj\u00e4t<\/span><\/h3>\n<p data-start=\"2308\" data-end=\"2551\"><span class=\"BZ_Pyq_fadeIn\">Roly24 <\/span><span class=\"BZ_Pyq_fadeIn\">toimittaa <\/span><span class=\"BZ_Pyq_fadeIn\">tuotteita <\/span><span class=\"BZ_Pyq_fadeIn\">my\u00f6s <\/span><span class=\"BZ_Pyq_fadeIn\">suuremmissa <\/span><span class=\"BZ_Pyq_fadeIn\">eriss\u00e4 <\/span><span class=\"BZ_Pyq_fadeIn\">tarjouspohjalta <\/span><span class=\"BZ_Pyq_fadeIn\">esimerkiksi <\/span><span class=\"BZ_Pyq_fadeIn\">j\u00e4lleenmyyjille, <\/span><span class=\"BZ_Pyq_fadeIn\">yrityksille, <\/span><span class=\"BZ_Pyq_fadeIn\">urheiluseuroille, <\/span><span class=\"BZ_Pyq_fadeIn\">yhdistyksille <\/span><span class=\"BZ_Pyq_fadeIn\">ja <\/span><span class=\"BZ_Pyq_fadeIn\">tapahtumaj\u00e4rjest\u00e4jille. <\/span><span class=\"BZ_Pyq_fadeIn\">Tuotteet <\/span><span class=\"BZ_Pyq_fadeIn\">voidaan <\/span><span class=\"BZ_Pyq_fadeIn\">toimittaa <\/span><span class=\"BZ_Pyq_fadeIn\">painettuina <\/span><span class=\"BZ_Pyq_fadeIn\">tai <\/span><span class=\"BZ_Pyq_fadeIn\">painamattomina <\/span><span class=\"BZ_Pyq_fadeIn\">tilauksen <\/span><span class=\"BZ_Pyq_fadeIn\">mukaan.<\/span><\/p>\n<p data-start=\"2553\" data-end=\"2589\"><span class=\"BZ_Pyq_fadeIn\">\ud83d\udce9 <\/span><span class=\"BZ_Pyq_fadeIn\">Pyyd\u00e4 <\/span><span class=\"BZ_Pyq_fadeIn\">tarjous <\/span><span class=\"BZ_Pyq_fadeIn\">suuremmista <\/span><span class=\"BZ_Pyq_fadeIn\">erist\u00e4.<\/span><\/p>\n<h3 data-section-id=\"181otkz\" data-start=\"2591\" data-end=\"2625\"><span class=\"BZ_Pyq_fadeIn\">FAQ \u2013 <\/span><span class=\"BZ_Pyq_fadeIn\">Usein <\/span><span class=\"BZ_Pyq_fadeIn\">kysytyt <\/span><span class=\"BZ_Pyq_fadeIn\">kysymykset<\/span><\/h3>\n<p data-start=\"2627\" data-end=\"2763\"><strong data-start=\"2627\" data-end=\"2673\"><span class=\"BZ_Pyq_fadeIn\">Voiko <\/span><span class=\"BZ_Pyq_fadeIn\">Tormo <\/span><span class=\"BZ_Pyq_fadeIn\">pikeepaidan <\/span><span class=\"BZ_Pyq_fadeIn\">tilata <\/span><span class=\"BZ_Pyq_fadeIn\">painettuna?<\/span><\/strong><br data-start=\"2673\" data-end=\"2676\" \/><span class=\"BZ_Pyq_fadeIn\">Kyll\u00e4. <\/span><span class=\"BZ_Pyq_fadeIn\">Paidat <\/span><span class=\"BZ_Pyq_fadeIn\">voidaan <\/span><span class=\"BZ_Pyq_fadeIn\">toimittaa <\/span><span class=\"BZ_Pyq_fadeIn\">valmiiksi <\/span><span class=\"BZ_Pyq_fadeIn\">painettuina <\/span><span class=\"BZ_Pyq_fadeIn\">logolla, <\/span><span class=\"BZ_Pyq_fadeIn\">nimell\u00e4 <\/span><span class=\"BZ_Pyq_fadeIn\">tai <\/span><span class=\"BZ_Pyq_fadeIn\">grafiikalla.<\/span><\/p>\n<p data-start=\"2765\" data-end=\"2870\"><strong data-start=\"2765\" data-end=\"2806\"><span class=\"BZ_Pyq_fadeIn\">Voiko <\/span><span class=\"BZ_Pyq_fadeIn\">paidan <\/span><span class=\"BZ_Pyq_fadeIn\">tilata <\/span><span class=\"BZ_Pyq_fadeIn\">ilman <\/span><span class=\"BZ_Pyq_fadeIn\">painatusta?<\/span><\/strong><br data-start=\"2806\" data-end=\"2809\" \/><span class=\"BZ_Pyq_fadeIn\">Kyll\u00e4. <\/span><span class=\"BZ_Pyq_fadeIn\">Tuotteet <\/span><span class=\"BZ_Pyq_fadeIn\">myyd\u00e4\u00e4n <\/span><span class=\"BZ_Pyq_fadeIn\">sek\u00e4 <\/span><span class=\"BZ_Pyq_fadeIn\">painettuina <\/span><span class=\"BZ_Pyq_fadeIn\">ett\u00e4 <\/span><span class=\"BZ_Pyq_fadeIn\">painamattomina.<\/span><\/p>\n<p data-start=\"2872\" data-end=\"2975\"><strong data-start=\"2872\" data-end=\"2899\"><span class=\"BZ_Pyq_fadeIn\">Onko <\/span><span class=\"BZ_Pyq_fadeIn\">kangas <\/span><span class=\"BZ_Pyq_fadeIn\">hengitt\u00e4v\u00e4?<\/span><\/strong><br data-start=\"2899\" data-end=\"2902\" \/><span class=\"BZ_Pyq_fadeIn\">Kyll\u00e4. <\/span><span class=\"BZ_Pyq_fadeIn\">Tekninen <\/span><span class=\"BZ_Pyq_fadeIn\">vohveliinterlock-<\/span><span class=\"BZ_Pyq_fadeIn\">kangas <\/span><span class=\"BZ_Pyq_fadeIn\">on <\/span><span class=\"BZ_Pyq_fadeIn\">hengitt\u00e4v\u00e4 <\/span><span class=\"BZ_Pyq_fadeIn\">ja <\/span><span class=\"BZ_Pyq_fadeIn\">kuivuu <\/span><span class=\"BZ_Pyq_fadeIn\">nopeasti.<\/span><\/p>\n<p data-start=\"2977\" data-end=\"3075\"><strong data-start=\"2977\" data-end=\"3010\"><span class=\"BZ_Pyq_fadeIn\">Onko <\/span><span class=\"BZ_Pyq_fadeIn\">materiaali <\/span><span class=\"BZ_Pyq_fadeIn\">kierr\u00e4tetty\u00e4?<\/span><\/strong><br data-start=\"3010\" data-end=\"3013\" \/><span class=\"BZ_Pyq_fadeIn\">Kyll\u00e4. <\/span><span class=\"BZ_Pyq_fadeIn\">Paita <\/span><span class=\"BZ_Pyq_fadeIn\">on <\/span><span class=\"BZ_Pyq_fadeIn\">valmistettu <\/span><span class=\"BZ_Pyq_fadeIn\">100 % <\/span><span class=\"BZ_Pyq_fadeIn\">kierr\u00e4tetyst\u00e4 <\/span><span class=\"BZ_Pyq_fadeIn\">polyesterista.<\/span><\/p>\n<p data-start=\"3077\" data-end=\"3206\"><strong data-start=\"3077\" data-end=\"3110\"><span class=\"BZ_Pyq_fadeIn\">Kuinka <\/span><span class=\"BZ_Pyq_fadeIn\">pitk\u00e4 <\/span><span class=\"BZ_Pyq_fadeIn\">toimitusaika <\/span><span class=\"BZ_Pyq_fadeIn\">on?<\/span><\/strong><br data-start=\"3110\" data-end=\"3113\" \/><span class=\"BZ_Pyq_fadeIn\">Arvioitu <\/span><span class=\"BZ_Pyq_fadeIn\">toimitusaika <\/span><span class=\"BZ_Pyq_fadeIn\">on <\/span><span class=\"BZ_Pyq_fadeIn\">noin <\/span><span class=\"BZ_Pyq_fadeIn\">1 <\/span><span class=\"BZ_Pyq_fadeIn\">viikko, <\/span><span class=\"BZ_Pyq_fadeIn\">riippuen <\/span><span class=\"BZ_Pyq_fadeIn\">tilausm\u00e4\u00e4r\u00e4st\u00e4 <\/span><span class=\"BZ_Pyq_fadeIn\">ja <\/span><span class=\"BZ_Pyq_fadeIn\">mahdollisesta <\/span><span class=\"BZ_Pyq_fadeIn\">merkinn\u00e4st\u00e4.<\/span><\/p>\n<p><strong>Mittausohjeet:<\/strong><br \/>\n<strong>Leveys: Tuotteen reunasta reunaan 2cm hihojen alapuolelta.<\/strong><br \/>\n<strong>Pituus: Olkap\u00e4\u00e4n korkeimmasta kohdasta tuotteen\u00a0alareunaan.<\/strong><\/p>\n<table id=\"size_chart\" class=\"table table-responsive\" style=\"height: 205px;\" width=\"303\" cellspacing=\"0\" cellpadding=\"0\">\n<tbody>\n<tr>\n<th>Koko<\/th>\n<th><img decoding=\"async\" src=\"https:\/\/wordans-a1a5.kxcdn.com\/images\/wordans2010\/length.png\" alt=\"Length\" \/>\u00a0<label id=\"lengthLabel\">Pituus<\/label><\/th>\n<th><img decoding=\"async\" src=\"https:\/\/wordans-a1a5.kxcdn.com\/images\/wordans2010\/width.png\" alt=\"Width\" \/>\u00a0<label id=\"widthLabel\">Leveys<\/label><\/th>\n<\/tr>\n<tr>\n<td>S<\/td>\n<td>69<\/td>\n<td>49<\/td>\n<\/tr>\n<tr>\n<td>M<\/td>\n<td>71<\/td>\n<td>52<\/td>\n<\/tr>\n<tr>\n<td>L<\/td>\n<td>73<\/td>\n<td>55<\/td>\n<\/tr>\n<tr>\n<td>XL<\/td>\n<td>75<\/td>\n<td>58<\/td>\n<\/tr>\n<tr>\n<td>2XL<\/td>\n<td>77<\/td>\n<td>62<\/td>\n<\/tr>\n<tr>\n<td>3XL<\/td>\n<td>79<\/td>\n<td>66<\/td>\n<\/tr>\n<\/tbody>\n<\/table>\n","protected":false},"excerpt":{"rendered":"<p>Tuotenumero 501403 Peli- ja harjoitus pikeepaita Tormo \u2013 tekninen poolopaita painettuna tai painamattomana Tormo peli- ja harjoitus pikeepaita on kevyt ja hengitt\u00e4v\u00e4 tekninen poolopaita, joka on suunniteltu urheiluun, harjoitteluun, yritysvaatteisiin, tapahtumiin sek\u00e4 promootiotuotteisiin. Paita sopii hyvin my\u00f6s seuravaatteeksi ja j\u00e4lleenmyyntiin. Tuotteet myyd\u00e4\u00e4n sek\u00e4 painettuina ett\u00e4 painamattomina, joten paidat voidaan toimittaa valmiiksi painettuina logolla, nimell\u00e4 tai [&hellip;]<\/p>\n","protected":false},"featured_media":16226,"template":"","meta":{"_acf_changed":false,"om_disable_all_campaigns":false,"_monsterinsights_skip_tracking":false,"_monsterinsights_sitenote_active":false,"_monsterinsights_sitenote_note":"","_monsterinsights_sitenote_category":0},"product_brand":[],"product_cat":[522,512],"product_tag":[298,544,583,581],"class_list":{"0":"post-16782","1":"product","2":"type-product","3":"status-publish","4":"has-post-thumbnail","6":"product_cat-harjoituspikee-sport","7":"product_cat-sport","8":"product_tag-painatus","9":"product_tag-paita-painatus","10":"product_tag-pikee","11":"product_tag-tekninen-pikee","12":"product_shipping_class-postipaketti","14":"first","15":"instock","16":"taxable","17":"shipping-taxable","18":"purchasable","19":"product-type-simple"},"acf":[],"aioseo_notices":[],"_links":{"self":[{"href":"https:\/\/www.roly24.com\/index.php\/wp-json\/wp\/v2\/product\/16782","targetHints":{"allow":["GET"]}}],"collection":[{"href":"https:\/\/www.roly24.com\/index.php\/wp-json\/wp\/v2\/product"}],"about":[{"href":"https:\/\/www.roly24.com\/index.php\/wp-json\/wp\/v2\/types\/product"}],"version-history":[{"count":3,"href":"https:\/\/www.roly24.com\/index.php\/wp-json\/wp\/v2\/product\/16782\/revisions"}],"predecessor-version":[{"id":22146,"href":"https:\/\/www.roly24.com\/index.php\/wp-json\/wp\/v2\/product\/16782\/revisions\/22146"}],"wp:featuredmedia":[{"embeddable":true,"href":"https:\/\/www.roly24.com\/index.php\/wp-json\/wp\/v2\/media\/16226"}],"wp:attachment":[{"href":"https:\/\/www.roly24.com\/index.php\/wp-json\/wp\/v2\/media?parent=16782"}],"wp:term":[{"taxonomy":"product_brand","embeddable":true,"href":"https:\/\/www.roly24.com\/index.php\/wp-json\/wp\/v2\/product_brand?post=16782"},{"taxonomy":"product_cat","embeddable":true,"href":"https:\/\/www.roly24.com\/index.php\/wp-json\/wp\/v2\/product_cat?post=16782"},{"taxonomy":"product_tag","embeddable":true,"href":"https:\/\/www.roly24.com\/index.php\/wp-json\/wp\/v2\/product_tag?post=16782"}],"curies":[{"name":"wp","href":"https:\/\/api.w.org\/{rel}","templated":true}]}}