{"id":16664,"date":"2025-02-21T14:27:06","date_gmt":"2025-02-21T12:27:06","guid":{"rendered":"https:\/\/www.roly24.com\/?post_type=product&#038;p=16664"},"modified":"2026-03-15T10:21:58","modified_gmt":"2026-03-15T08:21:58","slug":"peli-ja-harjoituspaita-avus-160g","status":"publish","type":"product","link":"https:\/\/www.roly24.com\/index.php\/tuote\/peli-ja-harjoituspaita-avus-160g\/","title":{"rendered":"Naisten tekninen Peli- ja harjoituspaita AVUS 160g\/m\u00b2 painettuna tai painamattomana"},"content":{"rendered":"<p><strong>Tuotenumero 501322<\/strong><\/p>\n<h2 data-section-id=\"v9jt9a\" data-start=\"0\" data-end=\"93\">Peli- ja harjoituspaita Avus \u2013 naisten tekninen urheilupaita painettuna tai painamattomana<\/h2>\n<p data-start=\"95\" data-end=\"577\"><strong data-start=\"95\" data-end=\"127\">Avus peli- ja harjoituspaita<\/strong> on kevyt ja joustava <strong data-start=\"149\" data-end=\"182\">naisten tekninen urheilupaita<\/strong>, joka on suunniteltu erityisesti <strong data-start=\"216\" data-end=\"278\">urheiluun, joukkueille, harjoitteluun ja tapahtumak\u00e4ytt\u00f6\u00f6n<\/strong>. Paita sopii hyvin my\u00f6s <strong data-start=\"303\" data-end=\"367\">yritysvaatteisiin, promootiotuotteisiin sek\u00e4 j\u00e4lleenmyyntiin<\/strong>. Tuotteet myyd\u00e4\u00e4n <strong data-start=\"386\" data-end=\"426\">sek\u00e4 painettuina ett\u00e4 painamattomina<\/strong>, joten paidat voidaan toimittaa valmiiksi painettuina logolla, numerolla tai tekstill\u00e4 \u2013 tai ilman painatusta omaa k\u00e4ytt\u00f6\u00e4 tai jatkomerkkausta varten.<\/p>\n<p data-start=\"579\" data-end=\"896\">Paidassa on <strong data-start=\"591\" data-end=\"623\">raglan-tyyliset lyhyet hihat<\/strong>, jotka parantavat liikkuvuutta. <strong data-start=\"656\" data-end=\"692\">V-p\u00e4\u00e4ntie ja mukautettu leikkaus<\/strong> tekev\u00e4t mallista istuvan ja urheilullisen. Materiaali on <strong data-start=\"750\" data-end=\"782\">polyesteri-elastaanisekoitus<\/strong>, joka tuntuu pehme\u00e4lt\u00e4 l\u00e4hes puuvillan kaltaisesti mutta tarjoaa teknisen kankaan hengitt\u00e4vyyden ja joustavuuden.<\/p>\n<p data-start=\"898\" data-end=\"997\"><strong data-start=\"898\" data-end=\"939\">Hengitt\u00e4v\u00e4 ja nopeasti kuivuva kangas<\/strong> tekee paidasta erinomaisen valinnan aktiiviseen k\u00e4ytt\u00f6\u00f6n.<\/p>\n<h3 data-section-id=\"rog7al\" data-start=\"999\" data-end=\"1015\">Ominaisuudet<\/h3>\n<p data-start=\"1016\" data-end=\"1320\">Naisten tekninen urheilupaita \u2022 <strong data-start=\"1048\" data-end=\"1100\">Raglan-lyhyet hihat paremman liikkuvuuden vuoksi<\/strong> \u2022 <strong data-start=\"1103\" data-end=\"1116\">V-p\u00e4\u00e4ntie<\/strong> \u2022 <strong data-start=\"1119\" data-end=\"1149\">Mukautettu istuva leikkaus<\/strong> \u2022 <strong data-start=\"1152\" data-end=\"1193\">Hengitt\u00e4v\u00e4 ja nopeasti kuivuva kangas<\/strong> \u2022 <strong data-start=\"1196\" data-end=\"1215\">Pehme\u00e4 kosketus<\/strong> \u2022 <strong data-start=\"1218\" data-end=\"1247\">Tekninen kangas urheiluun<\/strong> \u2022 <strong data-start=\"1250\" data-end=\"1274\">Irrotettava etiketti<\/strong> \u2022 <strong data-start=\"1277\" data-end=\"1320\">Saatavana painettuna tai painamattomana<\/strong><\/p>\n<p data-start=\"1322\" data-end=\"1430\">\u26a0\ufe0f <strong data-start=\"1325\" data-end=\"1336\">Huomio:<\/strong> Musta v\u00e4ri voidaan <strong data-start=\"1356\" data-end=\"1388\">merkata vain brodeerauksella<\/strong>, eik\u00e4 se sovellu muihin painomenetelmiin.<\/p>\n<h3 data-section-id=\"dpzujp\" data-start=\"1432\" data-end=\"1446\">Materiaali<\/h3>\n<p data-start=\"1447\" data-end=\"1504\"><strong data-start=\"1447\" data-end=\"1482\">92 % polyesteri \/ 8 % elastaani<\/strong><br data-start=\"1482\" data-end=\"1485\" \/>Paino: <strong data-start=\"1492\" data-end=\"1504\">160 g\/m\u00b2<\/strong><\/p>\n<p data-start=\"1506\" data-end=\"1605\">Kevyt ja joustava materiaali tekee paidasta <strong data-start=\"1550\" data-end=\"1604\">mukavan, hengitt\u00e4v\u00e4n ja hyvin liikkuvan urheilussa<\/strong>.<\/p>\n<h3 data-section-id=\"q08wlc\" data-start=\"1607\" data-end=\"1623\">Toimitusaika<\/h3>\n<p data-start=\"1624\" data-end=\"1743\"><strong data-start=\"1624\" data-end=\"1664\">Arvioitu toimitusaika noin 1 viikko.<\/strong><br data-start=\"1664\" data-end=\"1667\" \/>Toimitusaika voi vaihdella tilausm\u00e4\u00e4r\u00e4n ja mahdollisen merkkaustavan mukaan.<\/p>\n<h3 data-section-id=\"19f8ccq\" data-start=\"1745\" data-end=\"1762\">K\u00e4ytt\u00f6kohteet<\/h3>\n<p data-start=\"1763\" data-end=\"1963\">Sopii hyvin esimerkiksi:<br data-start=\"1787\" data-end=\"1790\" \/>urheilujoukkueille \u2022 harjoituspaidoiksi \u2022 pelipaidoiksi \u2022 tapahtumiin \u2022 yritysvaatteisiin \u2022 promootiotuotteisiin \u2022 br\u00e4ndituotteisiin \u2022 verkkokauppamyyntiin \u2022 j\u00e4lleenmyyntiin<\/p>\n<h3 data-section-id=\"6b1txa\" data-start=\"1965\" data-end=\"2007\">Tuotteet painettuna tai painamattomana<\/h3>\n<p data-start=\"2008\" data-end=\"2168\">Voit tilata <strong data-start=\"2020\" data-end=\"2054\">Avus pelipaidat painamattomina<\/strong> omaa painotuotantoa varten tai <strong data-start=\"2086\" data-end=\"2111\">valmiiksi painettuina<\/strong> esimerkiksi logolla, nimell\u00e4, numerolla tai grafiikalla.<\/p>\n<p>Merkkaustapa\u00a0 <strong>DTF-painatus <\/strong><\/p>\n<h3 data-section-id=\"gwkuul\" data-start=\"2247\" data-end=\"2279\">Suuret er\u00e4t ja j\u00e4lleenmyyj\u00e4t<\/h3>\n<p data-start=\"2280\" data-end=\"2506\">Toimitamme <strong data-start=\"2291\" data-end=\"2325\">suuremmat er\u00e4t tarjouspohjalta<\/strong> esimerkiksi j\u00e4lleenmyyjille, yrityksille, urheiluseuroille, yhdistyksille ja tapahtumaj\u00e4rjest\u00e4jille. Tuotteet voidaan toimittaa <strong data-start=\"2454\" data-end=\"2488\">painettuina tai painamattomina<\/strong> tilauksen mukaan.<\/p>\n<p data-start=\"2508\" data-end=\"2548\">\ud83d\udce9 <strong data-start=\"2511\" data-end=\"2548\">Pyyd\u00e4 tarjous suuremmista erist\u00e4.<\/strong><\/p>\n<h3 data-section-id=\"181otkz\" data-start=\"2550\" data-end=\"2584\">FAQ \u2013 Usein kysytyt kysymykset<\/h3>\n<p data-start=\"2586\" data-end=\"2718\"><strong data-start=\"2586\" data-end=\"2626\">Voiko Avus paidan tilata painettuna?<\/strong><br data-start=\"2626\" data-end=\"2629\" \/>Kyll\u00e4. Paidat voidaan toimittaa <strong data-start=\"2661\" data-end=\"2717\">valmiiksi painettuina logolla, nimell\u00e4 tai numerolla<\/strong>.<\/p>\n<p data-start=\"2720\" data-end=\"2829\"><strong data-start=\"2720\" data-end=\"2761\">Voiko paidan tilata ilman painatusta?<\/strong><br data-start=\"2761\" data-end=\"2764\" \/>Kyll\u00e4. Tuotteet myyd\u00e4\u00e4n <strong data-start=\"2788\" data-end=\"2828\">sek\u00e4 painettuina ett\u00e4 painamattomina<\/strong>.<\/p>\n<p data-start=\"2831\" data-end=\"2954\"><strong data-start=\"2831\" data-end=\"2858\">Onko kangas hengitt\u00e4v\u00e4?<\/strong><br data-start=\"2858\" data-end=\"2861\" \/>Kyll\u00e4. Paita on valmistettu <strong data-start=\"2889\" data-end=\"2931\">teknisest\u00e4 hengitt\u00e4v\u00e4st\u00e4 materiaalista<\/strong>, joka kuivuu nopeasti.<\/p>\n<p data-start=\"2956\" data-end=\"3053\"><strong data-start=\"2956\" data-end=\"2993\">Sopiiko paita urheilujoukkueille?<\/strong><br data-start=\"2993\" data-end=\"2996\" \/>Kyll\u00e4. Malli sopii hyvin <strong data-start=\"3021\" data-end=\"3052\">peli- ja harjoituspaidoiksi<\/strong>.<\/p>\n<p data-start=\"3055\" data-end=\"3188\"><strong data-start=\"3055\" data-end=\"3088\">Kuinka pitk\u00e4 toimitusaika on?<\/strong><br data-start=\"3088\" data-end=\"3091\" \/>Arvioitu toimitusaika on <strong data-start=\"3116\" data-end=\"3133\">noin 1 viikko<\/strong>, riippuen tilausm\u00e4\u00e4r\u00e4st\u00e4 ja mahdollisesta merkinn\u00e4st\u00e4.<\/p>\n<div data-v-5ec54137=\"\">\n<p><img decoding=\"async\" class=\"mr-1 grey\" title=\"30\u00ba pesu max.\" src=\"https:\/\/static.gorfactory.es\/images\/icons\/20220914110209_Lavar%20a%2030%C2%BA%20m%C3%A1ximo.png\" alt=\"30\u00ba pesu max.\" width=\"40\" height=\"40\" data-v-6089ed0a=\"\" data-v-00b2e954=\"\" \/><img decoding=\"async\" class=\"mr-1 grey\" title=\"\u00c4l\u00e4 valkaise\" src=\"https:\/\/static.gorfactory.es\/images\/icons\/20220914110315_No%20usar%20blanqueador.png\" alt=\"\u00c4l\u00e4 valkaise\" width=\"40\" height=\"40\" data-v-6089ed0a=\"\" data-v-00b2e954=\"\" \/><img decoding=\"async\" class=\"mr-1 grey\" title=\"\u00c4l\u00e4 rumpukuivaa\" src=\"https:\/\/static.gorfactory.es\/images\/icons\/20220914110302_No%20secar%20en%20secadora.png\" alt=\"\u00c4l\u00e4 rumpukuivaa\" width=\"40\" height=\"40\" data-v-6089ed0a=\"\" data-v-00b2e954=\"\" \/><img loading=\"lazy\" decoding=\"async\" class=\"mr-1 grey\" title=\"Silitys alhaisessa l\u00e4mp\u00f6tilassa (max. 110\u00ba)\" src=\"https:\/\/static.gorfactory.es\/images\/icons\/20221117085113_Planchar-110.png\" alt=\"Silitys alhaisessa l\u00e4mp\u00f6tilassa (max. 110\u00ba)\" width=\"40\" height=\"40\" data-v-6089ed0a=\"\" data-v-00b2e954=\"\" \/><img loading=\"lazy\" decoding=\"async\" class=\"mr-1 grey\" title=\"\u00c4l\u00e4 kuivapesua\" src=\"https:\/\/static.gorfactory.es\/images\/icons\/20220914110151_No%20lavar%20en%20seco.png\" alt=\"\u00c4l\u00e4 kuivapesua\" width=\"40\" height=\"40\" data-v-6089ed0a=\"\" data-v-00b2e954=\"\" \/><\/p>\n<\/div>\n<div data-v-5ec54137=\"\"><strong>Mittausohjeet:<\/strong><br \/>\n<strong>Leveys: Tuotteen reunasta reunaan 2cm hihojen alapuolelta.<\/strong><br \/>\n<strong>Pituus: Olkap\u00e4\u00e4n korkeimmasta kohdasta tuotteen\u00a0alareunaan.<\/strong><\/div>\n<div data-v-5ec54137=\"\"><\/div>\n<table id=\"size_chart\" class=\"table table-responsive\" style=\"height: 265px;\" width=\"203\" cellspacing=\"0\" cellpadding=\"0\">\n<tbody>\n<tr>\n<th>Koko<\/th>\n<th><img decoding=\"async\" src=\"https:\/\/wordans-a1a5.kxcdn.com\/images\/wordans2010\/length.png\" alt=\"Length\" \/>\u00a0<label id=\"lengthLabel\">Pituus<\/label><\/th>\n<th><img decoding=\"async\" src=\"https:\/\/wordans-a1a5.kxcdn.com\/images\/wordans2010\/width.png\" alt=\"Width\" \/>\u00a0<label id=\"widthLabel\">Leveys<\/label><\/th>\n<\/tr>\n<tr>\n<td>S<\/td>\n<td>60<\/td>\n<td>44<\/td>\n<\/tr>\n<tr>\n<td>M<\/td>\n<td>62<\/td>\n<td>46<\/td>\n<\/tr>\n<tr>\n<td>L<\/td>\n<td>64<\/td>\n<td>48<\/td>\n<\/tr>\n<tr>\n<td>XL<\/td>\n<td>66<\/td>\n<td>50<\/td>\n<\/tr>\n<tr>\n<td>2XL<\/td>\n<td>68<\/td>\n<td>52<\/td>\n<\/tr>\n<\/tbody>\n<\/table>\n<p>&nbsp;<\/p>\n","protected":false},"excerpt":{"rendered":"<p>Tuotenumero 501322 Peli- ja harjoituspaita Avus \u2013 naisten tekninen urheilupaita painettuna tai painamattomana Avus peli- ja harjoituspaita on kevyt ja joustava naisten tekninen urheilupaita, joka on suunniteltu erityisesti urheiluun, joukkueille, harjoitteluun ja tapahtumak\u00e4ytt\u00f6\u00f6n. Paita sopii hyvin my\u00f6s yritysvaatteisiin, promootiotuotteisiin sek\u00e4 j\u00e4lleenmyyntiin. Tuotteet myyd\u00e4\u00e4n sek\u00e4 painettuina ett\u00e4 painamattomina, joten paidat voidaan toimittaa valmiiksi painettuina logolla, numerolla [&hellip;]<\/p>\n","protected":false},"featured_media":16068,"template":"","meta":{"_acf_changed":false,"om_disable_all_campaigns":false,"_monsterinsights_skip_tracking":false,"_monsterinsights_sitenote_active":false,"_monsterinsights_sitenote_note":"","_monsterinsights_sitenote_category":0},"product_brand":[],"product_cat":[515,512],"product_tag":[298,544,584],"class_list":{"0":"post-16664","1":"product","2":"type-product","3":"status-publish","4":"has-post-thumbnail","6":"product_cat-sport-peli-harjoituspaidat","7":"product_cat-sport","8":"product_tag-painatus","9":"product_tag-paita-painatus","10":"product_tag-tekninen-tpaita","11":"product_shipping_class-postipaketti","13":"first","14":"instock","15":"taxable","16":"shipping-taxable","17":"purchasable","18":"product-type-simple"},"acf":[],"aioseo_notices":[],"_links":{"self":[{"href":"https:\/\/www.roly24.com\/index.php\/wp-json\/wp\/v2\/product\/16664","targetHints":{"allow":["GET"]}}],"collection":[{"href":"https:\/\/www.roly24.com\/index.php\/wp-json\/wp\/v2\/product"}],"about":[{"href":"https:\/\/www.roly24.com\/index.php\/wp-json\/wp\/v2\/types\/product"}],"version-history":[{"count":4,"href":"https:\/\/www.roly24.com\/index.php\/wp-json\/wp\/v2\/product\/16664\/revisions"}],"predecessor-version":[{"id":22096,"href":"https:\/\/www.roly24.com\/index.php\/wp-json\/wp\/v2\/product\/16664\/revisions\/22096"}],"wp:featuredmedia":[{"embeddable":true,"href":"https:\/\/www.roly24.com\/index.php\/wp-json\/wp\/v2\/media\/16068"}],"wp:attachment":[{"href":"https:\/\/www.roly24.com\/index.php\/wp-json\/wp\/v2\/media?parent=16664"}],"wp:term":[{"taxonomy":"product_brand","embeddable":true,"href":"https:\/\/www.roly24.com\/index.php\/wp-json\/wp\/v2\/product_brand?post=16664"},{"taxonomy":"product_cat","embeddable":true,"href":"https:\/\/www.roly24.com\/index.php\/wp-json\/wp\/v2\/product_cat?post=16664"},{"taxonomy":"product_tag","embeddable":true,"href":"https:\/\/www.roly24.com\/index.php\/wp-json\/wp\/v2\/product_tag?post=16664"}],"curies":[{"name":"wp","href":"https:\/\/api.w.org\/{rel}","templated":true}]}}