{"id":16662,"date":"2025-02-21T14:20:28","date_gmt":"2025-02-21T12:20:28","guid":{"rendered":"https:\/\/www.roly24.com\/?post_type=product&#038;p=16662"},"modified":"2026-03-16T11:19:34","modified_gmt":"2026-03-16T09:19:34","slug":"peli-ja-harjoituspaita-slam-woman-100g","status":"publish","type":"product","link":"https:\/\/www.roly24.com\/index.php\/tuote\/peli-ja-harjoituspaita-slam-woman-100g\/","title":{"rendered":"Naisten tekninen Peli- ja harjoituspaita SLAM 100g\/m\u00b2 painamattomana tai painettuna"},"content":{"rendered":"<p><strong>Tuotenumero 501321<\/strong><\/p>\n<h3 data-section-id=\"yebzn3\" data-start=\"0\" data-end=\"96\"><strong data-start=\"4\" data-end=\"96\"><span class=\"BZ_Pyq_fadeIn\">Peli- <\/span><span class=\"BZ_Pyq_fadeIn\">ja <\/span><span class=\"BZ_Pyq_fadeIn\">harjoituspaita <\/span><span class=\"BZ_Pyq_fadeIn\">Slam <\/span><span class=\"BZ_Pyq_fadeIn\">Woman \u2013 <\/span><span class=\"BZ_Pyq_fadeIn\">tekninen <\/span><span class=\"BZ_Pyq_fadeIn\">urheilupaita <\/span><span class=\"BZ_Pyq_fadeIn\">painettuna <\/span><span class=\"BZ_Pyq_fadeIn\">tai <\/span><span class=\"BZ_Pyq_fadeIn\">painamattomana<\/span><\/strong><\/h3>\n<p data-start=\"98\" data-end=\"416\"><span class=\"BZ_Pyq_fadeIn\">Slam <\/span><span class=\"BZ_Pyq_fadeIn\">Woman <\/span><strong data-start=\"109\" data-end=\"136\"><span class=\"BZ_Pyq_fadeIn\">peli- <\/span><span class=\"BZ_Pyq_fadeIn\">ja <\/span><span class=\"BZ_Pyq_fadeIn\">harjoituspaita<\/span><\/strong> <span class=\"BZ_Pyq_fadeIn\">on <\/span><strong data-start=\"140\" data-end=\"194\"><span class=\"BZ_Pyq_fadeIn\">kevyt <\/span><span class=\"BZ_Pyq_fadeIn\">ja <\/span><span class=\"BZ_Pyq_fadeIn\">hengitt\u00e4v\u00e4 <\/span><span class=\"BZ_Pyq_fadeIn\">tekninen <\/span><span class=\"BZ_Pyq_fadeIn\">urheilupaita <\/span><span class=\"BZ_Pyq_fadeIn\">naisille<\/span><\/strong><span class=\"BZ_Pyq_fadeIn\">, <\/span><span class=\"BZ_Pyq_fadeIn\">joka <\/span><span class=\"BZ_Pyq_fadeIn\">on <\/span><span class=\"BZ_Pyq_fadeIn\">valmistettu <\/span><strong data-start=\"216\" data-end=\"247\"><span class=\"BZ_Pyq_fadeIn\">kierr\u00e4tetyst\u00e4 <\/span><span class=\"BZ_Pyq_fadeIn\">polyesterista<\/span><\/strong><span class=\"BZ_Pyq_fadeIn\">. <\/span><span class=\"BZ_Pyq_fadeIn\">Paita <\/span><span class=\"BZ_Pyq_fadeIn\">on <\/span><span class=\"BZ_Pyq_fadeIn\">suunniteltu <\/span><strong data-start=\"270\" data-end=\"350\"><span class=\"BZ_Pyq_fadeIn\">urheiluun, <\/span><span class=\"BZ_Pyq_fadeIn\">harjoitteluun, <\/span><span class=\"BZ_Pyq_fadeIn\">joukkueille, <\/span><span class=\"BZ_Pyq_fadeIn\">tapahtumiin <\/span><span class=\"BZ_Pyq_fadeIn\">sek\u00e4 <\/span><span class=\"BZ_Pyq_fadeIn\">promootiotuotteisiin<\/span><\/strong><span class=\"BZ_Pyq_fadeIn\">, <\/span><span class=\"BZ_Pyq_fadeIn\">ja <\/span><span class=\"BZ_Pyq_fadeIn\">se <\/span><span class=\"BZ_Pyq_fadeIn\">sopii <\/span><span class=\"BZ_Pyq_fadeIn\">hyvin <\/span><span class=\"BZ_Pyq_fadeIn\">my\u00f6s <\/span><strong data-start=\"375\" data-end=\"415\"><span class=\"BZ_Pyq_fadeIn\">yritysvaatteisiin <\/span><span class=\"BZ_Pyq_fadeIn\">ja <\/span><span class=\"BZ_Pyq_fadeIn\">j\u00e4lleenmyyntiin<\/span><\/strong><span class=\"BZ_Pyq_fadeIn\">.<\/span><\/p>\n<p data-start=\"418\" data-end=\"613\"><span class=\"BZ_Pyq_fadeIn\">Tuotteet <\/span><span class=\"BZ_Pyq_fadeIn\">myyd\u00e4\u00e4n <\/span><strong data-start=\"435\" data-end=\"475\"><span class=\"BZ_Pyq_fadeIn\">sek\u00e4 <\/span><span class=\"BZ_Pyq_fadeIn\">painettuina <\/span><span class=\"BZ_Pyq_fadeIn\">ett\u00e4 <\/span><span class=\"BZ_Pyq_fadeIn\">painamattomina<\/span><\/strong><span class=\"BZ_Pyq_fadeIn\">, <\/span><span class=\"BZ_Pyq_fadeIn\">joten <\/span><span class=\"BZ_Pyq_fadeIn\">paidat <\/span><span class=\"BZ_Pyq_fadeIn\">voidaan <\/span><span class=\"BZ_Pyq_fadeIn\">toimittaa <\/span><strong data-start=\"508\" data-end=\"564\"><span class=\"BZ_Pyq_fadeIn\">valmiiksi <\/span><span class=\"BZ_Pyq_fadeIn\">painettuina <\/span><span class=\"BZ_Pyq_fadeIn\">logolla, <\/span><span class=\"BZ_Pyq_fadeIn\">nimell\u00e4 <\/span><span class=\"BZ_Pyq_fadeIn\">tai <\/span><span class=\"BZ_Pyq_fadeIn\">numerolla<\/span><\/strong> <span class=\"BZ_Pyq_fadeIn\">tai <\/span><strong data-start=\"569\" data-end=\"612\"><span class=\"BZ_Pyq_fadeIn\">ilman <\/span><span class=\"BZ_Pyq_fadeIn\">painatusta <\/span><span class=\"BZ_Pyq_fadeIn\">jatkomerkkausta <\/span><span class=\"BZ_Pyq_fadeIn\">varten<\/span><\/strong><span class=\"BZ_Pyq_fadeIn\">.<\/span><\/p>\n<p data-start=\"615\" data-end=\"935\"><span class=\"BZ_Pyq_fadeIn\">Paidassa <\/span><span class=\"BZ_Pyq_fadeIn\">on <\/span><strong data-start=\"627\" data-end=\"667\"><span class=\"BZ_Pyq_fadeIn\">lyhyet <\/span><span class=\"BZ_Pyq_fadeIn\">hihat <\/span><span class=\"BZ_Pyq_fadeIn\">ja <\/span><span class=\"BZ_Pyq_fadeIn\">naisten <\/span><span class=\"BZ_Pyq_fadeIn\">istuva <\/span><span class=\"BZ_Pyq_fadeIn\">malli<\/span><\/strong><span class=\"BZ_Pyq_fadeIn\">, <\/span><span class=\"BZ_Pyq_fadeIn\">joka <\/span><span class=\"BZ_Pyq_fadeIn\">mukautuu <\/span><span class=\"BZ_Pyq_fadeIn\">hyvin <\/span><span class=\"BZ_Pyq_fadeIn\">vartalon <\/span><span class=\"BZ_Pyq_fadeIn\">liikkeisiin. <\/span><strong data-start=\"711\" data-end=\"778\"><span class=\"BZ_Pyq_fadeIn\">Kaulus <\/span><span class=\"BZ_Pyq_fadeIn\">ristikk\u00e4isill\u00e4 <\/span><span class=\"BZ_Pyq_fadeIn\">yksityiskohdilla <\/span><span class=\"BZ_Pyq_fadeIn\">ja <\/span><span class=\"BZ_Pyq_fadeIn\">peitetyill\u00e4 <\/span><span class=\"BZ_Pyq_fadeIn\">saumoilla<\/span><\/strong> <span class=\"BZ_Pyq_fadeIn\">lis\u00e4\u00e4 <\/span><span class=\"BZ_Pyq_fadeIn\">k\u00e4ytt\u00f6mukavuutta <\/span><span class=\"BZ_Pyq_fadeIn\">ja <\/span><span class=\"BZ_Pyq_fadeIn\">antaa <\/span><span class=\"BZ_Pyq_fadeIn\">paidalle <\/span><span class=\"BZ_Pyq_fadeIn\">modernin <\/span><span class=\"BZ_Pyq_fadeIn\">ilmeen. <\/span><strong data-start=\"837\" data-end=\"888\"><span class=\"BZ_Pyq_fadeIn\">Selk\u00e4osa <\/span><span class=\"BZ_Pyq_fadeIn\">ja <\/span><span class=\"BZ_Pyq_fadeIn\">hihat <\/span><span class=\"BZ_Pyq_fadeIn\">hengitt\u00e4v\u00e4st\u00e4 <\/span><span class=\"BZ_Pyq_fadeIn\">verkkokankaasta<\/span><\/strong> <span class=\"BZ_Pyq_fadeIn\">parantavat <\/span><span class=\"BZ_Pyq_fadeIn\">ilmanvaihtoa <\/span><span class=\"BZ_Pyq_fadeIn\">aktiivisessa <\/span><span class=\"BZ_Pyq_fadeIn\">k\u00e4yt\u00f6ss\u00e4.<\/span><\/p>\n<p data-start=\"937\" data-end=\"1228\"><span class=\"BZ_Pyq_fadeIn\">Paidassa <\/span><span class=\"BZ_Pyq_fadeIn\">on <\/span><span class=\"BZ_Pyq_fadeIn\">my\u00f6s <\/span><strong data-start=\"954\" data-end=\"1021\"><span class=\"BZ_Pyq_fadeIn\">eteenp\u00e4in <\/span><span class=\"BZ_Pyq_fadeIn\">suuntautuvat <\/span><span class=\"BZ_Pyq_fadeIn\">ja <\/span><span class=\"BZ_Pyq_fadeIn\">vinot <\/span><span class=\"BZ_Pyq_fadeIn\">saumat <\/span><span class=\"BZ_Pyq_fadeIn\">sivuilla <\/span><span class=\"BZ_Pyq_fadeIn\">sek\u00e4 <\/span><span class=\"BZ_Pyq_fadeIn\">olkap\u00e4ill\u00e4<\/span><\/strong><span class=\"BZ_Pyq_fadeIn\">, <\/span><span class=\"BZ_Pyq_fadeIn\">jotka <\/span><span class=\"BZ_Pyq_fadeIn\">parantavat <\/span><span class=\"BZ_Pyq_fadeIn\">istuvuutta <\/span><span class=\"BZ_Pyq_fadeIn\">ja <\/span><span class=\"BZ_Pyq_fadeIn\">liikkuvuutta. <\/span><strong data-start=\"1068\" data-end=\"1089\"><span class=\"BZ_Pyq_fadeIn\">Py\u00f6ristetty <\/span><span class=\"BZ_Pyq_fadeIn\">helma<\/span><\/strong> <span class=\"BZ_Pyq_fadeIn\">lis\u00e4\u00e4 <\/span><span class=\"BZ_Pyq_fadeIn\">k\u00e4ytt\u00f6mukavuutta <\/span><span class=\"BZ_Pyq_fadeIn\">liikkuessa. <\/span><span class=\"BZ_Pyq_fadeIn\">Materiaalien <\/span><span class=\"BZ_Pyq_fadeIn\">yhdistelm\u00e4 <\/span><span class=\"BZ_Pyq_fadeIn\">tarjoaa <\/span><strong data-start=\"1157\" data-end=\"1201\"><span class=\"BZ_Pyq_fadeIn\">hengitt\u00e4vyytt\u00e4, <\/span><span class=\"BZ_Pyq_fadeIn\">joustavuutta <\/span><span class=\"BZ_Pyq_fadeIn\">ja <\/span><span class=\"BZ_Pyq_fadeIn\">keveytt\u00e4<\/span><\/strong> <span class=\"BZ_Pyq_fadeIn\">urheilusuorituksen <\/span><span class=\"BZ_Pyq_fadeIn\">aikana.<\/span><\/p>\n<h3 data-section-id=\"rog7al\" data-start=\"1230\" data-end=\"1246\"><span class=\"BZ_Pyq_fadeIn\">Ominaisuudet<\/span><\/h3>\n<p data-start=\"1248\" data-end=\"1535\"><strong data-start=\"1248\" data-end=\"1535\"><span class=\"BZ_Pyq_fadeIn\">Tekninen <\/span><span class=\"BZ_Pyq_fadeIn\">urheilupaita \u2022 <\/span><span class=\"BZ_Pyq_fadeIn\">Naisten <\/span><span class=\"BZ_Pyq_fadeIn\">istuva <\/span><span class=\"BZ_Pyq_fadeIn\">malli \u2022 <\/span><span class=\"BZ_Pyq_fadeIn\">Hengitt\u00e4v\u00e4 <\/span><span class=\"BZ_Pyq_fadeIn\">ja <\/span><span class=\"BZ_Pyq_fadeIn\">kevyt <\/span><span class=\"BZ_Pyq_fadeIn\">kangas \u2022 <\/span><span class=\"BZ_Pyq_fadeIn\">Kierr\u00e4tetty <\/span><span class=\"BZ_Pyq_fadeIn\">polyesterimateriaali \u2022 <\/span><span class=\"BZ_Pyq_fadeIn\">Hengitt\u00e4v\u00e4t <\/span><span class=\"BZ_Pyq_fadeIn\">verkkopaneelit <\/span><span class=\"BZ_Pyq_fadeIn\">sel\u00e4ss\u00e4 <\/span><span class=\"BZ_Pyq_fadeIn\">ja <\/span><span class=\"BZ_Pyq_fadeIn\">hihoissa \u2022 <\/span><span class=\"BZ_Pyq_fadeIn\">Vinot <\/span><span class=\"BZ_Pyq_fadeIn\">ja <\/span><span class=\"BZ_Pyq_fadeIn\">eteenp\u00e4in <\/span><span class=\"BZ_Pyq_fadeIn\">suuntautuvat <\/span><span class=\"BZ_Pyq_fadeIn\">saumat \u2022 <\/span><span class=\"BZ_Pyq_fadeIn\">Py\u00f6ristetty <\/span><span class=\"BZ_Pyq_fadeIn\">helma \u2022 <\/span><span class=\"BZ_Pyq_fadeIn\">Irrotettava <\/span><span class=\"BZ_Pyq_fadeIn\">etiketti \u2022 <\/span><span class=\"BZ_Pyq_fadeIn\">Saatavana <\/span><span class=\"BZ_Pyq_fadeIn\">painettuna <\/span><span class=\"BZ_Pyq_fadeIn\">tai <\/span><span class=\"BZ_Pyq_fadeIn\">painamattomana<\/span><\/strong><\/p>\n<h3 data-section-id=\"dpzujp\" data-start=\"1537\" data-end=\"1551\"><span class=\"BZ_Pyq_fadeIn\">Materiaali<\/span><\/h3>\n<p data-start=\"1553\" data-end=\"1682\"><strong data-start=\"1553\" data-end=\"1567\"><span class=\"BZ_Pyq_fadeIn\">P\u00e4\u00e4kangas:<\/span><\/strong> <span class=\"BZ_Pyq_fadeIn\">100 % <\/span><span class=\"BZ_Pyq_fadeIn\">kierr\u00e4tetty <\/span><span class=\"BZ_Pyq_fadeIn\">polyesteri<\/span><br data-start=\"1596\" data-end=\"1599\" \/><strong data-start=\"1599\" data-end=\"1616\"><span class=\"BZ_Pyq_fadeIn\">Verkkokangas:<\/span><\/strong> <span class=\"BZ_Pyq_fadeIn\">92 % <\/span><span class=\"BZ_Pyq_fadeIn\">kierr\u00e4tetty <\/span><span class=\"BZ_Pyq_fadeIn\">polyesteri \/ <\/span><span class=\"BZ_Pyq_fadeIn\">8 % <\/span><span class=\"BZ_Pyq_fadeIn\">elastaani<\/span><br data-start=\"1660\" data-end=\"1663\" \/><span class=\"BZ_Pyq_fadeIn\">Paino: <\/span><strong data-start=\"1670\" data-end=\"1682\"><span class=\"BZ_Pyq_fadeIn\">100 <\/span><span class=\"BZ_Pyq_fadeIn\">g\/<\/span><span class=\"BZ_Pyq_fadeIn\">m\u00b2<\/span><\/strong><\/p>\n<p data-start=\"1684\" data-end=\"1786\"><span class=\"BZ_Pyq_fadeIn\">Kevyt <\/span><strong data-start=\"1690\" data-end=\"1727\"><span class=\"BZ_Pyq_fadeIn\">tekninen <\/span><span class=\"BZ_Pyq_fadeIn\">ja <\/span><span class=\"BZ_Pyq_fadeIn\">hengitt\u00e4v\u00e4 <\/span><span class=\"BZ_Pyq_fadeIn\">materiaali<\/span><\/strong> <span class=\"BZ_Pyq_fadeIn\">tekee <\/span><span class=\"BZ_Pyq_fadeIn\">paidasta <\/span><span class=\"BZ_Pyq_fadeIn\">mukavan <\/span><span class=\"BZ_Pyq_fadeIn\">ja <\/span><span class=\"BZ_Pyq_fadeIn\">joustavan <\/span><span class=\"BZ_Pyq_fadeIn\">aktiivisessa <\/span><span class=\"BZ_Pyq_fadeIn\">k\u00e4yt\u00f6ss\u00e4.<\/span><\/p>\n<h3 data-section-id=\"q08wlc\" data-start=\"1788\" data-end=\"1804\"><span class=\"BZ_Pyq_fadeIn\">Toimitusaika<\/span><\/h3>\n<p data-start=\"1806\" data-end=\"1846\"><span class=\"BZ_Pyq_fadeIn\">Arvioitu <\/span><strong data-start=\"1815\" data-end=\"1845\"><span class=\"BZ_Pyq_fadeIn\">toimitusaika <\/span><span class=\"BZ_Pyq_fadeIn\">noin <\/span><span class=\"BZ_Pyq_fadeIn\">1 <\/span><span class=\"BZ_Pyq_fadeIn\">viikko<\/span><\/strong><span class=\"BZ_Pyq_fadeIn\">.<\/span><\/p>\n<p data-start=\"1848\" data-end=\"1926\"><span class=\"BZ_Pyq_fadeIn\">Toimitusaika <\/span><span class=\"BZ_Pyq_fadeIn\">voi <\/span><span class=\"BZ_Pyq_fadeIn\">vaihdella <\/span><strong data-start=\"1875\" data-end=\"1925\"><span class=\"BZ_Pyq_fadeIn\">tilausm\u00e4\u00e4r\u00e4n <\/span><span class=\"BZ_Pyq_fadeIn\">ja <\/span><span class=\"BZ_Pyq_fadeIn\">mahdollisen <\/span><span class=\"BZ_Pyq_fadeIn\">painatuksen <\/span><span class=\"BZ_Pyq_fadeIn\">mukaan<\/span><\/strong><span class=\"BZ_Pyq_fadeIn\">.<\/span><\/p>\n<h3 data-section-id=\"19f8ccq\" data-start=\"1928\" data-end=\"1945\"><span class=\"BZ_Pyq_fadeIn\">K\u00e4ytt\u00f6kohteet<\/span><\/h3>\n<p data-start=\"1947\" data-end=\"2102\"><strong data-start=\"1947\" data-end=\"2102\"><span class=\"BZ_Pyq_fadeIn\">Urheilujoukkueet \u2022 <\/span><span class=\"BZ_Pyq_fadeIn\">Harjoituspaidat \u2022 <\/span><span class=\"BZ_Pyq_fadeIn\">Pelipaidat \u2022 <\/span><span class=\"BZ_Pyq_fadeIn\">Tapahtumat \u2022 <\/span><span class=\"BZ_Pyq_fadeIn\">Yritysvaatteet \u2022 <\/span><span class=\"BZ_Pyq_fadeIn\">Promootiotuotteet \u2022 <\/span><span class=\"BZ_Pyq_fadeIn\">Br\u00e4ndituotteet \u2022 <\/span><span class=\"BZ_Pyq_fadeIn\">Verkkokauppamyynti \u2022 <\/span><span class=\"BZ_Pyq_fadeIn\">J\u00e4lleenmyynti<\/span><\/strong><\/p>\n<h3 data-section-id=\"6b1txa\" data-start=\"2104\" data-end=\"2146\"><span class=\"BZ_Pyq_fadeIn\">Tuotteet <\/span><span class=\"BZ_Pyq_fadeIn\">painettuna <\/span><span class=\"BZ_Pyq_fadeIn\">tai <\/span><span class=\"BZ_Pyq_fadeIn\">painamattomana<\/span><\/h3>\n<p data-start=\"2148\" data-end=\"2306\"><span class=\"BZ_Pyq_fadeIn\">Voit <\/span><span class=\"BZ_Pyq_fadeIn\">tilata <\/span><strong data-start=\"2160\" data-end=\"2185\"><span class=\"BZ_Pyq_fadeIn\">Slam <\/span><span class=\"BZ_Pyq_fadeIn\">Woman <\/span><span class=\"BZ_Pyq_fadeIn\">pelipaidat<\/span><\/strong> <strong data-start=\"2186\" data-end=\"2231\"><span class=\"BZ_Pyq_fadeIn\">painamattomina <\/span><span class=\"BZ_Pyq_fadeIn\">omaa <\/span><span class=\"BZ_Pyq_fadeIn\">painotuotantoa <\/span><span class=\"BZ_Pyq_fadeIn\">varten<\/span><\/strong> <span class=\"BZ_Pyq_fadeIn\">tai <\/span><strong data-start=\"2236\" data-end=\"2305\"><span class=\"BZ_Pyq_fadeIn\">valmiiksi <\/span><span class=\"BZ_Pyq_fadeIn\">painettuina <\/span><span class=\"BZ_Pyq_fadeIn\">logolla, <\/span><span class=\"BZ_Pyq_fadeIn\">nimell\u00e4, <\/span><span class=\"BZ_Pyq_fadeIn\">numerolla <\/span><span class=\"BZ_Pyq_fadeIn\">tai <\/span><span class=\"BZ_Pyq_fadeIn\">grafiikalla<\/span><\/strong><span class=\"BZ_Pyq_fadeIn\">.<\/span><\/p>\n<h3 data-section-id=\"1pycund\" data-start=\"2308\" data-end=\"2337\"><span class=\"BZ_Pyq_fadeIn\">Mahdolliset <\/span><span class=\"BZ_Pyq_fadeIn\">merkkaustavat<\/span><\/h3>\n<p data-start=\"2339\" data-end=\"2442\"><strong data-start=\"2339\" data-end=\"2352\"><span class=\"BZ_Pyq_fadeIn\">Painatus:<\/span><\/strong> <span class=\"BZ_Pyq_fadeIn\">Tuote <\/span><span class=\"BZ_Pyq_fadeIn\">painetaan <\/span><strong data-start=\"2369\" data-end=\"2390\"><span class=\"BZ_Pyq_fadeIn\">DTF-<\/span><span class=\"BZ_Pyq_fadeIn\">painatuksella<\/span><\/strong><span class=\"BZ_Pyq_fadeIn\">.<\/span><br data-start=\"2391\" data-end=\"2394\" \/><strong data-start=\"2394\" data-end=\"2409\"><span class=\"BZ_Pyq_fadeIn\">Brodeeraus:<\/span><\/strong> <span class=\"BZ_Pyq_fadeIn\">Saatavilla <\/span><strong data-start=\"2421\" data-end=\"2441\"><span class=\"BZ_Pyq_fadeIn\">tarjouspyynn\u00f6ll\u00e4<\/span><\/strong><span class=\"BZ_Pyq_fadeIn\">.<\/span><\/p>\n<h3 data-section-id=\"gwkuul\" data-start=\"2444\" data-end=\"2476\"><span class=\"BZ_Pyq_fadeIn\">Suuret <\/span><span class=\"BZ_Pyq_fadeIn\">er\u00e4t <\/span><span class=\"BZ_Pyq_fadeIn\">ja <\/span><span class=\"BZ_Pyq_fadeIn\">j\u00e4lleenmyyj\u00e4t<\/span><\/h3>\n<p data-start=\"2478\" data-end=\"2733\"><span class=\"BZ_Pyq_fadeIn\">Roly24 <\/span><span class=\"BZ_Pyq_fadeIn\">toimittaa <\/span><span class=\"BZ_Pyq_fadeIn\">tuotteita <\/span><span class=\"BZ_Pyq_fadeIn\">my\u00f6s <\/span><strong data-start=\"2510\" data-end=\"2548\"><span class=\"BZ_Pyq_fadeIn\">suuremmissa <\/span><span class=\"BZ_Pyq_fadeIn\">eriss\u00e4 <\/span><span class=\"BZ_Pyq_fadeIn\">tarjouspohjalta<\/span><\/strong> <span class=\"BZ_Pyq_fadeIn\">esimerkiksi <\/span><strong data-start=\"2561\" data-end=\"2652\"><span class=\"BZ_Pyq_fadeIn\">j\u00e4lleenmyyjille, <\/span><span class=\"BZ_Pyq_fadeIn\">yrityksille, <\/span><span class=\"BZ_Pyq_fadeIn\">urheiluseuroille, <\/span><span class=\"BZ_Pyq_fadeIn\">yhdistyksille <\/span><span class=\"BZ_Pyq_fadeIn\">ja <\/span><span class=\"BZ_Pyq_fadeIn\">tapahtumaj\u00e4rjest\u00e4jille<\/span><\/strong><span class=\"BZ_Pyq_fadeIn\">. <\/span><span class=\"BZ_Pyq_fadeIn\">Tuotteet <\/span><span class=\"BZ_Pyq_fadeIn\">voidaan <\/span><span class=\"BZ_Pyq_fadeIn\">toimittaa <\/span><strong data-start=\"2681\" data-end=\"2732\"><span class=\"BZ_Pyq_fadeIn\">painettuina <\/span><span class=\"BZ_Pyq_fadeIn\">tai <\/span><span class=\"BZ_Pyq_fadeIn\">painamattomina <\/span><span class=\"BZ_Pyq_fadeIn\">tilauksen <\/span><span class=\"BZ_Pyq_fadeIn\">mukaan<\/span><\/strong><span class=\"BZ_Pyq_fadeIn\">.<\/span><\/p>\n<p data-start=\"2735\" data-end=\"2775\"><span class=\"BZ_Pyq_fadeIn\">\ud83d\udce9 <\/span><strong data-start=\"2738\" data-end=\"2775\"><span class=\"BZ_Pyq_fadeIn\">Pyyd\u00e4 <\/span><span class=\"BZ_Pyq_fadeIn\">tarjous <\/span><span class=\"BZ_Pyq_fadeIn\">suuremmista <\/span><span class=\"BZ_Pyq_fadeIn\">erist\u00e4.<\/span><\/strong><\/p>\n<h3 data-section-id=\"181otkz\" data-start=\"2777\" data-end=\"2811\"><span class=\"BZ_Pyq_fadeIn\">FAQ \u2013 <\/span><span class=\"BZ_Pyq_fadeIn\">Usein <\/span><span class=\"BZ_Pyq_fadeIn\">kysytyt <\/span><span class=\"BZ_Pyq_fadeIn\">kysymykset<\/span><\/h3>\n<p data-start=\"2813\" data-end=\"2947\"><strong data-start=\"2813\" data-end=\"2859\"><span class=\"BZ_Pyq_fadeIn\">Voiko <\/span><span class=\"BZ_Pyq_fadeIn\">Slam <\/span><span class=\"BZ_Pyq_fadeIn\">Woman <\/span><span class=\"BZ_Pyq_fadeIn\">paidan <\/span><span class=\"BZ_Pyq_fadeIn\">tilata <\/span><span class=\"BZ_Pyq_fadeIn\">painettuna?<\/span><\/strong><br data-start=\"2859\" data-end=\"2862\" \/><span class=\"BZ_Pyq_fadeIn\">Kyll\u00e4. <\/span><span class=\"BZ_Pyq_fadeIn\">Paidat <\/span><span class=\"BZ_Pyq_fadeIn\">voidaan <\/span><span class=\"BZ_Pyq_fadeIn\">toimittaa <\/span><span class=\"BZ_Pyq_fadeIn\">valmiiksi <\/span><span class=\"BZ_Pyq_fadeIn\">painettuina <\/span><span class=\"BZ_Pyq_fadeIn\">logolla, <\/span><span class=\"BZ_Pyq_fadeIn\">nimell\u00e4 <\/span><span class=\"BZ_Pyq_fadeIn\">tai <\/span><span class=\"BZ_Pyq_fadeIn\">numerolla.<\/span><\/p>\n<p data-start=\"2949\" data-end=\"3054\"><strong data-start=\"2949\" data-end=\"2990\"><span class=\"BZ_Pyq_fadeIn\">Voiko <\/span><span class=\"BZ_Pyq_fadeIn\">paidan <\/span><span class=\"BZ_Pyq_fadeIn\">tilata <\/span><span class=\"BZ_Pyq_fadeIn\">ilman <\/span><span class=\"BZ_Pyq_fadeIn\">painatusta?<\/span><\/strong><br data-start=\"2990\" data-end=\"2993\" \/><span class=\"BZ_Pyq_fadeIn\">Kyll\u00e4. <\/span><span class=\"BZ_Pyq_fadeIn\">Tuotteet <\/span><span class=\"BZ_Pyq_fadeIn\">myyd\u00e4\u00e4n <\/span><span class=\"BZ_Pyq_fadeIn\">sek\u00e4 <\/span><span class=\"BZ_Pyq_fadeIn\">painettuina <\/span><span class=\"BZ_Pyq_fadeIn\">ett\u00e4 <\/span><span class=\"BZ_Pyq_fadeIn\">painamattomina.<\/span><\/p>\n<p data-start=\"3056\" data-end=\"3214\"><strong data-start=\"3056\" data-end=\"3083\"><span class=\"BZ_Pyq_fadeIn\">Onko <\/span><span class=\"BZ_Pyq_fadeIn\">kangas <\/span><span class=\"BZ_Pyq_fadeIn\">hengitt\u00e4v\u00e4?<\/span><\/strong><br data-start=\"3083\" data-end=\"3086\" \/><span class=\"BZ_Pyq_fadeIn\">Kyll\u00e4. <\/span><span class=\"BZ_Pyq_fadeIn\">Paita <\/span><span class=\"BZ_Pyq_fadeIn\">on <\/span><span class=\"BZ_Pyq_fadeIn\">valmistettu <\/span><span class=\"BZ_Pyq_fadeIn\">hengitt\u00e4v\u00e4st\u00e4 <\/span><span class=\"BZ_Pyq_fadeIn\">teknisest\u00e4 <\/span><span class=\"BZ_Pyq_fadeIn\">kierr\u00e4tyspolyesterikankaasta, <\/span><span class=\"BZ_Pyq_fadeIn\">jossa <\/span><span class=\"BZ_Pyq_fadeIn\">verkkopaneelit <\/span><span class=\"BZ_Pyq_fadeIn\">parantavat <\/span><span class=\"BZ_Pyq_fadeIn\">ilmanvaihtoa.<\/span><\/p>\n<p data-start=\"3216\" data-end=\"3342\"><strong data-start=\"3216\" data-end=\"3249\"><span class=\"BZ_Pyq_fadeIn\">Onko <\/span><span class=\"BZ_Pyq_fadeIn\">materiaali <\/span><span class=\"BZ_Pyq_fadeIn\">kierr\u00e4tetty\u00e4?<\/span><\/strong><br data-start=\"3249\" data-end=\"3252\" \/><span class=\"BZ_Pyq_fadeIn\">Kyll\u00e4. <\/span><span class=\"BZ_Pyq_fadeIn\">Paidassa <\/span><span class=\"BZ_Pyq_fadeIn\">k\u00e4ytet\u00e4\u00e4n <\/span><span class=\"BZ_Pyq_fadeIn\">kierr\u00e4tetty\u00e4 <\/span><span class=\"BZ_Pyq_fadeIn\">polyesteri\u00e4 <\/span><span class=\"BZ_Pyq_fadeIn\">sek\u00e4 <\/span><span class=\"BZ_Pyq_fadeIn\">p\u00e4\u00e4kankaassa <\/span><span class=\"BZ_Pyq_fadeIn\">ett\u00e4 <\/span><span class=\"BZ_Pyq_fadeIn\">verkkokankaassa.<\/span><\/p>\n<p data-start=\"3344\" data-end=\"3473\" data-is-last-node=\"\" data-is-only-node=\"\"><strong data-start=\"3344\" data-end=\"3377\"><span class=\"BZ_Pyq_fadeIn\">Kuinka <\/span><span class=\"BZ_Pyq_fadeIn\">pitk\u00e4 <\/span><span class=\"BZ_Pyq_fadeIn\">toimitusaika <\/span><span class=\"BZ_Pyq_fadeIn\">on?<\/span><\/strong><br data-start=\"3377\" data-end=\"3380\" \/><span class=\"BZ_Pyq_fadeIn\">Arvioitu <\/span><span class=\"BZ_Pyq_fadeIn\">toimitusaika <\/span><span class=\"BZ_Pyq_fadeIn\">on <\/span><span class=\"BZ_Pyq_fadeIn\">noin <\/span><span class=\"BZ_Pyq_fadeIn\">1 <\/span><span class=\"BZ_Pyq_fadeIn\">viikko, <\/span><span class=\"BZ_Pyq_fadeIn\">riippuen <\/span><span class=\"BZ_Pyq_fadeIn\">tilausm\u00e4\u00e4r\u00e4st\u00e4 <\/span><span class=\"BZ_Pyq_fadeIn\">ja <\/span><span class=\"BZ_Pyq_fadeIn\">mahdollisesta <\/span><span class=\"BZ_Pyq_fadeIn\">merkinn\u00e4st\u00e4.<\/span><\/p>\n<div data-v-5ec54137=\"\"><img decoding=\"async\" class=\"mr-1 grey\" title=\"30\u00ba pesu max.\" src=\"https:\/\/static.gorfactory.es\/images\/icons\/20220914110209_Lavar%20a%2030%C2%BA%20m%C3%A1ximo.png\" alt=\"30\u00ba pesu max.\" width=\"40\" height=\"40\" data-v-6089ed0a=\"\" data-v-00b2e954=\"\" \/><img decoding=\"async\" class=\"mr-1 grey\" title=\"\u00c4l\u00e4 valkaise\" src=\"https:\/\/static.gorfactory.es\/images\/icons\/20220914110315_No%20usar%20blanqueador.png\" alt=\"\u00c4l\u00e4 valkaise\" width=\"40\" height=\"40\" data-v-6089ed0a=\"\" data-v-00b2e954=\"\" \/><img decoding=\"async\" class=\"mr-1 grey\" title=\"\u00c4l\u00e4 rumpukuivaa\" src=\"https:\/\/static.gorfactory.es\/images\/icons\/20220914110302_No%20secar%20en%20secadora.png\" alt=\"\u00c4l\u00e4 rumpukuivaa\" width=\"40\" height=\"40\" data-v-6089ed0a=\"\" data-v-00b2e954=\"\" \/><img loading=\"lazy\" decoding=\"async\" class=\"mr-1 grey\" title=\"Silitys alhaisessa l\u00e4mp\u00f6tilassa (max. 110\u00ba)\" src=\"https:\/\/static.gorfactory.es\/images\/icons\/20221117085113_Planchar-110.png\" alt=\"Silitys alhaisessa l\u00e4mp\u00f6tilassa (max. 110\u00ba)\" width=\"40\" height=\"40\" data-v-6089ed0a=\"\" data-v-00b2e954=\"\" \/><img loading=\"lazy\" decoding=\"async\" class=\"mr-1 grey\" title=\"\u00c4l\u00e4 kuivapesua\" src=\"https:\/\/static.gorfactory.es\/images\/icons\/20220914110151_No%20lavar%20en%20seco.png\" alt=\"\u00c4l\u00e4 kuivapesua\" width=\"40\" height=\"40\" data-v-6089ed0a=\"\" data-v-00b2e954=\"\" \/><\/div>\n<div data-v-5ec54137=\"\"><strong>Mittausohjeet:<\/strong><br \/>\n<strong>Leveys: Tuotteen reunasta reunaan 2cm hihojen alapuolelta.<\/strong><br \/>\n<strong>Pituus: Olkap\u00e4\u00e4n korkeimmasta kohdasta tuotteen\u00a0alareunaan.<\/strong><\/div>\n<div data-v-5ec54137=\"\"><\/div>\n<table id=\"size_chart\" class=\"table table-responsive\" style=\"height: 265px;\" width=\"203\" cellspacing=\"0\" cellpadding=\"0\">\n<tbody>\n<tr>\n<th>Koko<\/th>\n<th><img decoding=\"async\" src=\"https:\/\/wordans-a1a5.kxcdn.com\/images\/wordans2010\/length.png\" alt=\"Length\" \/>\u00a0<label id=\"lengthLabel\">Pituus<\/label><\/th>\n<th><img decoding=\"async\" src=\"https:\/\/wordans-a1a5.kxcdn.com\/images\/wordans2010\/width.png\" alt=\"Width\" \/>\u00a0<label id=\"widthLabel\">Leveys<\/label><\/th>\n<\/tr>\n<tr>\n<td>S<\/td>\n<td>41,5<\/td>\n<td>62<\/td>\n<\/tr>\n<tr>\n<td>M<\/td>\n<td>44,5<\/td>\n<td>64<\/td>\n<\/tr>\n<tr>\n<td>L<\/td>\n<td>47,5<\/td>\n<td>66<\/td>\n<\/tr>\n<tr>\n<td>XL<\/td>\n<td>50,5<\/td>\n<td>68<\/td>\n<\/tr>\n<tr>\n<td>2XL<\/td>\n<td>53,5<\/td>\n<td>70<\/td>\n<\/tr>\n<\/tbody>\n<\/table>\n<p>&nbsp;<\/p>\n","protected":false},"excerpt":{"rendered":"<p>Tuotenumero 501321 Peli- ja harjoituspaita Slam Woman \u2013 tekninen urheilupaita painettuna tai painamattomana Slam Woman peli- ja harjoituspaita on kevyt ja hengitt\u00e4v\u00e4 tekninen urheilupaita naisille, joka on valmistettu kierr\u00e4tetyst\u00e4 polyesterista. Paita on suunniteltu urheiluun, harjoitteluun, joukkueille, tapahtumiin sek\u00e4 promootiotuotteisiin, ja se sopii hyvin my\u00f6s yritysvaatteisiin ja j\u00e4lleenmyyntiin. Tuotteet myyd\u00e4\u00e4n sek\u00e4 painettuina ett\u00e4 painamattomina, joten paidat [&hellip;]<\/p>\n","protected":false},"featured_media":16038,"template":"","meta":{"_acf_changed":false,"om_disable_all_campaigns":false,"_monsterinsights_skip_tracking":false,"_monsterinsights_sitenote_active":false,"_monsterinsights_sitenote_note":"","_monsterinsights_sitenote_category":0},"product_brand":[],"product_cat":[515,512],"product_tag":[298,544,584],"class_list":{"0":"post-16662","1":"product","2":"type-product","3":"status-publish","4":"has-post-thumbnail","6":"product_cat-sport-peli-harjoituspaidat","7":"product_cat-sport","8":"product_tag-painatus","9":"product_tag-paita-painatus","10":"product_tag-tekninen-tpaita","11":"product_shipping_class-postipaketti","13":"first","14":"instock","15":"taxable","16":"shipping-taxable","17":"purchasable","18":"product-type-simple"},"acf":[],"aioseo_notices":[],"_links":{"self":[{"href":"https:\/\/www.roly24.com\/index.php\/wp-json\/wp\/v2\/product\/16662","targetHints":{"allow":["GET"]}}],"collection":[{"href":"https:\/\/www.roly24.com\/index.php\/wp-json\/wp\/v2\/product"}],"about":[{"href":"https:\/\/www.roly24.com\/index.php\/wp-json\/wp\/v2\/types\/product"}],"version-history":[{"count":3,"href":"https:\/\/www.roly24.com\/index.php\/wp-json\/wp\/v2\/product\/16662\/revisions"}],"predecessor-version":[{"id":22140,"href":"https:\/\/www.roly24.com\/index.php\/wp-json\/wp\/v2\/product\/16662\/revisions\/22140"}],"wp:featuredmedia":[{"embeddable":true,"href":"https:\/\/www.roly24.com\/index.php\/wp-json\/wp\/v2\/media\/16038"}],"wp:attachment":[{"href":"https:\/\/www.roly24.com\/index.php\/wp-json\/wp\/v2\/media?parent=16662"}],"wp:term":[{"taxonomy":"product_brand","embeddable":true,"href":"https:\/\/www.roly24.com\/index.php\/wp-json\/wp\/v2\/product_brand?post=16662"},{"taxonomy":"product_cat","embeddable":true,"href":"https:\/\/www.roly24.com\/index.php\/wp-json\/wp\/v2\/product_cat?post=16662"},{"taxonomy":"product_tag","embeddable":true,"href":"https:\/\/www.roly24.com\/index.php\/wp-json\/wp\/v2\/product_tag?post=16662"}],"curies":[{"name":"wp","href":"https:\/\/api.w.org\/{rel}","templated":true}]}}