{"id":16652,"date":"2025-02-21T12:34:45","date_gmt":"2025-02-21T10:34:45","guid":{"rendered":"https:\/\/www.roly24.com\/?post_type=product&#038;p=16652"},"modified":"2026-03-15T10:28:19","modified_gmt":"2026-03-15T08:28:19","slug":"peli-ja-harjoituspaita-assen-140g","status":"publish","type":"product","link":"https:\/\/www.roly24.com\/index.php\/tuote\/peli-ja-harjoituspaita-assen-140g\/","title":{"rendered":"Tekninen Peli- ja harjoituspaita ASSEN 140g\/m\u00b2 painettuna tai painamattomana"},"content":{"rendered":"<p><strong>Tuotenumero 501316<\/strong><\/p>\n<article class=\"text-token-text-primary w-full focus:outline-none [--shadow-height:45px] has-data-writing-block:pointer-events-none has-data-writing-block:-mt-(--shadow-height) has-data-writing-block:pt-(--shadow-height) [&amp;:has([data-writing-block])&gt;*]:pointer-events-auto scroll-mt-(--header-height)\" dir=\"auto\" tabindex=\"-1\" data-turn-id=\"84506b45-c49e-4f23-92e3-dbc855401d03\" data-testid=\"conversation-turn-27\" data-scroll-anchor=\"false\" data-turn=\"user\"><\/article>\n<article class=\"text-token-text-primary w-full focus:outline-none [--shadow-height:45px] has-data-writing-block:pointer-events-none has-data-writing-block:-mt-(--shadow-height) has-data-writing-block:pt-(--shadow-height) [&amp;:has([data-writing-block])&gt;*]:pointer-events-auto scroll-mt-[calc(var(--header-height)+min(200px,max(70px,20svh)))]\" dir=\"auto\" tabindex=\"-1\" data-turn-id=\"request-WEB:0be5d431-25ab-46b1-b2ac-8cfd8d267a27-13\" data-testid=\"conversation-turn-28\" data-scroll-anchor=\"true\" data-turn=\"assistant\">\n<div class=\"text-base my-auto mx-auto pb-10 [--thread-content-margin:var(--thread-content-margin-xs,calc(var(--spacing)*4))] @w-sm\/main:[--thread-content-margin:var(--thread-content-margin-sm,calc(var(--spacing)*6))] @w-lg\/main:[--thread-content-margin:var(--thread-content-margin-lg,calc(var(--spacing)*16))] px-(--thread-content-margin)\">\n<div class=\"[--thread-content-max-width:40rem] @w-lg\/main:[--thread-content-max-width:48rem] mx-auto max-w-(--thread-content-max-width) flex-1 group\/turn-messages focus-visible:outline-hidden relative flex w-full min-w-0 flex-col agent-turn\" tabindex=\"-1\">\n<div class=\"flex max-w-full flex-col gap-4 grow\">\n<div class=\"min-h-8 text-message relative flex w-full flex-col items-end gap-2 text-start break-words whitespace-normal [.text-message+&amp;]:mt-1\" dir=\"auto\" data-message-author-role=\"assistant\" data-message-id=\"4b16f05b-1e74-482e-b069-d831cb6d94e9\" data-message-model-slug=\"gpt-5-3\">\n<div class=\"flex w-full flex-col gap-1 empty:hidden\">\n<div class=\"markdown prose dark:prose-invert w-full wrap-break-word light markdown-new-styling\">\n<h3 data-section-id=\"l0u8mk\" data-start=\"0\" data-end=\"91\"><strong data-start=\"4\" data-end=\"91\"><span class=\"BZ_Pyq_fadeIn\">Peli- <\/span><span class=\"BZ_Pyq_fadeIn\">ja <\/span><span class=\"BZ_Pyq_fadeIn\">harjoituspaita <\/span><span class=\"BZ_Pyq_fadeIn\">Assen \u2013 <\/span><span class=\"BZ_Pyq_fadeIn\">tekninen <\/span><span class=\"BZ_Pyq_fadeIn\">urheilupaita <\/span><span class=\"BZ_Pyq_fadeIn\">painettuna <\/span><span class=\"BZ_Pyq_fadeIn\">tai <\/span><span class=\"BZ_Pyq_fadeIn\">painamattomana<\/span><\/strong><\/h3>\n<p data-start=\"93\" data-end=\"370\"><span class=\"BZ_Pyq_fadeIn\">Assen <\/span><strong data-start=\"99\" data-end=\"126\"><span class=\"BZ_Pyq_fadeIn\">peli- <\/span><span class=\"BZ_Pyq_fadeIn\">ja <\/span><span class=\"BZ_Pyq_fadeIn\">harjoituspaita<\/span><\/strong> <span class=\"BZ_Pyq_fadeIn\">on <\/span><strong data-start=\"130\" data-end=\"175\"><span class=\"BZ_Pyq_fadeIn\">kevyt <\/span><span class=\"BZ_Pyq_fadeIn\">ja <\/span><span class=\"BZ_Pyq_fadeIn\">hengitt\u00e4v\u00e4 <\/span><span class=\"BZ_Pyq_fadeIn\">tekninen <\/span><span class=\"BZ_Pyq_fadeIn\">urheilupaita<\/span><\/strong><span class=\"BZ_Pyq_fadeIn\">, <\/span><span class=\"BZ_Pyq_fadeIn\">joka <\/span><span class=\"BZ_Pyq_fadeIn\">on <\/span><span class=\"BZ_Pyq_fadeIn\">suunniteltu <\/span><span class=\"BZ_Pyq_fadeIn\">aktiiviseen <\/span><span class=\"BZ_Pyq_fadeIn\">k\u00e4ytt\u00f6\u00f6n <\/span><span class=\"BZ_Pyq_fadeIn\">kuten <\/span><strong data-start=\"224\" data-end=\"304\"><span class=\"BZ_Pyq_fadeIn\">urheiluun, <\/span><span class=\"BZ_Pyq_fadeIn\">harjoitteluun, <\/span><span class=\"BZ_Pyq_fadeIn\">joukkueille, <\/span><span class=\"BZ_Pyq_fadeIn\">tapahtumiin <\/span><span class=\"BZ_Pyq_fadeIn\">sek\u00e4 <\/span><span class=\"BZ_Pyq_fadeIn\">promootiotuotteisiin<\/span><\/strong><span class=\"BZ_Pyq_fadeIn\">. <\/span><span class=\"BZ_Pyq_fadeIn\">Paita <\/span><span class=\"BZ_Pyq_fadeIn\">sopii <\/span><span class=\"BZ_Pyq_fadeIn\">hyvin <\/span><span class=\"BZ_Pyq_fadeIn\">my\u00f6s <\/span><strong data-start=\"329\" data-end=\"369\"><span class=\"BZ_Pyq_fadeIn\">yritysvaatteisiin <\/span><span class=\"BZ_Pyq_fadeIn\">ja <\/span><span class=\"BZ_Pyq_fadeIn\">j\u00e4lleenmyyntiin<\/span><\/strong><span class=\"BZ_Pyq_fadeIn\">.<\/span><\/p>\n<p data-start=\"372\" data-end=\"567\"><span class=\"BZ_Pyq_fadeIn\">Tuotteet <\/span><span class=\"BZ_Pyq_fadeIn\">myyd\u00e4\u00e4n <\/span><strong data-start=\"389\" data-end=\"429\"><span class=\"BZ_Pyq_fadeIn\">sek\u00e4 <\/span><span class=\"BZ_Pyq_fadeIn\">painettuina <\/span><span class=\"BZ_Pyq_fadeIn\">ett\u00e4 <\/span><span class=\"BZ_Pyq_fadeIn\">painamattomina<\/span><\/strong><span class=\"BZ_Pyq_fadeIn\">, <\/span><span class=\"BZ_Pyq_fadeIn\">joten <\/span><span class=\"BZ_Pyq_fadeIn\">paidat <\/span><span class=\"BZ_Pyq_fadeIn\">voidaan <\/span><span class=\"BZ_Pyq_fadeIn\">toimittaa <\/span><strong data-start=\"462\" data-end=\"518\"><span class=\"BZ_Pyq_fadeIn\">valmiiksi <\/span><span class=\"BZ_Pyq_fadeIn\">painettuina <\/span><span class=\"BZ_Pyq_fadeIn\">logolla, <\/span><span class=\"BZ_Pyq_fadeIn\">nimell\u00e4 <\/span><span class=\"BZ_Pyq_fadeIn\">tai <\/span><span class=\"BZ_Pyq_fadeIn\">numerolla<\/span><\/strong> <span class=\"BZ_Pyq_fadeIn\">tai <\/span><strong data-start=\"523\" data-end=\"566\"><span class=\"BZ_Pyq_fadeIn\">ilman <\/span><span class=\"BZ_Pyq_fadeIn\">painatusta <\/span><span class=\"BZ_Pyq_fadeIn\">jatkomerkkausta <\/span><span class=\"BZ_Pyq_fadeIn\">varten<\/span><\/strong><span class=\"BZ_Pyq_fadeIn\">.<\/span><\/p>\n<p data-start=\"569\" data-end=\"961\"><span class=\"BZ_Pyq_fadeIn\">Paidassa <\/span><span class=\"BZ_Pyq_fadeIn\">on <\/span><strong data-start=\"581\" data-end=\"613\"><span class=\"BZ_Pyq_fadeIn\">lyhythihainen <\/span><span class=\"BZ_Pyq_fadeIn\">tekninen <\/span><span class=\"BZ_Pyq_fadeIn\">malli<\/span><\/strong><span class=\"BZ_Pyq_fadeIn\">, <\/span><span class=\"BZ_Pyq_fadeIn\">joka <\/span><span class=\"BZ_Pyq_fadeIn\">tarjoaa <\/span><span class=\"BZ_Pyq_fadeIn\">hyv\u00e4n <\/span><strong data-start=\"634\" data-end=\"679\"><span class=\"BZ_Pyq_fadeIn\">liikkuvuuden <\/span><span class=\"BZ_Pyq_fadeIn\">urheilussa <\/span><span class=\"BZ_Pyq_fadeIn\">ja <\/span><span class=\"BZ_Pyq_fadeIn\">harjoittelussa<\/span><\/strong><span class=\"BZ_Pyq_fadeIn\">. <\/span><strong data-start=\"681\" data-end=\"763\"><span class=\"BZ_Pyq_fadeIn\">Py\u00f6re\u00e4 <\/span><span class=\"BZ_Pyq_fadeIn\">p\u00e4\u00e4ntie <\/span><span class=\"BZ_Pyq_fadeIn\">kontrastivahvistetuilla <\/span><span class=\"BZ_Pyq_fadeIn\">peitetyill\u00e4 <\/span><span class=\"BZ_Pyq_fadeIn\">saumoilla <\/span><span class=\"BZ_Pyq_fadeIn\">fluorinkeltaisena<\/span><\/strong> <span class=\"BZ_Pyq_fadeIn\">lis\u00e4\u00e4 <\/span><span class=\"BZ_Pyq_fadeIn\">kest\u00e4vyytt\u00e4 <\/span><span class=\"BZ_Pyq_fadeIn\">ja <\/span><span class=\"BZ_Pyq_fadeIn\">antaa <\/span><span class=\"BZ_Pyq_fadeIn\">paidalle <\/span><span class=\"BZ_Pyq_fadeIn\">sporttisen <\/span><span class=\"BZ_Pyq_fadeIn\">ilmeen. <\/span><strong data-start=\"819\" data-end=\"868\"><span class=\"BZ_Pyq_fadeIn\">Sivupaneelit <\/span><span class=\"BZ_Pyq_fadeIn\">hihan <\/span><span class=\"BZ_Pyq_fadeIn\">sis\u00e4puolella <\/span><span class=\"BZ_Pyq_fadeIn\">ja <\/span><span class=\"BZ_Pyq_fadeIn\">olkap\u00e4ill\u00e4<\/span><\/strong><span class=\"BZ_Pyq_fadeIn\">, <\/span><span class=\"BZ_Pyq_fadeIn\">viimeisteltyn\u00e4 <\/span><strong data-start=\"885\" data-end=\"917\"><span class=\"BZ_Pyq_fadeIn\">yhteensopivalla <\/span><span class=\"BZ_Pyq_fadeIn\">overlockilla<\/span><\/strong><span class=\"BZ_Pyq_fadeIn\">, <\/span><span class=\"BZ_Pyq_fadeIn\">parantavat <\/span><span class=\"BZ_Pyq_fadeIn\">istuvuutta <\/span><span class=\"BZ_Pyq_fadeIn\">ja <\/span><span class=\"BZ_Pyq_fadeIn\">k\u00e4ytt\u00f6mukavuutta.<\/span><\/p>\n<p data-start=\"963\" data-end=\"1105\"><span class=\"BZ_Pyq_fadeIn\">Tekninen <\/span><strong data-start=\"972\" data-end=\"992\"><span class=\"BZ_Pyq_fadeIn\">polyesterikangas<\/span><\/strong> <span class=\"BZ_Pyq_fadeIn\">on <\/span><strong data-start=\"996\" data-end=\"1030\"><span class=\"BZ_Pyq_fadeIn\">hengitt\u00e4v\u00e4 <\/span><span class=\"BZ_Pyq_fadeIn\">ja <\/span><span class=\"BZ_Pyq_fadeIn\">nopeasti <\/span><span class=\"BZ_Pyq_fadeIn\">kuivuva<\/span><\/strong><span class=\"BZ_Pyq_fadeIn\">, <\/span><span class=\"BZ_Pyq_fadeIn\">mik\u00e4 <\/span><span class=\"BZ_Pyq_fadeIn\">tekee <\/span><span class=\"BZ_Pyq_fadeIn\">paidasta <\/span><span class=\"BZ_Pyq_fadeIn\">erinomaisen <\/span><span class=\"BZ_Pyq_fadeIn\">valinnan <\/span><strong data-start=\"1073\" data-end=\"1104\"><span class=\"BZ_Pyq_fadeIn\">peli- <\/span><span class=\"BZ_Pyq_fadeIn\">ja <\/span><span class=\"BZ_Pyq_fadeIn\">harjoituspaidoiksi<\/span><\/strong><span class=\"BZ_Pyq_fadeIn\">.<\/span><\/p>\n<h3 data-section-id=\"rog7al\" data-start=\"1107\" data-end=\"1123\"><span class=\"BZ_Pyq_fadeIn\">Ominaisuudet<\/span><\/h3>\n<p data-start=\"1125\" data-end=\"1348\"><strong data-start=\"1125\" data-end=\"1348\"><span class=\"BZ_Pyq_fadeIn\">Tekninen <\/span><span class=\"BZ_Pyq_fadeIn\">urheilupaita \u2022 <\/span><span class=\"BZ_Pyq_fadeIn\">Lyhyet <\/span><span class=\"BZ_Pyq_fadeIn\">hihat \u2022 <\/span><span class=\"BZ_Pyq_fadeIn\">Py\u00f6re\u00e4 <\/span><span class=\"BZ_Pyq_fadeIn\">p\u00e4\u00e4ntie <\/span><span class=\"BZ_Pyq_fadeIn\">kontrastivahvistetuilla <\/span><span class=\"BZ_Pyq_fadeIn\">saumoilla \u2022 <\/span><span class=\"BZ_Pyq_fadeIn\">Overlock-<\/span><span class=\"BZ_Pyq_fadeIn\">viimeistellyt <\/span><span class=\"BZ_Pyq_fadeIn\">sivupaneelit \u2022 <\/span><span class=\"BZ_Pyq_fadeIn\">Hengitt\u00e4v\u00e4 <\/span><span class=\"BZ_Pyq_fadeIn\">tekninen <\/span><span class=\"BZ_Pyq_fadeIn\">kangas \u2022 <\/span><span class=\"BZ_Pyq_fadeIn\">Irrotettava <\/span><span class=\"BZ_Pyq_fadeIn\">etiketti \u2022 <\/span><span class=\"BZ_Pyq_fadeIn\">Saatavana <\/span><span class=\"BZ_Pyq_fadeIn\">painettuna <\/span><span class=\"BZ_Pyq_fadeIn\">tai <\/span><span class=\"BZ_Pyq_fadeIn\">painamattomana<\/span><\/strong><\/p>\n<h3 data-section-id=\"dpzujp\" data-start=\"1350\" data-end=\"1364\"><span class=\"BZ_Pyq_fadeIn\">Materiaali<\/span><\/h3>\n<p data-start=\"1366\" data-end=\"1408\"><strong data-start=\"1366\" data-end=\"1386\"><span class=\"BZ_Pyq_fadeIn\">100 % <\/span><span class=\"BZ_Pyq_fadeIn\">polyesteri<\/span><\/strong><br data-start=\"1386\" data-end=\"1389\" \/><span class=\"BZ_Pyq_fadeIn\">Paino: <\/span><strong data-start=\"1396\" data-end=\"1408\"><span class=\"BZ_Pyq_fadeIn\">140 <\/span><span class=\"BZ_Pyq_fadeIn\">g\/<\/span><span class=\"BZ_Pyq_fadeIn\">m\u00b2<\/span><\/strong><\/p>\n<p data-start=\"1410\" data-end=\"1527\"><span class=\"BZ_Pyq_fadeIn\">Kevyt <\/span><strong data-start=\"1416\" data-end=\"1449\"><span class=\"BZ_Pyq_fadeIn\">tekninen <\/span><span class=\"BZ_Pyq_fadeIn\">polyesterimateriaali<\/span><\/strong> <span class=\"BZ_Pyq_fadeIn\">tekee <\/span><span class=\"BZ_Pyq_fadeIn\">paidasta <\/span><strong data-start=\"1465\" data-end=\"1526\"><span class=\"BZ_Pyq_fadeIn\">hengitt\u00e4v\u00e4n, <\/span><span class=\"BZ_Pyq_fadeIn\">nopeasti <\/span><span class=\"BZ_Pyq_fadeIn\">kuivuvan <\/span><span class=\"BZ_Pyq_fadeIn\">ja <\/span><span class=\"BZ_Pyq_fadeIn\">mukavan <\/span><span class=\"BZ_Pyq_fadeIn\">urheiluk\u00e4yt\u00f6ss\u00e4<\/span><\/strong><span class=\"BZ_Pyq_fadeIn\">.<\/span><\/p>\n<h3 data-section-id=\"q08wlc\" data-start=\"1529\" data-end=\"1545\"><span class=\"BZ_Pyq_fadeIn\">Toimitusaika<\/span><\/h3>\n<p data-start=\"1547\" data-end=\"1587\"><span class=\"BZ_Pyq_fadeIn\">Arvioitu <\/span><strong data-start=\"1556\" data-end=\"1586\"><span class=\"BZ_Pyq_fadeIn\">toimitusaika <\/span><span class=\"BZ_Pyq_fadeIn\">noin <\/span><span class=\"BZ_Pyq_fadeIn\">1 <\/span><span class=\"BZ_Pyq_fadeIn\">viikko<\/span><\/strong><span class=\"BZ_Pyq_fadeIn\">.<\/span><\/p>\n<p data-start=\"1589\" data-end=\"1667\"><span class=\"BZ_Pyq_fadeIn\">Toimitusaika <\/span><span class=\"BZ_Pyq_fadeIn\">voi <\/span><span class=\"BZ_Pyq_fadeIn\">vaihdella <\/span><strong data-start=\"1616\" data-end=\"1666\"><span class=\"BZ_Pyq_fadeIn\">tilausm\u00e4\u00e4r\u00e4n <\/span><span class=\"BZ_Pyq_fadeIn\">ja <\/span><span class=\"BZ_Pyq_fadeIn\">mahdollisen <\/span><span class=\"BZ_Pyq_fadeIn\">painatuksen <\/span><span class=\"BZ_Pyq_fadeIn\">mukaan<\/span><\/strong><span class=\"BZ_Pyq_fadeIn\">.<\/span><\/p>\n<h3 data-section-id=\"19f8ccq\" data-start=\"1669\" data-end=\"1686\"><span class=\"BZ_Pyq_fadeIn\">K\u00e4ytt\u00f6kohteet<\/span><\/h3>\n<p data-start=\"1688\" data-end=\"1843\"><strong data-start=\"1688\" data-end=\"1843\"><span class=\"BZ_Pyq_fadeIn\">Urheilujoukkueet \u2022 <\/span><span class=\"BZ_Pyq_fadeIn\">Harjoituspaidat \u2022 <\/span><span class=\"BZ_Pyq_fadeIn\">Pelipaidat \u2022 <\/span><span class=\"BZ_Pyq_fadeIn\">Tapahtumat \u2022 <\/span><span class=\"BZ_Pyq_fadeIn\">Yritysvaatteet \u2022 <\/span><span class=\"BZ_Pyq_fadeIn\">Promootiotuotteet \u2022 <\/span><span class=\"BZ_Pyq_fadeIn\">Br\u00e4ndituotteet \u2022 <\/span><span class=\"BZ_Pyq_fadeIn\">Verkkokauppamyynti \u2022 <\/span><span class=\"BZ_Pyq_fadeIn\">J\u00e4lleenmyynti<\/span><\/strong><\/p>\n<h3 data-section-id=\"6b1txa\" data-start=\"1845\" data-end=\"1887\"><span class=\"BZ_Pyq_fadeIn\">Tuotteet <\/span><span class=\"BZ_Pyq_fadeIn\">painettuna <\/span><span class=\"BZ_Pyq_fadeIn\">tai <\/span><span class=\"BZ_Pyq_fadeIn\">painamattomana<\/span><\/h3>\n<p data-start=\"1889\" data-end=\"2042\"><span class=\"BZ_Pyq_fadeIn\">Voit <\/span><span class=\"BZ_Pyq_fadeIn\">tilata <\/span><strong data-start=\"1901\" data-end=\"1921\"><span class=\"BZ_Pyq_fadeIn\">Assen <\/span><span class=\"BZ_Pyq_fadeIn\">pelipaidat<\/span><\/strong> <strong data-start=\"1922\" data-end=\"1967\"><span class=\"BZ_Pyq_fadeIn\">painamattomina <\/span><span class=\"BZ_Pyq_fadeIn\">omaa <\/span><span class=\"BZ_Pyq_fadeIn\">painotuotantoa <\/span><span class=\"BZ_Pyq_fadeIn\">varten<\/span><\/strong> <span class=\"BZ_Pyq_fadeIn\">tai <\/span><strong data-start=\"1972\" data-end=\"2041\"><span class=\"BZ_Pyq_fadeIn\">valmiiksi <\/span><span class=\"BZ_Pyq_fadeIn\">painettuina <\/span><span class=\"BZ_Pyq_fadeIn\">logolla, <\/span><span class=\"BZ_Pyq_fadeIn\">nimell\u00e4, <\/span><span class=\"BZ_Pyq_fadeIn\">numerolla <\/span><span class=\"BZ_Pyq_fadeIn\">tai <\/span><span class=\"BZ_Pyq_fadeIn\">grafiikalla<\/span><\/strong><span class=\"BZ_Pyq_fadeIn\">.<\/span><\/p>\n<h3 data-section-id=\"1pycund\" data-start=\"2044\" data-end=\"2073\"><span class=\"BZ_Pyq_fadeIn\">Mahdolliset <\/span><span class=\"BZ_Pyq_fadeIn\">merkkaustavat<\/span><\/h3>\n<p data-start=\"2075\" data-end=\"2178\"><strong data-start=\"2075\" data-end=\"2088\"><span class=\"BZ_Pyq_fadeIn\">Painatus:<\/span><\/strong> <span class=\"BZ_Pyq_fadeIn\">Tuote <\/span><span class=\"BZ_Pyq_fadeIn\">painetaan <\/span><strong data-start=\"2105\" data-end=\"2126\"><span class=\"BZ_Pyq_fadeIn\">DTF-<\/span><span class=\"BZ_Pyq_fadeIn\">painatuksella<\/span><\/strong><span class=\"BZ_Pyq_fadeIn\">.<\/span><br data-start=\"2127\" data-end=\"2130\" \/><strong data-start=\"2130\" data-end=\"2145\"><span class=\"BZ_Pyq_fadeIn\">Brodeeraus:<\/span><\/strong> <span class=\"BZ_Pyq_fadeIn\">Saatavilla <\/span><strong data-start=\"2157\" data-end=\"2177\"><span class=\"BZ_Pyq_fadeIn\">tarjouspyynn\u00f6ll\u00e4<\/span><\/strong><span class=\"BZ_Pyq_fadeIn\">.<\/span><\/p>\n<h3 data-section-id=\"gwkuul\" data-start=\"2180\" data-end=\"2212\"><span class=\"BZ_Pyq_fadeIn\">Suuret <\/span><span class=\"BZ_Pyq_fadeIn\">er\u00e4t <\/span><span class=\"BZ_Pyq_fadeIn\">ja <\/span><span class=\"BZ_Pyq_fadeIn\">j\u00e4lleenmyyj\u00e4t<\/span><\/h3>\n<p data-start=\"2214\" data-end=\"2469\"><span class=\"BZ_Pyq_fadeIn\">Roly24 <\/span><span class=\"BZ_Pyq_fadeIn\">toimittaa <\/span><span class=\"BZ_Pyq_fadeIn\">tuotteita <\/span><span class=\"BZ_Pyq_fadeIn\">my\u00f6s <\/span><strong data-start=\"2246\" data-end=\"2284\"><span class=\"BZ_Pyq_fadeIn\">suuremmissa <\/span><span class=\"BZ_Pyq_fadeIn\">eriss\u00e4 <\/span><span class=\"BZ_Pyq_fadeIn\">tarjouspohjalta<\/span><\/strong> <span class=\"BZ_Pyq_fadeIn\">esimerkiksi <\/span><strong data-start=\"2297\" data-end=\"2388\"><span class=\"BZ_Pyq_fadeIn\">j\u00e4lleenmyyjille, <\/span><span class=\"BZ_Pyq_fadeIn\">yrityksille, <\/span><span class=\"BZ_Pyq_fadeIn\">urheiluseuroille, <\/span><span class=\"BZ_Pyq_fadeIn\">yhdistyksille <\/span><span class=\"BZ_Pyq_fadeIn\">ja <\/span><span class=\"BZ_Pyq_fadeIn\">tapahtumaj\u00e4rjest\u00e4jille<\/span><\/strong><span class=\"BZ_Pyq_fadeIn\">. <\/span><span class=\"BZ_Pyq_fadeIn\">Tuotteet <\/span><span class=\"BZ_Pyq_fadeIn\">voidaan <\/span><span class=\"BZ_Pyq_fadeIn\">toimittaa <\/span><strong data-start=\"2417\" data-end=\"2468\"><span class=\"BZ_Pyq_fadeIn\">painettuina <\/span><span class=\"BZ_Pyq_fadeIn\">tai <\/span><span class=\"BZ_Pyq_fadeIn\">painamattomina <\/span><span class=\"BZ_Pyq_fadeIn\">tilauksen <\/span><span class=\"BZ_Pyq_fadeIn\">mukaan<\/span><\/strong><span class=\"BZ_Pyq_fadeIn\">.<\/span><\/p>\n<p data-start=\"2471\" data-end=\"2511\"><span class=\"BZ_Pyq_fadeIn\">\ud83d\udce9 <\/span><strong data-start=\"2474\" data-end=\"2511\"><span class=\"BZ_Pyq_fadeIn\">Pyyd\u00e4 <\/span><span class=\"BZ_Pyq_fadeIn\">tarjous <\/span><span class=\"BZ_Pyq_fadeIn\">suuremmista <\/span><span class=\"BZ_Pyq_fadeIn\">erist\u00e4.<\/span><\/strong><\/p>\n<h3 data-section-id=\"181otkz\" data-start=\"2513\" data-end=\"2547\"><span class=\"BZ_Pyq_fadeIn\">FAQ \u2013 <\/span><span class=\"BZ_Pyq_fadeIn\">Usein <\/span><span class=\"BZ_Pyq_fadeIn\">kysytyt <\/span><span class=\"BZ_Pyq_fadeIn\">kysymykset<\/span><\/h3>\n<p data-start=\"2549\" data-end=\"2678\"><strong data-start=\"2549\" data-end=\"2590\"><span class=\"BZ_Pyq_fadeIn\">Voiko <\/span><span class=\"BZ_Pyq_fadeIn\">Assen <\/span><span class=\"BZ_Pyq_fadeIn\">paidan <\/span><span class=\"BZ_Pyq_fadeIn\">tilata <\/span><span class=\"BZ_Pyq_fadeIn\">painettuna?<\/span><\/strong><br data-start=\"2590\" data-end=\"2593\" \/><span class=\"BZ_Pyq_fadeIn\">Kyll\u00e4. <\/span><span class=\"BZ_Pyq_fadeIn\">Paidat <\/span><span class=\"BZ_Pyq_fadeIn\">voidaan <\/span><span class=\"BZ_Pyq_fadeIn\">toimittaa <\/span><span class=\"BZ_Pyq_fadeIn\">valmiiksi <\/span><span class=\"BZ_Pyq_fadeIn\">painettuina <\/span><span class=\"BZ_Pyq_fadeIn\">logolla, <\/span><span class=\"BZ_Pyq_fadeIn\">nimell\u00e4 <\/span><span class=\"BZ_Pyq_fadeIn\">tai <\/span><span class=\"BZ_Pyq_fadeIn\">numerolla.<\/span><\/p>\n<p data-start=\"2680\" data-end=\"2785\"><strong data-start=\"2680\" data-end=\"2721\"><span class=\"BZ_Pyq_fadeIn\">Voiko <\/span><span class=\"BZ_Pyq_fadeIn\">paidan <\/span><span class=\"BZ_Pyq_fadeIn\">tilata <\/span><span class=\"BZ_Pyq_fadeIn\">ilman <\/span><span class=\"BZ_Pyq_fadeIn\">painatusta?<\/span><\/strong><br data-start=\"2721\" data-end=\"2724\" \/><span class=\"BZ_Pyq_fadeIn\">Kyll\u00e4. <\/span><span class=\"BZ_Pyq_fadeIn\">Tuotteet <\/span><span class=\"BZ_Pyq_fadeIn\">myyd\u00e4\u00e4n <\/span><span class=\"BZ_Pyq_fadeIn\">sek\u00e4 <\/span><span class=\"BZ_Pyq_fadeIn\">painettuina <\/span><span class=\"BZ_Pyq_fadeIn\">ett\u00e4 <\/span><span class=\"BZ_Pyq_fadeIn\">painamattomina.<\/span><\/p>\n<p data-start=\"2787\" data-end=\"2912\"><strong data-start=\"2787\" data-end=\"2814\"><span class=\"BZ_Pyq_fadeIn\">Onko <\/span><span class=\"BZ_Pyq_fadeIn\">kangas <\/span><span class=\"BZ_Pyq_fadeIn\">hengitt\u00e4v\u00e4?<\/span><\/strong><br data-start=\"2814\" data-end=\"2817\" \/><span class=\"BZ_Pyq_fadeIn\">Kyll\u00e4. <\/span><span class=\"BZ_Pyq_fadeIn\">Paita <\/span><span class=\"BZ_Pyq_fadeIn\">on <\/span><span class=\"BZ_Pyq_fadeIn\">valmistettu <\/span><span class=\"BZ_Pyq_fadeIn\">hengitt\u00e4v\u00e4st\u00e4 <\/span><span class=\"BZ_Pyq_fadeIn\">teknisest\u00e4 <\/span><span class=\"BZ_Pyq_fadeIn\">polyesterikankaasta, <\/span><span class=\"BZ_Pyq_fadeIn\">joka <\/span><span class=\"BZ_Pyq_fadeIn\">kuivuu <\/span><span class=\"BZ_Pyq_fadeIn\">nopeasti.<\/span><\/p>\n<p data-start=\"2914\" data-end=\"3043\" data-is-last-node=\"\" data-is-only-node=\"\"><strong data-start=\"2914\" data-end=\"2947\"><span class=\"BZ_Pyq_fadeIn\">Kuinka <\/span><span class=\"BZ_Pyq_fadeIn\">pitk\u00e4 <\/span><span class=\"BZ_Pyq_fadeIn\">toimitusaika <\/span><span class=\"BZ_Pyq_fadeIn\">on?<\/span><\/strong><br data-start=\"2947\" data-end=\"2950\" \/><span class=\"BZ_Pyq_fadeIn\">Arvioitu <\/span><span class=\"BZ_Pyq_fadeIn\">toimitusaika <\/span><span class=\"BZ_Pyq_fadeIn\">on <\/span><span class=\"BZ_Pyq_fadeIn\">noin <\/span><span class=\"BZ_Pyq_fadeIn\">1 <\/span><span class=\"BZ_Pyq_fadeIn\">viikko, <\/span><span class=\"BZ_Pyq_fadeIn\">riippuen <\/span><span class=\"BZ_Pyq_fadeIn\">tilausm\u00e4\u00e4r\u00e4st\u00e4 <\/span><span class=\"BZ_Pyq_fadeIn\">ja <\/span><span class=\"BZ_Pyq_fadeIn\">mahdollisesta <\/span><span class=\"BZ_Pyq_fadeIn\">merkinn\u00e4st\u00e4.<\/span><\/p>\n<\/div>\n<\/div>\n<\/div>\n<\/div>\n<\/div>\n<\/div>\n<\/article>\n<div data-v-5ec54137=\"\"><\/div>\n<div data-v-5ec54137=\"\"><img decoding=\"async\" class=\"mr-1 grey\" title=\"30\u00ba pesu max.\" src=\"https:\/\/static.gorfactory.es\/images\/icons\/20220914110209_Lavar%20a%2030%C2%BA%20m%C3%A1ximo.png\" alt=\"30\u00ba pesu max.\" width=\"40\" height=\"40\" data-v-6089ed0a=\"\" data-v-00b2e954=\"\" \/><img decoding=\"async\" class=\"mr-1 grey\" title=\"\u00c4l\u00e4 valkaise\" src=\"https:\/\/static.gorfactory.es\/images\/icons\/20220914110315_No%20usar%20blanqueador.png\" alt=\"\u00c4l\u00e4 valkaise\" width=\"40\" height=\"40\" data-v-6089ed0a=\"\" data-v-00b2e954=\"\" \/><img decoding=\"async\" class=\"mr-1 grey\" title=\"\u00c4l\u00e4 rumpukuivaa\" src=\"https:\/\/static.gorfactory.es\/images\/icons\/20220914110302_No%20secar%20en%20secadora.png\" alt=\"\u00c4l\u00e4 rumpukuivaa\" width=\"40\" height=\"40\" data-v-6089ed0a=\"\" data-v-00b2e954=\"\" \/><img loading=\"lazy\" decoding=\"async\" class=\"mr-1 grey\" title=\"Silitys alhaisessa l\u00e4mp\u00f6tilassa (max. 110\u00ba)\" src=\"https:\/\/static.gorfactory.es\/images\/icons\/20221117085113_Planchar-110.png\" alt=\"Silitys alhaisessa l\u00e4mp\u00f6tilassa (max. 110\u00ba)\" width=\"40\" height=\"40\" data-v-6089ed0a=\"\" data-v-00b2e954=\"\" \/><img loading=\"lazy\" decoding=\"async\" class=\"mr-1 grey\" title=\"\u00c4l\u00e4 kuivapesua\" src=\"https:\/\/static.gorfactory.es\/images\/icons\/20220914110151_No%20lavar%20en%20seco.png\" alt=\"\u00c4l\u00e4 kuivapesua\" width=\"40\" height=\"40\" data-v-6089ed0a=\"\" data-v-00b2e954=\"\" \/><\/div>\n<div data-v-5ec54137=\"\"><strong>Mittausohjeet:<\/strong><br \/>\n<strong>Leveys: Tuotteen reunasta reunaan 2cm hihojen alapuolelta.<\/strong><br \/>\n<strong><strong>Pituus: Olkap\u00e4\u00e4n korkeimmasta kohdasta tuotteen\u00a0alareunaan.<\/strong><\/strong><\/div>\n<table id=\"size_chart\" class=\"table table-responsive\" style=\"height: 265px;\" width=\"203\" cellspacing=\"0\" cellpadding=\"0\">\n<tbody>\n<tr>\n<th>Koko<\/th>\n<th><img decoding=\"async\" src=\"https:\/\/wordans-a1a5.kxcdn.com\/images\/wordans2010\/length.png\" alt=\"Length\" \/>\u00a0<label id=\"lengthLabel\">Pituus<\/label><\/th>\n<th><img decoding=\"async\" src=\"https:\/\/wordans-a1a5.kxcdn.com\/images\/wordans2010\/width.png\" alt=\"Width\" \/>\u00a0<label id=\"widthLabel\">Leveys<\/label><\/th>\n<\/tr>\n<tr>\n<td>S<\/td>\n<td>68<\/td>\n<td>48<\/td>\n<\/tr>\n<tr>\n<td>M<\/td>\n<td>70<\/td>\n<td>51<\/td>\n<\/tr>\n<tr>\n<td>L<\/td>\n<td>72<\/td>\n<td>54<\/td>\n<\/tr>\n<tr>\n<td>XL<\/td>\n<td>74<\/td>\n<td>57<\/td>\n<\/tr>\n<tr>\n<td>2XL<\/td>\n<td>76<\/td>\n<td>60<\/td>\n<\/tr>\n<\/tbody>\n<\/table>\n<p>&nbsp;<\/p>\n","protected":false},"excerpt":{"rendered":"<p>Tuotenumero 501316 Peli- ja harjoituspaita Assen \u2013 tekninen urheilupaita painettuna tai painamattomana Assen peli- ja harjoituspaita on kevyt ja hengitt\u00e4v\u00e4 tekninen urheilupaita, joka on suunniteltu aktiiviseen k\u00e4ytt\u00f6\u00f6n kuten urheiluun, harjoitteluun, joukkueille, tapahtumiin sek\u00e4 promootiotuotteisiin. Paita sopii hyvin my\u00f6s yritysvaatteisiin ja j\u00e4lleenmyyntiin. Tuotteet myyd\u00e4\u00e4n sek\u00e4 painettuina ett\u00e4 painamattomina, joten paidat voidaan toimittaa valmiiksi painettuina logolla, nimell\u00e4 [&hellip;]<\/p>\n","protected":false},"featured_media":15977,"template":"","meta":{"_acf_changed":false,"om_disable_all_campaigns":false,"_monsterinsights_skip_tracking":false,"_monsterinsights_sitenote_active":false,"_monsterinsights_sitenote_note":"","_monsterinsights_sitenote_category":0},"product_brand":[],"product_cat":[515,512],"product_tag":[298,544,584],"class_list":{"0":"post-16652","1":"product","2":"type-product","3":"status-publish","4":"has-post-thumbnail","6":"product_cat-sport-peli-harjoituspaidat","7":"product_cat-sport","8":"product_tag-painatus","9":"product_tag-paita-painatus","10":"product_tag-tekninen-tpaita","11":"product_shipping_class-postipaketti","13":"first","14":"instock","15":"taxable","16":"shipping-taxable","17":"purchasable","18":"product-type-simple"},"acf":[],"aioseo_notices":[],"_links":{"self":[{"href":"https:\/\/www.roly24.com\/index.php\/wp-json\/wp\/v2\/product\/16652","targetHints":{"allow":["GET"]}}],"collection":[{"href":"https:\/\/www.roly24.com\/index.php\/wp-json\/wp\/v2\/product"}],"about":[{"href":"https:\/\/www.roly24.com\/index.php\/wp-json\/wp\/v2\/types\/product"}],"version-history":[{"count":3,"href":"https:\/\/www.roly24.com\/index.php\/wp-json\/wp\/v2\/product\/16652\/revisions"}],"predecessor-version":[{"id":22100,"href":"https:\/\/www.roly24.com\/index.php\/wp-json\/wp\/v2\/product\/16652\/revisions\/22100"}],"wp:featuredmedia":[{"embeddable":true,"href":"https:\/\/www.roly24.com\/index.php\/wp-json\/wp\/v2\/media\/15977"}],"wp:attachment":[{"href":"https:\/\/www.roly24.com\/index.php\/wp-json\/wp\/v2\/media?parent=16652"}],"wp:term":[{"taxonomy":"product_brand","embeddable":true,"href":"https:\/\/www.roly24.com\/index.php\/wp-json\/wp\/v2\/product_brand?post=16652"},{"taxonomy":"product_cat","embeddable":true,"href":"https:\/\/www.roly24.com\/index.php\/wp-json\/wp\/v2\/product_cat?post=16652"},{"taxonomy":"product_tag","embeddable":true,"href":"https:\/\/www.roly24.com\/index.php\/wp-json\/wp\/v2\/product_tag?post=16652"}],"curies":[{"name":"wp","href":"https:\/\/api.w.org\/{rel}","templated":true}]}}