{"id":16621,"date":"2025-02-20T13:32:39","date_gmt":"2025-02-20T11:32:39","guid":{"rendered":"https:\/\/www.roly24.com\/?post_type=product&#038;p=16621"},"modified":"2026-03-16T11:17:41","modified_gmt":"2026-03-16T09:17:41","slug":"peli-ja-harjoituspaita-bahrain-135g","status":"publish","type":"product","link":"https:\/\/www.roly24.com\/index.php\/tuote\/peli-ja-harjoituspaita-bahrain-135g\/","title":{"rendered":"Tekninen Peli- ja harjoituspaita BAHRAIN 135g\/m\u00b2 painamattomana tai painettuna"},"content":{"rendered":"<p><strong>Tuotenumero 501302<\/strong><\/p>\n<h3 data-section-id=\"1yo2vhv\" data-start=\"0\" data-end=\"77\"><strong data-start=\"4\" data-end=\"77\"><span class=\"BZ_Pyq_fadeIn\">T-<\/span><span class=\"BZ_Pyq_fadeIn\">paita <\/span><span class=\"BZ_Pyq_fadeIn\">Bahrain \u2013 <\/span><span class=\"BZ_Pyq_fadeIn\">tekninen <\/span><span class=\"BZ_Pyq_fadeIn\">urheilupaita <\/span><span class=\"BZ_Pyq_fadeIn\">painettuna <\/span><span class=\"BZ_Pyq_fadeIn\">tai <\/span><span class=\"BZ_Pyq_fadeIn\">painamattomana<\/span><\/strong><\/h3>\n<p data-start=\"79\" data-end=\"391\"><span class=\"BZ_Pyq_fadeIn\">Bahrain <\/span><strong data-start=\"87\" data-end=\"107\"><span class=\"BZ_Pyq_fadeIn\">tekninen <\/span><span class=\"BZ_Pyq_fadeIn\">t-<\/span><span class=\"BZ_Pyq_fadeIn\">paita<\/span><\/strong> <span class=\"BZ_Pyq_fadeIn\">on <\/span><strong data-start=\"111\" data-end=\"154\"><span class=\"BZ_Pyq_fadeIn\">kevyt <\/span><span class=\"BZ_Pyq_fadeIn\">ja <\/span><span class=\"BZ_Pyq_fadeIn\">hengitt\u00e4v\u00e4 <\/span><span class=\"BZ_Pyq_fadeIn\">unisex <\/span><span class=\"BZ_Pyq_fadeIn\">urheilupaita<\/span><\/strong><span class=\"BZ_Pyq_fadeIn\">, <\/span><span class=\"BZ_Pyq_fadeIn\">joka <\/span><span class=\"BZ_Pyq_fadeIn\">on <\/span><span class=\"BZ_Pyq_fadeIn\">valmistettu <\/span><strong data-start=\"176\" data-end=\"222\"><span class=\"BZ_Pyq_fadeIn\">CONTROL-<\/span><span class=\"BZ_Pyq_fadeIn\">DRY <\/span><span class=\"BZ_Pyq_fadeIn\">teknisest\u00e4 <\/span><span class=\"BZ_Pyq_fadeIn\">polyesterikankaasta<\/span><\/strong><span class=\"BZ_Pyq_fadeIn\">. <\/span><span class=\"BZ_Pyq_fadeIn\">Paita <\/span><span class=\"BZ_Pyq_fadeIn\">on <\/span><span class=\"BZ_Pyq_fadeIn\">suunniteltu <\/span><strong data-start=\"245\" data-end=\"325\"><span class=\"BZ_Pyq_fadeIn\">urheiluun, <\/span><span class=\"BZ_Pyq_fadeIn\">harjoitteluun, <\/span><span class=\"BZ_Pyq_fadeIn\">joukkueille, <\/span><span class=\"BZ_Pyq_fadeIn\">tapahtumiin <\/span><span class=\"BZ_Pyq_fadeIn\">sek\u00e4 <\/span><span class=\"BZ_Pyq_fadeIn\">promootiotuotteisiin<\/span><\/strong><span class=\"BZ_Pyq_fadeIn\">, <\/span><span class=\"BZ_Pyq_fadeIn\">ja <\/span><span class=\"BZ_Pyq_fadeIn\">se <\/span><span class=\"BZ_Pyq_fadeIn\">sopii <\/span><span class=\"BZ_Pyq_fadeIn\">hyvin <\/span><span class=\"BZ_Pyq_fadeIn\">my\u00f6s <\/span><strong data-start=\"350\" data-end=\"390\"><span class=\"BZ_Pyq_fadeIn\">yritysvaatteisiin <\/span><span class=\"BZ_Pyq_fadeIn\">ja <\/span><span class=\"BZ_Pyq_fadeIn\">j\u00e4lleenmyyntiin<\/span><\/strong><span class=\"BZ_Pyq_fadeIn\">.<\/span><\/p>\n<p data-start=\"393\" data-end=\"588\"><span class=\"BZ_Pyq_fadeIn\">Tuotteet <\/span><span class=\"BZ_Pyq_fadeIn\">myyd\u00e4\u00e4n <\/span><strong data-start=\"410\" data-end=\"450\"><span class=\"BZ_Pyq_fadeIn\">sek\u00e4 <\/span><span class=\"BZ_Pyq_fadeIn\">painettuina <\/span><span class=\"BZ_Pyq_fadeIn\">ett\u00e4 <\/span><span class=\"BZ_Pyq_fadeIn\">painamattomina<\/span><\/strong><span class=\"BZ_Pyq_fadeIn\">, <\/span><span class=\"BZ_Pyq_fadeIn\">joten <\/span><span class=\"BZ_Pyq_fadeIn\">paidat <\/span><span class=\"BZ_Pyq_fadeIn\">voidaan <\/span><span class=\"BZ_Pyq_fadeIn\">toimittaa <\/span><strong data-start=\"483\" data-end=\"539\"><span class=\"BZ_Pyq_fadeIn\">valmiiksi <\/span><span class=\"BZ_Pyq_fadeIn\">painettuina <\/span><span class=\"BZ_Pyq_fadeIn\">logolla, <\/span><span class=\"BZ_Pyq_fadeIn\">nimell\u00e4 <\/span><span class=\"BZ_Pyq_fadeIn\">tai <\/span><span class=\"BZ_Pyq_fadeIn\">numerolla<\/span><\/strong> <span class=\"BZ_Pyq_fadeIn\">tai <\/span><strong data-start=\"544\" data-end=\"587\"><span class=\"BZ_Pyq_fadeIn\">ilman <\/span><span class=\"BZ_Pyq_fadeIn\">painatusta <\/span><span class=\"BZ_Pyq_fadeIn\">jatkomerkkausta <\/span><span class=\"BZ_Pyq_fadeIn\">varten<\/span><\/strong><span class=\"BZ_Pyq_fadeIn\">.<\/span><\/p>\n<p data-start=\"590\" data-end=\"930\"><span class=\"BZ_Pyq_fadeIn\">Paidassa <\/span><span class=\"BZ_Pyq_fadeIn\">on <\/span><strong data-start=\"602\" data-end=\"632\"><span class=\"BZ_Pyq_fadeIn\">lyhythihainen <\/span><span class=\"BZ_Pyq_fadeIn\">raglan-<\/span><span class=\"BZ_Pyq_fadeIn\">malli<\/span><\/strong><span class=\"BZ_Pyq_fadeIn\">, <\/span><span class=\"BZ_Pyq_fadeIn\">joka <\/span><span class=\"BZ_Pyq_fadeIn\">parantaa <\/span><strong data-start=\"648\" data-end=\"700\"><span class=\"BZ_Pyq_fadeIn\">liikkuvuutta <\/span><span class=\"BZ_Pyq_fadeIn\">urheilussa <\/span><span class=\"BZ_Pyq_fadeIn\">ja <\/span><span class=\"BZ_Pyq_fadeIn\">aktiivisessa <\/span><span class=\"BZ_Pyq_fadeIn\">k\u00e4yt\u00f6ss\u00e4<\/span><\/strong><span class=\"BZ_Pyq_fadeIn\">. <\/span><strong data-start=\"702\" data-end=\"758\"><span class=\"BZ_Pyq_fadeIn\">Py\u00f6re\u00e4 <\/span><span class=\"BZ_Pyq_fadeIn\">p\u00e4\u00e4ntie <\/span><span class=\"BZ_Pyq_fadeIn\">yhteensopivilla <\/span><span class=\"BZ_Pyq_fadeIn\">peitetyill\u00e4 <\/span><span class=\"BZ_Pyq_fadeIn\">saumoilla<\/span><\/strong> <span class=\"BZ_Pyq_fadeIn\">lis\u00e4\u00e4 <\/span><span class=\"BZ_Pyq_fadeIn\">k\u00e4ytt\u00f6mukavuutta <\/span><span class=\"BZ_Pyq_fadeIn\">ja <\/span><span class=\"BZ_Pyq_fadeIn\">kest\u00e4vyytt\u00e4. <\/span><strong data-start=\"798\" data-end=\"869\"><span class=\"BZ_Pyq_fadeIn\">Alahihan <\/span><span class=\"BZ_Pyq_fadeIn\">paneelit <\/span><span class=\"BZ_Pyq_fadeIn\">sek\u00e4 <\/span><span class=\"BZ_Pyq_fadeIn\">overlock-<\/span><span class=\"BZ_Pyq_fadeIn\">viimeistely <\/span><span class=\"BZ_Pyq_fadeIn\">k\u00e4denteiss\u00e4 <\/span><span class=\"BZ_Pyq_fadeIn\">ja <\/span><span class=\"BZ_Pyq_fadeIn\">hihoissa<\/span><\/strong> <span class=\"BZ_Pyq_fadeIn\">parantavat <\/span><span class=\"BZ_Pyq_fadeIn\">istuvuutta <\/span><span class=\"BZ_Pyq_fadeIn\">ja <\/span><span class=\"BZ_Pyq_fadeIn\">antavat <\/span><span class=\"BZ_Pyq_fadeIn\">paidalle <\/span><span class=\"BZ_Pyq_fadeIn\">sporttisen <\/span><span class=\"BZ_Pyq_fadeIn\">ilmeen.<\/span><\/p>\n<p data-start=\"932\" data-end=\"1086\"><span class=\"BZ_Pyq_fadeIn\">Tekninen <\/span><strong data-start=\"941\" data-end=\"973\"><span class=\"BZ_Pyq_fadeIn\">CONTROL-<\/span><span class=\"BZ_Pyq_fadeIn\">DRY <\/span><span class=\"BZ_Pyq_fadeIn\">polyesterikangas<\/span><\/strong> <span class=\"BZ_Pyq_fadeIn\">on <\/span><strong data-start=\"977\" data-end=\"1011\"><span class=\"BZ_Pyq_fadeIn\">hengitt\u00e4v\u00e4 <\/span><span class=\"BZ_Pyq_fadeIn\">ja <\/span><span class=\"BZ_Pyq_fadeIn\">nopeasti <\/span><span class=\"BZ_Pyq_fadeIn\">kuivuva<\/span><\/strong><span class=\"BZ_Pyq_fadeIn\">, <\/span><span class=\"BZ_Pyq_fadeIn\">mik\u00e4 <\/span><span class=\"BZ_Pyq_fadeIn\">tekee <\/span><span class=\"BZ_Pyq_fadeIn\">paidasta <\/span><span class=\"BZ_Pyq_fadeIn\">erinomaisen <\/span><span class=\"BZ_Pyq_fadeIn\">valinnan <\/span><strong data-start=\"1054\" data-end=\"1085\"><span class=\"BZ_Pyq_fadeIn\">peli- <\/span><span class=\"BZ_Pyq_fadeIn\">ja <\/span><span class=\"BZ_Pyq_fadeIn\">harjoituspaidoiksi<\/span><\/strong><span class=\"BZ_Pyq_fadeIn\">.<\/span><\/p>\n<h3 data-section-id=\"rog7al\" data-start=\"1088\" data-end=\"1104\"><span class=\"BZ_Pyq_fadeIn\">Ominaisuudet<\/span><\/h3>\n<p data-start=\"1106\" data-end=\"1407\"><strong data-start=\"1106\" data-end=\"1407\"><span class=\"BZ_Pyq_fadeIn\">Tekninen <\/span><span class=\"BZ_Pyq_fadeIn\">urheilupaita \u2022 <\/span><span class=\"BZ_Pyq_fadeIn\">Unisex-<\/span><span class=\"BZ_Pyq_fadeIn\">malli \u2022 <\/span><span class=\"BZ_Pyq_fadeIn\">Raglan-<\/span><span class=\"BZ_Pyq_fadeIn\">lyhyet <\/span><span class=\"BZ_Pyq_fadeIn\">hihat \u2022 <\/span><span class=\"BZ_Pyq_fadeIn\">Py\u00f6re\u00e4 <\/span><span class=\"BZ_Pyq_fadeIn\">p\u00e4\u00e4ntie <\/span><span class=\"BZ_Pyq_fadeIn\">peitetyill\u00e4 <\/span><span class=\"BZ_Pyq_fadeIn\">saumoilla \u2022 <\/span><span class=\"BZ_Pyq_fadeIn\">CONTROL-<\/span><span class=\"BZ_Pyq_fadeIn\">DRY <\/span><span class=\"BZ_Pyq_fadeIn\">kosteudenhallinta \u2022 <\/span><span class=\"BZ_Pyq_fadeIn\">Hengitt\u00e4v\u00e4 <\/span><span class=\"BZ_Pyq_fadeIn\">ja <\/span><span class=\"BZ_Pyq_fadeIn\">nopeasti <\/span><span class=\"BZ_Pyq_fadeIn\">kuivuva <\/span><span class=\"BZ_Pyq_fadeIn\">kangas \u2022 <\/span><span class=\"BZ_Pyq_fadeIn\">Alahihan <\/span><span class=\"BZ_Pyq_fadeIn\">paneelit <\/span><span class=\"BZ_Pyq_fadeIn\">overlock-<\/span><span class=\"BZ_Pyq_fadeIn\">viimeistelyll\u00e4 \u2022 <\/span><span class=\"BZ_Pyq_fadeIn\">Saatavilla <\/span><span class=\"BZ_Pyq_fadeIn\">lasten <\/span><span class=\"BZ_Pyq_fadeIn\">kokoja \u2022 <\/span><span class=\"BZ_Pyq_fadeIn\">Duo-<\/span><span class=\"BZ_Pyq_fadeIn\">konsepti \u2022 <\/span><span class=\"BZ_Pyq_fadeIn\">Saatavana <\/span><span class=\"BZ_Pyq_fadeIn\">painettuna <\/span><span class=\"BZ_Pyq_fadeIn\">tai <\/span><span class=\"BZ_Pyq_fadeIn\">painamattomana<\/span><\/strong><\/p>\n<h3 data-section-id=\"dpzujp\" data-start=\"1409\" data-end=\"1423\"><span class=\"BZ_Pyq_fadeIn\">Materiaali<\/span><\/h3>\n<p data-start=\"1425\" data-end=\"1499\"><strong data-start=\"1425\" data-end=\"1445\"><span class=\"BZ_Pyq_fadeIn\">100 % <\/span><span class=\"BZ_Pyq_fadeIn\">polyesteri<\/span><\/strong><br data-start=\"1445\" data-end=\"1448\" \/><span class=\"BZ_Pyq_fadeIn\">Kangas: <\/span><strong data-start=\"1456\" data-end=\"1477\"><span class=\"BZ_Pyq_fadeIn\">vohveli <\/span><span class=\"BZ_Pyq_fadeIn\">interlock<\/span><\/strong><br data-start=\"1477\" data-end=\"1480\" \/><span class=\"BZ_Pyq_fadeIn\">Paino: <\/span><strong data-start=\"1487\" data-end=\"1499\"><span class=\"BZ_Pyq_fadeIn\">135 <\/span><span class=\"BZ_Pyq_fadeIn\">g\/<\/span><span class=\"BZ_Pyq_fadeIn\">m\u00b2<\/span><\/strong><\/p>\n<p data-start=\"1501\" data-end=\"1654\"><span class=\"BZ_Pyq_fadeIn\">Kevyt <\/span><strong data-start=\"1507\" data-end=\"1540\"><span class=\"BZ_Pyq_fadeIn\">tekninen <\/span><span class=\"BZ_Pyq_fadeIn\">polyesterimateriaali<\/span><\/strong> <span class=\"BZ_Pyq_fadeIn\">siirt\u00e4\u00e4 <\/span><span class=\"BZ_Pyq_fadeIn\">kosteutta <\/span><span class=\"BZ_Pyq_fadeIn\">tehokkaasti <\/span><span class=\"BZ_Pyq_fadeIn\">ja <\/span><span class=\"BZ_Pyq_fadeIn\">kuivuu <\/span><span class=\"BZ_Pyq_fadeIn\">nopeasti, <\/span><span class=\"BZ_Pyq_fadeIn\">mik\u00e4 <\/span><span class=\"BZ_Pyq_fadeIn\">tekee <\/span><span class=\"BZ_Pyq_fadeIn\">paidasta <\/span><span class=\"BZ_Pyq_fadeIn\">erinomaisen <\/span><strong data-start=\"1623\" data-end=\"1653\"><span class=\"BZ_Pyq_fadeIn\">urheiluun <\/span><span class=\"BZ_Pyq_fadeIn\">ja <\/span><span class=\"BZ_Pyq_fadeIn\">harjoitteluun<\/span><\/strong><span class=\"BZ_Pyq_fadeIn\">.<\/span><\/p>\n<h3 data-section-id=\"q08wlc\" data-start=\"1656\" data-end=\"1672\"><span class=\"BZ_Pyq_fadeIn\">Toimitusaika<\/span><\/h3>\n<p data-start=\"1674\" data-end=\"1714\"><span class=\"BZ_Pyq_fadeIn\">Arvioitu <\/span><strong data-start=\"1683\" data-end=\"1713\"><span class=\"BZ_Pyq_fadeIn\">toimitusaika <\/span><span class=\"BZ_Pyq_fadeIn\">noin <\/span><span class=\"BZ_Pyq_fadeIn\">1 <\/span><span class=\"BZ_Pyq_fadeIn\">viikko<\/span><\/strong><span class=\"BZ_Pyq_fadeIn\">.<\/span><\/p>\n<p data-start=\"1716\" data-end=\"1794\"><span class=\"BZ_Pyq_fadeIn\">Toimitusaika <\/span><span class=\"BZ_Pyq_fadeIn\">voi <\/span><span class=\"BZ_Pyq_fadeIn\">vaihdella <\/span><strong data-start=\"1743\" data-end=\"1793\"><span class=\"BZ_Pyq_fadeIn\">tilausm\u00e4\u00e4r\u00e4n <\/span><span class=\"BZ_Pyq_fadeIn\">ja <\/span><span class=\"BZ_Pyq_fadeIn\">mahdollisen <\/span><span class=\"BZ_Pyq_fadeIn\">painatuksen <\/span><span class=\"BZ_Pyq_fadeIn\">mukaan<\/span><\/strong><span class=\"BZ_Pyq_fadeIn\">.<\/span><\/p>\n<h3 data-section-id=\"19f8ccq\" data-start=\"1796\" data-end=\"1813\"><span class=\"BZ_Pyq_fadeIn\">K\u00e4ytt\u00f6kohteet<\/span><\/h3>\n<p data-start=\"1815\" data-end=\"1970\"><strong data-start=\"1815\" data-end=\"1970\"><span class=\"BZ_Pyq_fadeIn\">Urheilujoukkueet \u2022 <\/span><span class=\"BZ_Pyq_fadeIn\">Harjoituspaidat \u2022 <\/span><span class=\"BZ_Pyq_fadeIn\">Pelipaidat \u2022 <\/span><span class=\"BZ_Pyq_fadeIn\">Tapahtumat \u2022 <\/span><span class=\"BZ_Pyq_fadeIn\">Yritysvaatteet \u2022 <\/span><span class=\"BZ_Pyq_fadeIn\">Promootiotuotteet \u2022 <\/span><span class=\"BZ_Pyq_fadeIn\">Br\u00e4ndituotteet \u2022 <\/span><span class=\"BZ_Pyq_fadeIn\">Verkkokauppamyynti \u2022 <\/span><span class=\"BZ_Pyq_fadeIn\">J\u00e4lleenmyynti<\/span><\/strong><\/p>\n<h3 data-section-id=\"6b1txa\" data-start=\"1972\" data-end=\"2014\"><span class=\"BZ_Pyq_fadeIn\">Tuotteet <\/span><span class=\"BZ_Pyq_fadeIn\">painettuna <\/span><span class=\"BZ_Pyq_fadeIn\">tai <\/span><span class=\"BZ_Pyq_fadeIn\">painamattomana<\/span><\/h3>\n<p data-start=\"2016\" data-end=\"2169\"><span class=\"BZ_Pyq_fadeIn\">Voit <\/span><span class=\"BZ_Pyq_fadeIn\">tilata <\/span><strong data-start=\"2028\" data-end=\"2048\"><span class=\"BZ_Pyq_fadeIn\">Bahrain <\/span><span class=\"BZ_Pyq_fadeIn\">t-<\/span><span class=\"BZ_Pyq_fadeIn\">paidat<\/span><\/strong> <strong data-start=\"2049\" data-end=\"2094\"><span class=\"BZ_Pyq_fadeIn\">painamattomina <\/span><span class=\"BZ_Pyq_fadeIn\">omaa <\/span><span class=\"BZ_Pyq_fadeIn\">painotuotantoa <\/span><span class=\"BZ_Pyq_fadeIn\">varten<\/span><\/strong> <span class=\"BZ_Pyq_fadeIn\">tai <\/span><strong data-start=\"2099\" data-end=\"2168\"><span class=\"BZ_Pyq_fadeIn\">valmiiksi <\/span><span class=\"BZ_Pyq_fadeIn\">painettuina <\/span><span class=\"BZ_Pyq_fadeIn\">logolla, <\/span><span class=\"BZ_Pyq_fadeIn\">nimell\u00e4, <\/span><span class=\"BZ_Pyq_fadeIn\">numerolla <\/span><span class=\"BZ_Pyq_fadeIn\">tai <\/span><span class=\"BZ_Pyq_fadeIn\">grafiikalla<\/span><\/strong><span class=\"BZ_Pyq_fadeIn\">.<\/span><\/p>\n<h3 data-section-id=\"1pycund\" data-start=\"2171\" data-end=\"2200\"><span class=\"BZ_Pyq_fadeIn\">Mahdolliset <\/span><span class=\"BZ_Pyq_fadeIn\">merkkaustavat<\/span><\/h3>\n<p data-start=\"2202\" data-end=\"2305\"><strong data-start=\"2202\" data-end=\"2215\"><span class=\"BZ_Pyq_fadeIn\">Painatus:<\/span><\/strong> <span class=\"BZ_Pyq_fadeIn\">Tuote <\/span><span class=\"BZ_Pyq_fadeIn\">painetaan <\/span><strong data-start=\"2232\" data-end=\"2253\"><span class=\"BZ_Pyq_fadeIn\">DTF-<\/span><span class=\"BZ_Pyq_fadeIn\">painatuksella<\/span><\/strong><span class=\"BZ_Pyq_fadeIn\">.<\/span><br data-start=\"2254\" data-end=\"2257\" \/><strong data-start=\"2257\" data-end=\"2272\"><span class=\"BZ_Pyq_fadeIn\">Brodeeraus:<\/span><\/strong> <span class=\"BZ_Pyq_fadeIn\">Saatavilla <\/span><strong data-start=\"2284\" data-end=\"2304\"><span class=\"BZ_Pyq_fadeIn\">tarjouspyynn\u00f6ll\u00e4<\/span><\/strong><span class=\"BZ_Pyq_fadeIn\">.<\/span><\/p>\n<h3 data-section-id=\"gwkuul\" data-start=\"2307\" data-end=\"2339\"><span class=\"BZ_Pyq_fadeIn\">Suuret <\/span><span class=\"BZ_Pyq_fadeIn\">er\u00e4t <\/span><span class=\"BZ_Pyq_fadeIn\">ja <\/span><span class=\"BZ_Pyq_fadeIn\">j\u00e4lleenmyyj\u00e4t<\/span><\/h3>\n<p data-start=\"2341\" data-end=\"2596\"><span class=\"BZ_Pyq_fadeIn\">Roly24 <\/span><span class=\"BZ_Pyq_fadeIn\">toimittaa <\/span><span class=\"BZ_Pyq_fadeIn\">tuotteita <\/span><span class=\"BZ_Pyq_fadeIn\">my\u00f6s <\/span><strong data-start=\"2373\" data-end=\"2411\"><span class=\"BZ_Pyq_fadeIn\">suuremmissa <\/span><span class=\"BZ_Pyq_fadeIn\">eriss\u00e4 <\/span><span class=\"BZ_Pyq_fadeIn\">tarjouspohjalta<\/span><\/strong> <span class=\"BZ_Pyq_fadeIn\">esimerkiksi <\/span><strong data-start=\"2424\" data-end=\"2515\"><span class=\"BZ_Pyq_fadeIn\">j\u00e4lleenmyyjille, <\/span><span class=\"BZ_Pyq_fadeIn\">yrityksille, <\/span><span class=\"BZ_Pyq_fadeIn\">urheiluseuroille, <\/span><span class=\"BZ_Pyq_fadeIn\">yhdistyksille <\/span><span class=\"BZ_Pyq_fadeIn\">ja <\/span><span class=\"BZ_Pyq_fadeIn\">tapahtumaj\u00e4rjest\u00e4jille<\/span><\/strong><span class=\"BZ_Pyq_fadeIn\">. <\/span><span class=\"BZ_Pyq_fadeIn\">Tuotteet <\/span><span class=\"BZ_Pyq_fadeIn\">voidaan <\/span><span class=\"BZ_Pyq_fadeIn\">toimittaa <\/span><strong data-start=\"2544\" data-end=\"2595\"><span class=\"BZ_Pyq_fadeIn\">painettuina <\/span><span class=\"BZ_Pyq_fadeIn\">tai <\/span><span class=\"BZ_Pyq_fadeIn\">painamattomina <\/span><span class=\"BZ_Pyq_fadeIn\">tilauksen <\/span><span class=\"BZ_Pyq_fadeIn\">mukaan<\/span><\/strong><span class=\"BZ_Pyq_fadeIn\">.<\/span><\/p>\n<p data-start=\"2598\" data-end=\"2638\"><span class=\"BZ_Pyq_fadeIn\">\ud83d\udce9 <\/span><strong data-start=\"2601\" data-end=\"2638\"><span class=\"BZ_Pyq_fadeIn\">Pyyd\u00e4 <\/span><span class=\"BZ_Pyq_fadeIn\">tarjous <\/span><span class=\"BZ_Pyq_fadeIn\">suuremmista <\/span><span class=\"BZ_Pyq_fadeIn\">erist\u00e4.<\/span><\/strong><\/p>\n<h3 data-section-id=\"181otkz\" data-start=\"2640\" data-end=\"2674\"><span class=\"BZ_Pyq_fadeIn\">FAQ \u2013 <\/span><span class=\"BZ_Pyq_fadeIn\">Usein <\/span><span class=\"BZ_Pyq_fadeIn\">kysytyt <\/span><span class=\"BZ_Pyq_fadeIn\">kysymykset<\/span><\/h3>\n<p data-start=\"2676\" data-end=\"2807\"><strong data-start=\"2676\" data-end=\"2719\"><span class=\"BZ_Pyq_fadeIn\">Voiko <\/span><span class=\"BZ_Pyq_fadeIn\">Bahrain <\/span><span class=\"BZ_Pyq_fadeIn\">paidan <\/span><span class=\"BZ_Pyq_fadeIn\">tilata <\/span><span class=\"BZ_Pyq_fadeIn\">painettuna?<\/span><\/strong><br data-start=\"2719\" data-end=\"2722\" \/><span class=\"BZ_Pyq_fadeIn\">Kyll\u00e4. <\/span><span class=\"BZ_Pyq_fadeIn\">Paidat <\/span><span class=\"BZ_Pyq_fadeIn\">voidaan <\/span><span class=\"BZ_Pyq_fadeIn\">toimittaa <\/span><span class=\"BZ_Pyq_fadeIn\">valmiiksi <\/span><span class=\"BZ_Pyq_fadeIn\">painettuina <\/span><span class=\"BZ_Pyq_fadeIn\">logolla, <\/span><span class=\"BZ_Pyq_fadeIn\">nimell\u00e4 <\/span><span class=\"BZ_Pyq_fadeIn\">tai <\/span><span class=\"BZ_Pyq_fadeIn\">numerolla.<\/span><\/p>\n<p data-start=\"2809\" data-end=\"2914\"><strong data-start=\"2809\" data-end=\"2850\"><span class=\"BZ_Pyq_fadeIn\">Voiko <\/span><span class=\"BZ_Pyq_fadeIn\">paidan <\/span><span class=\"BZ_Pyq_fadeIn\">tilata <\/span><span class=\"BZ_Pyq_fadeIn\">ilman <\/span><span class=\"BZ_Pyq_fadeIn\">painatusta?<\/span><\/strong><br data-start=\"2850\" data-end=\"2853\" \/><span class=\"BZ_Pyq_fadeIn\">Kyll\u00e4. <\/span><span class=\"BZ_Pyq_fadeIn\">Tuotteet <\/span><span class=\"BZ_Pyq_fadeIn\">myyd\u00e4\u00e4n <\/span><span class=\"BZ_Pyq_fadeIn\">sek\u00e4 <\/span><span class=\"BZ_Pyq_fadeIn\">painettuina <\/span><span class=\"BZ_Pyq_fadeIn\">ett\u00e4 <\/span><span class=\"BZ_Pyq_fadeIn\">painamattomina.<\/span><\/p>\n<p data-start=\"2916\" data-end=\"3015\"><strong data-start=\"2916\" data-end=\"2943\"><span class=\"BZ_Pyq_fadeIn\">Onko <\/span><span class=\"BZ_Pyq_fadeIn\">kangas <\/span><span class=\"BZ_Pyq_fadeIn\">hengitt\u00e4v\u00e4?<\/span><\/strong><br data-start=\"2943\" data-end=\"2946\" \/><span class=\"BZ_Pyq_fadeIn\">Kyll\u00e4. <\/span><span class=\"BZ_Pyq_fadeIn\">CONTROL-<\/span><span class=\"BZ_Pyq_fadeIn\">DRY <\/span><span class=\"BZ_Pyq_fadeIn\">tekninen <\/span><span class=\"BZ_Pyq_fadeIn\">kangas <\/span><span class=\"BZ_Pyq_fadeIn\">on <\/span><span class=\"BZ_Pyq_fadeIn\">hengitt\u00e4v\u00e4 <\/span><span class=\"BZ_Pyq_fadeIn\">ja <\/span><span class=\"BZ_Pyq_fadeIn\">nopeasti <\/span><span class=\"BZ_Pyq_fadeIn\">kuivuva.<\/span><\/p>\n<p data-start=\"3017\" data-end=\"3101\"><strong data-start=\"3017\" data-end=\"3051\"><span class=\"BZ_Pyq_fadeIn\">Onko <\/span><span class=\"BZ_Pyq_fadeIn\">saatavilla <\/span><span class=\"BZ_Pyq_fadeIn\">lasten <\/span><span class=\"BZ_Pyq_fadeIn\">kokoja?<\/span><\/strong><br data-start=\"3051\" data-end=\"3054\" \/><span class=\"BZ_Pyq_fadeIn\">Kyll\u00e4. <\/span><span class=\"BZ_Pyq_fadeIn\">Mallista <\/span><span class=\"BZ_Pyq_fadeIn\">on <\/span><span class=\"BZ_Pyq_fadeIn\">saatavilla <\/span><span class=\"BZ_Pyq_fadeIn\">my\u00f6s <\/span><span class=\"BZ_Pyq_fadeIn\">lasten <\/span><span class=\"BZ_Pyq_fadeIn\">koot.<\/span><\/p>\n<p data-start=\"3103\" data-end=\"3232\" data-is-last-node=\"\" data-is-only-node=\"\"><strong data-start=\"3103\" data-end=\"3136\"><span class=\"BZ_Pyq_fadeIn\">Kuinka <\/span><span class=\"BZ_Pyq_fadeIn\">pitk\u00e4 <\/span><span class=\"BZ_Pyq_fadeIn\">toimitusaika <\/span><span class=\"BZ_Pyq_fadeIn\">on?<\/span><\/strong><br data-start=\"3136\" data-end=\"3139\" \/><span class=\"BZ_Pyq_fadeIn\">Arvioitu <\/span><span class=\"BZ_Pyq_fadeIn\">toimitusaika <\/span><span class=\"BZ_Pyq_fadeIn\">on <\/span><span class=\"BZ_Pyq_fadeIn\">noin <\/span><span class=\"BZ_Pyq_fadeIn\">1 <\/span><span class=\"BZ_Pyq_fadeIn\">viikko, <\/span><span class=\"BZ_Pyq_fadeIn\">riippuen <\/span><span class=\"BZ_Pyq_fadeIn\">tilausm\u00e4\u00e4r\u00e4st\u00e4 <\/span><span class=\"BZ_Pyq_fadeIn\">ja <\/span><span class=\"BZ_Pyq_fadeIn\">mahdollisesta <\/span><span class=\"BZ_Pyq_fadeIn\">merkinn\u00e4st\u00e4.<\/span><\/p>\n<div class=\"ml-auto d-flex align-items-center\" data-v-5ec54137=\"\">\n<div data-v-5ec54137=\"\"><img decoding=\"async\" class=\"mr-1 grey\" title=\"Iron at low temperature (Max. 110\u00ba)\" src=\"https:\/\/static.gorfactory.es\/images\/icons\/20221117085113_Planchar-110.png\" alt=\"Iron at low temperature (Max. 110\u00ba)\" width=\"40\" height=\"40\" data-v-6089ed0a=\"\" data-v-8e628e4a=\"\" \/><img decoding=\"async\" class=\"mr-1 grey\" title=\"Do not dry clean\" src=\"https:\/\/static.gorfactory.es\/images\/icons\/20220914110151_No%20lavar%20en%20seco.png\" alt=\"Do not dry clean\" width=\"40\" height=\"40\" data-v-6089ed0a=\"\" data-v-8e628e4a=\"\" \/><img decoding=\"async\" class=\"mr-1 grey\" title=\"Do not tumble dry\" src=\"https:\/\/static.gorfactory.es\/images\/icons\/20220914110302_No%20secar%20en%20secadora.png\" alt=\"Do not tumble dry\" width=\"40\" height=\"40\" data-v-6089ed0a=\"\" data-v-8e628e4a=\"\" \/><img loading=\"lazy\" decoding=\"async\" class=\"mr-1 grey\" title=\"30\u00ba wash max.\" src=\"https:\/\/static.gorfactory.es\/images\/icons\/20220914110209_Lavar%20a%2030%C2%BA%20m%C3%A1ximo.png\" alt=\"30\u00ba wash max.\" width=\"40\" height=\"40\" data-v-6089ed0a=\"\" data-v-8e628e4a=\"\" \/><img loading=\"lazy\" decoding=\"async\" class=\"mr-1 grey\" title=\"Do not bleach\" src=\"https:\/\/static.gorfactory.es\/images\/icons\/20220914110315_No%20usar%20blanqueador.png\" alt=\"Do not bleach\" width=\"40\" height=\"40\" data-v-6089ed0a=\"\" data-v-8e628e4a=\"\" \/><\/div>\n<\/div>\n<div data-v-5ec54137=\"\"><\/div>\n<div data-v-5ec54137=\"\"><strong>Mittausohjeet:<\/strong><br \/>\n<strong>Leveys: Tuotteen reunasta reunaan 2cm hihojen alapuolelta.<\/strong><br \/>\n<strong>Pituus: Olkap\u00e4\u00e4n korkeimmasta kohdasta tuotteen\u00a0alareunaan.<\/strong><\/div>\n<div data-v-5ec54137=\"\"><\/div>\n<table id=\"size_chart\" class=\"table table-responsive\" style=\"height: 265px;\" width=\"203\" cellspacing=\"0\" cellpadding=\"0\">\n<tbody>\n<tr>\n<th>Koko<\/th>\n<th><img decoding=\"async\" src=\"https:\/\/wordans-a1a5.kxcdn.com\/images\/wordans2010\/length.png\" alt=\"Length\" \/>\u00a0<label id=\"lengthLabel\">Pituus<\/label><\/th>\n<th><img decoding=\"async\" src=\"https:\/\/wordans-a1a5.kxcdn.com\/images\/wordans2010\/width.png\" alt=\"Width\" \/>\u00a0<label id=\"widthLabel\">Leveys<\/label><\/th>\n<\/tr>\n<tr>\n<td>S<\/td>\n<td>69<\/td>\n<td>48<\/td>\n<\/tr>\n<tr>\n<td>M<\/td>\n<td>71<\/td>\n<td>51<\/td>\n<\/tr>\n<tr>\n<td>L<\/td>\n<td>72<\/td>\n<td>54<\/td>\n<\/tr>\n<tr>\n<td>XL<\/td>\n<td>73<\/td>\n<td>57<\/td>\n<\/tr>\n<tr>\n<td>2XL<\/td>\n<td>74<\/td>\n<td>60<\/td>\n<\/tr>\n<tr>\n<td>3XL<\/td>\n<td>75<\/td>\n<td>63<\/td>\n<\/tr>\n<tr>\n<td>4XL<\/td>\n<td>&#8211;<\/td>\n<td>&#8211;<\/td>\n<\/tr>\n<tr>\n<td>5XL<\/td>\n<td>&#8211;<\/td>\n<td>&#8211;<\/td>\n<\/tr>\n<\/tbody>\n<\/table>\n<p>&nbsp;<\/p>\n","protected":false},"excerpt":{"rendered":"<p>Tuotenumero 501302 T-paita Bahrain \u2013 tekninen urheilupaita painettuna tai painamattomana Bahrain tekninen t-paita on kevyt ja hengitt\u00e4v\u00e4 unisex urheilupaita, joka on valmistettu CONTROL-DRY teknisest\u00e4 polyesterikankaasta. Paita on suunniteltu urheiluun, harjoitteluun, joukkueille, tapahtumiin sek\u00e4 promootiotuotteisiin, ja se sopii hyvin my\u00f6s yritysvaatteisiin ja j\u00e4lleenmyyntiin. Tuotteet myyd\u00e4\u00e4n sek\u00e4 painettuina ett\u00e4 painamattomina, joten paidat voidaan toimittaa valmiiksi painettuina logolla, [&hellip;]<\/p>\n","protected":false},"featured_media":15760,"template":"","meta":{"_acf_changed":false,"om_disable_all_campaigns":false,"_monsterinsights_skip_tracking":false,"_monsterinsights_sitenote_active":false,"_monsterinsights_sitenote_note":"","_monsterinsights_sitenote_category":0},"product_brand":[],"product_cat":[515,512],"product_tag":[298,544,584],"class_list":{"0":"post-16621","1":"product","2":"type-product","3":"status-publish","4":"has-post-thumbnail","6":"product_cat-sport-peli-harjoituspaidat","7":"product_cat-sport","8":"product_tag-painatus","9":"product_tag-paita-painatus","10":"product_tag-tekninen-tpaita","11":"product_shipping_class-postipaketti","13":"first","14":"instock","15":"taxable","16":"shipping-taxable","17":"purchasable","18":"product-type-simple"},"acf":[],"aioseo_notices":[],"_links":{"self":[{"href":"https:\/\/www.roly24.com\/index.php\/wp-json\/wp\/v2\/product\/16621","targetHints":{"allow":["GET"]}}],"collection":[{"href":"https:\/\/www.roly24.com\/index.php\/wp-json\/wp\/v2\/product"}],"about":[{"href":"https:\/\/www.roly24.com\/index.php\/wp-json\/wp\/v2\/types\/product"}],"version-history":[{"count":4,"href":"https:\/\/www.roly24.com\/index.php\/wp-json\/wp\/v2\/product\/16621\/revisions"}],"predecessor-version":[{"id":22138,"href":"https:\/\/www.roly24.com\/index.php\/wp-json\/wp\/v2\/product\/16621\/revisions\/22138"}],"wp:featuredmedia":[{"embeddable":true,"href":"https:\/\/www.roly24.com\/index.php\/wp-json\/wp\/v2\/media\/15760"}],"wp:attachment":[{"href":"https:\/\/www.roly24.com\/index.php\/wp-json\/wp\/v2\/media?parent=16621"}],"wp:term":[{"taxonomy":"product_brand","embeddable":true,"href":"https:\/\/www.roly24.com\/index.php\/wp-json\/wp\/v2\/product_brand?post=16621"},{"taxonomy":"product_cat","embeddable":true,"href":"https:\/\/www.roly24.com\/index.php\/wp-json\/wp\/v2\/product_cat?post=16621"},{"taxonomy":"product_tag","embeddable":true,"href":"https:\/\/www.roly24.com\/index.php\/wp-json\/wp\/v2\/product_tag?post=16621"}],"curies":[{"name":"wp","href":"https:\/\/api.w.org\/{rel}","templated":true}]}}