{"id":16529,"date":"2025-02-18T13:30:59","date_gmt":"2025-02-18T11:30:59","guid":{"rendered":"https:\/\/www.roly24.com\/?post_type=product&#038;p=16529"},"modified":"2026-03-12T14:44:06","modified_gmt":"2026-03-12T12:44:06","slug":"urheilusetti-racing-kids","status":"publish","type":"product","link":"https:\/\/www.roly24.com\/index.php\/tuote\/urheilusetti-racing-kids\/","title":{"rendered":"2 Pelipaitaa + shortsit Racing Kids"},"content":{"rendered":"<p><strong>Tuotenumero 501216<\/strong><\/p>\n<article class=\"text-token-text-primary w-full focus:outline-none [--shadow-height:45px] has-data-writing-block:pointer-events-none has-data-writing-block:-mt-(--shadow-height) has-data-writing-block:pt-(--shadow-height) [&amp;:has([data-writing-block])&gt;*]:pointer-events-auto scroll-mt-(--header-height)\" dir=\"auto\" tabindex=\"-1\" data-turn-id=\"4eaed6cf-85aa-4abe-8608-fd34da98c198\" data-testid=\"conversation-turn-11\" data-scroll-anchor=\"false\" data-turn=\"user\"><\/article>\n<article class=\"text-token-text-primary w-full focus:outline-none [--shadow-height:45px] has-data-writing-block:pointer-events-none has-data-writing-block:-mt-(--shadow-height) has-data-writing-block:pt-(--shadow-height) [&amp;:has([data-writing-block])&gt;*]:pointer-events-auto scroll-mt-[calc(var(--header-height)+min(200px,max(70px,20svh)))]\" dir=\"auto\" tabindex=\"-1\" data-turn-id=\"request-WEB:0f7b24a8-39fd-40ff-811e-6cfb5bd17dc4-5\" data-testid=\"conversation-turn-12\" data-scroll-anchor=\"true\" data-turn=\"assistant\">\n<div class=\"text-base my-auto mx-auto pb-10 [--thread-content-margin:var(--thread-content-margin-xs,calc(var(--spacing)*4))] @w-sm\/main:[--thread-content-margin:var(--thread-content-margin-sm,calc(var(--spacing)*6))] @w-lg\/main:[--thread-content-margin:var(--thread-content-margin-lg,calc(var(--spacing)*16))] px-(--thread-content-margin)\">\n<div class=\"[--thread-content-max-width:40rem] @w-lg\/main:[--thread-content-max-width:48rem] mx-auto max-w-(--thread-content-max-width) flex-1 group\/turn-messages focus-visible:outline-hidden relative flex w-full min-w-0 flex-col agent-turn\" tabindex=\"-1\">\n<div class=\"flex max-w-full flex-col gap-4 grow\">\n<div class=\"min-h-8 text-message relative flex w-full flex-col items-end gap-2 text-start break-words whitespace-normal [.text-message+&amp;]:mt-1\" dir=\"auto\" data-message-author-role=\"assistant\" data-message-id=\"10ca92ec-3e8e-4338-9511-a3095ee58ad3\" data-message-model-slug=\"gpt-5-3\">\n<div class=\"flex w-full flex-col gap-1 empty:hidden\">\n<div class=\"markdown prose dark:prose-invert w-full wrap-break-word light markdown-new-styling\">\n<p data-start=\"0\" data-end=\"66\"><strong data-start=\"0\" data-end=\"66\">2 paitaa + shortsit Racing Kids \u2013 lasten urheilusetti | Roly24<\/strong><\/p>\n<p data-start=\"68\" data-end=\"274\">Racing Kids on <strong data-start=\"83\" data-end=\"113\">lasten unisex urheilusetti<\/strong>, joka sis\u00e4lt\u00e4\u00e4 <strong data-start=\"129\" data-end=\"182\">2 pelipaitaa (koti- ja vieraspaita) sek\u00e4 shortsit<\/strong>. Setti on suunniteltu <strong data-start=\"205\" data-end=\"273\">jalkapalloon, joukkueurheiluun, harjoitteluun ja koululiikuntaan<\/strong>.<\/p>\n<p data-start=\"276\" data-end=\"483\">Kevyt ja hengitt\u00e4v\u00e4 polyesterikangas tekee setist\u00e4 <strong data-start=\"327\" data-end=\"391\">mukavan, nopeasti kuivuvan ja kest\u00e4v\u00e4n aktiivisessa k\u00e4yt\u00f6ss\u00e4<\/strong>. K\u00e4\u00e4nteiset v\u00e4rit pelipaidoissa mahdollistavat <strong data-start=\"439\" data-end=\"482\">koti- ja vieraspeliasun samassa setiss\u00e4<\/strong>.<\/p>\n<p data-start=\"485\" data-end=\"638\">Urheilusetti voidaan tilata <strong data-start=\"513\" data-end=\"548\">painettuna tai ilman painatusta<\/strong>, joten se sopii hyvin my\u00f6s <strong data-start=\"576\" data-end=\"637\">urheiluseuroille, joukkueille, turnauksiin ja tapahtumiin<\/strong>.<\/p>\n<h2 data-section-id=\"14dkvgu\" data-start=\"640\" data-end=\"655\">Ominaisuudet<\/h2>\n<p data-start=\"657\" data-end=\"901\">\u2022 Lasten urheilusetti: 2 pelipaitaa + shortsit<br data-start=\"703\" data-end=\"706\" \/>\u2022 Koti- ja vieraspaita k\u00e4\u00e4nteisill\u00e4 v\u00e4reill\u00e4<br data-start=\"750\" data-end=\"753\" \/>\u2022 Lyhyet hihat leve\u00e4ll\u00e4 kontrastijoustimella<br data-start=\"797\" data-end=\"800\" \/>\u2022 Py\u00f6re\u00e4 p\u00e4\u00e4ntie kaksiv\u00e4risell\u00e4 joustimella<br data-start=\"843\" data-end=\"846\" \/>\u2022 Shortsit joustavalla vy\u00f6t\u00e4r\u00f6ll\u00e4 ja kiristysny\u00f6rill\u00e4<\/p>\n<h2 data-section-id=\"1yf6ifa\" data-start=\"903\" data-end=\"916\">Materiaali<\/h2>\n<p data-start=\"918\" data-end=\"950\">Materiaali: <strong data-start=\"930\" data-end=\"950\">100 % polyesteri<\/strong><\/p>\n<p data-start=\"952\" data-end=\"971\">Paino: <strong data-start=\"959\" data-end=\"971\">140 g\/m\u00b2<\/strong><\/p>\n<p data-start=\"973\" data-end=\"1111\">Polyesterikangas on <strong data-start=\"993\" data-end=\"1034\">kevyt, hengitt\u00e4v\u00e4 ja nopeasti kuivuva<\/strong>, mik\u00e4 tekee siit\u00e4 erinomaisen materiaalin urheiluun ja aktiiviseen k\u00e4ytt\u00f6\u00f6n.<\/p>\n<h2 data-section-id=\"1izbzca\" data-start=\"1113\" data-end=\"1141\">Mahdolliset merkkaustavat<\/h2>\n<p data-start=\"1143\" data-end=\"1238\"><strong data-start=\"1143\" data-end=\"1156\">Painatus:<\/strong> Tuote painetaan DTF-painatuksella.<br data-start=\"1191\" data-end=\"1194\" \/><strong data-start=\"1194\" data-end=\"1209\">Brodeeraus:<\/strong> Saatavilla tarjouspyynn\u00f6ll\u00e4.<\/p>\n<h2 data-section-id=\"wipf49\" data-start=\"1240\" data-end=\"1256\">K\u00e4ytt\u00f6kohteet<\/h2>\n<p data-start=\"1258\" data-end=\"1358\">\u2022 jalkapallojoukkueet<br data-start=\"1279\" data-end=\"1282\" \/>\u2022 urheiluseurat ja turnaukset<br data-start=\"1311\" data-end=\"1314\" \/>\u2022 koululiikunta<br data-start=\"1329\" data-end=\"1332\" \/>\u2022 harjoitus- ja peliasut<\/p>\n<h2 data-section-id=\"m4e5ur\" data-start=\"1360\" data-end=\"1375\">Toimitusaika<\/h2>\n<p data-start=\"1377\" data-end=\"1502\">Toimitusaika riippuu tilausm\u00e4\u00e4r\u00e4st\u00e4 ja mahdollisesta painatuksesta.<br data-start=\"1444\" data-end=\"1447\" \/>Arvioitu toimitusaika ilmoitetaan tilauksen yhteydess\u00e4.<\/p>\n<h2 data-section-id=\"1hryhf7\" data-start=\"1504\" data-end=\"1510\">FAQ<\/h2>\n<p data-start=\"1512\" data-end=\"1647\"><strong data-start=\"1512\" data-end=\"1565\">Voiko Racing Kids urheilusetin tilata painettuna?<\/strong><br data-start=\"1565\" data-end=\"1568\" \/>Kyll\u00e4. Settiin voidaan painaa esimerkiksi <strong data-start=\"1610\" data-end=\"1646\">seuran logo, nimi tai pelinumero<\/strong>.<\/p>\n<p data-start=\"1649\" data-end=\"1765\"><strong data-start=\"1649\" data-end=\"1692\">Voiko tuotteen tilata ilman painatusta?<\/strong><br data-start=\"1692\" data-end=\"1695\" \/>Kyll\u00e4, Racing Kids urheilusetti on saatavilla my\u00f6s <strong data-start=\"1746\" data-end=\"1764\">painamattomana<\/strong>.<\/p>\n<p data-start=\"1767\" data-end=\"1937\"><strong data-start=\"1767\" data-end=\"1831\">Mist\u00e4 materiaalista Racing Kids urheilusetti on valmistettu?<\/strong><br data-start=\"1831\" data-end=\"1834\" \/>Setti on valmistettu <strong data-start=\"1855\" data-end=\"1878\">100 % polyesterist\u00e4<\/strong>, joka on hengitt\u00e4v\u00e4 ja kest\u00e4v\u00e4 materiaali urheiluk\u00e4ytt\u00f6\u00f6n.<\/p>\n<p data-start=\"1939\" data-end=\"2038\" data-is-last-node=\"\" data-is-only-node=\"\"><strong data-start=\"1939\" data-end=\"1966\">Sis\u00e4lt\u00e4\u00e4k\u00f6 setti sukat?<\/strong><br data-start=\"1966\" data-end=\"1969\" \/>Ei. Setti sis\u00e4lt\u00e4\u00e4 <strong data-start=\"1988\" data-end=\"2037\">kaksi pelipaitaa ja shortsit, mutta ei sukkia<\/strong>.<\/p>\n<\/div>\n<\/div>\n<\/div>\n<\/div>\n<\/div>\n<\/div>\n<\/article>\n<p><img decoding=\"async\" class=\"mr-1 grey\" title=\"30\u00ba pesu max.\" src=\"https:\/\/static.gorfactory.es\/images\/icons\/20220914110209_Lavar%20a%2030%C2%BA%20m%C3%A1ximo.png\" alt=\"30\u00ba pesu max.\" width=\"40\" height=\"40\" data-v-6089ed0a=\"\" data-v-00b2e954=\"\" \/><img decoding=\"async\" class=\"mr-1 grey\" title=\"\u00c4l\u00e4 valkaise\" src=\"https:\/\/static.gorfactory.es\/images\/icons\/20220914110315_No%20usar%20blanqueador.png\" alt=\"\u00c4l\u00e4 valkaise\" width=\"40\" height=\"40\" data-v-6089ed0a=\"\" data-v-00b2e954=\"\" \/><img decoding=\"async\" class=\"mr-1 grey\" title=\"\u00c4l\u00e4 rumpukuivaa\" src=\"https:\/\/static.gorfactory.es\/images\/icons\/20220914110302_No%20secar%20en%20secadora.png\" alt=\"\u00c4l\u00e4 rumpukuivaa\" width=\"40\" height=\"40\" data-v-6089ed0a=\"\" data-v-00b2e954=\"\" \/><img loading=\"lazy\" decoding=\"async\" class=\"mr-1 grey\" title=\"Silitys alhaisessa l\u00e4mp\u00f6tilassa (max. 110\u00ba)\" src=\"https:\/\/static.gorfactory.es\/images\/icons\/20221117085113_Planchar-110.png\" alt=\"Silitys alhaisessa l\u00e4mp\u00f6tilassa (max. 110\u00ba)\" width=\"40\" height=\"40\" data-v-6089ed0a=\"\" data-v-00b2e954=\"\" \/><img loading=\"lazy\" decoding=\"async\" class=\"mr-1 grey\" title=\"\u00c4l\u00e4 kuivapesua\" src=\"https:\/\/static.gorfactory.es\/images\/icons\/20220914110151_No%20lavar%20en%20seco.png\" alt=\"\u00c4l\u00e4 kuivapesua\" width=\"40\" height=\"40\" data-v-6089ed0a=\"\" data-v-00b2e954=\"\" \/><\/p>\n<p><strong>Paita:<\/strong><\/p>\n<table id=\"size_chart\" class=\"table table-responsive\" style=\"height: 265px;\" width=\"203\" cellspacing=\"0\" cellpadding=\"0\">\n<tbody>\n<tr>\n<th>Koko<\/th>\n<th><img decoding=\"async\" src=\"https:\/\/wordans-a1a5.kxcdn.com\/images\/wordans2010\/length.png\" alt=\"Length\" \/>\u00a0<label id=\"lengthLabel\">Pituus<\/label><\/th>\n<th><img decoding=\"async\" src=\"https:\/\/wordans-a1a5.kxcdn.com\/images\/wordans2010\/width.png\" alt=\"Width\" \/>\u00a0<label id=\"widthLabel\">Leveys<\/label><\/th>\n<\/tr>\n<tr>\n<td>4v<\/td>\n<td>52<\/td>\n<td>39<\/td>\n<\/tr>\n<tr>\n<td>8v<\/td>\n<td>54<\/td>\n<td>41<\/td>\n<\/tr>\n<tr>\n<td>12v<\/td>\n<td>58<\/td>\n<td>43<\/td>\n<\/tr>\n<tr>\n<td>16v<\/td>\n<td>62<\/td>\n<td>46<\/td>\n<\/tr>\n<\/tbody>\n<\/table>\n<p><strong>Housut:<\/strong><\/p>\n<table id=\"size_chart\" class=\"table table-responsive\" style=\"height: 265px;\" width=\"203\" cellspacing=\"0\" cellpadding=\"0\">\n<tbody>\n<tr>\n<th>Koko<\/th>\n<th><img decoding=\"async\" src=\"https:\/\/wordans-a1a5.kxcdn.com\/images\/wordans2010\/length.png\" alt=\"Length\" \/>\u00a0<label id=\"lengthLabel\">Pituus<\/label><\/th>\n<th><img decoding=\"async\" src=\"https:\/\/wordans-a1a5.kxcdn.com\/images\/wordans2010\/width.png\" alt=\"Width\" \/>\u00a0<label id=\"widthLabel\">Leveys<\/label><\/th>\n<\/tr>\n<tr>\n<td>4v<\/td>\n<td>35<\/td>\n<td>26<\/td>\n<\/tr>\n<tr>\n<td>8v<\/td>\n<td>37<\/td>\n<td>28<\/td>\n<\/tr>\n<tr>\n<td>12v<\/td>\n<td>39<\/td>\n<td>30<\/td>\n<\/tr>\n<tr>\n<td>16v<\/td>\n<td>41<\/td>\n<td>32<\/td>\n<\/tr>\n<\/tbody>\n<\/table>\n","protected":false},"excerpt":{"rendered":"<p>Tuotenumero 501216 2 paitaa + shortsit Racing Kids \u2013 lasten urheilusetti | Roly24 Racing Kids on lasten unisex urheilusetti, joka sis\u00e4lt\u00e4\u00e4 2 pelipaitaa (koti- ja vieraspaita) sek\u00e4 shortsit. Setti on suunniteltu jalkapalloon, joukkueurheiluun, harjoitteluun ja koululiikuntaan. Kevyt ja hengitt\u00e4v\u00e4 polyesterikangas tekee setist\u00e4 mukavan, nopeasti kuivuvan ja kest\u00e4v\u00e4n aktiivisessa k\u00e4yt\u00f6ss\u00e4. K\u00e4\u00e4nteiset v\u00e4rit pelipaidoissa mahdollistavat koti- ja [&hellip;]<\/p>\n","protected":false},"featured_media":16531,"template":"","meta":{"_acf_changed":false,"om_disable_all_campaigns":false,"_monsterinsights_skip_tracking":false,"_monsterinsights_sitenote_active":false,"_monsterinsights_sitenote_note":"","_monsterinsights_sitenote_category":0},"product_brand":[],"product_cat":[516,518],"product_tag":[298,591,592,593],"class_list":{"0":"post-16529","1":"product","2":"type-product","3":"status-publish","4":"has-post-thumbnail","6":"product_cat-jalkapallo-2","7":"product_cat-peliasut-juniori","8":"product_tag-painatus","9":"product_tag-pelipaita","10":"product_tag-pelipaita-painatuksella","11":"product_tag-urheilusetti","12":"product_shipping_class-postipaketti","14":"first","15":"instock","16":"taxable","17":"shipping-taxable","18":"purchasable","19":"product-type-simple"},"acf":[],"aioseo_notices":[],"_links":{"self":[{"href":"https:\/\/www.roly24.com\/index.php\/wp-json\/wp\/v2\/product\/16529","targetHints":{"allow":["GET"]}}],"collection":[{"href":"https:\/\/www.roly24.com\/index.php\/wp-json\/wp\/v2\/product"}],"about":[{"href":"https:\/\/www.roly24.com\/index.php\/wp-json\/wp\/v2\/types\/product"}],"version-history":[{"count":2,"href":"https:\/\/www.roly24.com\/index.php\/wp-json\/wp\/v2\/product\/16529\/revisions"}],"predecessor-version":[{"id":21730,"href":"https:\/\/www.roly24.com\/index.php\/wp-json\/wp\/v2\/product\/16529\/revisions\/21730"}],"wp:featuredmedia":[{"embeddable":true,"href":"https:\/\/www.roly24.com\/index.php\/wp-json\/wp\/v2\/media\/16531"}],"wp:attachment":[{"href":"https:\/\/www.roly24.com\/index.php\/wp-json\/wp\/v2\/media?parent=16529"}],"wp:term":[{"taxonomy":"product_brand","embeddable":true,"href":"https:\/\/www.roly24.com\/index.php\/wp-json\/wp\/v2\/product_brand?post=16529"},{"taxonomy":"product_cat","embeddable":true,"href":"https:\/\/www.roly24.com\/index.php\/wp-json\/wp\/v2\/product_cat?post=16529"},{"taxonomy":"product_tag","embeddable":true,"href":"https:\/\/www.roly24.com\/index.php\/wp-json\/wp\/v2\/product_tag?post=16529"}],"curies":[{"name":"wp","href":"https:\/\/api.w.org\/{rel}","templated":true}]}}