{"id":16490,"date":"2025-02-18T12:28:04","date_gmt":"2025-02-18T10:28:04","guid":{"rendered":"https:\/\/www.roly24.com\/?post_type=product&#038;p=16490"},"modified":"2026-03-12T12:52:13","modified_gmt":"2026-03-12T10:52:13","slug":"urheilusetti-soccer","status":"publish","type":"product","link":"https:\/\/www.roly24.com\/index.php\/tuote\/urheilusetti-soccer\/","title":{"rendered":"Pelisukat Soccer"},"content":{"rendered":"<p><strong>Tuotenumero 501212<\/strong><\/p>\n<article class=\"text-token-text-primary w-full focus:outline-none [--shadow-height:45px] has-data-writing-block:pointer-events-none has-data-writing-block:-mt-(--shadow-height) has-data-writing-block:pt-(--shadow-height) [&amp;:has([data-writing-block])&gt;*]:pointer-events-auto scroll-mt-(--header-height)\" dir=\"auto\" tabindex=\"-1\" data-turn-id=\"ca272cc9-1ebd-4791-9aa9-091d5554f57d\" data-testid=\"conversation-turn-25\" data-scroll-anchor=\"false\" data-turn=\"user\"><\/article>\n<article class=\"text-token-text-primary w-full focus:outline-none [--shadow-height:45px] has-data-writing-block:pointer-events-none has-data-writing-block:-mt-(--shadow-height) has-data-writing-block:pt-(--shadow-height) [&amp;:has([data-writing-block])&gt;*]:pointer-events-auto scroll-mt-[calc(var(--header-height)+min(200px,max(70px,20svh)))]\" dir=\"auto\" tabindex=\"-1\" data-turn-id=\"request-WEB:0f7b24a8-39fd-40ff-811e-6cfb5bd17dc4-12\" data-testid=\"conversation-turn-26\" data-scroll-anchor=\"true\" data-turn=\"assistant\">\n<div class=\"text-base my-auto mx-auto pb-10 [--thread-content-margin:var(--thread-content-margin-xs,calc(var(--spacing)*4))] @w-sm\/main:[--thread-content-margin:var(--thread-content-margin-sm,calc(var(--spacing)*6))] @w-lg\/main:[--thread-content-margin:var(--thread-content-margin-lg,calc(var(--spacing)*16))] px-(--thread-content-margin)\">\n<div class=\"[--thread-content-max-width:40rem] @w-lg\/main:[--thread-content-max-width:48rem] mx-auto max-w-(--thread-content-max-width) flex-1 group\/turn-messages focus-visible:outline-hidden relative flex w-full min-w-0 flex-col agent-turn\" tabindex=\"-1\">\n<div class=\"flex max-w-full flex-col gap-4 grow\">\n<div class=\"min-h-8 text-message relative flex w-full flex-col items-end gap-2 text-start break-words whitespace-normal [.text-message+&amp;]:mt-1\" dir=\"auto\" data-message-author-role=\"assistant\" data-message-id=\"645a685d-8094-41f3-92f6-55bd5c29617e\" data-message-model-slug=\"gpt-5-3\">\n<div class=\"flex w-full flex-col gap-1 empty:hidden\">\n<div class=\"markdown prose dark:prose-invert w-full wrap-break-word light markdown-new-styling\">\n<h3 data-start=\"0\" data-end=\"56\"><strong data-start=\"0\" data-end=\"56\">Pelisukat Soccer \u2013 jalkapallon urheilusukat | Roly24<\/strong><\/h3>\n<p data-start=\"58\" data-end=\"323\">Soccer on <strong data-start=\"68\" data-end=\"107\">jalkapalloon suunnitellut pelisukat<\/strong>, jotka tarjoavat hyv\u00e4n istuvuuden, hengitt\u00e4vyyden ja k\u00e4ytt\u00f6mukavuuden harjoituksissa ja otteluissa. Progressiivinen joustavuus auttaa sukkia mukautumaan eri kokoihin ja pit\u00e4m\u00e4\u00e4n sukat hyvin paikoillaan pelin aikana.<\/p>\n<p data-start=\"325\" data-end=\"526\">Jalkapallopelisukat sopivat erinomaisesti <strong data-start=\"367\" data-end=\"435\">jalkapalloon, joukkueurheiluun, harjoitteluun sek\u00e4 seurak\u00e4ytt\u00f6\u00f6n<\/strong>. Hengitt\u00e4v\u00e4 materiaali auttaa pit\u00e4m\u00e4\u00e4n jalat kuivina ja mukavina aktiivisessa liikunnassa.<\/p>\n<p data-start=\"528\" data-end=\"647\">Pelisukat voidaan tilata <strong data-start=\"553\" data-end=\"646\">osana joukkuevarustusta tai suurempina erin\u00e4 seuroille, tapahtumiin ja urheilujoukkueille<\/strong>.<\/p>\n<h2 data-section-id=\"14dkvgu\" data-start=\"649\" data-end=\"664\">Ominaisuudet<\/h2>\n<p data-start=\"666\" data-end=\"865\">\u2022 Uurretut jalkapallopelisukat hyv\u00e4ll\u00e4 istuvuudella<br data-start=\"717\" data-end=\"720\" \/>\u2022 Progressiivinen joustavuus eri kokoihin mukautumiseen<br data-start=\"775\" data-end=\"778\" \/>\u2022 Elastiset alueet paremman pidon takaamiseksi<br data-start=\"824\" data-end=\"827\" \/>\u2022 Hengitt\u00e4v\u00e4 ja mukava urheilukangas<\/p>\n<h2 data-section-id=\"1yf6ifa\" data-start=\"867\" data-end=\"880\">Materiaali<\/h2>\n<p data-start=\"882\" data-end=\"974\"><strong data-start=\"882\" data-end=\"892\">Jalka:<\/strong> 100 % polyesteri<br data-start=\"909\" data-end=\"912\" \/><strong data-start=\"912\" data-end=\"926\">Jalkater\u00e4:<\/strong> 80 % polyesteri \/ 17 % puuvilla \/ 3 % elastaani<\/p>\n<p data-start=\"976\" data-end=\"1080\">Hengitt\u00e4v\u00e4 materiaaliyhdistelm\u00e4 tarjoaa <strong data-start=\"1016\" data-end=\"1079\">mukavuutta, kest\u00e4vyytt\u00e4 ja hyv\u00e4n istuvuuden urheiluk\u00e4yt\u00f6ss\u00e4<\/strong>.<\/p>\n<h2 data-section-id=\"wipf49\" data-start=\"1082\" data-end=\"1098\">K\u00e4ytt\u00f6kohteet<\/h2>\n<p data-start=\"1100\" data-end=\"1202\">\u2022 jalkapallo<br data-start=\"1112\" data-end=\"1115\" \/>\u2022 urheiluseurat ja joukkueet<br data-start=\"1143\" data-end=\"1146\" \/>\u2022 harjoitukset ja ottelut<br data-start=\"1171\" data-end=\"1174\" \/>\u2022 turnaukset ja tapahtumat<\/p>\n<h2 data-section-id=\"m4e5ur\" data-start=\"1204\" data-end=\"1219\">Toimitusaika<\/h2>\n<p data-start=\"1221\" data-end=\"1315\">Toimitusaika on noin 1viikko.<\/p>\n<h2 data-section-id=\"1hryhf7\" data-start=\"1317\" data-end=\"1323\">FAQ<\/h2>\n<p data-start=\"1325\" data-end=\"1452\"><strong data-start=\"1325\" data-end=\"1372\">Soveltuvatko Soccer pelisukat jalkapalloon?<\/strong><br data-start=\"1372\" data-end=\"1375\" \/>Kyll\u00e4. Sukat on suunniteltu erityisesti <strong data-start=\"1415\" data-end=\"1451\">jalkapalloon ja joukkueurheiluun<\/strong>.<\/p>\n<p data-start=\"1454\" data-end=\"1654\"><strong data-start=\"1454\" data-end=\"1510\">Mist\u00e4 materiaalista Soccer pelisukat on valmistettu?<\/strong><br data-start=\"1510\" data-end=\"1513\" \/>Jalkaosa on <strong data-start=\"1525\" data-end=\"1546\">100 % polyesteri\u00e4<\/strong>, ja jalkater\u00e4 sis\u00e4lt\u00e4\u00e4 <strong data-start=\"1570\" data-end=\"1610\">polyesteri\u00e4, puuvillaa ja elastaania<\/strong>, jotka lis\u00e4\u00e4v\u00e4t mukavuutta ja joustavuutta.<\/p>\n<p data-start=\"1656\" data-end=\"1785\"><strong data-start=\"1656\" data-end=\"1692\">Sopivatko sukat joukkuek\u00e4ytt\u00f6\u00f6n?<\/strong><br data-start=\"1692\" data-end=\"1695\" \/>Kyll\u00e4. Pelisukat sopivat hyvin <strong data-start=\"1726\" data-end=\"1784\">jalkapallojoukkueille, urheiluseuroille ja turnauksiin<\/strong>.<\/p>\n<p data-start=\"1787\" data-end=\"1913\" data-is-last-node=\"\" data-is-only-node=\"\"><strong data-start=\"1787\" data-end=\"1816\">Ovatko sukat hengitt\u00e4v\u00e4t?<\/strong><br data-start=\"1816\" data-end=\"1819\" \/>Kyll\u00e4. Materiaalit ja rakenne tekev\u00e4t sukista <strong data-start=\"1865\" data-end=\"1912\">hengitt\u00e4v\u00e4t ja mukavat aktiiviseen k\u00e4ytt\u00f6\u00f6n<\/strong>.<\/p>\n<\/div>\n<\/div>\n<\/div>\n<\/div>\n<\/div>\n<\/div>\n<\/article>\n<p><img decoding=\"async\" class=\"mr-1 grey\" title=\"40\u00ba wash max\" src=\"https:\/\/static.gorfactory.es\/images\/icons\/20221116171353_Lavar-40-max.png\" alt=\"40\u00ba wash max\" width=\"40\" height=\"40\" data-v-6089ed0a=\"\" data-v-00b2e954=\"\" \/><img decoding=\"async\" class=\"mr-1 grey\" title=\"Do not bleach\" src=\"https:\/\/static.gorfactory.es\/images\/icons\/20220914110315_No%20usar%20blanqueador.png\" alt=\"Do not bleach\" width=\"40\" height=\"40\" data-v-6089ed0a=\"\" data-v-00b2e954=\"\" \/><img decoding=\"async\" class=\"mr-1 grey\" title=\"Do not tumble dry\" src=\"https:\/\/static.gorfactory.es\/images\/icons\/20220914110302_No%20secar%20en%20secadora.png\" alt=\"Do not tumble dry\" width=\"40\" height=\"40\" data-v-6089ed0a=\"\" data-v-00b2e954=\"\" \/><img loading=\"lazy\" decoding=\"async\" class=\"mr-1 grey\" title=\"Do not iron\" src=\"https:\/\/static.gorfactory.es\/images\/icons\/20220914110249_No%20planchar.png\" alt=\"Do not iron\" width=\"40\" height=\"40\" data-v-6089ed0a=\"\" data-v-00b2e954=\"\" \/><img loading=\"lazy\" decoding=\"async\" class=\"mr-1 grey\" title=\"Do not dry clean\" src=\"https:\/\/static.gorfactory.es\/images\/icons\/20220914110151_No%20lavar%20en%20seco.png\" alt=\"Do not dry clean\" width=\"40\" height=\"40\" data-v-6089ed0a=\"\" data-v-00b2e954=\"\" \/><\/p>\n<p>&nbsp;<\/p>\n<table id=\"size_chart\" class=\"table table-responsive\" style=\"height: 216px;\" width=\"259\" cellspacing=\"0\" cellpadding=\"0\">\n<tbody>\n<tr>\n<th>Koko<\/th>\n<th><img decoding=\"async\" src=\"https:\/\/wordans-a1a5.kxcdn.com\/images\/wordans2010\/length.png\" alt=\"Length\" \/>\u00a0<label id=\"lengthLabel\">Pituus<\/label><\/th>\n<th><img decoding=\"async\" src=\"https:\/\/wordans-a1a5.kxcdn.com\/images\/wordans2010\/width.png\" alt=\"Width\" \/>\u00a0<label id=\"widthLabel\">Leveys<\/label><\/th>\n<\/tr>\n<tr>\n<td>31-34<\/td>\n<td>40cm<\/td>\n<td>19cm<\/td>\n<\/tr>\n<tr>\n<td>35-40<\/td>\n<td>47cm<\/td>\n<td>22cm<\/td>\n<\/tr>\n<tr>\n<td>41-46<\/td>\n<td>54cm<\/td>\n<td>25cm<\/td>\n<\/tr>\n<\/tbody>\n<\/table>\n<p>&nbsp;<\/p>\n","protected":false},"excerpt":{"rendered":"<p>Tuotenumero 501212 Pelisukat Soccer \u2013 jalkapallon urheilusukat | Roly24 Soccer on jalkapalloon suunnitellut pelisukat, jotka tarjoavat hyv\u00e4n istuvuuden, hengitt\u00e4vyyden ja k\u00e4ytt\u00f6mukavuuden harjoituksissa ja otteluissa. Progressiivinen joustavuus auttaa sukkia mukautumaan eri kokoihin ja pit\u00e4m\u00e4\u00e4n sukat hyvin paikoillaan pelin aikana. Jalkapallopelisukat sopivat erinomaisesti jalkapalloon, joukkueurheiluun, harjoitteluun sek\u00e4 seurak\u00e4ytt\u00f6\u00f6n. Hengitt\u00e4v\u00e4 materiaali auttaa pit\u00e4m\u00e4\u00e4n jalat kuivina ja mukavina aktiivisessa [&hellip;]<\/p>\n","protected":false},"featured_media":16494,"template":"","meta":{"_acf_changed":false,"om_disable_all_campaigns":false,"_monsterinsights_skip_tracking":false,"_monsterinsights_sitenote_active":false,"_monsterinsights_sitenote_note":"","_monsterinsights_sitenote_category":0},"product_brand":[],"product_cat":[516,521],"product_tag":[595,594,596],"class_list":{"0":"post-16490","1":"product","2":"type-product","3":"status-publish","4":"has-post-thumbnail","6":"product_cat-jalkapallo-2","7":"product_cat-sukat-harjoitusliivit","8":"product_tag-jalkapallosukat","9":"product_tag-pelisukat","10":"product_tag-sukat","11":"product_shipping_class-postipaketti","13":"first","14":"instock","15":"taxable","16":"shipping-taxable","17":"purchasable","18":"product-type-simple"},"acf":[],"aioseo_notices":[],"_links":{"self":[{"href":"https:\/\/www.roly24.com\/index.php\/wp-json\/wp\/v2\/product\/16490","targetHints":{"allow":["GET"]}}],"collection":[{"href":"https:\/\/www.roly24.com\/index.php\/wp-json\/wp\/v2\/product"}],"about":[{"href":"https:\/\/www.roly24.com\/index.php\/wp-json\/wp\/v2\/types\/product"}],"version-history":[{"count":2,"href":"https:\/\/www.roly24.com\/index.php\/wp-json\/wp\/v2\/product\/16490\/revisions"}],"predecessor-version":[{"id":21738,"href":"https:\/\/www.roly24.com\/index.php\/wp-json\/wp\/v2\/product\/16490\/revisions\/21738"}],"wp:featuredmedia":[{"embeddable":true,"href":"https:\/\/www.roly24.com\/index.php\/wp-json\/wp\/v2\/media\/16494"}],"wp:attachment":[{"href":"https:\/\/www.roly24.com\/index.php\/wp-json\/wp\/v2\/media?parent=16490"}],"wp:term":[{"taxonomy":"product_brand","embeddable":true,"href":"https:\/\/www.roly24.com\/index.php\/wp-json\/wp\/v2\/product_brand?post=16490"},{"taxonomy":"product_cat","embeddable":true,"href":"https:\/\/www.roly24.com\/index.php\/wp-json\/wp\/v2\/product_cat?post=16490"},{"taxonomy":"product_tag","embeddable":true,"href":"https:\/\/www.roly24.com\/index.php\/wp-json\/wp\/v2\/product_tag?post=16490"}],"curies":[{"name":"wp","href":"https:\/\/api.w.org\/{rel}","templated":true}]}}