{"id":16352,"date":"2025-02-18T09:44:24","date_gmt":"2025-02-18T07:44:24","guid":{"rendered":"https:\/\/www.roly24.com\/?post_type=product&#038;p=16352"},"modified":"2026-04-30T14:22:11","modified_gmt":"2026-04-30T12:22:11","slug":"urheilusetti-juve","status":"publish","type":"product","link":"https:\/\/www.roly24.com\/index.php\/tuote\/urheilusetti-juve\/","title":{"rendered":"Jalkapallo unisex 2 Pelipaitaa + Shortsit JUVE painettuna tai painamattomana"},"content":{"rendered":"<p><strong>Tuotenumero 501205<\/strong><\/p>\n<article class=\"text-token-text-primary w-full focus:outline-none [--shadow-height:45px] has-data-writing-block:pointer-events-none has-data-writing-block:-mt-(--shadow-height) has-data-writing-block:pt-(--shadow-height) [&amp;:has([data-writing-block])&gt;*]:pointer-events-auto scroll-mt-(--header-height)\" dir=\"auto\" tabindex=\"-1\" data-turn-id=\"0afe2703-5a07-43f9-aff4-b8c1a8c42ba5\" data-testid=\"conversation-turn-163\" data-scroll-anchor=\"false\" data-turn=\"user\"><\/article>\n<article class=\"text-token-text-primary w-full focus:outline-none [--shadow-height:45px] has-data-writing-block:pointer-events-none has-data-writing-block:-mt-(--shadow-height) has-data-writing-block:pt-(--shadow-height) [&amp;:has([data-writing-block])&gt;*]:pointer-events-auto scroll-mt-[calc(var(--header-height)+min(200px,max(70px,20svh)))]\" dir=\"auto\" tabindex=\"-1\" data-turn-id=\"request-69b248f7-7868-832d-ba23-dc550986512b-8\" data-testid=\"conversation-turn-164\" data-scroll-anchor=\"true\" data-turn=\"assistant\">\n<div class=\"text-base my-auto mx-auto pb-10 [--thread-content-margin:var(--thread-content-margin-xs,calc(var(--spacing)*4))] @w-sm\/main:[--thread-content-margin:var(--thread-content-margin-sm,calc(var(--spacing)*6))] @w-lg\/main:[--thread-content-margin:var(--thread-content-margin-lg,calc(var(--spacing)*16))] px-(--thread-content-margin)\">\n<div class=\"[--thread-content-max-width:40rem] @w-lg\/main:[--thread-content-max-width:48rem] mx-auto max-w-(--thread-content-max-width) flex-1 group\/turn-messages focus-visible:outline-hidden relative flex w-full min-w-0 flex-col agent-turn\" tabindex=\"-1\">\n<div class=\"flex max-w-full flex-col gap-4 grow\">\n<div class=\"min-h-8 text-message relative flex w-full flex-col items-end gap-2 text-start break-words whitespace-normal [.text-message+&amp;]:mt-1\" dir=\"auto\" data-message-author-role=\"assistant\" data-message-id=\"96109815-eb56-43c0-8b81-4b7ccf1ee995\" data-message-model-slug=\"gpt-5-3\">\n<div class=\"flex w-full flex-col gap-1 empty:hidden\">\n<div class=\"markdown prose dark:prose-invert w-full wrap-break-word light markdown-new-styling\">\n<h4 data-start=\"0\" data-end=\"83\">2 paitaa + shortsit Juve \u2013 tekninen peliasusetti painettuna tai painamattomana<\/h4>\n<p data-start=\"85\" data-end=\"427\">Juve urheilusetti on unisex peliasu, joka sis\u00e4lt\u00e4\u00e4 kaksi pelipaitaa (koti- ja vieraspaita) sek\u00e4 shortsit. Setti on suunniteltu erityisesti joukkueurheiluun kuten jalkapalloon, mutta se sopii my\u00f6s harjoitteluun, turnauksiin, urheiluseuroille sek\u00e4 tapahtumiin. Kevyt ja hengitt\u00e4v\u00e4 tekninen materiaali tekee asusta mukavan aktiivisessa k\u00e4yt\u00f6ss\u00e4.<\/p>\n<p data-start=\"429\" data-end=\"634\">Tuotteet voidaan toimittaa sek\u00e4 painettuina ett\u00e4 painamattomina, joten peliasut voidaan valmistaa valmiiksi painettuina logolla, nimell\u00e4 tai numerolla tai toimittaa ilman painatusta jatkomerkkausta varten.<\/p>\n<p data-start=\"636\" data-end=\"941\">Pelipaidoissa on painetut puoliraglanhihat, jotka parantavat liikkuvuutta ja antavat paidalle urheilullisen ilmeen. Py\u00f6re\u00e4 p\u00e4\u00e4ntie sek\u00e4 trikookangas sel\u00e4ss\u00e4 lis\u00e4\u00e4v\u00e4t k\u00e4ytt\u00f6mukavuutta ja hengitt\u00e4vyytt\u00e4. Toisen paidan v\u00e4ritys on suunniteltu p\u00e4invastaiseksi, mik\u00e4 mahdollistaa koti- ja vieraspeliasun k\u00e4yt\u00f6n.<\/p>\n<p data-start=\"943\" data-end=\"1190\">Shortseissa on joustava vy\u00f6t\u00e4r\u00f6nauha sek\u00e4 yhteensopiva sis\u00e4inen kiristysny\u00f6ri turvaompeleilla paremman kest\u00e4vyyden ja istuvuuden takaamiseksi. Lahkeissa olevat kontrastiraidat ja halkiot viimeistelev\u00e4t sporttisen ilmeen ja parantavat liikkuvuutta.<\/p>\n<h3 data-section-id=\"rog7al\" data-start=\"1192\" data-end=\"1208\">Ominaisuudet<\/h3>\n<p data-start=\"1210\" data-end=\"1521\">Urheilusetti 2 paitaa + shortsit \u2022 Unisex-malli \u2022 Koti- ja vieraspaita \u2022 Puoliraglanhihat \u2022 Py\u00f6re\u00e4 p\u00e4\u00e4ntie \u2022 Hengitt\u00e4v\u00e4 selk\u00e4kangas \u2022 Joustava vy\u00f6t\u00e4r\u00f6 kiristysny\u00f6rill\u00e4 \u2022 Kontrastiraidat shortseissa \u2022 Lahkeissa halkiot \u2022 Hengitt\u00e4v\u00e4 tekninen kangas \u2022 Irrotettava etiketti \u2022 Saatavana painettuna tai painamattomana<\/p>\n<h3 data-section-id=\"dpzujp\" data-start=\"1523\" data-end=\"1537\">Materiaali<\/h3>\n<p data-start=\"1539\" data-end=\"1573\">100 % polyesteri<br data-start=\"1555\" data-end=\"1558\" \/>Paino: 140 g\/m\u00b2<\/p>\n<p data-start=\"1575\" data-end=\"1676\">Kevyt tekninen materiaali tekee peliasusta hengitt\u00e4v\u00e4n, nopeasti kuivuvan ja mukavan urheiluk\u00e4yt\u00f6ss\u00e4.<\/p>\n<h3 data-section-id=\"q08wlc\" data-start=\"1678\" data-end=\"1694\">Toimitusaika<\/h3>\n<p data-start=\"1696\" data-end=\"1732\">Arvioitu toimitusaika noin 1 viikko.<\/p>\n<p data-start=\"1734\" data-end=\"1808\">Toimitusaika voi vaihdella tilausm\u00e4\u00e4r\u00e4n ja mahdollisen painatuksen mukaan.<\/p>\n<h3 data-section-id=\"19f8ccq\" data-start=\"1810\" data-end=\"1827\">K\u00e4ytt\u00f6kohteet<\/h3>\n<p data-start=\"1829\" data-end=\"1986\">Jalkapallo \u2022 Joukkueurheilu \u2022 Harjoittelu \u2022 Turnaukset \u2022 Urheiluseurat \u2022 Tapahtumat \u2022 Promootiotuotteet \u2022 Br\u00e4ndituotteet \u2022 Verkkokauppamyynti \u2022 J\u00e4lleenmyynti<\/p>\n<h3 data-section-id=\"6b1txa\" data-start=\"1988\" data-end=\"2030\">Tuotteet painettuna tai painamattomana<\/h3>\n<p data-start=\"2032\" data-end=\"2186\">Voit tilata Juve peliasusetit painamattomina omaa painotuotantoa varten tai valmiiksi painettuina esimerkiksi logolla, nimell\u00e4, numerolla tai grafiikalla.<\/p>\n<h3 data-section-id=\"1pycund\" data-start=\"2188\" data-end=\"2217\">Mahdolliset merkkaustavat<\/h3>\n<p data-start=\"2219\" data-end=\"2306\">Painatus: Tuote painetaan DTF-painatuksella.<br data-start=\"2263\" data-end=\"2266\" \/>Brodeeraus: Saatavilla tarjouspyynn\u00f6ll\u00e4.<\/p>\n<h3 data-section-id=\"gwkuul\" data-start=\"2308\" data-end=\"2340\">Suuret er\u00e4t ja j\u00e4lleenmyyj\u00e4t<\/h3>\n<p data-start=\"2342\" data-end=\"2585\">Roly24 toimittaa tuotteita my\u00f6s suuremmissa eriss\u00e4 tarjouspohjalta esimerkiksi j\u00e4lleenmyyjille, yrityksille, urheiluseuroille, yhdistyksille ja tapahtumaj\u00e4rjest\u00e4jille. Tuotteet voidaan toimittaa painettuina tai painamattomina tilauksen mukaan.<\/p>\n<p data-start=\"2587\" data-end=\"2623\">\ud83d\udce9 Pyyd\u00e4 tarjous suuremmista erist\u00e4.<\/p>\n<h3 data-section-id=\"181otkz\" data-start=\"2625\" data-end=\"2659\">FAQ \u2013 Usein kysytyt kysymykset<\/h3>\n<p data-start=\"2661\" data-end=\"2794\"><strong data-start=\"2661\" data-end=\"2707\">Voiko Juve peliasusetin tilata painettuna?<\/strong><br data-start=\"2707\" data-end=\"2710\" \/>Kyll\u00e4. Setit voidaan toimittaa valmiiksi painettuina logolla, nimell\u00e4 tai numerolla.<\/p>\n<p data-start=\"2796\" data-end=\"2900\"><strong data-start=\"2796\" data-end=\"2836\">Voiko setin tilata ilman painatusta?<\/strong><br data-start=\"2836\" data-end=\"2839\" \/>Kyll\u00e4. Tuotteet myyd\u00e4\u00e4n sek\u00e4 painettuina ett\u00e4 painamattomina.<\/p>\n<p data-start=\"2902\" data-end=\"2992\"><strong data-start=\"2902\" data-end=\"2926\">Mit\u00e4 setti sis\u00e4lt\u00e4\u00e4?<\/strong><br data-start=\"2926\" data-end=\"2929\" \/>Setti sis\u00e4lt\u00e4\u00e4 kaksi pelipaitaa (koti ja vieras) sek\u00e4 shortsit.<\/p>\n<p data-start=\"2994\" data-end=\"3091\"><strong data-start=\"2994\" data-end=\"3021\">Onko kangas hengitt\u00e4v\u00e4?<\/strong><br data-start=\"3021\" data-end=\"3024\" \/>Kyll\u00e4. Tekninen polyesterikangas on hengitt\u00e4v\u00e4 ja nopeasti kuivuva.<\/p>\n<p data-start=\"3093\" data-end=\"3222\" data-is-last-node=\"\" data-is-only-node=\"\"><strong data-start=\"3093\" data-end=\"3126\">Kuinka pitk\u00e4 toimitusaika on?<\/strong><br data-start=\"3126\" data-end=\"3129\" \/>Arvioitu toimitusaika on noin 1 viikko, riippuen tilausm\u00e4\u00e4r\u00e4st\u00e4 ja mahdollisesta merkinn\u00e4st\u00e4.<\/p>\n<\/div>\n<\/div>\n<\/div>\n<\/div>\n<\/div>\n<\/div>\n<\/article>\n<p data-v-00b2e954=\"\"><img decoding=\"async\" class=\"mr-1 grey\" title=\"30\u00ba pesu max.\" src=\"https:\/\/static.gorfactory.es\/images\/icons\/20220914110209_Lavar%20a%2030%C2%BA%20m%C3%A1ximo.png\" alt=\"30\u00ba pesu max.\" width=\"40\" height=\"40\" data-v-6089ed0a=\"\" data-v-00b2e954=\"\" \/><img decoding=\"async\" class=\"mr-1 grey\" title=\"\u00c4l\u00e4 valkaise\" src=\"https:\/\/static.gorfactory.es\/images\/icons\/20220914110315_No%20usar%20blanqueador.png\" alt=\"\u00c4l\u00e4 valkaise\" width=\"40\" height=\"40\" data-v-6089ed0a=\"\" data-v-00b2e954=\"\" \/><img decoding=\"async\" class=\"mr-1 grey\" title=\"\u00c4l\u00e4 rumpukuivaa\" src=\"https:\/\/static.gorfactory.es\/images\/icons\/20220914110302_No%20secar%20en%20secadora.png\" alt=\"\u00c4l\u00e4 rumpukuivaa\" width=\"40\" height=\"40\" data-v-6089ed0a=\"\" data-v-00b2e954=\"\" \/><img loading=\"lazy\" decoding=\"async\" class=\"mr-1 grey\" title=\"Silitys alhaisessa l\u00e4mp\u00f6tilassa (max. 110\u00ba)\" src=\"https:\/\/static.gorfactory.es\/images\/icons\/20221117085113_Planchar-110.png\" alt=\"Silitys alhaisessa l\u00e4mp\u00f6tilassa (max. 110\u00ba)\" width=\"40\" height=\"40\" data-v-6089ed0a=\"\" data-v-00b2e954=\"\" \/><img loading=\"lazy\" decoding=\"async\" class=\"mr-1 grey\" title=\"\u00c4l\u00e4 kuivapesua\" src=\"https:\/\/static.gorfactory.es\/images\/icons\/20220914110151_No%20lavar%20en%20seco.png\" alt=\"\u00c4l\u00e4 kuivapesua\" width=\"40\" height=\"40\" data-v-6089ed0a=\"\" data-v-00b2e954=\"\" \/><\/p>\n<p data-v-00b2e954=\"\"><strong>Paita:<\/strong><\/p>\n<table id=\"size_chart\" class=\"table table-responsive\" style=\"height: 265px;\" width=\"203\" cellspacing=\"0\" cellpadding=\"0\">\n<tbody>\n<tr>\n<th>Koko<\/th>\n<th><img decoding=\"async\" src=\"https:\/\/wordans-a1a5.kxcdn.com\/images\/wordans2010\/length.png\" alt=\"Length\" \/>\u00a0<label id=\"lengthLabel\">Pituus<\/label><\/th>\n<th><img decoding=\"async\" src=\"https:\/\/wordans-a1a5.kxcdn.com\/images\/wordans2010\/width.png\" alt=\"Width\" \/>\u00a0<label id=\"widthLabel\">Leveys<\/label><\/th>\n<\/tr>\n<tr>\n<td>S<\/td>\n<td>68<\/td>\n<td>49<\/td>\n<\/tr>\n<tr>\n<td>M<\/td>\n<td>71<\/td>\n<td>51<\/td>\n<\/tr>\n<tr>\n<td>L<\/td>\n<td>73<\/td>\n<td>54<\/td>\n<\/tr>\n<tr>\n<td>XL<\/td>\n<td>75<\/td>\n<td>57<\/td>\n<\/tr>\n<tr>\n<td>2XL<\/td>\n<td>77<\/td>\n<td>60<\/td>\n<\/tr>\n<\/tbody>\n<\/table>\n<p data-v-00b2e954=\"\"><strong>Housut:<\/strong><\/p>\n<table id=\"size_chart\" class=\"table table-responsive\" style=\"height: 265px;\" width=\"203\" cellspacing=\"0\" cellpadding=\"0\">\n<tbody>\n<tr>\n<th>Koko<\/th>\n<th><img decoding=\"async\" src=\"https:\/\/wordans-a1a5.kxcdn.com\/images\/wordans2010\/length.png\" alt=\"Length\" \/>\u00a0<label id=\"lengthLabel\">Pituus<\/label><\/th>\n<th><img decoding=\"async\" src=\"https:\/\/wordans-a1a5.kxcdn.com\/images\/wordans2010\/width.png\" alt=\"Width\" \/>\u00a0<label id=\"widthLabel\">Leveys<\/label><\/th>\n<\/tr>\n<tr>\n<td>S<\/td>\n<td>44<\/td>\n<td>34<\/td>\n<\/tr>\n<tr>\n<td>M<\/td>\n<td>45<\/td>\n<td>36<\/td>\n<\/tr>\n<tr>\n<td>L<\/td>\n<td>46<\/td>\n<td>38<\/td>\n<\/tr>\n<tr>\n<td>XL<\/td>\n<td>48<\/td>\n<td>40<\/td>\n<\/tr>\n<tr>\n<td>2XL<\/td>\n<td>49<\/td>\n<td>42<\/td>\n<\/tr>\n<\/tbody>\n<\/table>\n","protected":false},"excerpt":{"rendered":"<p>Tuotenumero 501205 2 paitaa + shortsit Juve \u2013 tekninen peliasusetti painettuna tai painamattomana Juve urheilusetti on unisex peliasu, joka sis\u00e4lt\u00e4\u00e4 kaksi pelipaitaa (koti- ja vieraspaita) sek\u00e4 shortsit. Setti on suunniteltu erityisesti joukkueurheiluun kuten jalkapalloon, mutta se sopii my\u00f6s harjoitteluun, turnauksiin, urheiluseuroille sek\u00e4 tapahtumiin. Kevyt ja hengitt\u00e4v\u00e4 tekninen materiaali tekee asusta mukavan aktiivisessa k\u00e4yt\u00f6ss\u00e4. Tuotteet voidaan [&hellip;]<\/p>\n","protected":false},"featured_media":16353,"template":"","meta":{"_acf_changed":false,"om_disable_all_campaigns":false,"_monsterinsights_skip_tracking":false,"_monsterinsights_sitenote_active":false,"_monsterinsights_sitenote_note":"","_monsterinsights_sitenote_category":0},"product_brand":[],"product_cat":[516,517],"product_tag":[298,544,591,593],"class_list":{"0":"post-16352","1":"product","2":"type-product","3":"status-publish","4":"has-post-thumbnail","6":"product_cat-jalkapallo-2","7":"product_cat-peliasut-aikuinen","8":"product_tag-painatus","9":"product_tag-paita-painatus","10":"product_tag-pelipaita","11":"product_tag-urheilusetti","12":"product_shipping_class-postipaketti","14":"first","15":"instock","16":"taxable","17":"shipping-taxable","18":"purchasable","19":"product-type-simple"},"acf":[],"aioseo_notices":[],"_links":{"self":[{"href":"https:\/\/www.roly24.com\/index.php\/wp-json\/wp\/v2\/product\/16352","targetHints":{"allow":["GET"]}}],"collection":[{"href":"https:\/\/www.roly24.com\/index.php\/wp-json\/wp\/v2\/product"}],"about":[{"href":"https:\/\/www.roly24.com\/index.php\/wp-json\/wp\/v2\/types\/product"}],"version-history":[{"count":3,"href":"https:\/\/www.roly24.com\/index.php\/wp-json\/wp\/v2\/product\/16352\/revisions"}],"predecessor-version":[{"id":22192,"href":"https:\/\/www.roly24.com\/index.php\/wp-json\/wp\/v2\/product\/16352\/revisions\/22192"}],"wp:featuredmedia":[{"embeddable":true,"href":"https:\/\/www.roly24.com\/index.php\/wp-json\/wp\/v2\/media\/16353"}],"wp:attachment":[{"href":"https:\/\/www.roly24.com\/index.php\/wp-json\/wp\/v2\/media?parent=16352"}],"wp:term":[{"taxonomy":"product_brand","embeddable":true,"href":"https:\/\/www.roly24.com\/index.php\/wp-json\/wp\/v2\/product_brand?post=16352"},{"taxonomy":"product_cat","embeddable":true,"href":"https:\/\/www.roly24.com\/index.php\/wp-json\/wp\/v2\/product_cat?post=16352"},{"taxonomy":"product_tag","embeddable":true,"href":"https:\/\/www.roly24.com\/index.php\/wp-json\/wp\/v2\/product_tag?post=16352"}],"curies":[{"name":"wp","href":"https:\/\/api.w.org\/{rel}","templated":true}]}}