{"id":16316,"date":"2025-02-18T08:57:05","date_gmt":"2025-02-18T06:57:05","guid":{"rendered":"https:\/\/www.roly24.com\/?post_type=product&#038;p=16316"},"modified":"2026-03-17T11:48:41","modified_gmt":"2026-03-17T09:48:41","slug":"urheilusetti-boca","status":"publish","type":"product","link":"https:\/\/www.roly24.com\/index.php\/tuote\/urheilusetti-boca\/","title":{"rendered":"Jalkapallo unisex Pelipaita + shortsit BOCA painettuna tai painamattomana"},"content":{"rendered":"<p><strong>Tuotenumero 501204<\/strong><\/p>\n<div class=\"relative basis-auto flex-col -mb-(--composer-overlap-px) [--composer-overlap-px:28px] grow flex\">\n<div class=\"flex flex-col text-sm pb-25\">\n<article class=\"text-token-text-primary w-full focus:outline-none [--shadow-height:45px] has-data-writing-block:pointer-events-none has-data-writing-block:-mt-(--shadow-height) has-data-writing-block:pt-(--shadow-height) [&amp;:has([data-writing-block])&gt;*]:pointer-events-auto scroll-mt-[calc(var(--header-height)+min(200px,max(70px,20svh)))]\" dir=\"auto\" tabindex=\"-1\" data-turn-id=\"request-69b248f7-7868-832d-ba23-dc550986512b-6\" data-testid=\"conversation-turn-160\" data-scroll-anchor=\"true\" data-turn=\"assistant\">\n<div class=\"text-base my-auto mx-auto pb-10 [--thread-content-margin:var(--thread-content-margin-xs,calc(var(--spacing)*4))] @w-sm\/main:[--thread-content-margin:var(--thread-content-margin-sm,calc(var(--spacing)*6))] @w-lg\/main:[--thread-content-margin:var(--thread-content-margin-lg,calc(var(--spacing)*16))] px-(--thread-content-margin)\">\n<div class=\"[--thread-content-max-width:40rem] @w-lg\/main:[--thread-content-max-width:48rem] mx-auto max-w-(--thread-content-max-width) flex-1 group\/turn-messages focus-visible:outline-hidden relative flex w-full min-w-0 flex-col agent-turn\" tabindex=\"-1\">\n<div class=\"flex max-w-full flex-col gap-4 grow\">\n<div class=\"min-h-8 text-message relative flex w-full flex-col items-end gap-2 text-start break-words whitespace-normal [.text-message+&amp;]:mt-1\" dir=\"auto\" data-message-author-role=\"assistant\" data-message-id=\"466699ff-b50d-4e9c-b70a-56ab1ebef263\" data-message-model-slug=\"gpt-5-3\">\n<div class=\"flex w-full flex-col gap-1 empty:hidden\">\n<div class=\"markdown prose dark:prose-invert w-full wrap-break-word light markdown-new-styling\">\n<h4 data-start=\"0\" data-end=\"91\">Paita + shortsit Boca \u2013 tekninen jalkapallo peliasusetti painettuna tai painamattomana<\/h4>\n<p data-start=\"93\" data-end=\"416\">Boca urheilusetti on unisex-mallinen peliasu, joka sis\u00e4lt\u00e4\u00e4 pelipaidan ja shortsit. Setti on suunniteltu erityisesti jalkapalloon, mutta se sopii hyvin my\u00f6s muihin joukkuelajeihin, harjoitteluun, tapahtumiin sek\u00e4 seuravaatteiksi. Kolmen teknisen kankaan yhdistelm\u00e4 tekee asusta hengitt\u00e4v\u00e4n ja mukavan aktiivisessa k\u00e4yt\u00f6ss\u00e4.<\/p>\n<p data-start=\"418\" data-end=\"623\">Tuotteet voidaan toimittaa sek\u00e4 painettuina ett\u00e4 painamattomina, joten peliasut voidaan valmistaa valmiiksi painettuina logolla, nimell\u00e4 tai numerolla tai toimittaa ilman painatusta jatkomerkkausta varten.<\/p>\n<p data-start=\"625\" data-end=\"875\">Pelipaidassa on kaulus nepparikiinnityksell\u00e4 sek\u00e4 hengitt\u00e4v\u00e4 kangas hihan sis\u00e4puolella, mik\u00e4 parantaa k\u00e4ytt\u00f6mukavuutta pelin aikana. Sivupaneelit ja ylempi hihannauha on valmistettu Control-Dry-kankaasta, joka auttaa siirt\u00e4m\u00e4\u00e4n kosteutta pois iholta.<\/p>\n<p data-start=\"877\" data-end=\"1097\">Shortseissa on s\u00e4\u00e4dett\u00e4v\u00e4 vy\u00f6t\u00e4r\u00f6 kiristysny\u00f6rill\u00e4, joka parantaa istuvuutta. Lahkeen kontrastiv\u00e4rinen sis\u00e4osa sek\u00e4 Control-Dry-kankaasta valmistettu joustinne viimeistelev\u00e4t sporttisen ilmeen ja parantavat liikkuvuutta.<\/p>\n<h3 data-section-id=\"rog7al\" data-start=\"1099\" data-end=\"1115\">Ominaisuudet<\/h3>\n<p data-start=\"1117\" data-end=\"1474\">Urheilusetti paita + shortsit \u2022 Unisex-malli \u2022 Suunniteltu jalkapalloon \u2022 Kolmen teknisen kankaan yhdistelm\u00e4 \u2022 Kaulus nepparikiinnityksell\u00e4 \u2022 Hengitt\u00e4v\u00e4 kangas hihojen sis\u00e4puolella \u2022 Control-Dry-paneelit \u2022 Shortsit s\u00e4\u00e4dett\u00e4v\u00e4ll\u00e4 vy\u00f6t\u00e4r\u00f6ll\u00e4 \u2022 Kontrastiv\u00e4riset yksityiskohdat \u2022 Hengitt\u00e4v\u00e4 malli \u2022 Irrotettava etiketti \u2022 Saatavana painettuna tai painamattomana<\/p>\n<h3 data-section-id=\"dpzujp\" data-start=\"1476\" data-end=\"1490\">Materiaali<\/h3>\n<p data-start=\"1492\" data-end=\"1618\">P\u00e4\u00e4kangas: 100 % polyesteri<br data-start=\"1519\" data-end=\"1522\" \/>Paneelit: 100 % mikrorei\u2019itetty polyesteri \/ 100 % polyesteri vohveliinterlock<br data-start=\"1600\" data-end=\"1603\" \/>Paino: 140 g\/m\u00b2<\/p>\n<p data-start=\"1620\" data-end=\"1721\">Kevyt tekninen materiaali tekee peliasusta hengitt\u00e4v\u00e4n, nopeasti kuivuvan ja mukavan urheiluk\u00e4yt\u00f6ss\u00e4.<\/p>\n<h3 data-section-id=\"q08wlc\" data-start=\"1723\" data-end=\"1739\">Toimitusaika<\/h3>\n<p data-start=\"1741\" data-end=\"1777\">Arvioitu toimitusaika noin 1 viikko.<\/p>\n<p data-start=\"1779\" data-end=\"1853\">Toimitusaika voi vaihdella tilausm\u00e4\u00e4r\u00e4n ja mahdollisen painatuksen mukaan.<\/p>\n<h3 data-section-id=\"19f8ccq\" data-start=\"1855\" data-end=\"1872\">K\u00e4ytt\u00f6kohteet<\/h3>\n<p data-start=\"1874\" data-end=\"2031\">Jalkapallo \u2022 Joukkueurheilu \u2022 Harjoittelu \u2022 Turnaukset \u2022 Urheiluseurat \u2022 Tapahtumat \u2022 Promootiotuotteet \u2022 Br\u00e4ndituotteet \u2022 Verkkokauppamyynti \u2022 J\u00e4lleenmyynti<\/p>\n<h3 data-section-id=\"6b1txa\" data-start=\"2033\" data-end=\"2075\">Tuotteet painettuna tai painamattomana<\/h3>\n<p data-start=\"2077\" data-end=\"2231\">Voit tilata Boca peliasusetit painamattomina omaa painotuotantoa varten tai valmiiksi painettuina esimerkiksi logolla, nimell\u00e4, numerolla tai grafiikalla.<\/p>\n<h3 data-section-id=\"1pycund\" data-start=\"2233\" data-end=\"2262\">Mahdolliset merkkaustavat<\/h3>\n<p data-start=\"2264\" data-end=\"2351\">Painatus: Tuote painetaan DTF-painatuksella.<br data-start=\"2308\" data-end=\"2311\" \/>Brodeeraus: Saatavilla tarjouspyynn\u00f6ll\u00e4.<\/p>\n<h3 data-section-id=\"gwkuul\" data-start=\"2353\" data-end=\"2385\">Suuret er\u00e4t ja j\u00e4lleenmyyj\u00e4t<\/h3>\n<p data-start=\"2387\" data-end=\"2630\">Roly24 toimittaa tuotteita my\u00f6s suuremmissa eriss\u00e4 tarjouspohjalta esimerkiksi j\u00e4lleenmyyjille, yrityksille, urheiluseuroille, yhdistyksille ja tapahtumaj\u00e4rjest\u00e4jille. Tuotteet voidaan toimittaa painettuina tai painamattomina tilauksen mukaan.<\/p>\n<p data-start=\"2632\" data-end=\"2668\">\ud83d\udce9 Pyyd\u00e4 tarjous suuremmista erist\u00e4.<\/p>\n<h3 data-section-id=\"181otkz\" data-start=\"2670\" data-end=\"2704\">FAQ \u2013 Usein kysytyt kysymykset<\/h3>\n<p data-start=\"2706\" data-end=\"2839\"><strong data-start=\"2706\" data-end=\"2752\">Voiko Boca peliasusetin tilata painettuna?<\/strong><br data-start=\"2752\" data-end=\"2755\" \/>Kyll\u00e4. Setit voidaan toimittaa valmiiksi painettuina logolla, nimell\u00e4 tai numerolla.<\/p>\n<p data-start=\"2841\" data-end=\"2945\"><strong data-start=\"2841\" data-end=\"2881\">Voiko setin tilata ilman painatusta?<\/strong><br data-start=\"2881\" data-end=\"2884\" \/>Kyll\u00e4. Tuotteet myyd\u00e4\u00e4n sek\u00e4 painettuina ett\u00e4 painamattomina.<\/p>\n<p data-start=\"2947\" data-end=\"3076\"><strong data-start=\"2947\" data-end=\"2974\">Onko kangas hengitt\u00e4v\u00e4?<\/strong><br data-start=\"2974\" data-end=\"2977\" \/>Kyll\u00e4. Setiss\u00e4 k\u00e4ytet\u00e4\u00e4n hengitt\u00e4vi\u00e4 teknisi\u00e4 polyesterikankaita sek\u00e4 mikrorei\u2019itettyj\u00e4 paneeleita.<\/p>\n<p data-start=\"3078\" data-end=\"3189\"><strong data-start=\"3078\" data-end=\"3118\">Onko setti suunniteltu jalkapalloon?<\/strong><br data-start=\"3118\" data-end=\"3121\" \/>Kyll\u00e4. Boca setti on suunniteltu erityisesti jalkapallon peliasuksi.<\/p>\n<p data-start=\"3191\" data-end=\"3320\" data-is-last-node=\"\" data-is-only-node=\"\"><strong data-start=\"3191\" data-end=\"3224\">Kuinka pitk\u00e4 toimitusaika on?<\/strong><br data-start=\"3224\" data-end=\"3227\" \/>Arvioitu toimitusaika on noin 1 viikko, riippuen tilausm\u00e4\u00e4r\u00e4st\u00e4 ja mahdollisesta merkinn\u00e4st\u00e4.<\/p>\n<\/div>\n<\/div>\n<\/div>\n<\/div>\n<\/div>\n<\/div>\n<\/article>\n<\/div>\n<\/div>\n<p><img decoding=\"async\" class=\"mr-1 grey\" title=\"30\u00ba pesu max.\" src=\"https:\/\/static.gorfactory.es\/images\/icons\/20220914110209_Lavar%20a%2030%C2%BA%20m%C3%A1ximo.png\" alt=\"30\u00ba pesu max.\" width=\"40\" height=\"40\" data-v-6089ed0a=\"\" data-v-00b2e954=\"\" \/><img decoding=\"async\" class=\"mr-1 grey\" title=\"\u00c4l\u00e4 valkaise\" src=\"https:\/\/static.gorfactory.es\/images\/icons\/20220914110315_No%20usar%20blanqueador.png\" alt=\"\u00c4l\u00e4 valkaise\" width=\"40\" height=\"40\" data-v-6089ed0a=\"\" data-v-00b2e954=\"\" \/><img decoding=\"async\" class=\"mr-1 grey\" title=\"\u00c4l\u00e4 rumpukuivaa\" src=\"https:\/\/static.gorfactory.es\/images\/icons\/20220914110302_No%20secar%20en%20secadora.png\" alt=\"\u00c4l\u00e4 rumpukuivaa\" width=\"40\" height=\"40\" data-v-6089ed0a=\"\" data-v-00b2e954=\"\" \/><img loading=\"lazy\" decoding=\"async\" class=\"mr-1 grey\" title=\"Silitys alhaisessa l\u00e4mp\u00f6tilassa (max. 110\u00ba)\" src=\"https:\/\/static.gorfactory.es\/images\/icons\/20221117085113_Planchar-110.png\" alt=\"Silitys alhaisessa l\u00e4mp\u00f6tilassa (max. 110\u00ba)\" width=\"40\" height=\"40\" data-v-6089ed0a=\"\" data-v-00b2e954=\"\" \/><img loading=\"lazy\" decoding=\"async\" class=\"mr-1 grey\" title=\"\u00c4l\u00e4 kuivapesua\" src=\"https:\/\/static.gorfactory.es\/images\/icons\/20220914110151_No%20lavar%20en%20seco.png\" alt=\"\u00c4l\u00e4 kuivapesua\" width=\"40\" height=\"40\" data-v-6089ed0a=\"\" data-v-00b2e954=\"\" \/><\/p>\n<p><strong>Paita:<\/strong><\/p>\n<table id=\"size_chart\" class=\"table table-responsive\" style=\"height: 265px;\" width=\"203\" cellspacing=\"0\" cellpadding=\"0\">\n<tbody>\n<tr>\n<th>Koko<\/th>\n<th><img decoding=\"async\" src=\"https:\/\/wordans-a1a5.kxcdn.com\/images\/wordans2010\/length.png\" alt=\"Length\" \/>\u00a0<label id=\"lengthLabel\">Pituus<\/label><\/th>\n<th><img decoding=\"async\" src=\"https:\/\/wordans-a1a5.kxcdn.com\/images\/wordans2010\/width.png\" alt=\"Width\" \/>\u00a0<label id=\"widthLabel\">Leveys<\/label><\/th>\n<\/tr>\n<tr>\n<td>S<\/td>\n<td>69,5<\/td>\n<td>49<\/td>\n<\/tr>\n<tr>\n<td>M<\/td>\n<td>72<\/td>\n<td>51<\/td>\n<\/tr>\n<tr>\n<td>L<\/td>\n<td>74<\/td>\n<td>54<\/td>\n<\/tr>\n<tr>\n<td>XL<\/td>\n<td>76<\/td>\n<td>57<\/td>\n<\/tr>\n<tr>\n<td>2XL<\/td>\n<td>78<\/td>\n<td>60<\/td>\n<\/tr>\n<\/tbody>\n<\/table>\n<p><strong>Housut:<\/strong><\/p>\n<table id=\"size_chart\" class=\"table table-responsive\" style=\"height: 265px;\" width=\"203\" cellspacing=\"0\" cellpadding=\"0\">\n<tbody>\n<tr>\n<th>Koko<\/th>\n<th><img decoding=\"async\" src=\"https:\/\/wordans-a1a5.kxcdn.com\/images\/wordans2010\/length.png\" alt=\"Length\" \/>\u00a0<label id=\"lengthLabel\">Pituus<\/label><\/th>\n<th><img decoding=\"async\" src=\"https:\/\/wordans-a1a5.kxcdn.com\/images\/wordans2010\/width.png\" alt=\"Width\" \/>\u00a0<label id=\"widthLabel\">Leveys<\/label><\/th>\n<\/tr>\n<tr>\n<td>S<\/td>\n<td>44<\/td>\n<td>34<\/td>\n<\/tr>\n<tr>\n<td>M<\/td>\n<td>45<\/td>\n<td>36<\/td>\n<\/tr>\n<tr>\n<td>L<\/td>\n<td>46<\/td>\n<td>38<\/td>\n<\/tr>\n<tr>\n<td>XL<\/td>\n<td>48<\/td>\n<td>40<\/td>\n<\/tr>\n<tr>\n<td>2XL<\/td>\n<td>49<\/td>\n<td>42<\/td>\n<\/tr>\n<\/tbody>\n<\/table>\n","protected":false},"excerpt":{"rendered":"<p>Tuotenumero 501204 Paita + shortsit Boca \u2013 tekninen jalkapallo peliasusetti painettuna tai painamattomana Boca urheilusetti on unisex-mallinen peliasu, joka sis\u00e4lt\u00e4\u00e4 pelipaidan ja shortsit. Setti on suunniteltu erityisesti jalkapalloon, mutta se sopii hyvin my\u00f6s muihin joukkuelajeihin, harjoitteluun, tapahtumiin sek\u00e4 seuravaatteiksi. Kolmen teknisen kankaan yhdistelm\u00e4 tekee asusta hengitt\u00e4v\u00e4n ja mukavan aktiivisessa k\u00e4yt\u00f6ss\u00e4. Tuotteet voidaan toimittaa sek\u00e4 painettuina [&hellip;]<\/p>\n","protected":false},"featured_media":16318,"template":"","meta":{"_acf_changed":false,"om_disable_all_campaigns":false,"_monsterinsights_skip_tracking":false,"_monsterinsights_sitenote_active":false,"_monsterinsights_sitenote_note":"","_monsterinsights_sitenote_category":0},"product_brand":[],"product_cat":[516,517],"product_tag":[298,544,591,593],"class_list":{"0":"post-16316","1":"product","2":"type-product","3":"status-publish","4":"has-post-thumbnail","6":"product_cat-jalkapallo-2","7":"product_cat-peliasut-aikuinen","8":"product_tag-painatus","9":"product_tag-paita-painatus","10":"product_tag-pelipaita","11":"product_tag-urheilusetti","12":"product_shipping_class-postipaketti","14":"first","15":"instock","16":"taxable","17":"shipping-taxable","18":"purchasable","19":"product-type-simple"},"acf":[],"aioseo_notices":[],"_links":{"self":[{"href":"https:\/\/www.roly24.com\/index.php\/wp-json\/wp\/v2\/product\/16316","targetHints":{"allow":["GET"]}}],"collection":[{"href":"https:\/\/www.roly24.com\/index.php\/wp-json\/wp\/v2\/product"}],"about":[{"href":"https:\/\/www.roly24.com\/index.php\/wp-json\/wp\/v2\/types\/product"}],"version-history":[{"count":4,"href":"https:\/\/www.roly24.com\/index.php\/wp-json\/wp\/v2\/product\/16316\/revisions"}],"predecessor-version":[{"id":22189,"href":"https:\/\/www.roly24.com\/index.php\/wp-json\/wp\/v2\/product\/16316\/revisions\/22189"}],"wp:featuredmedia":[{"embeddable":true,"href":"https:\/\/www.roly24.com\/index.php\/wp-json\/wp\/v2\/media\/16318"}],"wp:attachment":[{"href":"https:\/\/www.roly24.com\/index.php\/wp-json\/wp\/v2\/media?parent=16316"}],"wp:term":[{"taxonomy":"product_brand","embeddable":true,"href":"https:\/\/www.roly24.com\/index.php\/wp-json\/wp\/v2\/product_brand?post=16316"},{"taxonomy":"product_cat","embeddable":true,"href":"https:\/\/www.roly24.com\/index.php\/wp-json\/wp\/v2\/product_cat?post=16316"},{"taxonomy":"product_tag","embeddable":true,"href":"https:\/\/www.roly24.com\/index.php\/wp-json\/wp\/v2\/product_tag?post=16316"}],"curies":[{"name":"wp","href":"https:\/\/api.w.org\/{rel}","templated":true}]}}