{"id":16130,"date":"2025-02-05T13:29:21","date_gmt":"2025-02-05T11:29:21","guid":{"rendered":"https:\/\/www.roly24.com\/?post_type=product&#038;p=16130"},"modified":"2026-03-16T13:21:34","modified_gmt":"2026-03-16T11:21:34","slug":"t-paita-sebring","status":"publish","type":"product","link":"https:\/\/www.roly24.com\/index.php\/tuote\/t-paita-sebring\/","title":{"rendered":"Hihaton tekninen toppi Sebring 255g\/m\u00b2 painamattomana tai painettuna"},"content":{"rendered":"<p><strong>Tuotenumero 501102<\/strong><\/p>\n<article class=\"text-token-text-primary w-full focus:outline-none [--shadow-height:45px] has-data-writing-block:pointer-events-none has-data-writing-block:-mt-(--shadow-height) has-data-writing-block:pt-(--shadow-height) [&amp;:has([data-writing-block])&gt;*]:pointer-events-auto scroll-mt-(--header-height)\" dir=\"auto\" tabindex=\"-1\" data-turn-id=\"d27d5449-fe70-4236-8005-12d7762541cc\" data-testid=\"conversation-turn-109\" data-scroll-anchor=\"false\" data-turn=\"user\"><\/article>\n<article class=\"text-token-text-primary w-full focus:outline-none [--shadow-height:45px] has-data-writing-block:pointer-events-none has-data-writing-block:-mt-(--shadow-height) has-data-writing-block:pt-(--shadow-height) [&amp;:has([data-writing-block])&gt;*]:pointer-events-auto scroll-mt-[calc(var(--header-height)+min(200px,max(70px,20svh)))]\" dir=\"auto\" tabindex=\"-1\" data-turn-id=\"request-WEB:0be5d431-25ab-46b1-b2ac-8cfd8d267a27-54\" data-testid=\"conversation-turn-110\" data-scroll-anchor=\"true\" data-turn=\"assistant\">\n<div class=\"text-base my-auto mx-auto pb-10 [--thread-content-margin:var(--thread-content-margin-xs,calc(var(--spacing)*4))] @w-sm\/main:[--thread-content-margin:var(--thread-content-margin-sm,calc(var(--spacing)*6))] @w-lg\/main:[--thread-content-margin:var(--thread-content-margin-lg,calc(var(--spacing)*16))] px-(--thread-content-margin)\">\n<div class=\"[--thread-content-max-width:40rem] @w-lg\/main:[--thread-content-max-width:48rem] mx-auto max-w-(--thread-content-max-width) flex-1 group\/turn-messages focus-visible:outline-hidden relative flex w-full min-w-0 flex-col agent-turn\" tabindex=\"-1\">\n<div class=\"flex max-w-full flex-col gap-4 grow\">\n<div class=\"min-h-8 text-message relative flex w-full flex-col items-end gap-2 text-start break-words whitespace-normal [.text-message+&amp;]:mt-1\" dir=\"auto\" data-message-author-role=\"assistant\" data-message-id=\"f4a607ec-77a8-49ef-99d3-77b0f90175df\" data-message-model-slug=\"gpt-5-3\">\n<div class=\"flex w-full flex-col gap-1 empty:hidden\">\n<div class=\"markdown prose dark:prose-invert w-full wrap-break-word light markdown-new-styling\">\n<h4 data-start=\"0\" data-end=\"88\"><span class=\"BZ_Pyq_fadeIn\">Hihaton <\/span><span class=\"BZ_Pyq_fadeIn\">toppi <\/span><span class=\"BZ_Pyq_fadeIn\">Sebring \u2013 <\/span><span class=\"BZ_Pyq_fadeIn\">naisten <\/span><span class=\"BZ_Pyq_fadeIn\">tekninen <\/span><span class=\"BZ_Pyq_fadeIn\">urheilutoppi <\/span><span class=\"BZ_Pyq_fadeIn\">painettuna <\/span><span class=\"BZ_Pyq_fadeIn\">tai <\/span><span class=\"BZ_Pyq_fadeIn\">painamattomana<\/span><\/h4>\n<p data-start=\"90\" data-end=\"348\"><span class=\"BZ_Pyq_fadeIn\">Sebring <\/span><span class=\"BZ_Pyq_fadeIn\">toppi <\/span><span class=\"BZ_Pyq_fadeIn\">on <\/span><span class=\"BZ_Pyq_fadeIn\">naisten <\/span><span class=\"BZ_Pyq_fadeIn\">urheilullinen <\/span><span class=\"BZ_Pyq_fadeIn\">tekninen <\/span><span class=\"BZ_Pyq_fadeIn\">toppi, <\/span><span class=\"BZ_Pyq_fadeIn\">joka <\/span><span class=\"BZ_Pyq_fadeIn\">on <\/span><span class=\"BZ_Pyq_fadeIn\">suunniteltu <\/span><span class=\"BZ_Pyq_fadeIn\">aktiiviseen <\/span><span class=\"BZ_Pyq_fadeIn\">liikuntaan <\/span><span class=\"BZ_Pyq_fadeIn\">kuten <\/span><span class=\"BZ_Pyq_fadeIn\">urheiluun, <\/span><span class=\"BZ_Pyq_fadeIn\">harjoitteluun, <\/span><span class=\"BZ_Pyq_fadeIn\">kuntosalille <\/span><span class=\"BZ_Pyq_fadeIn\">sek\u00e4 <\/span><span class=\"BZ_Pyq_fadeIn\">tapahtumiin. <\/span><span class=\"BZ_Pyq_fadeIn\">Hengitt\u00e4v\u00e4 <\/span><span class=\"BZ_Pyq_fadeIn\">ja <\/span><span class=\"BZ_Pyq_fadeIn\">joustava <\/span><span class=\"BZ_Pyq_fadeIn\">materiaali <\/span><span class=\"BZ_Pyq_fadeIn\">tekee <\/span><span class=\"BZ_Pyq_fadeIn\">topista <\/span><span class=\"BZ_Pyq_fadeIn\">mukavan <\/span><span class=\"BZ_Pyq_fadeIn\">k\u00e4ytt\u00e4\u00e4 <\/span><span class=\"BZ_Pyq_fadeIn\">my\u00f6s <\/span><span class=\"BZ_Pyq_fadeIn\">intensiivisess\u00e4 <\/span><span class=\"BZ_Pyq_fadeIn\">liikunnassa.<\/span><\/p>\n<p data-start=\"350\" data-end=\"545\"><span class=\"BZ_Pyq_fadeIn\">Tuotteet <\/span><span class=\"BZ_Pyq_fadeIn\">voidaan <\/span><span class=\"BZ_Pyq_fadeIn\">toimittaa <\/span><span class=\"BZ_Pyq_fadeIn\">sek\u00e4 <\/span><span class=\"BZ_Pyq_fadeIn\">painettuina <\/span><span class=\"BZ_Pyq_fadeIn\">ett\u00e4 <\/span><span class=\"BZ_Pyq_fadeIn\">painamattomina, <\/span><span class=\"BZ_Pyq_fadeIn\">joten <\/span><span class=\"BZ_Pyq_fadeIn\">topit <\/span><span class=\"BZ_Pyq_fadeIn\">voidaan <\/span><span class=\"BZ_Pyq_fadeIn\">valmistaa <\/span><span class=\"BZ_Pyq_fadeIn\">valmiiksi <\/span><span class=\"BZ_Pyq_fadeIn\">painettuina <\/span><span class=\"BZ_Pyq_fadeIn\">logolla <\/span><span class=\"BZ_Pyq_fadeIn\">tai <\/span><span class=\"BZ_Pyq_fadeIn\">grafiikalla <\/span><span class=\"BZ_Pyq_fadeIn\">tai <\/span><span class=\"BZ_Pyq_fadeIn\">toimittaa <\/span><span class=\"BZ_Pyq_fadeIn\">ilman <\/span><span class=\"BZ_Pyq_fadeIn\">painatusta <\/span><span class=\"BZ_Pyq_fadeIn\">jatkomerkkausta <\/span><span class=\"BZ_Pyq_fadeIn\">varten.<\/span><\/p>\n<p data-start=\"547\" data-end=\"730\"><span class=\"BZ_Pyq_fadeIn\">Topissa <\/span><span class=\"BZ_Pyq_fadeIn\">on <\/span><span class=\"BZ_Pyq_fadeIn\">urheilullinen <\/span><span class=\"BZ_Pyq_fadeIn\">racerback-<\/span><span class=\"BZ_Pyq_fadeIn\">mallinen <\/span><span class=\"BZ_Pyq_fadeIn\">selk\u00e4osa, <\/span><span class=\"BZ_Pyq_fadeIn\">joka <\/span><span class=\"BZ_Pyq_fadeIn\">parantaa <\/span><span class=\"BZ_Pyq_fadeIn\">liikkuvuutta <\/span><span class=\"BZ_Pyq_fadeIn\">ja <\/span><span class=\"BZ_Pyq_fadeIn\">antaa <\/span><span class=\"BZ_Pyq_fadeIn\">hyv\u00e4n <\/span><span class=\"BZ_Pyq_fadeIn\">tuen <\/span><span class=\"BZ_Pyq_fadeIn\">harjoittelun <\/span><span class=\"BZ_Pyq_fadeIn\">aikana. <\/span><span class=\"BZ_Pyq_fadeIn\">Korkea <\/span><span class=\"BZ_Pyq_fadeIn\">tuki <\/span><span class=\"BZ_Pyq_fadeIn\">tekee <\/span><span class=\"BZ_Pyq_fadeIn\">topista <\/span><span class=\"BZ_Pyq_fadeIn\">sopivan <\/span><span class=\"BZ_Pyq_fadeIn\">moniin <\/span><span class=\"BZ_Pyq_fadeIn\">eri <\/span><span class=\"BZ_Pyq_fadeIn\">urheilulajeihin.<\/span><\/p>\n<p data-start=\"732\" data-end=\"827\"><span class=\"BZ_Pyq_fadeIn\">Tekninen <\/span><span class=\"BZ_Pyq_fadeIn\">kangas <\/span><span class=\"BZ_Pyq_fadeIn\">on <\/span><span class=\"BZ_Pyq_fadeIn\">hengitt\u00e4v\u00e4 <\/span><span class=\"BZ_Pyq_fadeIn\">ja <\/span><span class=\"BZ_Pyq_fadeIn\">joustava, <\/span><span class=\"BZ_Pyq_fadeIn\">mik\u00e4 <\/span><span class=\"BZ_Pyq_fadeIn\">auttaa <\/span><span class=\"BZ_Pyq_fadeIn\">pit\u00e4m\u00e4\u00e4n <\/span><span class=\"BZ_Pyq_fadeIn\">olon <\/span><span class=\"BZ_Pyq_fadeIn\">mukavana <\/span><span class=\"BZ_Pyq_fadeIn\">liikunnan <\/span><span class=\"BZ_Pyq_fadeIn\">aikana.<\/span><\/p>\n<h3 data-section-id=\"rog7al\" data-start=\"829\" data-end=\"845\"><span class=\"BZ_Pyq_fadeIn\">Ominaisuudet<\/span><\/h3>\n<p data-start=\"847\" data-end=\"1042\"><span class=\"BZ_Pyq_fadeIn\">Naisten <\/span><span class=\"BZ_Pyq_fadeIn\">urheilutoppi \u2022 <\/span><span class=\"BZ_Pyq_fadeIn\">Hihaton <\/span><span class=\"BZ_Pyq_fadeIn\">malli \u2022 <\/span><span class=\"BZ_Pyq_fadeIn\">Racerback-<\/span><span class=\"BZ_Pyq_fadeIn\">olkaimet \u2022 <\/span><span class=\"BZ_Pyq_fadeIn\">Korkea <\/span><span class=\"BZ_Pyq_fadeIn\">tuki \u2022 <\/span><span class=\"BZ_Pyq_fadeIn\">Hengitt\u00e4v\u00e4 <\/span><span class=\"BZ_Pyq_fadeIn\">ja <\/span><span class=\"BZ_Pyq_fadeIn\">joustava <\/span><span class=\"BZ_Pyq_fadeIn\">tekninen <\/span><span class=\"BZ_Pyq_fadeIn\">kangas \u2022 <\/span><span class=\"BZ_Pyq_fadeIn\">Mukava <\/span><span class=\"BZ_Pyq_fadeIn\">istuvuus \u2022 <\/span><span class=\"BZ_Pyq_fadeIn\">Irrotettava <\/span><span class=\"BZ_Pyq_fadeIn\">etiketti \u2022 <\/span><span class=\"BZ_Pyq_fadeIn\">Saatavana <\/span><span class=\"BZ_Pyq_fadeIn\">painettuna <\/span><span class=\"BZ_Pyq_fadeIn\">tai <\/span><span class=\"BZ_Pyq_fadeIn\">painamattomana<\/span><\/p>\n<h3 data-section-id=\"dpzujp\" data-start=\"1044\" data-end=\"1058\"><span class=\"BZ_Pyq_fadeIn\">Materiaali<\/span><\/h3>\n<p data-start=\"1060\" data-end=\"1122\"><span class=\"BZ_Pyq_fadeIn\">75 % <\/span><span class=\"BZ_Pyq_fadeIn\">kierr\u00e4tetty <\/span><span class=\"BZ_Pyq_fadeIn\">polyesteri \/ <\/span><span class=\"BZ_Pyq_fadeIn\">25 % <\/span><span class=\"BZ_Pyq_fadeIn\">elastaani<\/span><br data-start=\"1104\" data-end=\"1107\" \/><span class=\"BZ_Pyq_fadeIn\">Paino: <\/span><span class=\"BZ_Pyq_fadeIn\">255 <\/span><span class=\"BZ_Pyq_fadeIn\">g\/<\/span><span class=\"BZ_Pyq_fadeIn\">m\u00b2<\/span><\/p>\n<p data-start=\"1124\" data-end=\"1233\"><span class=\"BZ_Pyq_fadeIn\">Joustava <\/span><span class=\"BZ_Pyq_fadeIn\">ja <\/span><span class=\"BZ_Pyq_fadeIn\">tekninen <\/span><span class=\"BZ_Pyq_fadeIn\">materiaali <\/span><span class=\"BZ_Pyq_fadeIn\">tarjoaa <\/span><span class=\"BZ_Pyq_fadeIn\">hyv\u00e4n <\/span><span class=\"BZ_Pyq_fadeIn\">tuen, <\/span><span class=\"BZ_Pyq_fadeIn\">hengitt\u00e4vyyden <\/span><span class=\"BZ_Pyq_fadeIn\">ja <\/span><span class=\"BZ_Pyq_fadeIn\">k\u00e4ytt\u00f6mukavuuden <\/span><span class=\"BZ_Pyq_fadeIn\">aktiivisessa <\/span><span class=\"BZ_Pyq_fadeIn\">k\u00e4yt\u00f6ss\u00e4.<\/span><\/p>\n<h3 data-section-id=\"q08wlc\" data-start=\"1235\" data-end=\"1251\"><span class=\"BZ_Pyq_fadeIn\">Toimitusaika<\/span><\/h3>\n<p data-start=\"1253\" data-end=\"1289\"><span class=\"BZ_Pyq_fadeIn\">Arvioitu <\/span><span class=\"BZ_Pyq_fadeIn\">toimitusaika <\/span><span class=\"BZ_Pyq_fadeIn\">noin <\/span><span class=\"BZ_Pyq_fadeIn\">1 <\/span><span class=\"BZ_Pyq_fadeIn\">viikko.<\/span><\/p>\n<p data-start=\"1291\" data-end=\"1365\"><span class=\"BZ_Pyq_fadeIn\">Toimitusaika <\/span><span class=\"BZ_Pyq_fadeIn\">voi <\/span><span class=\"BZ_Pyq_fadeIn\">vaihdella <\/span><span class=\"BZ_Pyq_fadeIn\">tilausm\u00e4\u00e4r\u00e4n <\/span><span class=\"BZ_Pyq_fadeIn\">ja <\/span><span class=\"BZ_Pyq_fadeIn\">mahdollisen <\/span><span class=\"BZ_Pyq_fadeIn\">painatuksen <\/span><span class=\"BZ_Pyq_fadeIn\">mukaan.<\/span><\/p>\n<h3 data-section-id=\"19f8ccq\" data-start=\"1367\" data-end=\"1384\"><span class=\"BZ_Pyq_fadeIn\">K\u00e4ytt\u00f6kohteet<\/span><\/h3>\n<p data-start=\"1386\" data-end=\"1522\"><span class=\"BZ_Pyq_fadeIn\">Urheilu \u2022 <\/span><span class=\"BZ_Pyq_fadeIn\">Kuntosali \u2022 <\/span><span class=\"BZ_Pyq_fadeIn\">Harjoittelu \u2022 <\/span><span class=\"BZ_Pyq_fadeIn\">Tapahtumat \u2022 <\/span><span class=\"BZ_Pyq_fadeIn\">Promootiotuotteet \u2022 <\/span><span class=\"BZ_Pyq_fadeIn\">Seuravaatteet \u2022 <\/span><span class=\"BZ_Pyq_fadeIn\">Br\u00e4ndituotteet \u2022 <\/span><span class=\"BZ_Pyq_fadeIn\">Verkkokauppamyynti \u2022 <\/span><span class=\"BZ_Pyq_fadeIn\">J\u00e4lleenmyynti<\/span><\/p>\n<h3 data-section-id=\"6b1txa\" data-start=\"1524\" data-end=\"1566\"><span class=\"BZ_Pyq_fadeIn\">Tuotteet <\/span><span class=\"BZ_Pyq_fadeIn\">painettuna <\/span><span class=\"BZ_Pyq_fadeIn\">tai <\/span><span class=\"BZ_Pyq_fadeIn\">painamattomana<\/span><\/h3>\n<p data-start=\"1568\" data-end=\"1686\"><span class=\"BZ_Pyq_fadeIn\">Voit <\/span><span class=\"BZ_Pyq_fadeIn\">tilata <\/span><span class=\"BZ_Pyq_fadeIn\">Sebring <\/span><span class=\"BZ_Pyq_fadeIn\">topit <\/span><span class=\"BZ_Pyq_fadeIn\">painamattomina <\/span><span class=\"BZ_Pyq_fadeIn\">omaa <\/span><span class=\"BZ_Pyq_fadeIn\">painotuotantoa <\/span><span class=\"BZ_Pyq_fadeIn\">varten <\/span><span class=\"BZ_Pyq_fadeIn\">tai <\/span><span class=\"BZ_Pyq_fadeIn\">valmiiksi <\/span><span class=\"BZ_Pyq_fadeIn\">painettuina <\/span><span class=\"BZ_Pyq_fadeIn\">logolla <\/span><span class=\"BZ_Pyq_fadeIn\">tai <\/span><span class=\"BZ_Pyq_fadeIn\">grafiikalla.<\/span><\/p>\n<h3 data-section-id=\"1pycund\" data-start=\"1688\" data-end=\"1717\"><span class=\"BZ_Pyq_fadeIn\">Mahdolliset <\/span><span class=\"BZ_Pyq_fadeIn\">merkkaustavat<\/span><\/h3>\n<p data-start=\"1719\" data-end=\"1806\"><span class=\"BZ_Pyq_fadeIn\">Painatus: <\/span><span class=\"BZ_Pyq_fadeIn\">Tuote <\/span><span class=\"BZ_Pyq_fadeIn\">painetaan <\/span><span class=\"BZ_Pyq_fadeIn\">DTF-<\/span><span class=\"BZ_Pyq_fadeIn\">painatuksella.<\/span><br data-start=\"1763\" data-end=\"1766\" \/><span class=\"BZ_Pyq_fadeIn\">Brodeeraus: <\/span><span class=\"BZ_Pyq_fadeIn\">Saatavilla <\/span><span class=\"BZ_Pyq_fadeIn\">tarjouspyynn\u00f6ll\u00e4.<\/span><\/p>\n<h3 data-section-id=\"gwkuul\" data-start=\"1808\" data-end=\"1840\"><span class=\"BZ_Pyq_fadeIn\">Suuret <\/span><span class=\"BZ_Pyq_fadeIn\">er\u00e4t <\/span><span class=\"BZ_Pyq_fadeIn\">ja <\/span><span class=\"BZ_Pyq_fadeIn\">j\u00e4lleenmyyj\u00e4t<\/span><\/h3>\n<p data-start=\"1842\" data-end=\"2085\"><span class=\"BZ_Pyq_fadeIn\">Roly24 <\/span><span class=\"BZ_Pyq_fadeIn\">toimittaa <\/span><span class=\"BZ_Pyq_fadeIn\">tuotteita <\/span><span class=\"BZ_Pyq_fadeIn\">my\u00f6s <\/span><span class=\"BZ_Pyq_fadeIn\">suuremmissa <\/span><span class=\"BZ_Pyq_fadeIn\">eriss\u00e4 <\/span><span class=\"BZ_Pyq_fadeIn\">tarjouspohjalta <\/span><span class=\"BZ_Pyq_fadeIn\">esimerkiksi <\/span><span class=\"BZ_Pyq_fadeIn\">j\u00e4lleenmyyjille, <\/span><span class=\"BZ_Pyq_fadeIn\">yrityksille, <\/span><span class=\"BZ_Pyq_fadeIn\">urheiluseuroille, <\/span><span class=\"BZ_Pyq_fadeIn\">yhdistyksille <\/span><span class=\"BZ_Pyq_fadeIn\">ja <\/span><span class=\"BZ_Pyq_fadeIn\">tapahtumaj\u00e4rjest\u00e4jille. <\/span><span class=\"BZ_Pyq_fadeIn\">Tuotteet <\/span><span class=\"BZ_Pyq_fadeIn\">voidaan <\/span><span class=\"BZ_Pyq_fadeIn\">toimittaa <\/span><span class=\"BZ_Pyq_fadeIn\">painettuina <\/span><span class=\"BZ_Pyq_fadeIn\">tai <\/span><span class=\"BZ_Pyq_fadeIn\">painamattomina <\/span><span class=\"BZ_Pyq_fadeIn\">tilauksen <\/span><span class=\"BZ_Pyq_fadeIn\">mukaan.<\/span><\/p>\n<p data-start=\"2087\" data-end=\"2123\"><span class=\"BZ_Pyq_fadeIn\">\ud83d\udce9 <\/span><span class=\"BZ_Pyq_fadeIn\">Pyyd\u00e4 <\/span><span class=\"BZ_Pyq_fadeIn\">tarjous <\/span><span class=\"BZ_Pyq_fadeIn\">suuremmista <\/span><span class=\"BZ_Pyq_fadeIn\">erist\u00e4.<\/span><\/p>\n<h3 data-section-id=\"181otkz\" data-start=\"2125\" data-end=\"2159\"><span class=\"BZ_Pyq_fadeIn\">FAQ \u2013 <\/span><span class=\"BZ_Pyq_fadeIn\">Usein <\/span><span class=\"BZ_Pyq_fadeIn\">kysytyt <\/span><span class=\"BZ_Pyq_fadeIn\">kysymykset<\/span><\/h3>\n<p data-start=\"2161\" data-end=\"2283\"><strong data-start=\"2161\" data-end=\"2203\"><span class=\"BZ_Pyq_fadeIn\">Voiko <\/span><span class=\"BZ_Pyq_fadeIn\">Sebring <\/span><span class=\"BZ_Pyq_fadeIn\">topin <\/span><span class=\"BZ_Pyq_fadeIn\">tilata <\/span><span class=\"BZ_Pyq_fadeIn\">painettuna?<\/span><\/strong><br data-start=\"2203\" data-end=\"2206\" \/><span class=\"BZ_Pyq_fadeIn\">Kyll\u00e4. <\/span><span class=\"BZ_Pyq_fadeIn\">Topit <\/span><span class=\"BZ_Pyq_fadeIn\">voidaan <\/span><span class=\"BZ_Pyq_fadeIn\">toimittaa <\/span><span class=\"BZ_Pyq_fadeIn\">valmiiksi <\/span><span class=\"BZ_Pyq_fadeIn\">painettuina <\/span><span class=\"BZ_Pyq_fadeIn\">logolla <\/span><span class=\"BZ_Pyq_fadeIn\">tai <\/span><span class=\"BZ_Pyq_fadeIn\">grafiikalla.<\/span><\/p>\n<p data-start=\"2285\" data-end=\"2389\"><strong data-start=\"2285\" data-end=\"2325\"><span class=\"BZ_Pyq_fadeIn\">Voiko <\/span><span class=\"BZ_Pyq_fadeIn\">topin <\/span><span class=\"BZ_Pyq_fadeIn\">tilata <\/span><span class=\"BZ_Pyq_fadeIn\">ilman <\/span><span class=\"BZ_Pyq_fadeIn\">painatusta?<\/span><\/strong><br data-start=\"2325\" data-end=\"2328\" \/><span class=\"BZ_Pyq_fadeIn\">Kyll\u00e4. <\/span><span class=\"BZ_Pyq_fadeIn\">Tuotteet <\/span><span class=\"BZ_Pyq_fadeIn\">myyd\u00e4\u00e4n <\/span><span class=\"BZ_Pyq_fadeIn\">sek\u00e4 <\/span><span class=\"BZ_Pyq_fadeIn\">painettuina <\/span><span class=\"BZ_Pyq_fadeIn\">ett\u00e4 <\/span><span class=\"BZ_Pyq_fadeIn\">painamattomina.<\/span><\/p>\n<p data-start=\"2391\" data-end=\"2514\"><strong data-start=\"2391\" data-end=\"2418\"><span class=\"BZ_Pyq_fadeIn\">Onko <\/span><span class=\"BZ_Pyq_fadeIn\">kangas <\/span><span class=\"BZ_Pyq_fadeIn\">hengitt\u00e4v\u00e4?<\/span><\/strong><br data-start=\"2418\" data-end=\"2421\" \/><span class=\"BZ_Pyq_fadeIn\">Kyll\u00e4. <\/span><span class=\"BZ_Pyq_fadeIn\">Tekninen <\/span><span class=\"BZ_Pyq_fadeIn\">kangas <\/span><span class=\"BZ_Pyq_fadeIn\">on <\/span><span class=\"BZ_Pyq_fadeIn\">hengitt\u00e4v\u00e4 <\/span><span class=\"BZ_Pyq_fadeIn\">ja <\/span><span class=\"BZ_Pyq_fadeIn\">joustava, <\/span><span class=\"BZ_Pyq_fadeIn\">mik\u00e4 <\/span><span class=\"BZ_Pyq_fadeIn\">parantaa <\/span><span class=\"BZ_Pyq_fadeIn\">k\u00e4ytt\u00f6mukavuutta <\/span><span class=\"BZ_Pyq_fadeIn\">liikunnassa.<\/span><\/p>\n<p data-start=\"2516\" data-end=\"2626\"><strong data-start=\"2516\" data-end=\"2558\"><span class=\"BZ_Pyq_fadeIn\">Onko <\/span><span class=\"BZ_Pyq_fadeIn\">materiaali <\/span><span class=\"BZ_Pyq_fadeIn\">osittain <\/span><span class=\"BZ_Pyq_fadeIn\">kierr\u00e4tetty\u00e4?<\/span><\/strong><br data-start=\"2558\" data-end=\"2561\" \/><span class=\"BZ_Pyq_fadeIn\">Kyll\u00e4. <\/span><span class=\"BZ_Pyq_fadeIn\">Toppi <\/span><span class=\"BZ_Pyq_fadeIn\">on <\/span><span class=\"BZ_Pyq_fadeIn\">valmistettu <\/span><span class=\"BZ_Pyq_fadeIn\">osittain <\/span><span class=\"BZ_Pyq_fadeIn\">kierr\u00e4tetyst\u00e4 <\/span><span class=\"BZ_Pyq_fadeIn\">polyesterista.<\/span><\/p>\n<p data-start=\"2628\" data-end=\"2757\" data-is-last-node=\"\" data-is-only-node=\"\"><strong data-start=\"2628\" data-end=\"2661\"><span class=\"BZ_Pyq_fadeIn\">Kuinka <\/span><span class=\"BZ_Pyq_fadeIn\">pitk\u00e4 <\/span><span class=\"BZ_Pyq_fadeIn\">toimitusaika <\/span><span class=\"BZ_Pyq_fadeIn\">on?<\/span><\/strong><br data-start=\"2661\" data-end=\"2664\" \/><span class=\"BZ_Pyq_fadeIn\">Arvioitu <\/span><span class=\"BZ_Pyq_fadeIn\">toimitusaika <\/span><span class=\"BZ_Pyq_fadeIn\">on <\/span><span class=\"BZ_Pyq_fadeIn\">noin <\/span><span class=\"BZ_Pyq_fadeIn\">1 <\/span><span class=\"BZ_Pyq_fadeIn\">viikko, <\/span><span class=\"BZ_Pyq_fadeIn\">riippuen <\/span><span class=\"BZ_Pyq_fadeIn\">tilausm\u00e4\u00e4r\u00e4st\u00e4 <\/span><span class=\"BZ_Pyq_fadeIn\">ja <\/span><span class=\"BZ_Pyq_fadeIn\">mahdollisesta <\/span><span class=\"BZ_Pyq_fadeIn\">merkinn\u00e4st\u00e4.<\/span><\/p>\n<\/div>\n<\/div>\n<\/div>\n<\/div>\n<\/div>\n<\/div>\n<\/article>\n<div data-v-5ec54137=\"\"><img decoding=\"async\" class=\"mr-1 grey\" title=\"30\u00ba pesu max.\" src=\"https:\/\/static.gorfactory.es\/images\/icons\/20220914110209_Lavar%20a%2030%C2%BA%20m%C3%A1ximo.png\" alt=\"30\u00ba pesu max.\" width=\"40\" height=\"40\" data-v-6089ed0a=\"\" data-v-00b2e954=\"\" \/><img decoding=\"async\" class=\"mr-1 grey\" title=\"\u00c4l\u00e4 valkaise\" src=\"https:\/\/static.gorfactory.es\/images\/icons\/20220914110315_No%20usar%20blanqueador.png\" alt=\"\u00c4l\u00e4 valkaise\" width=\"40\" height=\"40\" data-v-6089ed0a=\"\" data-v-00b2e954=\"\" \/><img decoding=\"async\" class=\"mr-1 grey\" title=\"\u00c4l\u00e4 rumpukuivaa\" src=\"https:\/\/static.gorfactory.es\/images\/icons\/20220914110302_No%20secar%20en%20secadora.png\" alt=\"\u00c4l\u00e4 rumpukuivaa\" width=\"40\" height=\"40\" data-v-6089ed0a=\"\" data-v-00b2e954=\"\" \/><img loading=\"lazy\" decoding=\"async\" class=\"mr-1 grey\" title=\"\u00c4l\u00e4 silit\u00e4\" src=\"https:\/\/static.gorfactory.es\/images\/icons\/20220914110249_No%20planchar.png\" alt=\"\u00c4l\u00e4 silit\u00e4\" width=\"40\" height=\"40\" data-v-6089ed0a=\"\" data-v-00b2e954=\"\" \/><img loading=\"lazy\" decoding=\"async\" class=\"mr-1 grey\" title=\"\u00c4l\u00e4 kuivapesua\" src=\"https:\/\/static.gorfactory.es\/images\/icons\/20220914110151_No%20lavar%20en%20seco.png\" alt=\"\u00c4l\u00e4 kuivapesua\" width=\"40\" height=\"40\" data-v-6089ed0a=\"\" data-v-00b2e954=\"\" \/><\/div>\n<div data-v-5ec54137=\"\"><strong>Mittausohjeet:<\/strong><br \/>\n<strong>Leveys: Tuotteen reunasta reunaan 2cm hihojen alapuolelta.<\/strong><br \/>\n<strong>Pituus: Olkap\u00e4\u00e4n korkeimmasta kohdasta tuotteen\u00a0alareunaan.<\/strong><\/div>\n<div data-v-5ec54137=\"\"><\/div>\n<table id=\"size_chart\" class=\"table table-responsive\" style=\"height: 265px;\" width=\"203\" cellspacing=\"0\" cellpadding=\"0\">\n<tbody>\n<tr>\n<th>Koko<\/th>\n<th><img decoding=\"async\" src=\"https:\/\/wordans-a1a5.kxcdn.com\/images\/wordans2010\/length.png\" alt=\"Length\" \/>\u00a0<label id=\"lengthLabel\">Pituus<\/label><\/th>\n<th><img decoding=\"async\" src=\"https:\/\/wordans-a1a5.kxcdn.com\/images\/wordans2010\/width.png\" alt=\"Width\" \/>\u00a0<label id=\"widthLabel\">Leveys<\/label><\/th>\n<\/tr>\n<tr>\n<td>S<\/td>\n<td>33<\/td>\n<td>32<\/td>\n<\/tr>\n<tr>\n<td>M<\/td>\n<td>35<\/td>\n<td>35<\/td>\n<\/tr>\n<tr>\n<td>L<\/td>\n<td>35,5<\/td>\n<td>37<\/td>\n<\/tr>\n<tr>\n<td>XL<\/td>\n<td>36<\/td>\n<td>40<\/td>\n<\/tr>\n<\/tbody>\n<\/table>\n<p>&nbsp;<\/p>\n","protected":false},"excerpt":{"rendered":"<p>Tuotenumero 501102 Hihaton toppi Sebring \u2013 naisten tekninen urheilutoppi painettuna tai painamattomana Sebring toppi on naisten urheilullinen tekninen toppi, joka on suunniteltu aktiiviseen liikuntaan kuten urheiluun, harjoitteluun, kuntosalille sek\u00e4 tapahtumiin. Hengitt\u00e4v\u00e4 ja joustava materiaali tekee topista mukavan k\u00e4ytt\u00e4\u00e4 my\u00f6s intensiivisess\u00e4 liikunnassa. Tuotteet voidaan toimittaa sek\u00e4 painettuina ett\u00e4 painamattomina, joten topit voidaan valmistaa valmiiksi painettuina logolla [&hellip;]<\/p>\n","protected":false},"featured_media":16139,"template":"","meta":{"_acf_changed":false,"om_disable_all_campaigns":false,"_monsterinsights_skip_tracking":false,"_monsterinsights_sitenote_active":false,"_monsterinsights_sitenote_note":"","_monsterinsights_sitenote_category":0},"product_brand":[],"product_cat":[525,512],"product_tag":[600,298,544,599],"class_list":{"0":"post-16130","1":"product","2":"type-product","3":"status-publish","4":"has-post-thumbnail","6":"product_cat-sport-leggins","7":"product_cat-sport","8":"product_tag-hihaton-paita","9":"product_tag-painatus","10":"product_tag-paita-painatus","11":"product_tag-tekninen-toppi","12":"product_shipping_class-postipaketti","14":"first","15":"instock","16":"taxable","17":"shipping-taxable","18":"purchasable","19":"product-type-simple"},"acf":[],"aioseo_notices":[],"_links":{"self":[{"href":"https:\/\/www.roly24.com\/index.php\/wp-json\/wp\/v2\/product\/16130","targetHints":{"allow":["GET"]}}],"collection":[{"href":"https:\/\/www.roly24.com\/index.php\/wp-json\/wp\/v2\/product"}],"about":[{"href":"https:\/\/www.roly24.com\/index.php\/wp-json\/wp\/v2\/types\/product"}],"version-history":[{"count":3,"href":"https:\/\/www.roly24.com\/index.php\/wp-json\/wp\/v2\/product\/16130\/revisions"}],"predecessor-version":[{"id":22169,"href":"https:\/\/www.roly24.com\/index.php\/wp-json\/wp\/v2\/product\/16130\/revisions\/22169"}],"wp:featuredmedia":[{"embeddable":true,"href":"https:\/\/www.roly24.com\/index.php\/wp-json\/wp\/v2\/media\/16139"}],"wp:attachment":[{"href":"https:\/\/www.roly24.com\/index.php\/wp-json\/wp\/v2\/media?parent=16130"}],"wp:term":[{"taxonomy":"product_brand","embeddable":true,"href":"https:\/\/www.roly24.com\/index.php\/wp-json\/wp\/v2\/product_brand?post=16130"},{"taxonomy":"product_cat","embeddable":true,"href":"https:\/\/www.roly24.com\/index.php\/wp-json\/wp\/v2\/product_cat?post=16130"},{"taxonomy":"product_tag","embeddable":true,"href":"https:\/\/www.roly24.com\/index.php\/wp-json\/wp\/v2\/product_tag?post=16130"}],"curies":[{"name":"wp","href":"https:\/\/api.w.org\/{rel}","templated":true}]}}