{"id":16067,"date":"2025-02-05T11:53:21","date_gmt":"2025-02-05T09:53:21","guid":{"rendered":"https:\/\/www.roly24.com\/?post_type=product&#038;p=16067"},"modified":"2026-03-14T08:58:15","modified_gmt":"2026-03-14T06:58:15","slug":"t-paita-avus","status":"publish","type":"product","link":"https:\/\/www.roly24.com\/index.php\/tuote\/t-paita-avus\/","title":{"rendered":"Naisten tekninen urheilu T-Paita AVUS 160g\/m\u00b2 painettuna tai painamattomana"},"content":{"rendered":"<p><strong>Tuotenumero 501106<\/strong><\/p>\n<h2 data-section-id=\"1qrnphp\" data-start=\"0\" data-end=\"79\">T-Paita Avus \u2013 naisten tekninen urheilut-paita painettuna tai painamattomana<\/h2>\n<p data-start=\"81\" data-end=\"452\"><strong data-start=\"81\" data-end=\"97\">Avus t-paita<\/strong> on mukava ja suorituskykyinen <strong data-start=\"128\" data-end=\"163\">naisten tekninen urheilut-paita<\/strong>, joka sopii erinomaisesti <strong data-start=\"190\" data-end=\"269\">urheiluun, treeniin, yrityspaitoihin, promootiotuotteisiin sek\u00e4 tapahtumiin<\/strong>. Tuotteet myyd\u00e4\u00e4n <strong data-start=\"288\" data-end=\"328\">sek\u00e4 painettuina ett\u00e4 painamattomina<\/strong>, joten paidat voidaan toimittaa valmiiksi painettuina logolla tai ilman painatusta omaa k\u00e4ytt\u00f6\u00e4 tai jatkopainatusta varten.<\/p>\n<p data-start=\"454\" data-end=\"805\">Paidassa on <strong data-start=\"466\" data-end=\"511\">raglan-tyyliset lyhyet hihat ja V-p\u00e4\u00e4ntie<\/strong>, jotka tarjoavat urheilullisen ilmeen ja hyv\u00e4n liikkuvuuden. <strong data-start=\"573\" data-end=\"596\">Mukautettu leikkaus<\/strong> parantaa istuvuutta ja tekee paidasta miellytt\u00e4v\u00e4n k\u00e4ytt\u00e4\u00e4 aktiivisessa liikunnassa. <strong data-start=\"682\" data-end=\"736\">Polyesteri-elastaanikangas tuntuu puuvillamaiselta<\/strong>, mutta tarjoaa teknisen kankaan hengitt\u00e4vyyden ja nopean kuivumisen.<\/p>\n<h3 data-section-id=\"rog7al\" data-start=\"807\" data-end=\"823\">Ominaisuudet<\/h3>\n<p data-start=\"824\" data-end=\"1147\">Naisten tekninen t-paita \u2022 Raglan-tyyliset lyhyet hihat \u2022 <strong data-start=\"882\" data-end=\"895\">V-p\u00e4\u00e4ntie<\/strong> \u2022 Mukautettu ja urheilullinen leikkaus \u2022 Hengitt\u00e4v\u00e4 ja nopeasti kuivuva kangas \u2022 Pehme\u00e4 puuvillamainen tuntuma \u2022 <strong data-start=\"1009\" data-end=\"1033\">Irrotettava etiketti<\/strong> (sopii j\u00e4lleenmyyntiin ja omaan br\u00e4nd\u00e4ykseen) \u2022 <strong data-start=\"1082\" data-end=\"1101\">Tekninen kangas<\/strong> \u2022 <strong data-start=\"1104\" data-end=\"1147\">Saatavana painettuna tai painamattomana<\/strong><\/p>\n<h3 data-section-id=\"dpzujp\" data-start=\"1149\" data-end=\"1163\">Materiaali<\/h3>\n<p data-start=\"1164\" data-end=\"1214\"><strong data-start=\"1164\" data-end=\"1199\">92 % polyesteri \/ 8 % elastaani<\/strong><br data-start=\"1199\" data-end=\"1202\" \/><strong data-start=\"1202\" data-end=\"1214\">160 g\/m\u00b2<\/strong><\/p>\n<p data-start=\"1216\" data-end=\"1344\">Tekninen kangas on hengitt\u00e4v\u00e4, joustava ja nopeasti kuivuva, mik\u00e4 tekee siit\u00e4 erinomaisen <strong data-start=\"1306\" data-end=\"1343\">urheiluun ja aktiiviseen k\u00e4ytt\u00f6\u00f6n<\/strong>.<\/p>\n<h3 data-section-id=\"zsljbm\" data-start=\"1346\" data-end=\"1370\">Huomio painatuksesta<\/h3>\n<p data-start=\"1371\" data-end=\"1460\"><strong data-start=\"1371\" data-end=\"1415\">Musta v\u00e4ri voidaan ainoastaan brodeerata<\/strong>, eik\u00e4 se sovellu muihin painatusmenetelmiin.<\/p>\n<h3 data-section-id=\"19f8ccq\" data-start=\"1462\" data-end=\"1479\">K\u00e4ytt\u00f6kohteet<\/h3>\n<p data-start=\"1480\" data-end=\"1657\">Sopii hyvin esimerkiksi:<br data-start=\"1504\" data-end=\"1507\" \/>urheiluun \u2022 treenipaitoihin \u2022 joukkuepaitoihin \u2022 yritystapahtumiin \u2022 promootiotuotteisiin \u2022 br\u00e4ndituotteisiin \u2022 verkkokauppamyyntiin \u2022 j\u00e4lleenmyyntiin<\/p>\n<h3 data-section-id=\"6b1txa\" data-start=\"1659\" data-end=\"1701\">Tuotteet painettuna tai painamattomana<\/h3>\n<p data-start=\"1702\" data-end=\"1822\">Voit tilata Avus paidat <strong data-start=\"1726\" data-end=\"1744\">painamattomina<\/strong> tai <strong data-start=\"1749\" data-end=\"1774\">valmiiksi painettuina<\/strong> esimerkiksi logolla, tekstill\u00e4 tai grafiikalla.<\/p>\n<p data-start=\"1824\" data-end=\"1934\">Mahdolliset merkkaustavat:<br data-start=\"1850\" data-end=\"1853\" \/><strong data-start=\"1853\" data-end=\"1899\">DTF-painatus\u00a0<\/strong><br data-start=\"1899\" data-end=\"1902\" \/>(Musta v\u00e4ri vain <strong data-start=\"1919\" data-end=\"1933\">brodeeraus<\/strong>)<\/p>\n<h3 data-section-id=\"gwkuul\" data-start=\"1936\" data-end=\"1968\">Suuret er\u00e4t ja j\u00e4lleenmyyj\u00e4t<\/h3>\n<p data-start=\"1969\" data-end=\"2192\">Toimitamme <strong data-start=\"1980\" data-end=\"2014\">suuremmat er\u00e4t tarjouspohjalta<\/strong> esimerkiksi j\u00e4lleenmyyjille, painotaloille, yrityksille, yhdistyksille ja tapahtumaj\u00e4rjest\u00e4jille. Tuotteet voidaan toimittaa <strong data-start=\"2140\" data-end=\"2174\">painettuina tai painamattomina<\/strong> tilauksen mukaan.<\/p>\n<p data-start=\"2194\" data-end=\"2234\">\ud83d\udce9 <strong data-start=\"2197\" data-end=\"2234\">Pyyd\u00e4 tarjous suuremmista erist\u00e4.<\/strong><\/p>\n<h3 data-section-id=\"181otkz\" data-start=\"2236\" data-end=\"2270\">FAQ \u2013 Usein kysytyt kysymykset<\/h3>\n<p data-start=\"2272\" data-end=\"2398\"><strong data-start=\"2272\" data-end=\"2314\">Voiko Avus t-paidan tilata painettuna?<\/strong><br data-start=\"2314\" data-end=\"2317\" \/>Kyll\u00e4. Paidat voidaan toimittaa <strong data-start=\"2349\" data-end=\"2397\">valmiiksi painettuina logolla tai designilla<\/strong>.<\/p>\n<p data-start=\"2400\" data-end=\"2511\"><strong data-start=\"2400\" data-end=\"2443\">Voiko t-paidan tilata ilman painatusta?<\/strong><br data-start=\"2443\" data-end=\"2446\" \/>Kyll\u00e4. Tuotteet myyd\u00e4\u00e4n <strong data-start=\"2470\" data-end=\"2510\">sek\u00e4 painettuina ett\u00e4 painamattomina<\/strong>.<\/p>\n<p data-start=\"2513\" data-end=\"2669\"><strong data-start=\"2513\" data-end=\"2542\">Onko Avus hyv\u00e4 urheiluun?<\/strong><br data-start=\"2542\" data-end=\"2545\" \/>Kyll\u00e4. Hengitt\u00e4v\u00e4 ja nopeasti kuivuva <strong data-start=\"2583\" data-end=\"2622\">tekninen polyesteri-elastaanikangas<\/strong> sopii hyvin urheiluun ja aktiiviseen k\u00e4ytt\u00f6\u00f6n.<\/p>\n<p data-start=\"2671\" data-end=\"2783\"><strong data-start=\"2671\" data-end=\"2703\">Mit\u00e4 materiaalia t-paita on?<\/strong><br data-start=\"2703\" data-end=\"2706\" \/>T-paita on valmistettu <strong data-start=\"2729\" data-end=\"2782\">92 % polyesterist\u00e4 ja 8 % elastaanista (160 g\/m\u00b2)<\/strong>.<\/p>\n<p data-start=\"2785\" data-end=\"2915\"><strong data-start=\"2785\" data-end=\"2829\">Voiko mustaan paitaan tehd\u00e4 painatuksen?<\/strong><br data-start=\"2829\" data-end=\"2832\" \/>Musta v\u00e4ri voidaan <strong data-start=\"2851\" data-end=\"2870\">vain brodeerata<\/strong>, eik\u00e4 se sovellu muihin merkkausmenetelmiin.<\/p>\n<p data-start=\"2917\" data-end=\"3067\"><strong data-start=\"2917\" data-end=\"2951\">Sopiiko paita j\u00e4lleenmyyntiin?<\/strong><br data-start=\"2951\" data-end=\"2954\" \/>Kyll\u00e4. <strong data-start=\"2961\" data-end=\"2985\">Irrotettava etiketti<\/strong> mahdollistaa oman br\u00e4ndin lis\u00e4\u00e4misen ja tekee tuotteesta sopivan j\u00e4lleenmyyntiin.<\/p>\n<div data-v-5ec54137=\"\"><img decoding=\"async\" class=\"mr-1 grey\" title=\"30\u00ba pesu max.\" src=\"https:\/\/static.gorfactory.es\/images\/icons\/20220914110209_Lavar%20a%2030%C2%BA%20m%C3%A1ximo.png\" alt=\"30\u00ba pesu max.\" width=\"40\" height=\"40\" data-v-6089ed0a=\"\" data-v-00b2e954=\"\" \/><img decoding=\"async\" class=\"mr-1 grey\" title=\"\u00c4l\u00e4 valkaise\" src=\"https:\/\/static.gorfactory.es\/images\/icons\/20220914110315_No%20usar%20blanqueador.png\" alt=\"\u00c4l\u00e4 valkaise\" width=\"40\" height=\"40\" data-v-6089ed0a=\"\" data-v-00b2e954=\"\" \/><img decoding=\"async\" class=\"mr-1 grey\" title=\"\u00c4l\u00e4 rumpukuivaa\" src=\"https:\/\/static.gorfactory.es\/images\/icons\/20220914110302_No%20secar%20en%20secadora.png\" alt=\"\u00c4l\u00e4 rumpukuivaa\" width=\"40\" height=\"40\" data-v-6089ed0a=\"\" data-v-00b2e954=\"\" \/><img loading=\"lazy\" decoding=\"async\" class=\"mr-1 grey\" title=\"Silitys alhaisessa l\u00e4mp\u00f6tilassa (max. 110\u00ba)\" src=\"https:\/\/static.gorfactory.es\/images\/icons\/20221117085113_Planchar-110.png\" alt=\"Silitys alhaisessa l\u00e4mp\u00f6tilassa (max. 110\u00ba)\" width=\"40\" height=\"40\" data-v-6089ed0a=\"\" data-v-00b2e954=\"\" \/><img loading=\"lazy\" decoding=\"async\" class=\"mr-1 grey\" title=\"\u00c4l\u00e4 kuivapesua\" src=\"https:\/\/static.gorfactory.es\/images\/icons\/20220914110151_No%20lavar%20en%20seco.png\" alt=\"\u00c4l\u00e4 kuivapesua\" width=\"40\" height=\"40\" data-v-6089ed0a=\"\" data-v-00b2e954=\"\" \/><\/div>\n<div data-v-5ec54137=\"\"><\/div>\n<div data-v-5ec54137=\"\"><strong>Mittausohjeet:<\/strong><br \/>\n<strong>Leveys: Tuotteen reunasta reunaan 2cm hihojen alapuolelta.<\/strong><br \/>\n<strong>Pituus: Olkap\u00e4\u00e4n korkeimmasta kohdasta tuotteen\u00a0alareunaan.<\/strong><\/div>\n<table id=\"size_chart\" class=\"table table-responsive\" style=\"height: 265px;\" width=\"203\" cellspacing=\"0\" cellpadding=\"0\">\n<tbody>\n<tr>\n<th>Koko<\/th>\n<th><img decoding=\"async\" src=\"https:\/\/wordans-a1a5.kxcdn.com\/images\/wordans2010\/length.png\" alt=\"Length\" \/>\u00a0<label id=\"lengthLabel\">Pituus<\/label><\/th>\n<th><img decoding=\"async\" src=\"https:\/\/wordans-a1a5.kxcdn.com\/images\/wordans2010\/width.png\" alt=\"Width\" \/>\u00a0<label id=\"widthLabel\">Leveys<\/label><\/th>\n<\/tr>\n<tr>\n<td>S<\/td>\n<td>60<\/td>\n<td>44<\/td>\n<\/tr>\n<tr>\n<td>M<\/td>\n<td>62<\/td>\n<td>46<\/td>\n<\/tr>\n<tr>\n<td>L<\/td>\n<td>64<\/td>\n<td>48<\/td>\n<\/tr>\n<tr>\n<td>XL<\/td>\n<td>66<\/td>\n<td>50<\/td>\n<\/tr>\n<tr>\n<td>2XL<\/td>\n<td>68<\/td>\n<td>52<\/td>\n<\/tr>\n<\/tbody>\n<\/table>\n<p>&nbsp;<\/p>\n","protected":false},"excerpt":{"rendered":"<p>Tuotenumero 501106 T-Paita Avus \u2013 naisten tekninen urheilut-paita painettuna tai painamattomana Avus t-paita on mukava ja suorituskykyinen naisten tekninen urheilut-paita, joka sopii erinomaisesti urheiluun, treeniin, yrityspaitoihin, promootiotuotteisiin sek\u00e4 tapahtumiin. Tuotteet myyd\u00e4\u00e4n sek\u00e4 painettuina ett\u00e4 painamattomina, joten paidat voidaan toimittaa valmiiksi painettuina logolla tai ilman painatusta omaa k\u00e4ytt\u00f6\u00e4 tai jatkopainatusta varten. Paidassa on raglan-tyyliset lyhyet hihat [&hellip;]<\/p>\n","protected":false},"featured_media":16068,"template":"","meta":{"_acf_changed":false,"om_disable_all_campaigns":false,"_monsterinsights_skip_tracking":false,"_monsterinsights_sitenote_active":false,"_monsterinsights_sitenote_note":"","_monsterinsights_sitenote_category":0},"product_brand":[],"product_cat":[512,513],"product_tag":[298,544,425,555],"class_list":{"0":"post-16067","1":"product","2":"type-product","3":"status-publish","4":"has-post-thumbnail","6":"product_cat-sport","7":"product_cat-sport-t-paidat","8":"product_tag-painatus","9":"product_tag-paita-painatus","10":"product_tag-t-paita","11":"product_tag-tekninen-paita","12":"product_shipping_class-postipaketti","14":"first","15":"instock","16":"taxable","17":"shipping-taxable","18":"purchasable","19":"product-type-simple"},"acf":[],"aioseo_notices":[],"_links":{"self":[{"href":"https:\/\/www.roly24.com\/index.php\/wp-json\/wp\/v2\/product\/16067","targetHints":{"allow":["GET"]}}],"collection":[{"href":"https:\/\/www.roly24.com\/index.php\/wp-json\/wp\/v2\/product"}],"about":[{"href":"https:\/\/www.roly24.com\/index.php\/wp-json\/wp\/v2\/types\/product"}],"version-history":[{"count":5,"href":"https:\/\/www.roly24.com\/index.php\/wp-json\/wp\/v2\/product\/16067\/revisions"}],"predecessor-version":[{"id":21934,"href":"https:\/\/www.roly24.com\/index.php\/wp-json\/wp\/v2\/product\/16067\/revisions\/21934"}],"wp:featuredmedia":[{"embeddable":true,"href":"https:\/\/www.roly24.com\/index.php\/wp-json\/wp\/v2\/media\/16068"}],"wp:attachment":[{"href":"https:\/\/www.roly24.com\/index.php\/wp-json\/wp\/v2\/media?parent=16067"}],"wp:term":[{"taxonomy":"product_brand","embeddable":true,"href":"https:\/\/www.roly24.com\/index.php\/wp-json\/wp\/v2\/product_brand?post=16067"},{"taxonomy":"product_cat","embeddable":true,"href":"https:\/\/www.roly24.com\/index.php\/wp-json\/wp\/v2\/product_cat?post=16067"},{"taxonomy":"product_tag","embeddable":true,"href":"https:\/\/www.roly24.com\/index.php\/wp-json\/wp\/v2\/product_tag?post=16067"}],"curies":[{"name":"wp","href":"https:\/\/api.w.org\/{rel}","templated":true}]}}