{"id":16037,"date":"2025-02-05T11:18:55","date_gmt":"2025-02-05T09:18:55","guid":{"rendered":"https:\/\/www.roly24.com\/?post_type=product&#038;p=16037"},"modified":"2026-03-14T09:47:40","modified_gmt":"2026-03-14T07:47:40","slug":"t-paita-slam-woman","status":"publish","type":"product","link":"https:\/\/www.roly24.com\/index.php\/tuote\/t-paita-slam-woman\/","title":{"rendered":"Naisten tekninen T-Paita SLAM 100g\/m\u00b2  painettuna tai painamattomana"},"content":{"rendered":"<p><strong>Tuotenumero 501108<\/strong><\/p>\n<h2 data-section-id=\"jj6ks5\" data-start=\"0\" data-end=\"85\">T-Paita Slam Woman \u2013 naisten tekninen urheilut-paita painettuna tai painamattomana<\/h2>\n<p data-start=\"87\" data-end=\"573\"><strong data-start=\"87\" data-end=\"109\">Slam Woman t-paita<\/strong> on kevyt ja suorituskykyinen <strong data-start=\"139\" data-end=\"188\">naisten tekninen lyhythihainen urheilut-paita<\/strong>, joka on valmistettu <strong data-start=\"210\" data-end=\"241\">kierr\u00e4tetyst\u00e4 polyesterista<\/strong>. Paita sopii erinomaisesti <strong data-start=\"269\" data-end=\"364\">urheiluun, treeniin, juoksuun, yritystapahtumiin, promootiotuotteisiin sek\u00e4 j\u00e4lleenmyyntiin<\/strong>. Tuotteet myyd\u00e4\u00e4n <strong data-start=\"383\" data-end=\"423\">sek\u00e4 painettuina ett\u00e4 painamattomina<\/strong>, joten paidat voidaan toimittaa valmiiksi painettuina logolla, tekstill\u00e4 tai designilla tai ilman painatusta omaa k\u00e4ytt\u00f6\u00e4 tai jatkopainatusta varten.<\/p>\n<p data-start=\"575\" data-end=\"1097\">Paidassa on <strong data-start=\"587\" data-end=\"618\">kevyt ja hengitt\u00e4v\u00e4 rakenne<\/strong>, jossa yhdistyv\u00e4t <strong data-start=\"637\" data-end=\"678\">joustavat ja ilmavat tekniset kankaat<\/strong>. <strong data-start=\"680\" data-end=\"731\">Selk\u00e4osa ja hihat hengitt\u00e4v\u00e4st\u00e4 verkkokankaasta<\/strong> parantavat ilmanvaihtoa ja k\u00e4ytt\u00f6mukavuutta. <strong data-start=\"777\" data-end=\"839\">Eteenp\u00e4in suuntautuvat vinot saumat sivuilla ja olkap\u00e4ill\u00e4<\/strong> lis\u00e4\u00e4v\u00e4t liikkuvuutta ja antavat modernin urheilullisen ilmeen. <strong data-start=\"904\" data-end=\"925\">Py\u00f6ristetty helma<\/strong> parantaa istuvuutta ja k\u00e4ytt\u00f6mukavuutta aktiivisessa k\u00e4yt\u00f6ss\u00e4. Kauluksessa on <strong data-start=\"1004\" data-end=\"1054\">ristikk\u00e4iset yksityiskohdat ja peitetyt saumat<\/strong>, jotka lis\u00e4\u00e4v\u00e4t kest\u00e4vyytt\u00e4 ja mukavuutta.<\/p>\n<h3 data-section-id=\"rog7al\" data-start=\"1099\" data-end=\"1115\">Ominaisuudet<\/h3>\n<p data-start=\"1116\" data-end=\"1604\">Naisten tekninen lyhythihainen t-paita \u2022 Kevyt ja hengitt\u00e4v\u00e4 design \u2022 <strong data-start=\"1186\" data-end=\"1218\">Kierr\u00e4tetty polyesterikangas<\/strong> \u2022 Py\u00f6re\u00e4 kaulus ristikk\u00e4isill\u00e4 yksityiskohdilla \u2022 Peitetyt saumat kauluksessa \u2022 <strong data-start=\"1299\" data-end=\"1346\">Hengitt\u00e4v\u00e4 verkkokangas sel\u00e4ss\u00e4 ja hihoissa<\/strong> \u2022 Vinot ja eteenp\u00e4in suuntautuvat saumat sivuilla ja olkap\u00e4ill\u00e4 \u2022 <strong data-start=\"1413\" data-end=\"1434\">Py\u00f6ristetty helma<\/strong> \u2022 Yhdistetty joustaviin ja hengitt\u00e4viin kankaisiin \u2022 <strong data-start=\"1488\" data-end=\"1512\">Irrotettava etiketti<\/strong> (sopii j\u00e4lleenmyyntiin ja omaan br\u00e4nd\u00e4ykseen) \u2022 <strong data-start=\"1561\" data-end=\"1604\">Saatavana painettuna tai painamattomana<\/strong><\/p>\n<h3 data-section-id=\"dpzujp\" data-start=\"1606\" data-end=\"1620\">Materiaali<\/h3>\n<p data-start=\"1621\" data-end=\"1730\"><strong data-start=\"1621\" data-end=\"1635\">P\u00e4\u00e4kangas:<\/strong> 100 % kierr\u00e4tetty polyesteri<br data-start=\"1664\" data-end=\"1667\" \/><strong data-start=\"1667\" data-end=\"1684\">Verkkokangas:<\/strong> 92 % kierr\u00e4tetty polyesteri \/ 8 % elastaani<\/p>\n<p data-start=\"1732\" data-end=\"1751\"><strong data-start=\"1732\" data-end=\"1742\">Paino:<\/strong> 100 g\/m\u00b2<\/p>\n<p data-start=\"1753\" data-end=\"1845\">Kevyt tekninen materiaali on <strong data-start=\"1782\" data-end=\"1844\">hengitt\u00e4v\u00e4, nopeasti kuivuva ja eritt\u00e4in mukava urheilussa<\/strong>.<\/p>\n<h3 data-section-id=\"q08wlc\" data-start=\"1847\" data-end=\"1863\">Toimitusaika<\/h3>\n<p data-start=\"1864\" data-end=\"1981\"><strong data-start=\"1864\" data-end=\"1904\">Arvioitu toimitusaika noin 1 viikko.<\/strong><br data-start=\"1904\" data-end=\"1907\" \/>Toimitusaika voi vaihdella tilausm\u00e4\u00e4r\u00e4n ja mahdollisen painatuksen mukaan.<\/p>\n<h3 data-section-id=\"19f8ccq\" data-start=\"1983\" data-end=\"2000\">K\u00e4ytt\u00f6kohteet<\/h3>\n<p data-start=\"2001\" data-end=\"2197\">Sopii hyvin esimerkiksi:<br data-start=\"2025\" data-end=\"2028\" \/>urheiluun \u2022 treeniin \u2022 juoksuun \u2022 kuntosalille \u2022 joukkuepaitoihin \u2022 yritystapahtumiin \u2022 promootiotuotteisiin \u2022 br\u00e4ndituotteisiin \u2022 verkkokauppamyyntiin \u2022 j\u00e4lleenmyyntiin<\/p>\n<h3 data-section-id=\"6b1txa\" data-start=\"2199\" data-end=\"2241\">Tuotteet painettuna tai painamattomana<\/h3>\n<p data-start=\"2242\" data-end=\"2395\">Voit tilata Slam Woman paidat <strong data-start=\"2272\" data-end=\"2290\">painamattomina<\/strong> omaa painotuotantoa varten tai <strong data-start=\"2322\" data-end=\"2347\">valmiiksi painettuina<\/strong> esimerkiksi logolla, tekstill\u00e4 tai grafiikalla.<\/p>\n<p data-start=\"2397\" data-end=\"2472\">Mahdolliset merkkaustavat:<br data-start=\"2423\" data-end=\"2426\" \/><strong data-start=\"2426\" data-end=\"2472\">DTF-painatus \u2022 siirtopainatus \u2022 brodeeraus<\/strong><\/p>\n<h3 data-section-id=\"gwkuul\" data-start=\"2474\" data-end=\"2506\">Suuret er\u00e4t ja j\u00e4lleenmyyj\u00e4t<\/h3>\n<p data-start=\"2507\" data-end=\"2730\">Toimitamme <strong data-start=\"2518\" data-end=\"2552\">suuremmat er\u00e4t tarjouspohjalta<\/strong> esimerkiksi j\u00e4lleenmyyjille, painotaloille, yrityksille, yhdistyksille ja tapahtumaj\u00e4rjest\u00e4jille. Tuotteet voidaan toimittaa <strong data-start=\"2678\" data-end=\"2712\">painettuina tai painamattomina<\/strong> tilauksen mukaan.<\/p>\n<p data-start=\"2732\" data-end=\"2772\">\ud83d\udce9 <strong data-start=\"2735\" data-end=\"2772\">Pyyd\u00e4 tarjous suuremmista erist\u00e4.<\/strong><\/p>\n<h3 data-section-id=\"181otkz\" data-start=\"2774\" data-end=\"2808\">FAQ \u2013 Usein kysytyt kysymykset<\/h3>\n<p data-start=\"2810\" data-end=\"2949\"><strong data-start=\"2810\" data-end=\"2858\">Voiko Slam Woman t-paidan tilata painettuna?<\/strong><br data-start=\"2858\" data-end=\"2861\" \/>Kyll\u00e4. Paidat voidaan toimittaa <strong data-start=\"2893\" data-end=\"2948\">valmiiksi painettuina omalla logolla tai designilla<\/strong>.<\/p>\n<p data-start=\"2951\" data-end=\"3062\"><strong data-start=\"2951\" data-end=\"2994\">Voiko t-paidan tilata ilman painatusta?<\/strong><br data-start=\"2994\" data-end=\"2997\" \/>Kyll\u00e4. Tuotteet myyd\u00e4\u00e4n <strong data-start=\"3021\" data-end=\"3061\">sek\u00e4 painettuina ett\u00e4 painamattomina<\/strong>.<\/p>\n<p data-start=\"3064\" data-end=\"3232\"><strong data-start=\"3064\" data-end=\"3099\">Onko Slam Woman hyv\u00e4 urheiluun?<\/strong><br data-start=\"3099\" data-end=\"3102\" \/>Kyll\u00e4. <strong data-start=\"3109\" data-end=\"3168\">Hengitt\u00e4v\u00e4 verkkokangas ja kevyt kierr\u00e4tetty polyesteri<\/strong> tekev\u00e4t paidasta erinomaisen urheiluun ja aktiiviseen k\u00e4ytt\u00f6\u00f6n.<\/p>\n<p data-start=\"3234\" data-end=\"3417\"><strong data-start=\"3234\" data-end=\"3266\">Mit\u00e4 materiaalia t-paita on?<\/strong><br data-start=\"3266\" data-end=\"3269\" \/>Paita on valmistettu <strong data-start=\"3290\" data-end=\"3327\">100 % kierr\u00e4tetyst\u00e4 polyesterist\u00e4<\/strong>, ja verkkokangas sis\u00e4lt\u00e4\u00e4 <strong data-start=\"3354\" data-end=\"3416\">92 % kierr\u00e4tetty\u00e4 polyesteri\u00e4 ja 8 % elastaania (100 g\/m\u00b2)<\/strong>.<\/p>\n<p data-start=\"3419\" data-end=\"3554\"><strong data-start=\"3419\" data-end=\"3452\">Kuinka pitk\u00e4 toimitusaika on?<\/strong><br data-start=\"3452\" data-end=\"3455\" \/>Arvioitu toimitusaika on <strong data-start=\"3480\" data-end=\"3497\">noin 1 viikko<\/strong>, riippuen tilausm\u00e4\u00e4r\u00e4st\u00e4 ja mahdollisesta painatuksesta.<\/p>\n<div data-v-5ec54137=\"\"><img decoding=\"async\" class=\"mr-1 grey\" title=\"30\u00ba pesu max.\" src=\"https:\/\/static.gorfactory.es\/images\/icons\/20220914110209_Lavar%20a%2030%C2%BA%20m%C3%A1ximo.png\" alt=\"30\u00ba pesu max.\" width=\"40\" height=\"40\" data-v-6089ed0a=\"\" data-v-00b2e954=\"\" \/><img decoding=\"async\" class=\"mr-1 grey\" title=\"\u00c4l\u00e4 valkaise\" src=\"https:\/\/static.gorfactory.es\/images\/icons\/20220914110315_No%20usar%20blanqueador.png\" alt=\"\u00c4l\u00e4 valkaise\" width=\"40\" height=\"40\" data-v-6089ed0a=\"\" data-v-00b2e954=\"\" \/><img decoding=\"async\" class=\"mr-1 grey\" title=\"\u00c4l\u00e4 rumpukuivaa\" src=\"https:\/\/static.gorfactory.es\/images\/icons\/20220914110302_No%20secar%20en%20secadora.png\" alt=\"\u00c4l\u00e4 rumpukuivaa\" width=\"40\" height=\"40\" data-v-6089ed0a=\"\" data-v-00b2e954=\"\" \/><img loading=\"lazy\" decoding=\"async\" class=\"mr-1 grey\" title=\"Silitys alhaisessa l\u00e4mp\u00f6tilassa (max. 110\u00ba)\" src=\"https:\/\/static.gorfactory.es\/images\/icons\/20221117085113_Planchar-110.png\" alt=\"Silitys alhaisessa l\u00e4mp\u00f6tilassa (max. 110\u00ba)\" width=\"40\" height=\"40\" data-v-6089ed0a=\"\" data-v-00b2e954=\"\" \/><img loading=\"lazy\" decoding=\"async\" class=\"mr-1 grey\" title=\"\u00c4l\u00e4 kuivapesua\" src=\"https:\/\/static.gorfactory.es\/images\/icons\/20220914110151_No%20lavar%20en%20seco.png\" alt=\"\u00c4l\u00e4 kuivapesua\" width=\"40\" height=\"40\" data-v-6089ed0a=\"\" data-v-00b2e954=\"\" \/><\/div>\n<div data-v-5ec54137=\"\"><\/div>\n<div data-v-5ec54137=\"\"><strong>Mittausohjeet:<\/strong><br \/>\n<strong>Leveys: Tuotteen reunasta reunaan 2cm hihojen alapuolelta.<\/strong><br \/>\n<strong>Pituus: Olkap\u00e4\u00e4n korkeimmasta kohdasta tuotteen\u00a0alareunaan.<\/strong><\/div>\n<div data-v-5ec54137=\"\"><\/div>\n<table id=\"size_chart\" class=\"table table-responsive\" style=\"height: 265px;\" width=\"203\" cellspacing=\"0\" cellpadding=\"0\">\n<tbody>\n<tr>\n<th>Koko<\/th>\n<th><img decoding=\"async\" src=\"https:\/\/wordans-a1a5.kxcdn.com\/images\/wordans2010\/length.png\" alt=\"Length\" \/>\u00a0<label id=\"lengthLabel\">Pituus<\/label><\/th>\n<th><img decoding=\"async\" src=\"https:\/\/wordans-a1a5.kxcdn.com\/images\/wordans2010\/width.png\" alt=\"Width\" \/>\u00a0<label id=\"widthLabel\">Leveys<\/label><\/th>\n<\/tr>\n<tr>\n<td>S<\/td>\n<td>41,5<\/td>\n<td>62<\/td>\n<\/tr>\n<tr>\n<td>M<\/td>\n<td>44,5<\/td>\n<td>64<\/td>\n<\/tr>\n<tr>\n<td>L<\/td>\n<td>47,5<\/td>\n<td>66<\/td>\n<\/tr>\n<tr>\n<td>XL<\/td>\n<td>50,5<\/td>\n<td>68<\/td>\n<\/tr>\n<tr>\n<td>2XL<\/td>\n<td>53,5<\/td>\n<td>70<\/td>\n<\/tr>\n<\/tbody>\n<\/table>\n<p>&nbsp;<\/p>\n","protected":false},"excerpt":{"rendered":"<p>Tuotenumero 501108 T-Paita Slam Woman \u2013 naisten tekninen urheilut-paita painettuna tai painamattomana Slam Woman t-paita on kevyt ja suorituskykyinen naisten tekninen lyhythihainen urheilut-paita, joka on valmistettu kierr\u00e4tetyst\u00e4 polyesterista. Paita sopii erinomaisesti urheiluun, treeniin, juoksuun, yritystapahtumiin, promootiotuotteisiin sek\u00e4 j\u00e4lleenmyyntiin. Tuotteet myyd\u00e4\u00e4n sek\u00e4 painettuina ett\u00e4 painamattomina, joten paidat voidaan toimittaa valmiiksi painettuina logolla, tekstill\u00e4 tai designilla tai [&hellip;]<\/p>\n","protected":false},"featured_media":16038,"template":"","meta":{"_acf_changed":false,"om_disable_all_campaigns":false,"_monsterinsights_skip_tracking":false,"_monsterinsights_sitenote_active":false,"_monsterinsights_sitenote_note":"","_monsterinsights_sitenote_category":0},"product_brand":[],"product_cat":[512,513],"product_tag":[298,544,425,555],"class_list":{"0":"post-16037","1":"product","2":"type-product","3":"status-publish","4":"has-post-thumbnail","6":"product_cat-sport","7":"product_cat-sport-t-paidat","8":"product_tag-painatus","9":"product_tag-paita-painatus","10":"product_tag-t-paita","11":"product_tag-tekninen-paita","12":"product_shipping_class-postipaketti","14":"first","15":"instock","16":"taxable","17":"shipping-taxable","18":"purchasable","19":"product-type-simple"},"acf":[],"aioseo_notices":[],"_links":{"self":[{"href":"https:\/\/www.roly24.com\/index.php\/wp-json\/wp\/v2\/product\/16037","targetHints":{"allow":["GET"]}}],"collection":[{"href":"https:\/\/www.roly24.com\/index.php\/wp-json\/wp\/v2\/product"}],"about":[{"href":"https:\/\/www.roly24.com\/index.php\/wp-json\/wp\/v2\/types\/product"}],"version-history":[{"count":3,"href":"https:\/\/www.roly24.com\/index.php\/wp-json\/wp\/v2\/product\/16037\/revisions"}],"predecessor-version":[{"id":21965,"href":"https:\/\/www.roly24.com\/index.php\/wp-json\/wp\/v2\/product\/16037\/revisions\/21965"}],"wp:featuredmedia":[{"embeddable":true,"href":"https:\/\/www.roly24.com\/index.php\/wp-json\/wp\/v2\/media\/16038"}],"wp:attachment":[{"href":"https:\/\/www.roly24.com\/index.php\/wp-json\/wp\/v2\/media?parent=16037"}],"wp:term":[{"taxonomy":"product_brand","embeddable":true,"href":"https:\/\/www.roly24.com\/index.php\/wp-json\/wp\/v2\/product_brand?post=16037"},{"taxonomy":"product_cat","embeddable":true,"href":"https:\/\/www.roly24.com\/index.php\/wp-json\/wp\/v2\/product_cat?post=16037"},{"taxonomy":"product_tag","embeddable":true,"href":"https:\/\/www.roly24.com\/index.php\/wp-json\/wp\/v2\/product_tag?post=16037"}],"curies":[{"name":"wp","href":"https:\/\/api.w.org\/{rel}","templated":true}]}}