{"id":15990,"date":"2025-02-05T10:13:52","date_gmt":"2025-02-05T08:13:52","guid":{"rendered":"https:\/\/www.roly24.com\/?post_type=product&#038;p=15990"},"modified":"2026-03-14T09:41:01","modified_gmt":"2026-03-14T07:41:01","slug":"t-paita-zolder","status":"publish","type":"product","link":"https:\/\/www.roly24.com\/index.php\/tuote\/t-paita-zolder\/","title":{"rendered":"Tekninen lyhythihainen T-Paita Zolder 135g\/m\u00b2 painettuna tai painamattomana"},"content":{"rendered":"<p><strong>Tuotenumero 501111<\/strong><\/p>\n<h2 data-section-id=\"19qmmqk\" data-start=\"0\" data-end=\"73\">T-Paita Zolder \u2013 tekninen urheilut-paita painettuna tai painamattomana<\/h2>\n<p data-start=\"75\" data-end=\"487\"><strong data-start=\"75\" data-end=\"93\">Zolder t-paita<\/strong> on kevyt ja moderni <strong data-start=\"114\" data-end=\"148\">tekninen lyhythihainen t-paita<\/strong>, joka sopii erinomaisesti <strong data-start=\"175\" data-end=\"278\">urheiluun, treeniin, joukkuepaitoihin, yritystapahtumiin, promootiotuotteisiin sek\u00e4 j\u00e4lleenmyyntiin<\/strong>. Tuotteet myyd\u00e4\u00e4n <strong data-start=\"297\" data-end=\"337\">sek\u00e4 painettuina ett\u00e4 painamattomina<\/strong>, joten paidat voidaan toimittaa valmiiksi painettuina logolla, tekstill\u00e4 tai designilla tai ilman painatusta omaa k\u00e4ytt\u00f6\u00e4 tai jatkopainatusta varten.<\/p>\n<p data-start=\"489\" data-end=\"865\">Paidassa on <strong data-start=\"501\" data-end=\"519\">py\u00f6re\u00e4 p\u00e4\u00e4ntie<\/strong> ja urheilullinen leikkaus. Paita on valmistettu <strong data-start=\"568\" data-end=\"619\">kahden teknisen polyesterikankaan yhdistelm\u00e4st\u00e4<\/strong>: edess\u00e4 hengitt\u00e4v\u00e4 <strong data-start=\"639\" data-end=\"671\">bird\u2019s eye -polyesterikangas<\/strong> ja sel\u00e4ss\u00e4 <strong data-start=\"683\" data-end=\"714\">space dye -polyesterikangas<\/strong>, joka parantaa ilmanvaihtoa ja antaa paidalle modernin urheilullisen ilmeen. <strong data-start=\"792\" data-end=\"816\">Pidennetty takahelma<\/strong> lis\u00e4\u00e4 k\u00e4ytt\u00f6mukavuutta ja istuvuutta liikkuessa.<\/p>\n<h3 data-section-id=\"rog7al\" data-start=\"867\" data-end=\"883\">Ominaisuudet<\/h3>\n<p data-start=\"884\" data-end=\"1270\">Tekninen lyhythihainen t-paita \u2022 Py\u00f6re\u00e4 p\u00e4\u00e4ntie \u2022 Kahden kankaan yhdistelm\u00e4 \u2022 <strong data-start=\"962\" data-end=\"991\">Bird\u2019s eye -kangas edess\u00e4<\/strong> \u2022 <strong data-start=\"994\" data-end=\"1047\">Space dye -kangas sel\u00e4ss\u00e4, olkap\u00e4iss\u00e4 ja hihoissa<\/strong> \u2022 Pidennetty takahelma \u2022 Hengitt\u00e4v\u00e4 ja nopeasti kuivuva kangas \u2022 <strong data-start=\"1113\" data-end=\"1132\">Tekninen kangas<\/strong> \u2022 <strong data-start=\"1135\" data-end=\"1159\">Irrotettava etiketti<\/strong> (sopii j\u00e4lleenmyyntiin ja omaan br\u00e4nd\u00e4ykseen) \u2022 <strong data-start=\"1208\" data-end=\"1224\">Duo-konsepti<\/strong> \u2022 <strong data-start=\"1227\" data-end=\"1270\">Saatavana painettuna tai painamattomana<\/strong><\/p>\n<h3 data-section-id=\"dpzujp\" data-start=\"1272\" data-end=\"1286\">Materiaali<\/h3>\n<p data-start=\"1287\" data-end=\"1377\"><strong data-start=\"1287\" data-end=\"1301\">Etukangas:<\/strong> 100 % bird\u2019s eye polyesteri<br data-start=\"1329\" data-end=\"1332\" \/><strong data-start=\"1332\" data-end=\"1348\">Selk\u00e4kangas:<\/strong> 100 % space dye polyesteri<\/p>\n<p data-start=\"1379\" data-end=\"1398\"><strong data-start=\"1379\" data-end=\"1389\">Paino:<\/strong> 135 g\/m\u00b2<\/p>\n<p data-start=\"1400\" data-end=\"1510\">Kevyt ja hengitt\u00e4v\u00e4 tekninen kangas soveltuu hyvin <strong data-start=\"1451\" data-end=\"1509\">urheiluun, treeniin ja teknisten paitojen painatukseen<\/strong>.<\/p>\n<h3 data-section-id=\"q08wlc\" data-start=\"1512\" data-end=\"1528\">Toimitusaika<\/h3>\n<p data-start=\"1529\" data-end=\"1646\"><strong data-start=\"1529\" data-end=\"1569\">Arvioitu toimitusaika noin 1 viikko.<\/strong><br data-start=\"1569\" data-end=\"1572\" \/>Toimitusaika voi vaihdella tilausm\u00e4\u00e4r\u00e4n ja mahdollisen painatuksen mukaan.<\/p>\n<h3 data-section-id=\"19f8ccq\" data-start=\"1648\" data-end=\"1665\">K\u00e4ytt\u00f6kohteet<\/h3>\n<p data-start=\"1666\" data-end=\"1847\">Sopii hyvin esimerkiksi:<br data-start=\"1690\" data-end=\"1693\" \/>urheiluun \u2022 treeniin \u2022 juoksuun \u2022 joukkuepaitoihin \u2022 yritystapahtumiin \u2022 promootiotuotteisiin \u2022 br\u00e4ndituotteisiin \u2022 verkkokauppamyyntiin \u2022 j\u00e4lleenmyyntiin<\/p>\n<h3 data-section-id=\"6b1txa\" data-start=\"1849\" data-end=\"1891\">Tuotteet painettuna tai painamattomana<\/h3>\n<p data-start=\"1892\" data-end=\"2041\">Voit tilata Zolder paidat <strong data-start=\"1918\" data-end=\"1936\">painamattomina<\/strong> omaa painotuotantoa varten tai <strong data-start=\"1968\" data-end=\"1993\">valmiiksi painettuina<\/strong> esimerkiksi logolla, tekstill\u00e4 tai grafiikalla.<\/p>\n<p data-start=\"2043\" data-end=\"2118\">Mahdolliset merkkaustavat:<br data-start=\"2069\" data-end=\"2072\" \/><strong data-start=\"2072\" data-end=\"2118\">DTF-painatus \u2022 siirtopainatus \u2022 brodeeraus<\/strong><\/p>\n<h3 data-section-id=\"gwkuul\" data-start=\"2120\" data-end=\"2152\">Suuret er\u00e4t ja j\u00e4lleenmyyj\u00e4t<\/h3>\n<p data-start=\"2153\" data-end=\"2376\">Toimitamme <strong data-start=\"2164\" data-end=\"2198\">suuremmat er\u00e4t tarjouspohjalta<\/strong> esimerkiksi j\u00e4lleenmyyjille, painotaloille, yrityksille, yhdistyksille ja tapahtumaj\u00e4rjest\u00e4jille. Tuotteet voidaan toimittaa <strong data-start=\"2324\" data-end=\"2358\">painettuina tai painamattomina<\/strong> tilauksen mukaan.<\/p>\n<p data-start=\"2378\" data-end=\"2418\">\ud83d\udce9 <strong data-start=\"2381\" data-end=\"2418\">Pyyd\u00e4 tarjous suuremmista erist\u00e4.<\/strong><\/p>\n<h3 data-section-id=\"181otkz\" data-start=\"2420\" data-end=\"2454\">FAQ \u2013 Usein kysytyt kysymykset<\/h3>\n<p data-start=\"2456\" data-end=\"2591\"><strong data-start=\"2456\" data-end=\"2500\">Voiko Zolder t-paidan tilata painettuna?<\/strong><br data-start=\"2500\" data-end=\"2503\" \/>Kyll\u00e4. Paidat voidaan toimittaa <strong data-start=\"2535\" data-end=\"2590\">valmiiksi painettuina omalla logolla tai designilla<\/strong>.<\/p>\n<p data-start=\"2593\" data-end=\"2704\"><strong data-start=\"2593\" data-end=\"2636\">Voiko t-paidan tilata ilman painatusta?<\/strong><br data-start=\"2636\" data-end=\"2639\" \/>Kyll\u00e4. Tuotteet myyd\u00e4\u00e4n <strong data-start=\"2663\" data-end=\"2703\">sek\u00e4 painettuina ett\u00e4 painamattomina<\/strong>.<\/p>\n<p data-start=\"2706\" data-end=\"2869\"><strong data-start=\"2706\" data-end=\"2737\">Onko Zolder hyv\u00e4 urheiluun?<\/strong><br data-start=\"2737\" data-end=\"2740\" \/>Kyll\u00e4. <strong data-start=\"2747\" data-end=\"2807\">Hengitt\u00e4v\u00e4 ja nopeasti kuivuva tekninen polyesterikangas<\/strong> tekee paidasta erinomaisen urheiluun ja aktiiviseen k\u00e4ytt\u00f6\u00f6n.<\/p>\n<p data-start=\"2871\" data-end=\"3009\"><strong data-start=\"2871\" data-end=\"2903\">Mit\u00e4 materiaalia t-paita on?<\/strong><br data-start=\"2903\" data-end=\"2906\" \/>Paita on valmistettu <strong data-start=\"2927\" data-end=\"3008\">bird\u2019s eye polyesterist\u00e4 edess\u00e4 ja space dye polyesterist\u00e4 sel\u00e4ss\u00e4 (135 g\/m\u00b2)<\/strong>.<\/p>\n<p data-start=\"3011\" data-end=\"3146\"><strong data-start=\"3011\" data-end=\"3044\">Kuinka pitk\u00e4 toimitusaika on?<\/strong><br data-start=\"3044\" data-end=\"3047\" \/>Arvioitu toimitusaika on <strong data-start=\"3072\" data-end=\"3089\">noin 1 viikko<\/strong>, riippuen tilausm\u00e4\u00e4r\u00e4st\u00e4 ja mahdollisesta painatuksesta.<\/p>\n<p data-start=\"3148\" data-end=\"3298\"><strong data-start=\"3148\" data-end=\"3182\">Sopiiko paita j\u00e4lleenmyyntiin?<\/strong><br data-start=\"3182\" data-end=\"3185\" \/>Kyll\u00e4. <strong data-start=\"3192\" data-end=\"3216\">Irrotettava etiketti<\/strong> mahdollistaa oman br\u00e4ndin lis\u00e4\u00e4misen ja tekee tuotteesta sopivan j\u00e4lleenmyyntiin.<\/p>\n<div data-v-5ec54137=\"\"><img decoding=\"async\" class=\"mr-1 grey\" title=\"30\u00ba pesu max.\" src=\"https:\/\/static.gorfactory.es\/images\/icons\/20220914110209_Lavar%20a%2030%C2%BA%20m%C3%A1ximo.png\" alt=\"30\u00ba pesu max.\" width=\"40\" height=\"40\" data-v-6089ed0a=\"\" data-v-00b2e954=\"\" \/><img decoding=\"async\" class=\"mr-1 grey\" title=\"\u00c4l\u00e4 valkaise\" src=\"https:\/\/static.gorfactory.es\/images\/icons\/20220914110315_No%20usar%20blanqueador.png\" alt=\"\u00c4l\u00e4 valkaise\" width=\"40\" height=\"40\" data-v-6089ed0a=\"\" data-v-00b2e954=\"\" \/><img decoding=\"async\" class=\"mr-1 grey\" title=\"\u00c4l\u00e4 rumpukuivaa\" src=\"https:\/\/static.gorfactory.es\/images\/icons\/20220914110302_No%20secar%20en%20secadora.png\" alt=\"\u00c4l\u00e4 rumpukuivaa\" width=\"40\" height=\"40\" data-v-6089ed0a=\"\" data-v-00b2e954=\"\" \/><img loading=\"lazy\" decoding=\"async\" class=\"mr-1 grey\" title=\"Silitys alhaisessa l\u00e4mp\u00f6tilassa (max. 110\u00ba)\" src=\"https:\/\/static.gorfactory.es\/images\/icons\/20221117085113_Planchar-110.png\" alt=\"Silitys alhaisessa l\u00e4mp\u00f6tilassa (max. 110\u00ba)\" width=\"40\" height=\"40\" data-v-6089ed0a=\"\" data-v-00b2e954=\"\" \/><img loading=\"lazy\" decoding=\"async\" class=\"mr-1 grey\" title=\"\u00c4l\u00e4 kuivapesua\" src=\"https:\/\/static.gorfactory.es\/images\/icons\/20220914110151_No%20lavar%20en%20seco.png\" alt=\"\u00c4l\u00e4 kuivapesua\" width=\"40\" height=\"40\" data-v-6089ed0a=\"\" data-v-00b2e954=\"\" \/><\/div>\n<div data-v-5ec54137=\"\"><\/div>\n<div data-v-5ec54137=\"\"><strong>Mittausohjeet:<\/strong><br \/>\n<strong>Leveys: Tuotteen reunasta reunaan 2cm hihojen alapuolelta.<\/strong><br \/>\n<strong>Pituus: Olkap\u00e4\u00e4n korkeimmasta kohdasta tuotteen\u00a0alareunaan.<\/strong><\/div>\n<div data-v-5ec54137=\"\"><\/div>\n<table id=\"size_chart\" class=\"table table-responsive\" style=\"height: 265px;\" width=\"203\" cellspacing=\"0\" cellpadding=\"0\">\n<tbody>\n<tr>\n<th>Koko<\/th>\n<th><img decoding=\"async\" src=\"https:\/\/wordans-a1a5.kxcdn.com\/images\/wordans2010\/length.png\" alt=\"Length\" \/>\u00a0<label id=\"lengthLabel\">Pituus<\/label><\/th>\n<th><img decoding=\"async\" src=\"https:\/\/wordans-a1a5.kxcdn.com\/images\/wordans2010\/width.png\" alt=\"Width\" \/>\u00a0<label id=\"widthLabel\">Leveys<\/label><\/th>\n<\/tr>\n<tr>\n<td>S<\/td>\n<td>70<\/td>\n<td>48<\/td>\n<\/tr>\n<tr>\n<td>M<\/td>\n<td>71<\/td>\n<td>51<\/td>\n<\/tr>\n<tr>\n<td>L<\/td>\n<td>72<\/td>\n<td>54<\/td>\n<\/tr>\n<tr>\n<td>XL<\/td>\n<td>73<\/td>\n<td>57<\/td>\n<\/tr>\n<tr>\n<td>2XL<\/td>\n<td>74<\/td>\n<td>60<\/td>\n<\/tr>\n<\/tbody>\n<\/table>\n<p>&nbsp;<\/p>\n","protected":false},"excerpt":{"rendered":"<p>Tuotenumero 501111 T-Paita Zolder \u2013 tekninen urheilut-paita painettuna tai painamattomana Zolder t-paita on kevyt ja moderni tekninen lyhythihainen t-paita, joka sopii erinomaisesti urheiluun, treeniin, joukkuepaitoihin, yritystapahtumiin, promootiotuotteisiin sek\u00e4 j\u00e4lleenmyyntiin. Tuotteet myyd\u00e4\u00e4n sek\u00e4 painettuina ett\u00e4 painamattomina, joten paidat voidaan toimittaa valmiiksi painettuina logolla, tekstill\u00e4 tai designilla tai ilman painatusta omaa k\u00e4ytt\u00f6\u00e4 tai jatkopainatusta varten. Paidassa on [&hellip;]<\/p>\n","protected":false},"featured_media":16003,"template":"","meta":{"_acf_changed":false,"om_disable_all_campaigns":false,"_monsterinsights_skip_tracking":false,"_monsterinsights_sitenote_active":false,"_monsterinsights_sitenote_note":"","_monsterinsights_sitenote_category":0},"product_brand":[],"product_cat":[512,513],"product_tag":[298,544,425,555],"class_list":{"0":"post-15990","1":"product","2":"type-product","3":"status-publish","4":"has-post-thumbnail","6":"product_cat-sport","7":"product_cat-sport-t-paidat","8":"product_tag-painatus","9":"product_tag-paita-painatus","10":"product_tag-t-paita","11":"product_tag-tekninen-paita","12":"product_shipping_class-postipaketti","14":"first","15":"instock","16":"taxable","17":"shipping-taxable","18":"purchasable","19":"product-type-simple"},"acf":[],"aioseo_notices":[],"_links":{"self":[{"href":"https:\/\/www.roly24.com\/index.php\/wp-json\/wp\/v2\/product\/15990","targetHints":{"allow":["GET"]}}],"collection":[{"href":"https:\/\/www.roly24.com\/index.php\/wp-json\/wp\/v2\/product"}],"about":[{"href":"https:\/\/www.roly24.com\/index.php\/wp-json\/wp\/v2\/types\/product"}],"version-history":[{"count":3,"href":"https:\/\/www.roly24.com\/index.php\/wp-json\/wp\/v2\/product\/15990\/revisions"}],"predecessor-version":[{"id":21959,"href":"https:\/\/www.roly24.com\/index.php\/wp-json\/wp\/v2\/product\/15990\/revisions\/21959"}],"wp:featuredmedia":[{"embeddable":true,"href":"https:\/\/www.roly24.com\/index.php\/wp-json\/wp\/v2\/media\/16003"}],"wp:attachment":[{"href":"https:\/\/www.roly24.com\/index.php\/wp-json\/wp\/v2\/media?parent=15990"}],"wp:term":[{"taxonomy":"product_brand","embeddable":true,"href":"https:\/\/www.roly24.com\/index.php\/wp-json\/wp\/v2\/product_brand?post=15990"},{"taxonomy":"product_cat","embeddable":true,"href":"https:\/\/www.roly24.com\/index.php\/wp-json\/wp\/v2\/product_cat?post=15990"},{"taxonomy":"product_tag","embeddable":true,"href":"https:\/\/www.roly24.com\/index.php\/wp-json\/wp\/v2\/product_tag?post=15990"}],"curies":[{"name":"wp","href":"https:\/\/api.w.org\/{rel}","templated":true}]}}