{"id":15979,"date":"2025-02-05T10:06:01","date_gmt":"2025-02-05T08:06:01","guid":{"rendered":"https:\/\/www.roly24.com\/?post_type=product&#038;p=15979"},"modified":"2026-03-14T09:13:10","modified_gmt":"2026-03-14T07:13:10","slug":"t-paita-austin-woman","status":"publish","type":"product","link":"https:\/\/www.roly24.com\/index.php\/tuote\/t-paita-austin-woman\/","title":{"rendered":"Naisten tekninen T-Paita AUSTIN 140g\/m\u00b2 painettuna tai painamattomana  Materiaali"},"content":{"rendered":"<p><strong>Tuotenumero 501112<\/strong><\/p>\n<article class=\"text-token-text-primary w-full focus:outline-none [--shadow-height:45px] has-data-writing-block:pointer-events-none has-data-writing-block:-mt-(--shadow-height) has-data-writing-block:pt-(--shadow-height) [&amp;:has([data-writing-block])&gt;*]:pointer-events-auto scroll-mt-(--header-height)\" dir=\"auto\" tabindex=\"-1\" data-turn-id=\"93ad4359-82fa-4bbd-a80d-831a85d195dd\" data-testid=\"conversation-turn-125\" data-scroll-anchor=\"false\" data-turn=\"user\"><\/article>\n<article class=\"text-token-text-primary w-full focus:outline-none [--shadow-height:45px] has-data-writing-block:pointer-events-none has-data-writing-block:-mt-(--shadow-height) has-data-writing-block:pt-(--shadow-height) [&amp;:has([data-writing-block])&gt;*]:pointer-events-auto scroll-mt-[calc(var(--header-height)+min(200px,max(70px,20svh)))]\" dir=\"auto\" tabindex=\"-1\" data-turn-id=\"request-69a92ed6-c238-832a-ab8e-495c277480f4-20\" data-testid=\"conversation-turn-126\" data-scroll-anchor=\"true\" data-turn=\"assistant\">\n<div class=\"text-base my-auto mx-auto pb-10 [--thread-content-margin:var(--thread-content-margin-xs,calc(var(--spacing)*4))] @w-sm\/main:[--thread-content-margin:var(--thread-content-margin-sm,calc(var(--spacing)*6))] @w-lg\/main:[--thread-content-margin:var(--thread-content-margin-lg,calc(var(--spacing)*16))] px-(--thread-content-margin)\">\n<div class=\"[--thread-content-max-width:40rem] @w-lg\/main:[--thread-content-max-width:48rem] mx-auto max-w-(--thread-content-max-width) flex-1 group\/turn-messages focus-visible:outline-hidden relative flex w-full min-w-0 flex-col agent-turn\" tabindex=\"-1\">\n<div class=\"flex max-w-full flex-col gap-4 grow\">\n<div class=\"min-h-8 text-message relative flex w-full flex-col items-end gap-2 text-start break-words whitespace-normal [.text-message+&amp;]:mt-1\" dir=\"auto\" data-message-author-role=\"assistant\" data-message-id=\"6bc53431-4876-4f50-9b44-36e16d091f0f\" data-message-model-slug=\"gpt-5-3\">\n<div class=\"flex w-full flex-col gap-1 empty:hidden\">\n<div class=\"markdown prose dark:prose-invert w-full wrap-break-word light markdown-new-styling\">\n<h2 data-section-id=\"4uukqn\" data-start=\"0\" data-end=\"87\">T-Paita Austin Woman \u2013 naisten tekninen raglan t-paita painettuna tai painamattomana<\/h2>\n<p data-start=\"89\" data-end=\"503\"><strong data-start=\"89\" data-end=\"113\">Austin Woman t-paita<\/strong> on kevyt ja mukava <strong data-start=\"133\" data-end=\"182\">naisten tekninen lyhythihainen raglan-t-paita<\/strong>, joka sopii erinomaisesti <strong data-start=\"209\" data-end=\"294\">urheiluun, treeniin, yritystapahtumiin, promootiotuotteisiin sek\u00e4 j\u00e4lleenmyyntiin<\/strong>. Tuotteet myyd\u00e4\u00e4n <strong data-start=\"313\" data-end=\"353\">sek\u00e4 painettuina ett\u00e4 painamattomina<\/strong>, joten paidat voidaan toimittaa valmiiksi painettuina logolla, tekstill\u00e4 tai designilla tai ilman painatusta omaa k\u00e4ytt\u00f6\u00e4 tai jatkopainatusta varten.<\/p>\n<p data-start=\"505\" data-end=\"804\">Paidassa on <strong data-start=\"517\" data-end=\"532\">raglanhihat<\/strong>, jotka lis\u00e4\u00e4v\u00e4t liikkuvuutta ja antavat urheilullisen istuvuuden. <strong data-start=\"599\" data-end=\"617\">Py\u00f6re\u00e4 p\u00e4\u00e4ntie<\/strong> sek\u00e4 <strong data-start=\"623\" data-end=\"653\">vartaloon mukautuva kangas<\/strong> tekev\u00e4t paidasta eritt\u00e4in miellytt\u00e4v\u00e4n k\u00e4ytt\u00e4\u00e4 aktiivisessa liikunnassa. Avaruusv\u00e4rinen polyesterikangas antaa paidalle modernin ja sporttisen ilmeen.<\/p>\n<p data-start=\"806\" data-end=\"945\">Kevyt tekninen kangas on <strong data-start=\"831\" data-end=\"865\">hengitt\u00e4v\u00e4 ja nopeasti kuivuva<\/strong>, mik\u00e4 tekee paidasta erinomaisen vaihtoehdon urheiluun ja aktiiviseen k\u00e4ytt\u00f6\u00f6n.<\/p>\n<h3 data-section-id=\"rog7al\" data-start=\"947\" data-end=\"963\">Ominaisuudet<\/h3>\n<p data-start=\"964\" data-end=\"1316\">Naisten tekninen lyhythihainen t-paita \u2022 <strong data-start=\"1005\" data-end=\"1020\">Raglanhihat<\/strong> \u2022 Py\u00f6re\u00e4 p\u00e4\u00e4ntie \u2022 Mukautuva ja miellytt\u00e4v\u00e4 kangas \u2022 Moderni avaruusv\u00e4rinen design \u2022 Hengitt\u00e4v\u00e4 ja nopeasti kuivuva materiaali \u2022 <strong data-start=\"1150\" data-end=\"1174\">Irrotettava etiketti<\/strong> (sopii j\u00e4lleenmyyntiin ja omaan br\u00e4nd\u00e4ykseen) \u2022 <strong data-start=\"1223\" data-end=\"1242\">Tekninen kangas<\/strong> \u2022 Erinomainen painatuspinta \u2022 <strong data-start=\"1273\" data-end=\"1316\">Saatavana painettuna tai painamattomana<\/strong><\/p>\n<h3 data-section-id=\"dpzujp\" data-start=\"1318\" data-end=\"1332\">Materiaali<\/h3>\n<p data-start=\"1333\" data-end=\"1383\"><strong data-start=\"1333\" data-end=\"1368\">100 % avaruusv\u00e4rinen polyesteri<\/strong><br data-start=\"1368\" data-end=\"1371\" \/><strong data-start=\"1371\" data-end=\"1383\">140 g\/m\u00b2<\/strong><\/p>\n<p data-start=\"1385\" data-end=\"1503\">Kevyt ja hengitt\u00e4v\u00e4 tekninen kangas soveltuu erinomaisesti <strong data-start=\"1444\" data-end=\"1502\">urheiluun, treeniin ja teknisten paitojen painatukseen<\/strong>.<\/p>\n<h3 data-section-id=\"q08wlc\" data-start=\"1505\" data-end=\"1521\">Toimitusaika<\/h3>\n<p data-start=\"1522\" data-end=\"1639\"><strong data-start=\"1522\" data-end=\"1562\">Arvioitu toimitusaika noin 1 viikko.<\/strong><br data-start=\"1562\" data-end=\"1565\" \/>Toimitusaika voi vaihdella tilausm\u00e4\u00e4r\u00e4n ja mahdollisen painatuksen mukaan.<\/p>\n<h3 data-section-id=\"19f8ccq\" data-start=\"1641\" data-end=\"1658\">K\u00e4ytt\u00f6kohteet<\/h3>\n<p data-start=\"1659\" data-end=\"1840\">Sopii hyvin esimerkiksi:<br data-start=\"1683\" data-end=\"1686\" \/>urheiluun \u2022 treeniin \u2022 juoksuun \u2022 joukkuepaitoihin \u2022 yritystapahtumiin \u2022 promootiotuotteisiin \u2022 br\u00e4ndituotteisiin \u2022 verkkokauppamyyntiin \u2022 j\u00e4lleenmyyntiin<\/p>\n<h3 data-section-id=\"6b1txa\" data-start=\"1842\" data-end=\"1884\">Tuotteet painettuna tai painamattomana<\/h3>\n<p data-start=\"1885\" data-end=\"2040\">Voit tilata Austin Woman paidat <strong data-start=\"1917\" data-end=\"1935\">painamattomina<\/strong> omaa painotuotantoa varten tai <strong data-start=\"1967\" data-end=\"1992\">valmiiksi painettuina<\/strong> esimerkiksi logolla, tekstill\u00e4 tai grafiikalla.<\/p>\n<p data-start=\"2042\" data-end=\"2117\">Mahdolliset merkkaustavat:<br data-start=\"2068\" data-end=\"2071\" \/><strong data-start=\"2071\" data-end=\"2117\">DTF-painatus\u00a0<\/strong><\/p>\n<h3 data-section-id=\"gwkuul\" data-start=\"2119\" data-end=\"2151\">Suuret er\u00e4t ja j\u00e4lleenmyyj\u00e4t<\/h3>\n<p data-start=\"2152\" data-end=\"2375\">Toimitamme <strong data-start=\"2163\" data-end=\"2197\">suuremmat er\u00e4t tarjouspohjalta<\/strong> esimerkiksi j\u00e4lleenmyyjille, painotaloille, yrityksille, yhdistyksille ja tapahtumaj\u00e4rjest\u00e4jille. Tuotteet voidaan toimittaa <strong data-start=\"2323\" data-end=\"2357\">painettuina tai painamattomina<\/strong> tilauksen mukaan.<\/p>\n<p data-start=\"2377\" data-end=\"2417\">\ud83d\udce9 <strong data-start=\"2380\" data-end=\"2417\">Pyyd\u00e4 tarjous suuremmista erist\u00e4.<\/strong><\/p>\n<h3 data-section-id=\"181otkz\" data-start=\"2419\" data-end=\"2453\">FAQ \u2013 Usein kysytyt kysymykset<\/h3>\n<p data-start=\"2455\" data-end=\"2596\"><strong data-start=\"2455\" data-end=\"2505\">Voiko Austin Woman t-paidan tilata painettuna?<\/strong><br data-start=\"2505\" data-end=\"2508\" \/>Kyll\u00e4. Paidat voidaan toimittaa <strong data-start=\"2540\" data-end=\"2595\">valmiiksi painettuina omalla logolla tai designilla<\/strong>.<\/p>\n<p data-start=\"2598\" data-end=\"2709\"><strong data-start=\"2598\" data-end=\"2641\">Voiko t-paidan tilata ilman painatusta?<\/strong><br data-start=\"2641\" data-end=\"2644\" \/>Kyll\u00e4. Tuotteet myyd\u00e4\u00e4n <strong data-start=\"2668\" data-end=\"2708\">sek\u00e4 painettuina ett\u00e4 painamattomina<\/strong>.<\/p>\n<p data-start=\"2711\" data-end=\"2880\"><strong data-start=\"2711\" data-end=\"2748\">Onko Austin Woman hyv\u00e4 urheiluun?<\/strong><br data-start=\"2748\" data-end=\"2751\" \/>Kyll\u00e4. <strong data-start=\"2758\" data-end=\"2818\">Hengitt\u00e4v\u00e4 ja nopeasti kuivuva tekninen polyesterikangas<\/strong> tekee paidasta erinomaisen urheiluun ja aktiiviseen k\u00e4ytt\u00f6\u00f6n.<\/p>\n<p data-start=\"2882\" data-end=\"2992\"><strong data-start=\"2882\" data-end=\"2914\">Mit\u00e4 materiaalia t-paita on?<\/strong><br data-start=\"2914\" data-end=\"2917\" \/>T-paita on valmistettu <strong data-start=\"2940\" data-end=\"2991\">100 % avaruusv\u00e4risest\u00e4 polyesterist\u00e4 (140 g\/m\u00b2)<\/strong>.<\/p>\n<p data-start=\"2994\" data-end=\"3129\"><strong data-start=\"2994\" data-end=\"3027\">Kuinka pitk\u00e4 toimitusaika on?<\/strong><br data-start=\"3027\" data-end=\"3030\" \/>Arvioitu toimitusaika on <strong data-start=\"3055\" data-end=\"3072\">noin 1 viikko<\/strong>, riippuen tilausm\u00e4\u00e4r\u00e4st\u00e4 ja mahdollisesta painatuksesta.<\/p>\n<p data-start=\"3131\" data-end=\"3281\"><strong data-start=\"3131\" data-end=\"3165\">Sopiiko paita j\u00e4lleenmyyntiin?<\/strong><br data-start=\"3165\" data-end=\"3168\" \/>Kyll\u00e4. <strong data-start=\"3175\" data-end=\"3199\">Irrotettava etiketti<\/strong> mahdollistaa oman br\u00e4ndin lis\u00e4\u00e4misen ja tekee tuotteesta sopivan j\u00e4lleenmyyntiin.<\/p>\n<\/div>\n<\/div>\n<\/div>\n<\/div>\n<\/div>\n<\/div>\n<\/article>\n<div data-v-5ec54137=\"\"><img decoding=\"async\" class=\"mr-1 grey\" title=\"30\u00ba pesu max.\" src=\"https:\/\/static.gorfactory.es\/images\/icons\/20220914110209_Lavar%20a%2030%C2%BA%20m%C3%A1ximo.png\" alt=\"30\u00ba pesu max.\" width=\"40\" height=\"40\" data-v-6089ed0a=\"\" data-v-00b2e954=\"\" \/><img decoding=\"async\" class=\"mr-1 grey\" title=\"\u00c4l\u00e4 valkaise\" src=\"https:\/\/static.gorfactory.es\/images\/icons\/20220914110315_No%20usar%20blanqueador.png\" alt=\"\u00c4l\u00e4 valkaise\" width=\"40\" height=\"40\" data-v-6089ed0a=\"\" data-v-00b2e954=\"\" \/><img decoding=\"async\" class=\"mr-1 grey\" title=\"\u00c4l\u00e4 rumpukuivaa\" src=\"https:\/\/static.gorfactory.es\/images\/icons\/20220914110302_No%20secar%20en%20secadora.png\" alt=\"\u00c4l\u00e4 rumpukuivaa\" width=\"40\" height=\"40\" data-v-6089ed0a=\"\" data-v-00b2e954=\"\" \/><img loading=\"lazy\" decoding=\"async\" class=\"mr-1 grey\" title=\"Silitys alhaisessa l\u00e4mp\u00f6tilassa (max. 110\u00ba)\" src=\"https:\/\/static.gorfactory.es\/images\/icons\/20221117085113_Planchar-110.png\" alt=\"Silitys alhaisessa l\u00e4mp\u00f6tilassa (max. 110\u00ba)\" width=\"40\" height=\"40\" data-v-6089ed0a=\"\" data-v-00b2e954=\"\" \/><img loading=\"lazy\" decoding=\"async\" class=\"mr-1 grey\" title=\"\u00c4l\u00e4 kuivapesua\" src=\"https:\/\/static.gorfactory.es\/images\/icons\/20220914110151_No%20lavar%20en%20seco.png\" alt=\"\u00c4l\u00e4 kuivapesua\" width=\"40\" height=\"40\" data-v-6089ed0a=\"\" data-v-00b2e954=\"\" \/><\/div>\n<div data-v-5ec54137=\"\"><\/div>\n<table id=\"size_chart\" class=\"table table-responsive\" style=\"height: 265px;\" width=\"203\" cellspacing=\"0\" cellpadding=\"0\">\n<tbody>\n<tr>\n<th>Koko<\/th>\n<th><img decoding=\"async\" src=\"https:\/\/wordans-a1a5.kxcdn.com\/images\/wordans2010\/length.png\" alt=\"Length\" \/>\u00a0<label id=\"lengthLabel\">Pituus<\/label><\/th>\n<th><img decoding=\"async\" src=\"https:\/\/wordans-a1a5.kxcdn.com\/images\/wordans2010\/width.png\" alt=\"Width\" \/>\u00a0<label id=\"widthLabel\">Leveys<\/label><\/th>\n<\/tr>\n<tr>\n<td>S<\/td>\n<td>62<\/td>\n<td>43<\/td>\n<\/tr>\n<tr>\n<td>M<\/td>\n<td>64<\/td>\n<td>46<\/td>\n<\/tr>\n<tr>\n<td>L<\/td>\n<td>66<\/td>\n<td>49<\/td>\n<\/tr>\n<tr>\n<td>XL<\/td>\n<td>68<\/td>\n<td>52<\/td>\n<\/tr>\n<tr>\n<td>2XL<\/td>\n<td>70<\/td>\n<td>55<\/td>\n<\/tr>\n<\/tbody>\n<\/table>\n<p>&nbsp;<\/p>\n","protected":false},"excerpt":{"rendered":"<p>Tuotenumero 501112 T-Paita Austin Woman \u2013 naisten tekninen raglan t-paita painettuna tai painamattomana Austin Woman t-paita on kevyt ja mukava naisten tekninen lyhythihainen raglan-t-paita, joka sopii erinomaisesti urheiluun, treeniin, yritystapahtumiin, promootiotuotteisiin sek\u00e4 j\u00e4lleenmyyntiin. Tuotteet myyd\u00e4\u00e4n sek\u00e4 painettuina ett\u00e4 painamattomina, joten paidat voidaan toimittaa valmiiksi painettuina logolla, tekstill\u00e4 tai designilla tai ilman painatusta omaa k\u00e4ytt\u00f6\u00e4 tai [&hellip;]<\/p>\n","protected":false},"featured_media":15988,"template":"","meta":{"_acf_changed":false,"om_disable_all_campaigns":false,"_monsterinsights_skip_tracking":false,"_monsterinsights_sitenote_active":false,"_monsterinsights_sitenote_note":"","_monsterinsights_sitenote_category":0},"product_brand":[],"product_cat":[512,513],"product_tag":[298,544,425,555],"class_list":{"0":"post-15979","1":"product","2":"type-product","3":"status-publish","4":"has-post-thumbnail","6":"product_cat-sport","7":"product_cat-sport-t-paidat","8":"product_tag-painatus","9":"product_tag-paita-painatus","10":"product_tag-t-paita","11":"product_tag-tekninen-paita","12":"product_shipping_class-postipaketti","14":"first","15":"instock","16":"taxable","17":"shipping-taxable","18":"purchasable","19":"product-type-simple"},"acf":[],"aioseo_notices":[],"_links":{"self":[{"href":"https:\/\/www.roly24.com\/index.php\/wp-json\/wp\/v2\/product\/15979","targetHints":{"allow":["GET"]}}],"collection":[{"href":"https:\/\/www.roly24.com\/index.php\/wp-json\/wp\/v2\/product"}],"about":[{"href":"https:\/\/www.roly24.com\/index.php\/wp-json\/wp\/v2\/types\/product"}],"version-history":[{"count":4,"href":"https:\/\/www.roly24.com\/index.php\/wp-json\/wp\/v2\/product\/15979\/revisions"}],"predecessor-version":[{"id":21946,"href":"https:\/\/www.roly24.com\/index.php\/wp-json\/wp\/v2\/product\/15979\/revisions\/21946"}],"wp:featuredmedia":[{"embeddable":true,"href":"https:\/\/www.roly24.com\/index.php\/wp-json\/wp\/v2\/media\/15988"}],"wp:attachment":[{"href":"https:\/\/www.roly24.com\/index.php\/wp-json\/wp\/v2\/media?parent=15979"}],"wp:term":[{"taxonomy":"product_brand","embeddable":true,"href":"https:\/\/www.roly24.com\/index.php\/wp-json\/wp\/v2\/product_brand?post=15979"},{"taxonomy":"product_cat","embeddable":true,"href":"https:\/\/www.roly24.com\/index.php\/wp-json\/wp\/v2\/product_cat?post=15979"},{"taxonomy":"product_tag","embeddable":true,"href":"https:\/\/www.roly24.com\/index.php\/wp-json\/wp\/v2\/product_tag?post=15979"}],"curies":[{"name":"wp","href":"https:\/\/api.w.org\/{rel}","templated":true}]}}