{"id":15909,"date":"2025-02-05T08:26:42","date_gmt":"2025-02-05T06:26:42","guid":{"rendered":"https:\/\/www.roly24.com\/?post_type=product&#038;p=15909"},"modified":"2026-03-14T09:45:21","modified_gmt":"2026-03-14T07:45:21","slug":"t-paita-detroit","status":"publish","type":"product","link":"https:\/\/www.roly24.com\/index.php\/tuote\/t-paita-detroit\/","title":{"rendered":"Tekninen lyhythihainen T-Paita Detroit 130g\/m\u00b2 painettuna tai painamattomana"},"content":{"rendered":"<p><strong>Tuotenumero 501116<\/strong><\/p>\n<h2 data-section-id=\"16pjwtf\" data-start=\"0\" data-end=\"74\">T-Paita Detroit \u2013 tekninen urheilut-paita painettuna tai painamattomana<\/h2>\n<p data-start=\"76\" data-end=\"508\"><strong data-start=\"76\" data-end=\"95\">Detroit t-paita<\/strong> on kevyt ja suorituskykyinen <strong data-start=\"125\" data-end=\"159\">tekninen lyhythihainen t-paita<\/strong>, joka sopii erinomaisesti <strong data-start=\"186\" data-end=\"299\">urheiluun, treeniin, juoksuun, joukkuepaitoihin, yritystapahtumiin, promootiotuotteisiin sek\u00e4 j\u00e4lleenmyyntiin<\/strong>. Tuotteet myyd\u00e4\u00e4n <strong data-start=\"318\" data-end=\"358\">sek\u00e4 painettuina ett\u00e4 painamattomina<\/strong>, joten paidat voidaan toimittaa valmiiksi painettuina logolla, tekstill\u00e4 tai designilla tai ilman painatusta omaa k\u00e4ytt\u00f6\u00e4 tai jatkopainatusta varten.<\/p>\n<p data-start=\"510\" data-end=\"975\">Paidassa on <strong data-start=\"522\" data-end=\"540\">py\u00f6re\u00e4 p\u00e4\u00e4ntie<\/strong> sek\u00e4 moderni urheilullinen leikkaus. Paita on valmistettu <strong data-start=\"599\" data-end=\"650\">kahden teknisen polyesterikankaan yhdistelm\u00e4st\u00e4<\/strong>: edess\u00e4 hengitt\u00e4v\u00e4 <strong data-start=\"670\" data-end=\"702\">bird\u2019s eye -polyesterikangas<\/strong> ja takana <strong data-start=\"713\" data-end=\"732\">3D-verkkokangas<\/strong>, joka parantaa ilmanvaihtoa ja auttaa kosteuden siirtymisess\u00e4 pois iholta. <strong data-start=\"808\" data-end=\"867\">Koristeellinen siksak-selk\u00e4tikki sivuilla ja olkap\u00e4ill\u00e4<\/strong> antaa paidalle sporttisen ilmeen, ja <strong data-start=\"905\" data-end=\"929\">pidennetty takahelma<\/strong> lis\u00e4\u00e4 k\u00e4ytt\u00f6mukavuutta aktiivisessa k\u00e4yt\u00f6ss\u00e4.<\/p>\n<h3 data-section-id=\"rog7al\" data-start=\"977\" data-end=\"993\">Ominaisuudet<\/h3>\n<p data-start=\"994\" data-end=\"1450\">Tekninen lyhythihainen t-paita \u2022 Py\u00f6re\u00e4 p\u00e4\u00e4ntie \u2022 Kahden kankaan yhdistelm\u00e4 \u2022 <strong data-start=\"1072\" data-end=\"1101\">Bird\u2019s eye -kangas edess\u00e4<\/strong> \u2022 <strong data-start=\"1104\" data-end=\"1156\">Hengitt\u00e4v\u00e4 3D-verkkokangas sel\u00e4ss\u00e4 ja olkap\u00e4ill\u00e4<\/strong> \u2022 Kosteutta siirt\u00e4v\u00e4 materiaali \u2022 Koristeellinen siksak-selk\u00e4tikki sivuilla ja olkap\u00e4ill\u00e4 \u2022 Pidennetty takahelma \u2022 Hengitt\u00e4v\u00e4 ja nopeasti kuivuva kangas \u2022 <strong data-start=\"1312\" data-end=\"1331\">Tekninen kangas<\/strong> \u2022 <strong data-start=\"1334\" data-end=\"1358\">Irrotettava etiketti<\/strong> (sopii j\u00e4lleenmyyntiin ja omaan br\u00e4nd\u00e4ykseen) \u2022 <strong data-start=\"1407\" data-end=\"1450\">Saatavana painettuna tai painamattomana<\/strong><\/p>\n<h3 data-section-id=\"dpzujp\" data-start=\"1452\" data-end=\"1466\">Materiaali<\/h3>\n<p data-start=\"1467\" data-end=\"1556\"><strong data-start=\"1467\" data-end=\"1481\">Etukangas:<\/strong> 100 % bird\u2019s eye polyesteri<br data-start=\"1509\" data-end=\"1512\" \/><strong data-start=\"1512\" data-end=\"1528\">Selk\u00e4kangas:<\/strong> 100 % 3D polyesteriverkko<\/p>\n<p data-start=\"1558\" data-end=\"1577\"><strong data-start=\"1558\" data-end=\"1568\">Paino:<\/strong> 130 g\/m\u00b2<\/p>\n<p data-start=\"1579\" data-end=\"1706\">Kevyt tekninen kangas on <strong data-start=\"1604\" data-end=\"1638\">hengitt\u00e4v\u00e4 ja nopeasti kuivuva<\/strong>, mik\u00e4 tekee paidasta erinomaisen urheiluun ja aktiiviseen k\u00e4ytt\u00f6\u00f6n.<\/p>\n<h3 data-section-id=\"q08wlc\" data-start=\"1708\" data-end=\"1724\">Toimitusaika<\/h3>\n<p data-start=\"1725\" data-end=\"1842\"><strong data-start=\"1725\" data-end=\"1765\">Arvioitu toimitusaika noin 1 viikko.<\/strong><br data-start=\"1765\" data-end=\"1768\" \/>Toimitusaika voi vaihdella tilausm\u00e4\u00e4r\u00e4n ja mahdollisen painatuksen mukaan.<\/p>\n<h3 data-section-id=\"19f8ccq\" data-start=\"1844\" data-end=\"1861\">K\u00e4ytt\u00f6kohteet<\/h3>\n<p data-start=\"1862\" data-end=\"2043\">Sopii hyvin esimerkiksi:<br data-start=\"1886\" data-end=\"1889\" \/>urheiluun \u2022 treeniin \u2022 juoksuun \u2022 joukkuepaitoihin \u2022 yritystapahtumiin \u2022 promootiotuotteisiin \u2022 br\u00e4ndituotteisiin \u2022 verkkokauppamyyntiin \u2022 j\u00e4lleenmyyntiin<\/p>\n<h3 data-section-id=\"6b1txa\" data-start=\"2045\" data-end=\"2087\">Tuotteet painettuna tai painamattomana<\/h3>\n<p data-start=\"2088\" data-end=\"2238\">Voit tilata Detroit paidat <strong data-start=\"2115\" data-end=\"2133\">painamattomina<\/strong> omaa painotuotantoa varten tai <strong data-start=\"2165\" data-end=\"2190\">valmiiksi painettuina<\/strong> esimerkiksi logolla, tekstill\u00e4 tai grafiikalla.<\/p>\n<p data-start=\"2240\" data-end=\"2315\">Mahdolliset merkkaustavat:<br data-start=\"2266\" data-end=\"2269\" \/><strong data-start=\"2269\" data-end=\"2315\">DTF-painatus \u2022 siirtopainatus \u2022 brodeeraus<\/strong><\/p>\n<h3 data-section-id=\"gwkuul\" data-start=\"2317\" data-end=\"2349\">Suuret er\u00e4t ja j\u00e4lleenmyyj\u00e4t<\/h3>\n<p data-start=\"2350\" data-end=\"2573\">Toimitamme <strong data-start=\"2361\" data-end=\"2395\">suuremmat er\u00e4t tarjouspohjalta<\/strong> esimerkiksi j\u00e4lleenmyyjille, painotaloille, yrityksille, yhdistyksille ja tapahtumaj\u00e4rjest\u00e4jille. Tuotteet voidaan toimittaa <strong data-start=\"2521\" data-end=\"2555\">painettuina tai painamattomina<\/strong> tilauksen mukaan.<\/p>\n<p data-start=\"2575\" data-end=\"2615\">\ud83d\udce9 <strong data-start=\"2578\" data-end=\"2615\">Pyyd\u00e4 tarjous suuremmista erist\u00e4.<\/strong><\/p>\n<h3 data-section-id=\"181otkz\" data-start=\"2617\" data-end=\"2651\">FAQ \u2013 Usein kysytyt kysymykset<\/h3>\n<p data-start=\"2653\" data-end=\"2789\"><strong data-start=\"2653\" data-end=\"2698\">Voiko Detroit t-paidan tilata painettuna?<\/strong><br data-start=\"2698\" data-end=\"2701\" \/>Kyll\u00e4. Paidat voidaan toimittaa <strong data-start=\"2733\" data-end=\"2788\">valmiiksi painettuina omalla logolla tai designilla<\/strong>.<\/p>\n<p data-start=\"2791\" data-end=\"2902\"><strong data-start=\"2791\" data-end=\"2834\">Voiko t-paidan tilata ilman painatusta?<\/strong><br data-start=\"2834\" data-end=\"2837\" \/>Kyll\u00e4. Tuotteet myyd\u00e4\u00e4n <strong data-start=\"2861\" data-end=\"2901\">sek\u00e4 painettuina ett\u00e4 painamattomina<\/strong>.<\/p>\n<p data-start=\"2904\" data-end=\"3065\"><strong data-start=\"2904\" data-end=\"2936\">Onko Detroit hyv\u00e4 urheiluun?<\/strong><br data-start=\"2936\" data-end=\"2939\" \/>Kyll\u00e4. <strong data-start=\"2946\" data-end=\"2998\">Hengitt\u00e4v\u00e4 bird\u2019s eye -kangas ja 3D-verkkokangas<\/strong> tekev\u00e4t paidasta eritt\u00e4in hyv\u00e4n urheiluun ja aktiiviseen k\u00e4ytt\u00f6\u00f6n.<\/p>\n<p data-start=\"3067\" data-end=\"3212\"><strong data-start=\"3067\" data-end=\"3099\">Mit\u00e4 materiaalia t-paita on?<\/strong><br data-start=\"3099\" data-end=\"3102\" \/>Paita on valmistettu <strong data-start=\"3123\" data-end=\"3211\">100 % polyesterist\u00e4: bird\u2019s eye -kangas edess\u00e4 ja 3D-verkkokangas sel\u00e4ss\u00e4 (130 g\/m\u00b2)<\/strong>.<\/p>\n<p data-start=\"3214\" data-end=\"3349\"><strong data-start=\"3214\" data-end=\"3247\">Kuinka pitk\u00e4 toimitusaika on?<\/strong><br data-start=\"3247\" data-end=\"3250\" \/>Arvioitu toimitusaika on <strong data-start=\"3275\" data-end=\"3292\">noin 1 viikko<\/strong>, riippuen tilausm\u00e4\u00e4r\u00e4st\u00e4 ja mahdollisesta painatuksesta.<\/p>\n<div data-v-5ec54137=\"\"><\/div>\n<div data-v-5ec54137=\"\"><img decoding=\"async\" class=\"mr-1 grey\" title=\"30\u00ba pesu max.\" src=\"https:\/\/static.gorfactory.es\/images\/icons\/20220914110209_Lavar%20a%2030%C2%BA%20m%C3%A1ximo.png\" alt=\"30\u00ba pesu max.\" width=\"40\" height=\"40\" data-v-6089ed0a=\"\" data-v-00b2e954=\"\" \/><img decoding=\"async\" class=\"mr-1 grey\" title=\"\u00c4l\u00e4 valkaise\" src=\"https:\/\/static.gorfactory.es\/images\/icons\/20220914110315_No%20usar%20blanqueador.png\" alt=\"\u00c4l\u00e4 valkaise\" width=\"40\" height=\"40\" data-v-6089ed0a=\"\" data-v-00b2e954=\"\" \/><img decoding=\"async\" class=\"mr-1 grey\" title=\"\u00c4l\u00e4 rumpukuivaa\" src=\"https:\/\/static.gorfactory.es\/images\/icons\/20220914110302_No%20secar%20en%20secadora.png\" alt=\"\u00c4l\u00e4 rumpukuivaa\" width=\"40\" height=\"40\" data-v-6089ed0a=\"\" data-v-00b2e954=\"\" \/><img loading=\"lazy\" decoding=\"async\" class=\"mr-1 grey\" title=\"Silitys alhaisessa l\u00e4mp\u00f6tilassa (max. 110\u00ba)\" src=\"https:\/\/static.gorfactory.es\/images\/icons\/20221117085113_Planchar-110.png\" alt=\"Silitys alhaisessa l\u00e4mp\u00f6tilassa (max. 110\u00ba)\" width=\"40\" height=\"40\" data-v-6089ed0a=\"\" data-v-00b2e954=\"\" \/><img loading=\"lazy\" decoding=\"async\" class=\"mr-1 grey\" title=\"\u00c4l\u00e4 kuivapesua\" src=\"https:\/\/static.gorfactory.es\/images\/icons\/20220914110151_No%20lavar%20en%20seco.png\" alt=\"\u00c4l\u00e4 kuivapesua\" width=\"40\" height=\"40\" data-v-6089ed0a=\"\" data-v-00b2e954=\"\" \/><\/div>\n<p><strong>Mittausohjeet:<\/strong><br \/>\n<strong>Leveys: Tuotteen reunasta reunaan 2cm hihojen alapuolelta.<\/strong><br \/>\n<strong>Pituus: Olkap\u00e4\u00e4n korkeimmasta kohdasta tuotteen\u00a0alareunaan.<\/strong><\/p>\n<p>&nbsp;<\/p>\n<table id=\"size_chart\" class=\"table table-responsive\" style=\"height: 265px;\" width=\"203\" cellspacing=\"0\" cellpadding=\"0\">\n<tbody>\n<tr>\n<th>Koko<\/th>\n<th><img decoding=\"async\" src=\"https:\/\/wordans-a1a5.kxcdn.com\/images\/wordans2010\/length.png\" alt=\"Length\" \/>\u00a0<label id=\"lengthLabel\">Pituus<\/label><\/th>\n<th><img decoding=\"async\" src=\"https:\/\/wordans-a1a5.kxcdn.com\/images\/wordans2010\/width.png\" alt=\"Width\" \/>\u00a0<label id=\"widthLabel\">Leveys<\/label><\/th>\n<\/tr>\n<tr>\n<td>S<\/td>\n<td>70<\/td>\n<td>48<\/td>\n<\/tr>\n<tr>\n<td>M<\/td>\n<td>71<\/td>\n<td>51<\/td>\n<\/tr>\n<tr>\n<td>L<\/td>\n<td>72<\/td>\n<td>54<\/td>\n<\/tr>\n<tr>\n<td>XL<\/td>\n<td>73<\/td>\n<td>57<\/td>\n<\/tr>\n<tr>\n<td>2XL<\/td>\n<td>74<\/td>\n<td>60<\/td>\n<\/tr>\n<\/tbody>\n<\/table>\n<p>&nbsp;<\/p>\n","protected":false},"excerpt":{"rendered":"<p>Tuotenumero 501116 T-Paita Detroit \u2013 tekninen urheilut-paita painettuna tai painamattomana Detroit t-paita on kevyt ja suorituskykyinen tekninen lyhythihainen t-paita, joka sopii erinomaisesti urheiluun, treeniin, juoksuun, joukkuepaitoihin, yritystapahtumiin, promootiotuotteisiin sek\u00e4 j\u00e4lleenmyyntiin. Tuotteet myyd\u00e4\u00e4n sek\u00e4 painettuina ett\u00e4 painamattomina, joten paidat voidaan toimittaa valmiiksi painettuina logolla, tekstill\u00e4 tai designilla tai ilman painatusta omaa k\u00e4ytt\u00f6\u00e4 tai jatkopainatusta varten. Paidassa [&hellip;]<\/p>\n","protected":false},"featured_media":15913,"template":"","meta":{"_acf_changed":false,"om_disable_all_campaigns":false,"_monsterinsights_skip_tracking":false,"_monsterinsights_sitenote_active":false,"_monsterinsights_sitenote_note":"","_monsterinsights_sitenote_category":0},"product_brand":[],"product_cat":[512,513],"product_tag":[298,544,425,555],"class_list":{"0":"post-15909","1":"product","2":"type-product","3":"status-publish","4":"has-post-thumbnail","6":"product_cat-sport","7":"product_cat-sport-t-paidat","8":"product_tag-painatus","9":"product_tag-paita-painatus","10":"product_tag-t-paita","11":"product_tag-tekninen-paita","12":"product_shipping_class-postipaketti","14":"first","15":"instock","16":"taxable","17":"shipping-taxable","18":"purchasable","19":"product-type-simple"},"acf":[],"aioseo_notices":[],"_links":{"self":[{"href":"https:\/\/www.roly24.com\/index.php\/wp-json\/wp\/v2\/product\/15909","targetHints":{"allow":["GET"]}}],"collection":[{"href":"https:\/\/www.roly24.com\/index.php\/wp-json\/wp\/v2\/product"}],"about":[{"href":"https:\/\/www.roly24.com\/index.php\/wp-json\/wp\/v2\/types\/product"}],"version-history":[{"count":3,"href":"https:\/\/www.roly24.com\/index.php\/wp-json\/wp\/v2\/product\/15909\/revisions"}],"predecessor-version":[{"id":21963,"href":"https:\/\/www.roly24.com\/index.php\/wp-json\/wp\/v2\/product\/15909\/revisions\/21963"}],"wp:featuredmedia":[{"embeddable":true,"href":"https:\/\/www.roly24.com\/index.php\/wp-json\/wp\/v2\/media\/15913"}],"wp:attachment":[{"href":"https:\/\/www.roly24.com\/index.php\/wp-json\/wp\/v2\/media?parent=15909"}],"wp:term":[{"taxonomy":"product_brand","embeddable":true,"href":"https:\/\/www.roly24.com\/index.php\/wp-json\/wp\/v2\/product_brand?post=15909"},{"taxonomy":"product_cat","embeddable":true,"href":"https:\/\/www.roly24.com\/index.php\/wp-json\/wp\/v2\/product_cat?post=15909"},{"taxonomy":"product_tag","embeddable":true,"href":"https:\/\/www.roly24.com\/index.php\/wp-json\/wp\/v2\/product_tag?post=15909"}],"curies":[{"name":"wp","href":"https:\/\/api.w.org\/{rel}","templated":true}]}}