{"id":15416,"date":"2025-01-30T15:05:19","date_gmt":"2025-01-30T13:05:19","guid":{"rendered":"https:\/\/www.roly24.com\/?post_type=product&#038;p=15416"},"modified":"2026-03-14T13:22:28","modified_gmt":"2026-03-14T11:22:28","slug":"college-clasica-280g","status":"publish","type":"product","link":"https:\/\/www.roly24.com\/index.php\/tuote\/college-clasica-280g\/","title":{"rendered":"Klassinen ajaton College Clasica 280g\/m\u00b2 painettuna tai painamattomana"},"content":{"rendered":"<p><strong>Tuotenumero 500202<\/strong><\/p>\n<h2 data-section-id=\"sfpi3p\" data-start=\"0\" data-end=\"73\">College Clasica \u2013 klassinen collegepaita painettuna tai painamattomana<\/h2>\n<p data-start=\"75\" data-end=\"481\"><strong data-start=\"75\" data-end=\"99\">Clasica collegepaita<\/strong> on ajaton ja mukava <strong data-start=\"120\" data-end=\"146\">klassinen collegepaita<\/strong>, joka sopii erinomaisesti <strong data-start=\"173\" data-end=\"280\">yritysvaatteisiin, ty\u00f6vaatteisiin, vapaa-aikaan, tapahtumiin, promootiotuotteisiin sek\u00e4 j\u00e4lleenmyyntiin<\/strong>. Tuotteet myyd\u00e4\u00e4n <strong data-start=\"299\" data-end=\"339\">sek\u00e4 painettuina ett\u00e4 painamattomina<\/strong>, joten collegepaidat voidaan toimittaa valmiiksi painettuina logolla, tekstill\u00e4 tai ilman painatusta omaa k\u00e4ytt\u00f6\u00e4 tai jatkopainatusta varten.<\/p>\n<p data-start=\"483\" data-end=\"790\">Paidassa on <strong data-start=\"495\" data-end=\"558\">1\u00d71 elastaaniresorit kauluksessa, hihansuissa ja vy\u00f6t\u00e4r\u00f6ll\u00e4<\/strong>, jotka takaavat hyv\u00e4n istuvuuden ja kest\u00e4vyyden. <strong data-start=\"608\" data-end=\"651\">Vahvistetut peitetyt saumat kauluksessa<\/strong> lis\u00e4\u00e4v\u00e4t k\u00e4ytt\u00f6mukavuutta ja pident\u00e4v\u00e4t k\u00e4ytt\u00f6ik\u00e4\u00e4. Klassinen malli tekee paidasta monik\u00e4ytt\u00f6isen vaihtoehdon sek\u00e4 ty\u00f6- ett\u00e4 vapaa-aikaan.<\/p>\n<p data-start=\"792\" data-end=\"887\"><strong data-start=\"792\" data-end=\"811\">Harjattu fleece<\/strong> tekee collegepaidasta pehme\u00e4n, l\u00e4mpim\u00e4n ja miellytt\u00e4v\u00e4n k\u00e4ytt\u00e4\u00e4 p\u00e4ivitt\u00e4in.<\/p>\n<h3 data-section-id=\"rog7al\" data-start=\"889\" data-end=\"905\">Ominaisuudet<\/h3>\n<p data-start=\"906\" data-end=\"1208\">Klassinen collegepaita \u2022 <strong data-start=\"931\" data-end=\"992\">1\u00d71 elastaaniresorit kauluksessa, hihansuissa ja helmassa<\/strong> \u2022 <strong data-start=\"995\" data-end=\"1038\">Vahvistetut peitetyt saumat kauluksessa<\/strong> \u2022 Mukava ja kest\u00e4v\u00e4 malli \u2022 Pehme\u00e4 harjattu fleece \u2022 <strong data-start=\"1092\" data-end=\"1116\">Irrotettava etiketti<\/strong> (sopii j\u00e4lleenmyyntiin ja omaan br\u00e4nd\u00e4ykseen) \u2022 <strong data-start=\"1165\" data-end=\"1208\">Saatavana painettuna tai painamattomana<\/strong><\/p>\n<h3 data-section-id=\"dpzujp\" data-start=\"1210\" data-end=\"1224\">Materiaali<\/h3>\n<p data-start=\"1225\" data-end=\"1293\"><strong data-start=\"1225\" data-end=\"1260\">50 % puuvilla \/ 50 % polyesteri<\/strong><br data-start=\"1260\" data-end=\"1263\" \/><strong data-start=\"1263\" data-end=\"1293\">Harjattu fleece \u2022 280 g\/m\u00b2<\/strong><\/p>\n<p data-start=\"1295\" data-end=\"1364\">Heather grey 58:<br data-start=\"1311\" data-end=\"1314\" \/><strong data-start=\"1314\" data-end=\"1364\">55 % puuvilla \/ 40 % polyesteri \/ 5 % viskoosi<\/strong><\/p>\n<p data-start=\"1366\" data-end=\"1446\">Tuhkavalkoinen kanervav\u00e4ri:<br data-start=\"1393\" data-end=\"1396\" \/><strong data-start=\"1396\" data-end=\"1446\">57 % puuvilla \/ 42 % polyesteri \/ 1 % viskoosi<\/strong><\/p>\n<h3 data-section-id=\"q08wlc\" data-start=\"1448\" data-end=\"1464\">Toimitusaika<\/h3>\n<p data-start=\"1465\" data-end=\"1582\"><strong data-start=\"1465\" data-end=\"1505\">Arvioitu toimitusaika noin 1 viikko.<\/strong><br data-start=\"1505\" data-end=\"1508\" \/>Toimitusaika voi vaihdella tilausm\u00e4\u00e4r\u00e4n ja mahdollisen painatuksen mukaan.<\/p>\n<h3 data-section-id=\"19f8ccq\" data-start=\"1584\" data-end=\"1601\">K\u00e4ytt\u00f6kohteet<\/h3>\n<p data-start=\"1602\" data-end=\"1797\">Sopii hyvin esimerkiksi:<br data-start=\"1626\" data-end=\"1629\" \/>yritysvaatteisiin \u2022 ty\u00f6vaatteisiin \u2022 vapaa-aikaan \u2022 tapahtumiin \u2022 promootiotuotteisiin \u2022 br\u00e4ndituotteisiin \u2022 verkkokauppamyyntiin \u2022 j\u00e4lleenmyyntiin \u2022 urheilujoukkueille<\/p>\n<h3 data-section-id=\"6b1txa\" data-start=\"1799\" data-end=\"1841\">Tuotteet painettuna tai painamattomana<\/h3>\n<p data-start=\"1842\" data-end=\"1999\">Voit tilata <strong data-start=\"1854\" data-end=\"1894\">Clasica collegepaidat painamattomina<\/strong> omaa painotuotantoa varten tai <strong data-start=\"1926\" data-end=\"1951\">valmiiksi painettuina<\/strong> esimerkiksi logolla, tekstill\u00e4 tai grafiikalla.<\/p>\n<p data-start=\"2001\" data-end=\"2093\">Merkkaustavat:<br data-start=\"2027\" data-end=\"2030\" \/><strong data-start=\"2030\" data-end=\"2093\">DTF-painatus\u00a0<\/strong><\/p>\n<h3 data-section-id=\"gwkuul\" data-start=\"2095\" data-end=\"2127\">Suuret er\u00e4t ja j\u00e4lleenmyyj\u00e4t<\/h3>\n<p data-start=\"2128\" data-end=\"2354\">Toimitamme <strong data-start=\"2139\" data-end=\"2173\">suuremmat er\u00e4t tarjouspohjalta<\/strong> esimerkiksi j\u00e4lleenmyyjille, yrityksille, yhdistyksille, urheiluseuroille ja tapahtumaj\u00e4rjest\u00e4jille. Tuotteet voidaan toimittaa <strong data-start=\"2302\" data-end=\"2336\">painettuina tai painamattomina<\/strong> tilauksen mukaan.<\/p>\n<p data-start=\"2356\" data-end=\"2396\">\ud83d\udce9 <strong data-start=\"2359\" data-end=\"2396\">Pyyd\u00e4 tarjous suuremmista erist\u00e4.<\/strong><\/p>\n<h3 data-section-id=\"181otkz\" data-start=\"2398\" data-end=\"2432\">FAQ \u2013 Usein kysytyt kysymykset<\/h3>\n<p data-start=\"2434\" data-end=\"2575\"><strong data-start=\"2434\" data-end=\"2484\">Voiko Clasica collegepaidan tilata painettuna?<\/strong><br data-start=\"2484\" data-end=\"2487\" \/>Kyll\u00e4. Paidat voidaan toimittaa <strong data-start=\"2519\" data-end=\"2574\">valmiiksi painettuina logolla tai omalla designilla<\/strong>.<\/p>\n<p data-start=\"2577\" data-end=\"2693\"><strong data-start=\"2577\" data-end=\"2625\">Voiko collegepaidan tilata ilman painatusta?<\/strong><br data-start=\"2625\" data-end=\"2628\" \/>Kyll\u00e4. Tuotteet myyd\u00e4\u00e4n <strong data-start=\"2652\" data-end=\"2692\">sek\u00e4 painettuina ett\u00e4 painamattomina<\/strong>.<\/p>\n<p data-start=\"2695\" data-end=\"2798\"><strong data-start=\"2695\" data-end=\"2724\">Onko collegepaita l\u00e4mmin?<\/strong><br data-start=\"2724\" data-end=\"2727\" \/>Kyll\u00e4. <strong data-start=\"2734\" data-end=\"2762\">280 g\/m\u00b2 harjattu fleece<\/strong> tekee paidasta pehme\u00e4n ja l\u00e4mpim\u00e4n.<\/p>\n<p data-start=\"2800\" data-end=\"2948\"><strong data-start=\"2800\" data-end=\"2837\">Onko collegepaita mukava k\u00e4ytt\u00e4\u00e4?<\/strong><br data-start=\"2837\" data-end=\"2840\" \/>Kyll\u00e4. Puuvillan ja polyesterin yhdistelm\u00e4 tekee paidasta <strong data-start=\"2898\" data-end=\"2947\">hengitt\u00e4v\u00e4n, kest\u00e4v\u00e4n ja miellytt\u00e4v\u00e4n k\u00e4ytt\u00e4\u00e4<\/strong>.<\/p>\n<p data-start=\"2950\" data-end=\"3085\"><strong data-start=\"2950\" data-end=\"2983\">Kuinka pitk\u00e4 toimitusaika on?<\/strong><br data-start=\"2983\" data-end=\"2986\" \/>Arvioitu toimitusaika on <strong data-start=\"3011\" data-end=\"3028\">noin 1 viikko<\/strong>, riippuen tilausm\u00e4\u00e4r\u00e4st\u00e4 ja mahdollisesta painatuksesta.<\/p>\n<p data-v-00b2e954=\"\"><img decoding=\"async\" class=\"mr-1 grey\" title=\"40\u00ba pesu max\" src=\"https:\/\/static.gorfactory.es\/images\/icons\/20221116171353_Lavar-40-max.png\" alt=\"40\u00ba pesu max\" width=\"40\" height=\"40\" data-v-6089ed0a=\"\" data-v-00b2e954=\"\" \/><img decoding=\"async\" class=\"mr-1 grey\" title=\"\u00c4l\u00e4 valkaise\" src=\"https:\/\/static.gorfactory.es\/images\/icons\/20220914110315_No%20usar%20blanqueador.png\" alt=\"\u00c4l\u00e4 valkaise\" width=\"40\" height=\"40\" data-v-6089ed0a=\"\" data-v-00b2e954=\"\" \/><img decoding=\"async\" class=\"mr-1 grey\" title=\"\u00c4l\u00e4 rumpukuivaa\" src=\"https:\/\/static.gorfactory.es\/images\/icons\/20220914110302_No%20secar%20en%20secadora.png\" alt=\"\u00c4l\u00e4 rumpukuivaa\" width=\"40\" height=\"40\" data-v-6089ed0a=\"\" data-v-00b2e954=\"\" \/><img loading=\"lazy\" decoding=\"async\" class=\"mr-1 grey\" title=\"Silitys keskil\u00e4mp\u00f6tilassa (max. 150\u00ba)\" src=\"https:\/\/static.gorfactory.es\/images\/icons\/20221110105823_Planchar-Max%20150.png\" alt=\"Silitys keskil\u00e4mp\u00f6tilassa (max. 150\u00ba)\" width=\"40\" height=\"40\" data-v-6089ed0a=\"\" data-v-00b2e954=\"\" \/><img loading=\"lazy\" decoding=\"async\" class=\"mr-1 grey\" title=\"\u00c4l\u00e4 kuivapesua\" src=\"https:\/\/static.gorfactory.es\/images\/icons\/20220914110151_No%20lavar%20en%20seco.png\" alt=\"\u00c4l\u00e4 kuivapesua\" width=\"40\" height=\"40\" data-v-6089ed0a=\"\" data-v-00b2e954=\"\" \/><\/p>\n<p data-v-00b2e954=\"\"><strong>Mittausohjeet:<\/strong><br \/>\n<strong>Leveys: Tuotteen reunasta reunaan 2cm hihojen alapuolelta.<\/strong><br \/>\n<strong>Pituus: Olkap\u00e4\u00e4n korkeimmasta kohdasta tuotteen\u00a0alareunaan.<\/strong><\/p>\n<table id=\"size_chart\" class=\"table table-responsive\" style=\"height: 265px;\" width=\"203\" cellspacing=\"0\" cellpadding=\"0\">\n<tbody>\n<tr>\n<th>Koko<\/th>\n<th><img decoding=\"async\" src=\"https:\/\/wordans-a1a5.kxcdn.com\/images\/wordans2010\/length.png\" alt=\"Length\" \/>\u00a0<label id=\"lengthLabel\">Pituus<\/label><\/th>\n<th><img decoding=\"async\" src=\"https:\/\/wordans-a1a5.kxcdn.com\/images\/wordans2010\/width.png\" alt=\"Width\" \/>\u00a0<label id=\"widthLabel\">Leveys<\/label><\/th>\n<\/tr>\n<tr>\n<td>XS<\/td>\n<td>63<\/td>\n<td>51<\/td>\n<\/tr>\n<tr>\n<td>S<\/td>\n<td>66<\/td>\n<td>54<\/td>\n<\/tr>\n<tr>\n<td>M<\/td>\n<td>69<\/td>\n<td>57<\/td>\n<\/tr>\n<tr>\n<td>L<\/td>\n<td>72<\/td>\n<td>60<\/td>\n<\/tr>\n<tr>\n<td>XL<\/td>\n<td>75<\/td>\n<td>63<\/td>\n<\/tr>\n<tr>\n<td>2XL<\/td>\n<td>78<\/td>\n<td>66<\/td>\n<\/tr>\n<tr>\n<td>3XL<\/td>\n<td>81<\/td>\n<td>69<\/td>\n<\/tr>\n<\/tbody>\n<\/table>\n<p>&nbsp;<\/p>\n","protected":false},"excerpt":{"rendered":"<p>Tuotenumero 500202 College Clasica \u2013 klassinen collegepaita painettuna tai painamattomana Clasica collegepaita on ajaton ja mukava klassinen collegepaita, joka sopii erinomaisesti yritysvaatteisiin, ty\u00f6vaatteisiin, vapaa-aikaan, tapahtumiin, promootiotuotteisiin sek\u00e4 j\u00e4lleenmyyntiin. Tuotteet myyd\u00e4\u00e4n sek\u00e4 painettuina ett\u00e4 painamattomina, joten collegepaidat voidaan toimittaa valmiiksi painettuina logolla, tekstill\u00e4 tai ilman painatusta omaa k\u00e4ytt\u00f6\u00e4 tai jatkopainatusta varten. Paidassa on 1\u00d71 elastaaniresorit kauluksessa, [&hellip;]<\/p>\n","protected":false},"featured_media":15418,"template":"","meta":{"_acf_changed":false,"om_disable_all_campaigns":false,"_monsterinsights_skip_tracking":false,"_monsterinsights_sitenote_active":false,"_monsterinsights_sitenote_note":"","_monsterinsights_sitenote_category":0},"product_brand":[],"product_cat":[511],"product_tag":[478,602,298,544],"class_list":{"0":"post-15416","1":"product","2":"type-product","3":"status-publish","4":"has-post-thumbnail","6":"product_cat-college3","7":"product_tag-college","8":"product_tag-kollari","9":"product_tag-painatus","10":"product_tag-paita-painatus","11":"product_shipping_class-postipaketti","13":"first","14":"instock","15":"taxable","16":"shipping-taxable","17":"purchasable","18":"product-type-simple"},"acf":[],"aioseo_notices":[],"_links":{"self":[{"href":"https:\/\/www.roly24.com\/index.php\/wp-json\/wp\/v2\/product\/15416","targetHints":{"allow":["GET"]}}],"collection":[{"href":"https:\/\/www.roly24.com\/index.php\/wp-json\/wp\/v2\/product"}],"about":[{"href":"https:\/\/www.roly24.com\/index.php\/wp-json\/wp\/v2\/types\/product"}],"version-history":[{"count":3,"href":"https:\/\/www.roly24.com\/index.php\/wp-json\/wp\/v2\/product\/15416\/revisions"}],"predecessor-version":[{"id":22017,"href":"https:\/\/www.roly24.com\/index.php\/wp-json\/wp\/v2\/product\/15416\/revisions\/22017"}],"wp:featuredmedia":[{"embeddable":true,"href":"https:\/\/www.roly24.com\/index.php\/wp-json\/wp\/v2\/media\/15418"}],"wp:attachment":[{"href":"https:\/\/www.roly24.com\/index.php\/wp-json\/wp\/v2\/media?parent=15416"}],"wp:term":[{"taxonomy":"product_brand","embeddable":true,"href":"https:\/\/www.roly24.com\/index.php\/wp-json\/wp\/v2\/product_brand?post=15416"},{"taxonomy":"product_cat","embeddable":true,"href":"https:\/\/www.roly24.com\/index.php\/wp-json\/wp\/v2\/product_cat?post=15416"},{"taxonomy":"product_tag","embeddable":true,"href":"https:\/\/www.roly24.com\/index.php\/wp-json\/wp\/v2\/product_tag?post=15416"}],"curies":[{"name":"wp","href":"https:\/\/api.w.org\/{rel}","templated":true}]}}