{"id":15126,"date":"2025-01-30T11:01:49","date_gmt":"2025-01-30T09:01:49","guid":{"rendered":"https:\/\/www.roly24.com\/?post_type=product&#038;p=15126"},"modified":"2026-03-14T13:23:53","modified_gmt":"2026-03-14T11:23:53","slug":"college-teleno-320g","status":"publish","type":"product","link":"https:\/\/www.roly24.com\/index.php\/tuote\/college-teleno-320g\/","title":{"rendered":"Paksu puuvillainen College TELENO 320g\/m\u00b2  painettuna tai painamattomana"},"content":{"rendered":"<p><strong>Tuotenumero 500208<\/strong><\/p>\n<h2 data-section-id=\"1804qta\" data-start=\"0\" data-end=\"81\">College Teleno \u2013 paksu puuvillainen collegepaita painettuna tai painamattomana<\/h2>\n<p data-start=\"83\" data-end=\"504\"><strong data-start=\"83\" data-end=\"106\">Teleno collegepaita<\/strong> on laadukas ja kest\u00e4v\u00e4 <strong data-start=\"130\" data-end=\"169\">klassinen puuvillainen collegepaita<\/strong>, joka sopii erinomaisesti <strong data-start=\"196\" data-end=\"303\">yritysvaatteisiin, ty\u00f6vaatteisiin, vapaa-aikaan, tapahtumiin, promootiotuotteisiin sek\u00e4 j\u00e4lleenmyyntiin<\/strong>. Tuotteet myyd\u00e4\u00e4n <strong data-start=\"322\" data-end=\"362\">sek\u00e4 painettuina ett\u00e4 painamattomina<\/strong>, joten collegepaidat voidaan toimittaa valmiiksi painettuina logolla, tekstill\u00e4 tai ilman painatusta omaa k\u00e4ytt\u00f6\u00e4 tai jatkopainatusta varten.<\/p>\n<p data-start=\"506\" data-end=\"763\">Paidassa on <strong data-start=\"518\" data-end=\"546\">klassinen py\u00f6re\u00e4 p\u00e4\u00e4ntie<\/strong> sek\u00e4 <strong data-start=\"552\" data-end=\"603\">1\u00d71 resorit p\u00e4\u00e4ntiess\u00e4, hihansuissa ja helmassa<\/strong>, jotka takaavat hyv\u00e4n istuvuuden ja kest\u00e4vyyden. <strong data-start=\"653\" data-end=\"711\">Vahvistetut p\u00e4\u00e4llystetyt saumat kauluksen sis\u00e4puolella<\/strong> lis\u00e4\u00e4v\u00e4t k\u00e4ytt\u00f6mukavuutta ja pident\u00e4v\u00e4t k\u00e4ytt\u00f6ik\u00e4\u00e4.<\/p>\n<p data-start=\"765\" data-end=\"888\">Paksu <strong data-start=\"771\" data-end=\"811\">100 % puuvillainen kangas (320 g\/m\u00b2)<\/strong> tekee collegepaidasta eritt\u00e4in laadukkaan, l\u00e4mpim\u00e4n ja miellytt\u00e4v\u00e4n k\u00e4ytt\u00e4\u00e4.<\/p>\n<h3 data-section-id=\"rog7al\" data-start=\"890\" data-end=\"906\">Ominaisuudet<\/h3>\n<p data-start=\"907\" data-end=\"1218\">Klassinen collegepaita \u2022 <strong data-start=\"932\" data-end=\"951\">100 % puuvillaa<\/strong> \u2022 <strong data-start=\"954\" data-end=\"1005\">1\u00d71 resorit p\u00e4\u00e4ntiess\u00e4, hihansuissa ja helmassa<\/strong> \u2022 <strong data-start=\"1008\" data-end=\"1042\">Vahvistetut saumat kauluksessa<\/strong> \u2022 Paksu ja laadukas materiaali \u2022 Mukava ja kest\u00e4v\u00e4 malli \u2022 <strong data-start=\"1102\" data-end=\"1126\">Irrotettava etiketti<\/strong> (sopii j\u00e4lleenmyyntiin ja omaan br\u00e4nd\u00e4ykseen) \u2022 <strong data-start=\"1175\" data-end=\"1218\">Saatavana painettuna tai painamattomana<\/strong><\/p>\n<h3 data-section-id=\"dpzujp\" data-start=\"1220\" data-end=\"1234\">Materiaali<\/h3>\n<p data-start=\"1235\" data-end=\"1268\"><strong data-start=\"1235\" data-end=\"1253\">100 % puuvilla<\/strong><br data-start=\"1253\" data-end=\"1256\" \/><strong data-start=\"1256\" data-end=\"1268\">320 g\/m\u00b2<\/strong><\/p>\n<p data-start=\"1270\" data-end=\"1376\">Paksu puuvillakangas tekee paidasta <strong data-start=\"1306\" data-end=\"1352\">l\u00e4mpim\u00e4n, hengitt\u00e4v\u00e4n ja eritt\u00e4in kest\u00e4v\u00e4n<\/strong> p\u00e4ivitt\u00e4iseen k\u00e4ytt\u00f6\u00f6n.<\/p>\n<h3 data-section-id=\"q08wlc\" data-start=\"1378\" data-end=\"1394\">Toimitusaika<\/h3>\n<p data-start=\"1395\" data-end=\"1512\"><strong data-start=\"1395\" data-end=\"1435\">Arvioitu toimitusaika noin 1 viikko.<\/strong><br data-start=\"1435\" data-end=\"1438\" \/>Toimitusaika voi vaihdella tilausm\u00e4\u00e4r\u00e4n ja mahdollisen painatuksen mukaan.<\/p>\n<h3 data-section-id=\"19f8ccq\" data-start=\"1514\" data-end=\"1531\">K\u00e4ytt\u00f6kohteet<\/h3>\n<p data-start=\"1532\" data-end=\"1727\">Sopii hyvin esimerkiksi:<br data-start=\"1556\" data-end=\"1559\" \/>yritysvaatteisiin \u2022 ty\u00f6vaatteisiin \u2022 vapaa-aikaan \u2022 tapahtumiin \u2022 promootiotuotteisiin \u2022 br\u00e4ndituotteisiin \u2022 verkkokauppamyyntiin \u2022 j\u00e4lleenmyyntiin \u2022 urheilujoukkueille<\/p>\n<h3 data-section-id=\"6b1txa\" data-start=\"1729\" data-end=\"1771\">Tuotteet painettuna tai painamattomana<\/h3>\n<p data-start=\"1772\" data-end=\"1928\">Voit tilata <strong data-start=\"1784\" data-end=\"1823\">Teleno collegepaidat painamattomina<\/strong> omaa painotuotantoa varten tai <strong data-start=\"1855\" data-end=\"1880\">valmiiksi painettuina<\/strong> esimerkiksi logolla, tekstill\u00e4 tai grafiikalla.<\/p>\n<p data-start=\"1930\" data-end=\"2022\">Merkkaustavat:<br data-start=\"1956\" data-end=\"1959\" \/><strong data-start=\"1959\" data-end=\"2022\">DTF-painatus\u00a0<\/strong><\/p>\n<h3 data-section-id=\"gwkuul\" data-start=\"2024\" data-end=\"2056\">Suuret er\u00e4t ja j\u00e4lleenmyyj\u00e4t<\/h3>\n<p data-start=\"2057\" data-end=\"2283\">Toimitamme <strong data-start=\"2068\" data-end=\"2102\">suuremmat er\u00e4t tarjouspohjalta<\/strong> esimerkiksi j\u00e4lleenmyyjille, yrityksille, yhdistyksille, urheiluseuroille ja tapahtumaj\u00e4rjest\u00e4jille. Tuotteet voidaan toimittaa <strong data-start=\"2231\" data-end=\"2265\">painettuina tai painamattomina<\/strong> tilauksen mukaan.<\/p>\n<p data-start=\"2285\" data-end=\"2325\">\ud83d\udce9 <strong data-start=\"2288\" data-end=\"2325\">Pyyd\u00e4 tarjous suuremmista erist\u00e4.<\/strong><\/p>\n<h3 data-section-id=\"181otkz\" data-start=\"2327\" data-end=\"2361\">FAQ \u2013 Usein kysytyt kysymykset<\/h3>\n<p data-start=\"2363\" data-end=\"2503\"><strong data-start=\"2363\" data-end=\"2412\">Voiko Teleno collegepaidan tilata painettuna?<\/strong><br data-start=\"2412\" data-end=\"2415\" \/>Kyll\u00e4. Paidat voidaan toimittaa <strong data-start=\"2447\" data-end=\"2502\">valmiiksi painettuina logolla tai omalla designilla<\/strong>.<\/p>\n<p data-start=\"2505\" data-end=\"2621\"><strong data-start=\"2505\" data-end=\"2553\">Voiko collegepaidan tilata ilman painatusta?<\/strong><br data-start=\"2553\" data-end=\"2556\" \/>Kyll\u00e4. Tuotteet myyd\u00e4\u00e4n <strong data-start=\"2580\" data-end=\"2620\">sek\u00e4 painettuina ett\u00e4 painamattomina<\/strong>.<\/p>\n<p data-start=\"2623\" data-end=\"2732\"><strong data-start=\"2623\" data-end=\"2651\">Onko collegepaita paksu?<\/strong><br data-start=\"2651\" data-end=\"2654\" \/>Kyll\u00e4. <strong data-start=\"2661\" data-end=\"2688\">320 g\/m\u00b2 puuvillakangas<\/strong> tekee paidasta paksun ja eritt\u00e4in kest\u00e4v\u00e4n.<\/p>\n<p data-start=\"2734\" data-end=\"2824\"><strong data-start=\"2734\" data-end=\"2771\">Onko materiaali t\u00e4ysin puuvillaa?<\/strong><br data-start=\"2771\" data-end=\"2774\" \/>Kyll\u00e4. Paita on valmistettu <strong data-start=\"2802\" data-end=\"2823\">100 % puuvillasta<\/strong>.<\/p>\n<p data-start=\"2826\" data-end=\"2961\"><strong data-start=\"2826\" data-end=\"2859\">Kuinka pitk\u00e4 toimitusaika on?<\/strong><br data-start=\"2859\" data-end=\"2862\" \/>Arvioitu toimitusaika on <strong data-start=\"2887\" data-end=\"2904\">noin 1 viikko<\/strong>, riippuen tilausm\u00e4\u00e4r\u00e4st\u00e4 ja mahdollisesta painatuksesta.<\/p>\n<p data-v-00b2e954=\"\"><img decoding=\"async\" class=\"mr-1 grey\" title=\"40\u00ba pesu max\" src=\"https:\/\/static.gorfactory.es\/images\/icons\/20221116171353_Lavar-40-max.png\" alt=\"40\u00ba pesu max\" width=\"40\" height=\"40\" data-v-6089ed0a=\"\" data-v-00b2e954=\"\" \/><img decoding=\"async\" class=\"mr-1 grey\" title=\"\u00c4l\u00e4 valkaise\" src=\"https:\/\/static.gorfactory.es\/images\/icons\/20220914110315_No%20usar%20blanqueador.png\" alt=\"\u00c4l\u00e4 valkaise\" width=\"40\" height=\"40\" data-v-6089ed0a=\"\" data-v-00b2e954=\"\" \/><img decoding=\"async\" class=\"mr-1 grey\" title=\"\u00c4l\u00e4 rumpukuivaa\" src=\"https:\/\/static.gorfactory.es\/images\/icons\/20220914110302_No%20secar%20en%20secadora.png\" alt=\"\u00c4l\u00e4 rumpukuivaa\" width=\"40\" height=\"40\" data-v-6089ed0a=\"\" data-v-00b2e954=\"\" \/><img loading=\"lazy\" decoding=\"async\" class=\"mr-1 grey\" title=\"Silitys keskil\u00e4mp\u00f6tilassa (max. 150\u00ba)\" src=\"https:\/\/static.gorfactory.es\/images\/icons\/20221110105823_Planchar-Max%20150.png\" alt=\"Silitys keskil\u00e4mp\u00f6tilassa (max. 150\u00ba)\" width=\"40\" height=\"40\" data-v-6089ed0a=\"\" data-v-00b2e954=\"\" \/><img loading=\"lazy\" decoding=\"async\" class=\"mr-1 grey\" title=\"\u00c4l\u00e4 kuivapesua\" src=\"https:\/\/static.gorfactory.es\/images\/icons\/20220914110151_No%20lavar%20en%20seco.png\" alt=\"\u00c4l\u00e4 kuivapesua\" width=\"40\" height=\"40\" data-v-6089ed0a=\"\" data-v-00b2e954=\"\" \/><\/p>\n<p data-v-00b2e954=\"\"><strong>Mittausohjeet:<\/strong><br \/>\n<strong>Leveys: Tuotteen reunasta reunaan 2cm hihojen alapuolelta.<\/strong><br \/>\n<strong>Pituus: Olkap\u00e4\u00e4n korkeimmasta kohdasta tuotteen\u00a0alareunaan.<\/strong><\/p>\n<table id=\"size_chart\" class=\"table table-responsive\" style=\"height: 265px;\" width=\"203\" cellspacing=\"0\" cellpadding=\"0\">\n<tbody>\n<tr>\n<th>Koko<\/th>\n<th><img decoding=\"async\" src=\"https:\/\/wordans-a1a5.kxcdn.com\/images\/wordans2010\/length.png\" alt=\"Length\" \/>\u00a0<label id=\"lengthLabel\">Pituus<\/label><\/th>\n<th><img decoding=\"async\" src=\"https:\/\/wordans-a1a5.kxcdn.com\/images\/wordans2010\/width.png\" alt=\"Width\" \/>\u00a0<label id=\"widthLabel\">Leveys<\/label><\/th>\n<\/tr>\n<tr>\n<td>XS<\/td>\n<td>66<\/td>\n<td>51<\/td>\n<\/tr>\n<tr>\n<td>S<\/td>\n<td>68<\/td>\n<td>54<\/td>\n<\/tr>\n<tr>\n<td>M<\/td>\n<td>70<\/td>\n<td>57<\/td>\n<\/tr>\n<tr>\n<td>L<\/td>\n<td>72<\/td>\n<td>60<\/td>\n<\/tr>\n<tr>\n<td>XL<\/td>\n<td>74<\/td>\n<td>63<\/td>\n<\/tr>\n<tr>\n<td>2XL<\/td>\n<td>76<\/td>\n<td>67<\/td>\n<\/tr>\n<tr>\n<td>3XL<\/td>\n<td>78<\/td>\n<td>71<\/td>\n<\/tr>\n<\/tbody>\n<\/table>\n<p>&nbsp;<\/p>\n","protected":false},"excerpt":{"rendered":"<p>Tuotenumero 500208 College Teleno \u2013 paksu puuvillainen collegepaita painettuna tai painamattomana Teleno collegepaita on laadukas ja kest\u00e4v\u00e4 klassinen puuvillainen collegepaita, joka sopii erinomaisesti yritysvaatteisiin, ty\u00f6vaatteisiin, vapaa-aikaan, tapahtumiin, promootiotuotteisiin sek\u00e4 j\u00e4lleenmyyntiin. Tuotteet myyd\u00e4\u00e4n sek\u00e4 painettuina ett\u00e4 painamattomina, joten collegepaidat voidaan toimittaa valmiiksi painettuina logolla, tekstill\u00e4 tai ilman painatusta omaa k\u00e4ytt\u00f6\u00e4 tai jatkopainatusta varten. Paidassa on klassinen [&hellip;]<\/p>\n","protected":false},"featured_media":15133,"template":"","meta":{"_acf_changed":false,"om_disable_all_campaigns":false,"_monsterinsights_skip_tracking":false,"_monsterinsights_sitenote_active":false,"_monsterinsights_sitenote_note":"","_monsterinsights_sitenote_category":0},"product_brand":[],"product_cat":[511],"product_tag":[478,602,298,544],"class_list":{"0":"post-15126","1":"product","2":"type-product","3":"status-publish","4":"has-post-thumbnail","6":"product_cat-college3","7":"product_tag-college","8":"product_tag-kollari","9":"product_tag-painatus","10":"product_tag-paita-painatus","11":"product_shipping_class-postipaketti","13":"first","14":"instock","15":"taxable","16":"shipping-taxable","17":"purchasable","18":"product-type-simple"},"acf":[],"aioseo_notices":[],"_links":{"self":[{"href":"https:\/\/www.roly24.com\/index.php\/wp-json\/wp\/v2\/product\/15126","targetHints":{"allow":["GET"]}}],"collection":[{"href":"https:\/\/www.roly24.com\/index.php\/wp-json\/wp\/v2\/product"}],"about":[{"href":"https:\/\/www.roly24.com\/index.php\/wp-json\/wp\/v2\/types\/product"}],"version-history":[{"count":3,"href":"https:\/\/www.roly24.com\/index.php\/wp-json\/wp\/v2\/product\/15126\/revisions"}],"predecessor-version":[{"id":22018,"href":"https:\/\/www.roly24.com\/index.php\/wp-json\/wp\/v2\/product\/15126\/revisions\/22018"}],"wp:featuredmedia":[{"embeddable":true,"href":"https:\/\/www.roly24.com\/index.php\/wp-json\/wp\/v2\/media\/15133"}],"wp:attachment":[{"href":"https:\/\/www.roly24.com\/index.php\/wp-json\/wp\/v2\/media?parent=15126"}],"wp:term":[{"taxonomy":"product_brand","embeddable":true,"href":"https:\/\/www.roly24.com\/index.php\/wp-json\/wp\/v2\/product_brand?post=15126"},{"taxonomy":"product_cat","embeddable":true,"href":"https:\/\/www.roly24.com\/index.php\/wp-json\/wp\/v2\/product_cat?post=15126"},{"taxonomy":"product_tag","embeddable":true,"href":"https:\/\/www.roly24.com\/index.php\/wp-json\/wp\/v2\/product_tag?post=15126"}],"curies":[{"name":"wp","href":"https:\/\/api.w.org\/{rel}","templated":true}]}}