{"id":14131,"date":"2025-01-23T13:16:40","date_gmt":"2025-01-23T11:16:40","guid":{"rendered":"https:\/\/www.roly24.com\/?post_type=product&#038;p=14131"},"modified":"2026-03-13T14:57:33","modified_gmt":"2026-03-13T12:57:33","slug":"t-paita-sublima","status":"publish","type":"product","link":"https:\/\/www.roly24.com\/index.php\/tuote\/t-paita-sublima\/","title":{"rendered":"Miesten lyhythihainen T-paita SUBLIMA 150g\/m\u00b2 painettuna tai painamattomana"},"content":{"rendered":"<p><strong>Tuotenumero 500419<\/strong><\/p>\n<h2 data-start=\"0\" data-end=\"70\">T-Paita Sublima \u2013 sublimaatio t-paita painettuna tai painamattomana<\/h2>\n<p data-start=\"72\" data-end=\"487\"><strong data-start=\"72\" data-end=\"91\">Sublima t-paita<\/strong> on kevyt ja mukava <strong data-start=\"111\" data-end=\"136\">lyhythihainen t-paita<\/strong>, joka on suunniteltu erityisesti <strong data-start=\"170\" data-end=\"270\">sublimaatiopainatukseen, promootiotuotteisiin, tapahtumiin, yrityspaitoihin sek\u00e4 j\u00e4lleenmyyntiin<\/strong>. Tuotteet myyd\u00e4\u00e4n <strong data-start=\"289\" data-end=\"329\">sek\u00e4 painettuina ett\u00e4 painamattomina<\/strong>, joten voit tilata paidat valmiiksi painettuna kuvalla, logolla tai designilla tai vaihtoehtoisesti ilman painatusta omaa k\u00e4ytt\u00f6\u00e4 tai jatkopainatusta varten.<\/p>\n<p data-start=\"489\" data-end=\"781\">Paita on valmistettu <strong data-start=\"510\" data-end=\"566\">polyesterikankaasta, jossa on puuvillamainen tuntuma<\/strong>, mik\u00e4 tekee siit\u00e4 miellytt\u00e4v\u00e4n k\u00e4ytt\u00e4\u00e4 ja eritt\u00e4in sopivan <strong data-start=\"626\" data-end=\"653\">sublimaatiopainatukseen<\/strong>. Sivusaumat parantavat istuvuutta ja <strong data-start=\"691\" data-end=\"743\">py\u00f6re\u00e4 p\u00e4\u00e4ntie samaa kangasta olevalla resorilla<\/strong> viimeistelee paidan siistin ulkon\u00e4\u00f6n.<\/p>\n<h3 data-start=\"783\" data-end=\"799\">Ominaisuudet<\/h3>\n<p data-start=\"800\" data-end=\"999\">Lyhythihainen t-paita \u2022 Kevyt ja mukava kangas \u2022 Py\u00f6re\u00e4 resorip\u00e4\u00e4ntie samaa kangasta \u2022 Sivusaumat \u2022 Erinomainen sublimaatiopinta \u2022 <strong data-start=\"931\" data-end=\"974\">Saatavana painettuna tai painamattomana<\/strong> \u2022 <strong data-start=\"977\" data-end=\"999\">Liimatarraetiketti<\/strong><\/p>\n<h3 data-start=\"1001\" data-end=\"1015\">Materiaali<\/h3>\n<p data-start=\"1016\" data-end=\"1076\"><strong data-start=\"1016\" data-end=\"1061\">100 % polyesteri (puuvillamainen tuntuma)<\/strong><br data-start=\"1061\" data-end=\"1064\" \/><strong data-start=\"1064\" data-end=\"1076\">150 g\/m\u00b2<\/strong><\/p>\n<p data-start=\"1078\" data-end=\"1165\">Materiaali on kevyt, hengitt\u00e4v\u00e4 ja suunniteltu erityisesti <strong data-start=\"1137\" data-end=\"1164\">sublimaatiopainatukseen<\/strong>.<\/p>\n<h3 data-start=\"1167\" data-end=\"1184\">K\u00e4ytt\u00f6kohteet<\/h3>\n<p data-start=\"1185\" data-end=\"1355\">Sopii hyvin esimerkiksi:<br data-start=\"1209\" data-end=\"1212\" \/>sublimaatiopaitoihin \u2022 promootiotuotteisiin \u2022 tapahtumapaitoihin \u2022 yrityspaitoihin \u2022 br\u00e4ndituotteisiin \u2022 verkkokauppamyyntiin \u2022 j\u00e4lleenmyyntiin<\/p>\n<h3 data-start=\"1357\" data-end=\"1399\">Tuotteet painettuna tai painamattomana<\/h3>\n<p data-start=\"1400\" data-end=\"1548\">Voit tilata Sublima paidat <strong data-start=\"1427\" data-end=\"1445\">painamattomina<\/strong> omaa painotuotantoa varten tai <strong data-start=\"1477\" data-end=\"1502\">valmiiksi painettuina<\/strong> esimerkiksi kuvalla, logolla tai grafiikalla.<\/p>\n<p data-start=\"1550\" data-end=\"1631\">Mahdolliset painatusmenetelm\u00e4t:<br data-start=\"1581\" data-end=\"1584\" \/><strong data-start=\"1584\" data-end=\"1631\">Sublimaatio \u2022 DTF-painatus \u2022 siirtopainatus<\/strong><\/p>\n<h3 data-start=\"1633\" data-end=\"1665\">Suuret er\u00e4t ja j\u00e4lleenmyyj\u00e4t<\/h3>\n<p data-start=\"1666\" data-end=\"1889\">Toimitamme <strong data-start=\"1677\" data-end=\"1711\">suuremmat er\u00e4t tarjouspohjalta<\/strong> esimerkiksi j\u00e4lleenmyyjille, painotaloille, yrityksille, yhdistyksille ja tapahtumaj\u00e4rjest\u00e4jille. Tuotteet voidaan toimittaa <strong data-start=\"1837\" data-end=\"1871\">painettuina tai painamattomina<\/strong> tilauksen mukaan.<\/p>\n<p data-start=\"1891\" data-end=\"1931\">\ud83d\udce9 <strong data-start=\"1894\" data-end=\"1931\">Pyyd\u00e4 tarjous suuremmista erist\u00e4.<\/strong><\/p>\n<h3 data-start=\"1933\" data-end=\"1967\">FAQ \u2013 Usein kysytyt kysymykset<\/h3>\n<p data-start=\"1969\" data-end=\"2114\"><strong data-start=\"1969\" data-end=\"2014\">Voiko Sublima t-paidan tilata painettuna?<\/strong><br data-start=\"2014\" data-end=\"2017\" \/>Kyll\u00e4. Paidat voidaan toimittaa <strong data-start=\"2049\" data-end=\"2113\">valmiiksi painettuina omalla designilla, logolla tai kuvalla<\/strong>.<\/p>\n<p data-start=\"2116\" data-end=\"2227\"><strong data-start=\"2116\" data-end=\"2159\">Voiko t-paidan tilata ilman painatusta?<\/strong><br data-start=\"2159\" data-end=\"2162\" \/>Kyll\u00e4. Tuotteet myyd\u00e4\u00e4n <strong data-start=\"2186\" data-end=\"2226\">sek\u00e4 painettuina ett\u00e4 painamattomina<\/strong>.<\/p>\n<p data-start=\"2229\" data-end=\"2356\"><strong data-start=\"2229\" data-end=\"2274\">Soveltuuko Sublima t-paita sublimaatioon?<\/strong><br data-start=\"2274\" data-end=\"2277\" \/>Kyll\u00e4. Polyesterikangas on suunniteltu erityisesti <strong data-start=\"2328\" data-end=\"2355\">sublimaatiopainatukseen<\/strong>.<\/p>\n<p data-start=\"2358\" data-end=\"2484\"><strong data-start=\"2358\" data-end=\"2390\">Mit\u00e4 materiaalia t-paita on?<\/strong><br data-start=\"2390\" data-end=\"2393\" \/>T-paita on valmistettu <strong data-start=\"2416\" data-end=\"2450\">100 % polyesterist\u00e4 (150 g\/m\u00b2)<\/strong>, jossa on puuvillamainen tuntuma.<\/p>\n<p data-start=\"2486\" data-end=\"2610\"><strong data-start=\"2486\" data-end=\"2520\">Sopiiko paita j\u00e4lleenmyyntiin?<\/strong><br data-start=\"2520\" data-end=\"2523\" \/>Kyll\u00e4. Tuote sopii hyvin <strong data-start=\"2548\" data-end=\"2609\">br\u00e4ndituotteeksi, verkkokauppamyyntiin ja j\u00e4lleenmyyntiin<\/strong>.<\/p>\n<p data-start=\"2612\" data-end=\"2757\"><strong data-start=\"2612\" data-end=\"2657\">Saako suuremmista tilauksista tarjouksen?<\/strong><br data-start=\"2657\" data-end=\"2660\" \/>Kyll\u00e4. <strong data-start=\"2667\" data-end=\"2720\">Suuremmat tilaukset hinnoitellaan tarjouspohjalta<\/strong> j\u00e4lleenmyyjille ja alan toimijoille.<\/p>\n<p><img decoding=\"async\" class=\"mr-1 grey\" title=\"30\u00ba pesu max.\" src=\"https:\/\/static.gorfactory.es\/images\/icons\/20220914110209_Lavar%20a%2030%C2%BA%20m%C3%A1ximo.png\" alt=\"30\u00ba pesu max.\" width=\"40\" height=\"40\" data-v-6089ed0a=\"\" data-v-00b2e954=\"\" \/><img decoding=\"async\" class=\"mr-1 grey\" title=\"\u00c4l\u00e4 valkaise\" src=\"https:\/\/static.gorfactory.es\/images\/icons\/20220914110315_No%20usar%20blanqueador.png\" alt=\"\u00c4l\u00e4 valkaise\" width=\"40\" height=\"40\" data-v-6089ed0a=\"\" data-v-00b2e954=\"\" \/><img decoding=\"async\" class=\"mr-1 grey\" title=\"\u00c4l\u00e4 rumpukuivaa\" src=\"https:\/\/static.gorfactory.es\/images\/icons\/20220914110302_No%20secar%20en%20secadora.png\" alt=\"\u00c4l\u00e4 rumpukuivaa\" width=\"40\" height=\"40\" data-v-6089ed0a=\"\" data-v-00b2e954=\"\" \/><img loading=\"lazy\" decoding=\"async\" class=\"mr-1 grey\" title=\"Silitys alhaisessa l\u00e4mp\u00f6tilassa (max. 110\u00ba)\" src=\"https:\/\/static.gorfactory.es\/images\/icons\/20221117085113_Planchar-110.png\" alt=\"Silitys alhaisessa l\u00e4mp\u00f6tilassa (max. 110\u00ba)\" width=\"40\" height=\"40\" data-v-6089ed0a=\"\" data-v-00b2e954=\"\" \/><img loading=\"lazy\" decoding=\"async\" class=\"mr-1 grey\" title=\"\u00c4l\u00e4 kuivapesua\" src=\"https:\/\/static.gorfactory.es\/images\/icons\/20220914110151_No%20lavar%20en%20seco.png\" alt=\"\u00c4l\u00e4 kuivapesua\" width=\"40\" height=\"40\" data-v-6089ed0a=\"\" data-v-00b2e954=\"\" \/><\/p>\n<p><strong>Mittausohjeet:<\/strong><br \/>\n<strong>Leveys: Tuotteen reunasta reunaan 2cm hihojen alapuolelta.<\/strong><br \/>\n<strong>Pituus: Olkap\u00e4\u00e4n korkeimmasta kohdasta tuotteen\u00a0alareunaan.<\/strong><\/p>\n<table id=\"size_chart\" class=\"table table-responsive\" style=\"height: 265px;\" width=\"203\" cellspacing=\"0\" cellpadding=\"0\">\n<tbody>\n<tr>\n<th>Koko<\/th>\n<th><img decoding=\"async\" src=\"https:\/\/wordans-a1a5.kxcdn.com\/images\/wordans2010\/length.png\" alt=\"Length\" \/>\u00a0<label id=\"lengthLabel\">Pituus<\/label><\/th>\n<th><img decoding=\"async\" src=\"https:\/\/wordans-a1a5.kxcdn.com\/images\/wordans2010\/width.png\" alt=\"Width\" \/>\u00a0<label id=\"widthLabel\">Leveys<\/label><\/th>\n<\/tr>\n<tr>\n<td>S<\/td>\n<td>69<\/td>\n<td>48<\/td>\n<\/tr>\n<tr>\n<td>M<\/td>\n<td>71<\/td>\n<td>51<\/td>\n<\/tr>\n<tr>\n<td>L<\/td>\n<td>73<\/td>\n<td>54<\/td>\n<\/tr>\n<tr>\n<td>XL<\/td>\n<td>75<\/td>\n<td>58<\/td>\n<\/tr>\n<tr>\n<td>2XL<\/td>\n<td>77<\/td>\n<td>62<\/td>\n<\/tr>\n<tr>\n<td>3XL<\/td>\n<td>79<\/td>\n<td>66<\/td>\n<\/tr>\n<\/tbody>\n<\/table>\n<p>&nbsp;<\/p>\n","protected":false},"excerpt":{"rendered":"<p>Tuotenumero 500419 T-Paita Sublima \u2013 sublimaatio t-paita painettuna tai painamattomana Sublima t-paita on kevyt ja mukava lyhythihainen t-paita, joka on suunniteltu erityisesti sublimaatiopainatukseen, promootiotuotteisiin, tapahtumiin, yrityspaitoihin sek\u00e4 j\u00e4lleenmyyntiin. Tuotteet myyd\u00e4\u00e4n sek\u00e4 painettuina ett\u00e4 painamattomina, joten voit tilata paidat valmiiksi painettuna kuvalla, logolla tai designilla tai vaihtoehtoisesti ilman painatusta omaa k\u00e4ytt\u00f6\u00e4 tai jatkopainatusta varten. Paita on [&hellip;]<\/p>\n","protected":false},"featured_media":14630,"template":"","meta":{"_acf_changed":false,"om_disable_all_campaigns":false,"_monsterinsights_skip_tracking":false,"_monsterinsights_sitenote_active":false,"_monsterinsights_sitenote_note":"","_monsterinsights_sitenote_category":0},"product_brand":[],"product_cat":[505],"product_tag":[298,544,425],"class_list":{"0":"post-14131","1":"product","2":"type-product","3":"status-publish","4":"has-post-thumbnail","6":"product_cat-rolytpaidat","7":"product_tag-painatus","8":"product_tag-paita-painatus","9":"product_tag-t-paita","10":"product_shipping_class-postipaketti","12":"first","13":"instock","14":"taxable","15":"shipping-taxable","16":"purchasable","17":"product-type-simple"},"acf":[],"aioseo_notices":[],"_links":{"self":[{"href":"https:\/\/www.roly24.com\/index.php\/wp-json\/wp\/v2\/product\/14131","targetHints":{"allow":["GET"]}}],"collection":[{"href":"https:\/\/www.roly24.com\/index.php\/wp-json\/wp\/v2\/product"}],"about":[{"href":"https:\/\/www.roly24.com\/index.php\/wp-json\/wp\/v2\/types\/product"}],"version-history":[{"count":6,"href":"https:\/\/www.roly24.com\/index.php\/wp-json\/wp\/v2\/product\/14131\/revisions"}],"predecessor-version":[{"id":21899,"href":"https:\/\/www.roly24.com\/index.php\/wp-json\/wp\/v2\/product\/14131\/revisions\/21899"}],"wp:featuredmedia":[{"embeddable":true,"href":"https:\/\/www.roly24.com\/index.php\/wp-json\/wp\/v2\/media\/14630"}],"wp:attachment":[{"href":"https:\/\/www.roly24.com\/index.php\/wp-json\/wp\/v2\/media?parent=14131"}],"wp:term":[{"taxonomy":"product_brand","embeddable":true,"href":"https:\/\/www.roly24.com\/index.php\/wp-json\/wp\/v2\/product_brand?post=14131"},{"taxonomy":"product_cat","embeddable":true,"href":"https:\/\/www.roly24.com\/index.php\/wp-json\/wp\/v2\/product_cat?post=14131"},{"taxonomy":"product_tag","embeddable":true,"href":"https:\/\/www.roly24.com\/index.php\/wp-json\/wp\/v2\/product_tag?post=14131"}],"curies":[{"name":"wp","href":"https:\/\/api.w.org\/{rel}","templated":true}]}}