{"id":13966,"date":"2025-01-23T11:17:36","date_gmt":"2025-01-23T09:17:36","guid":{"rendered":"https:\/\/www.roly24.com\/?post_type=product&#038;p=13966"},"modified":"2026-03-13T14:48:09","modified_gmt":"2026-03-13T12:48:09","slug":"t-paita-veza-woman","status":"publish","type":"product","link":"https:\/\/www.roly24.com\/index.php\/tuote\/t-paita-veza-woman\/","title":{"rendered":"Paksu lyhythiha T-Paita VEZA Woman 210g\/m\u00b2 painettuna tai painamattomana"},"content":{"rendered":"<p><strong>Tuotenumero 500430<\/strong><\/p>\n<article class=\"text-token-text-primary w-full focus:outline-none [--shadow-height:45px] has-data-writing-block:pointer-events-none has-data-writing-block:-mt-(--shadow-height) has-data-writing-block:pt-(--shadow-height) [&amp;:has([data-writing-block])&gt;*]:pointer-events-auto scroll-mt-(--header-height)\" dir=\"auto\" tabindex=\"-1\" data-turn-id=\"497f8384-b737-4a64-a164-bcceed26aa85\" data-testid=\"conversation-turn-97\" data-scroll-anchor=\"false\" data-turn=\"user\"><\/article>\n<article class=\"text-token-text-primary w-full focus:outline-none [--shadow-height:45px] has-data-writing-block:pointer-events-none has-data-writing-block:-mt-(--shadow-height) has-data-writing-block:pt-(--shadow-height) [&amp;:has([data-writing-block])&gt;*]:pointer-events-auto scroll-mt-[calc(var(--header-height)+min(200px,max(70px,20svh)))]\" dir=\"auto\" tabindex=\"-1\" data-turn-id=\"request-WEB:31a753ef-2533-435b-bbcc-9002d69ba02b-74\" data-testid=\"conversation-turn-98\" data-scroll-anchor=\"true\" data-turn=\"assistant\">\n<div class=\"text-base my-auto mx-auto pb-10 [--thread-content-margin:--spacing(4)] @w-sm\/main:[--thread-content-margin:--spacing(6)] @w-lg\/main:[--thread-content-margin:--spacing(16)] px-(--thread-content-margin)\">\n<div class=\"[--thread-content-max-width:40rem] @w-lg\/main:[--thread-content-max-width:48rem] mx-auto max-w-(--thread-content-max-width) flex-1 group\/turn-messages focus-visible:outline-hidden relative flex w-full min-w-0 flex-col agent-turn\" tabindex=\"-1\">\n<div class=\"flex max-w-full flex-col grow\">\n<div class=\"min-h-8 text-message relative flex w-full flex-col items-end gap-2 text-start break-words whitespace-normal [.text-message+&amp;]:mt-1\" dir=\"auto\" data-message-author-role=\"assistant\" data-message-id=\"5177381b-6fe0-419e-886f-ed1e6ff7c278\" data-message-model-slug=\"gpt-5-3\">\n<div class=\"flex w-full flex-col gap-1 empty:hidden first:pt-[1px]\">\n<div class=\"markdown prose dark:prose-invert w-full wrap-break-word light markdown-new-styling\">\n<h2 data-start=\"0\" data-end=\"75\">T-Paita Veza Woman \u2013 paksu naisten t-paita painettuna tai painamattomana<\/h2>\n<p data-start=\"77\" data-end=\"485\"><strong data-start=\"77\" data-end=\"99\">Veza Woman t-paita<\/strong> on laadukas <strong data-start=\"112\" data-end=\"164\">naisten paksu lyhythihainen puuvillainen t-paita<\/strong>, joka sopii erinomaisesti <strong data-start=\"191\" data-end=\"280\">painatukseen, yrityspaitoihin, promootiotuotteisiin, tapahtumiin sek\u00e4 j\u00e4lleenmyyntiin<\/strong>. Tuotteet myyd\u00e4\u00e4n <strong data-start=\"299\" data-end=\"339\">sek\u00e4 painettuina ett\u00e4 painamattomina<\/strong>, joten voit tilata paidat valmiiksi painettuina logolla, tekstill\u00e4 tai designilla tai ilman painatusta omaan k\u00e4ytt\u00f6\u00f6n tai jatkopainatusta varten.<\/p>\n<p data-start=\"487\" data-end=\"866\">Paksu <strong data-start=\"493\" data-end=\"520\">210 g\/m\u00b2 puuvillakangas<\/strong> tekee paidasta kest\u00e4v\u00e4n ja eritt\u00e4in miellytt\u00e4v\u00e4n k\u00e4ytt\u00e4\u00e4. <strong data-start=\"579\" data-end=\"631\">Leve\u00e4 2\u00d71 uurrettu py\u00f6re\u00e4 p\u00e4\u00e4ntie ja hihanreunus<\/strong> antavat paidalle modernin ja premium-ilmeen. <strong data-start=\"677\" data-end=\"691\">Sivusaumat<\/strong> parantavat istuvuutta, ja <strong data-start=\"718\" data-end=\"761\">vahvistetut peitetyt saumat kauluksessa<\/strong> lis\u00e4\u00e4v\u00e4t kest\u00e4vyytt\u00e4. Helmassa oleva <strong data-start=\"799\" data-end=\"825\">yhteensopiva Roly-logo<\/strong> viimeistelee paidan tyylikk\u00e4\u00e4n ulkon\u00e4\u00f6n.<\/p>\n<h3 data-start=\"868\" data-end=\"884\">Ominaisuudet<\/h3>\n<p data-start=\"885\" data-end=\"1292\">Naisten lyhythihainen t-paita \u2022 Paksu premium-kangas \u2022 <strong data-start=\"940\" data-end=\"977\">Leve\u00e4 2\u00d71 uurrettu py\u00f6re\u00e4 p\u00e4\u00e4ntie<\/strong> \u2022 Uurretut hihanreunukset \u2022 Vahvistetut peitetyt saumat kauluksessa \u2022 Sivusaumat \u2022 <strong data-start=\"1061\" data-end=\"1081\">Leve\u00e4 helmasauma<\/strong> \u2022 Yhteensopiva Roly-logo vasemmassa helmassa \u2022 <strong data-start=\"1129\" data-end=\"1153\">Irrotettava etiketti<\/strong> (sopii j\u00e4lleenmyyntiin ja omaan br\u00e4nd\u00e4ykseen) \u2022 <strong data-start=\"1202\" data-end=\"1218\">Duo-konsepti<\/strong> \u2022 Erinomainen painatuspinta \u2022 <strong data-start=\"1249\" data-end=\"1292\">Saatavana painettuna tai painamattomana<\/strong><\/p>\n<h3 data-start=\"1294\" data-end=\"1308\">Materiaali<\/h3>\n<p data-start=\"1309\" data-end=\"1343\"><strong data-start=\"1309\" data-end=\"1328\">100 % puuvillaa<\/strong><br data-start=\"1328\" data-end=\"1331\" \/><strong data-start=\"1331\" data-end=\"1343\">210 g\/m\u00b2<\/strong><\/p>\n<p data-start=\"1345\" data-end=\"1451\">Paksu ja laadukas kangas tekee paidasta eritt\u00e4in kest\u00e4v\u00e4n ja hyvin soveltuvan <strong data-start=\"1423\" data-end=\"1450\">t-paitojen painatukseen<\/strong>.<\/p>\n<h3 data-start=\"1453\" data-end=\"1470\">K\u00e4ytt\u00f6kohteet<\/h3>\n<p data-start=\"1471\" data-end=\"1643\">Sopii hyvin esimerkiksi:<br data-start=\"1495\" data-end=\"1498\" \/>yrityspaitoihin \u2022 promootiotuotteisiin \u2022 tapahtumapaitoihin \u2022 br\u00e4ndituotteisiin \u2022 streetwear-vaatteisiin \u2022 verkkokauppamyyntiin \u2022 j\u00e4lleenmyyntiin<\/p>\n<h3 data-start=\"1645\" data-end=\"1687\">Tuotteet painettuna tai painamattomana<\/h3>\n<p data-start=\"1688\" data-end=\"1841\">Voit tilata Veza Woman paidat <strong data-start=\"1718\" data-end=\"1736\">painamattomina<\/strong> omaa painotuotantoa varten tai <strong data-start=\"1768\" data-end=\"1793\">valmiiksi painettuina<\/strong> esimerkiksi logolla, tekstill\u00e4 tai grafiikalla.<\/p>\n<p data-start=\"1843\" data-end=\"1940\">Mahdolliset painatusmenetelm\u00e4t:<br data-start=\"1874\" data-end=\"1877\" \/><strong data-start=\"1877\" data-end=\"1940\">DTF-painatus \u2022 silkkipainatus \u2022 siirtopainatus \u2022 brodeeraus<\/strong><\/p>\n<h3 data-start=\"1942\" data-end=\"1974\">Suuret er\u00e4t ja j\u00e4lleenmyyj\u00e4t<\/h3>\n<p data-start=\"1975\" data-end=\"2198\">Toimitamme <strong data-start=\"1986\" data-end=\"2020\">suuremmat er\u00e4t tarjouspohjalta<\/strong> esimerkiksi j\u00e4lleenmyyjille, painotaloille, yrityksille, yhdistyksille ja tapahtumaj\u00e4rjest\u00e4jille. Tuotteet voidaan toimittaa <strong data-start=\"2146\" data-end=\"2180\">painettuina tai painamattomina<\/strong> tilauksen mukaan.<\/p>\n<p data-start=\"2200\" data-end=\"2240\">\ud83d\udce9 <strong data-start=\"2203\" data-end=\"2240\">Pyyd\u00e4 tarjous suuremmista erist\u00e4.<\/strong><\/p>\n<h3 data-start=\"2242\" data-end=\"2276\">FAQ \u2013 Usein kysytyt kysymykset<\/h3>\n<p data-start=\"2278\" data-end=\"2428\"><strong data-start=\"2278\" data-end=\"2326\">Voiko Veza Woman t-paidan tilata painettuna?<\/strong><br data-start=\"2326\" data-end=\"2329\" \/>Kyll\u00e4. Paidat voidaan toimittaa <strong data-start=\"2361\" data-end=\"2427\">valmiiksi painettuina omalla logolla, tekstill\u00e4 tai designilla<\/strong>.<\/p>\n<p data-start=\"2430\" data-end=\"2541\"><strong data-start=\"2430\" data-end=\"2473\">Voiko t-paidan tilata ilman painatusta?<\/strong><br data-start=\"2473\" data-end=\"2476\" \/>Kyll\u00e4. Tuotteet myyd\u00e4\u00e4n <strong data-start=\"2500\" data-end=\"2540\">sek\u00e4 painettuina ett\u00e4 painamattomina<\/strong>.<\/p>\n<p data-start=\"2543\" data-end=\"2697\"><strong data-start=\"2543\" data-end=\"2589\">Onko Veza Woman t-paita hyv\u00e4 painatukseen?<\/strong><br data-start=\"2589\" data-end=\"2592\" \/>Kyll\u00e4. Paksu <strong data-start=\"2605\" data-end=\"2632\">210 g\/m\u00b2 puuvillakangas<\/strong> soveltuu erinomaisesti DTF-, silkkipaino- ja siirtopainatukseen.<\/p>\n<p data-start=\"2699\" data-end=\"2790\"><strong data-start=\"2699\" data-end=\"2731\">Mit\u00e4 materiaalia t-paita on?<\/strong><br data-start=\"2731\" data-end=\"2734\" \/>T-paita on valmistettu <strong data-start=\"2757\" data-end=\"2789\">100 % puuvillasta (210 g\/m\u00b2)<\/strong>.<\/p>\n<p data-start=\"2792\" data-end=\"2942\"><strong data-start=\"2792\" data-end=\"2826\">Sopiiko paita j\u00e4lleenmyyntiin?<\/strong><br data-start=\"2826\" data-end=\"2829\" \/>Kyll\u00e4. <strong data-start=\"2836\" data-end=\"2860\">Irrotettava etiketti<\/strong> mahdollistaa oman br\u00e4ndin lis\u00e4\u00e4misen ja tekee tuotteesta sopivan j\u00e4lleenmyyntiin.<\/p>\n<\/div>\n<\/div>\n<\/div>\n<\/div>\n<\/div>\n<\/div>\n<\/article>\n<p><img decoding=\"async\" class=\"mr-1 grey\" title=\"40\u00ba pesu max\" src=\"https:\/\/static.gorfactory.es\/images\/icons\/20221116171353_Lavar-40-max.png\" alt=\"40\u00ba pesu max\" width=\"40\" height=\"40\" data-v-6089ed0a=\"\" data-v-00b2e954=\"\" \/><img decoding=\"async\" class=\"mr-1 grey\" title=\"\u00c4l\u00e4 valkaise\" src=\"https:\/\/static.gorfactory.es\/images\/icons\/20220914110315_No%20usar%20blanqueador.png\" alt=\"\u00c4l\u00e4 valkaise\" width=\"40\" height=\"40\" data-v-6089ed0a=\"\" data-v-00b2e954=\"\" \/><img decoding=\"async\" class=\"mr-1 grey\" title=\"\u00c4l\u00e4 rumpukuivaa\" src=\"https:\/\/static.gorfactory.es\/images\/icons\/20220914110302_No%20secar%20en%20secadora.png\" alt=\"\u00c4l\u00e4 rumpukuivaa\" width=\"40\" height=\"40\" data-v-6089ed0a=\"\" data-v-00b2e954=\"\" \/><img loading=\"lazy\" decoding=\"async\" class=\"mr-1 grey\" title=\"Silitys keskil\u00e4mp\u00f6tilassa (max. 150\u00ba)\" src=\"https:\/\/static.gorfactory.es\/images\/icons\/20221110105823_Planchar-Max%20150.png\" alt=\"Silitys keskil\u00e4mp\u00f6tilassa (max. 150\u00ba)\" width=\"40\" height=\"40\" data-v-6089ed0a=\"\" data-v-00b2e954=\"\" \/><img loading=\"lazy\" decoding=\"async\" class=\"mr-1 grey\" title=\"\u00c4l\u00e4 kuivapesua\" src=\"https:\/\/static.gorfactory.es\/images\/icons\/20220914110151_No%20lavar%20en%20seco.png\" alt=\"\u00c4l\u00e4 kuivapesua\" width=\"40\" height=\"40\" data-v-6089ed0a=\"\" data-v-00b2e954=\"\" \/><\/p>\n<p><strong>Mittausohjeet:<\/strong><br \/>\n<strong>Leveys: Tuotteen reunasta reunaan 2cm hihojen alapuolelta.<\/strong><br \/>\n<strong>Pituus: Olkap\u00e4\u00e4n korkeimmasta kohdasta tuotteen\u00a0alareunaan.<\/strong><\/p>\n<table id=\"size_chart\" class=\"table table-responsive\" style=\"height: 265px;\" width=\"203\" cellspacing=\"0\" cellpadding=\"0\">\n<tbody>\n<tr>\n<th>Koko<\/th>\n<th><img decoding=\"async\" src=\"https:\/\/wordans-a1a5.kxcdn.com\/images\/wordans2010\/length.png\" alt=\"Length\" \/>\u00a0<label id=\"lengthLabel\">Pituus<\/label><\/th>\n<th><img decoding=\"async\" src=\"https:\/\/wordans-a1a5.kxcdn.com\/images\/wordans2010\/width.png\" alt=\"Width\" \/>\u00a0<label id=\"widthLabel\">Leveys<\/label><\/th>\n<\/tr>\n<tr>\n<td>S<\/td>\n<td>57<\/td>\n<td>40,5<\/td>\n<\/tr>\n<tr>\n<td>M<\/td>\n<td>59<\/td>\n<td>43,5<\/td>\n<\/tr>\n<tr>\n<td>L<\/td>\n<td>61<\/td>\n<td>46,5<\/td>\n<\/tr>\n<tr>\n<td>XL<\/td>\n<td>63<\/td>\n<td>49,5<\/td>\n<\/tr>\n<tr>\n<td>2XL<\/td>\n<td>64<\/td>\n<td>53,5<\/td>\n<\/tr>\n<tr>\n<td>3XL<\/td>\n<td>65<\/td>\n<td>56,5<\/td>\n<\/tr>\n<\/tbody>\n<\/table>\n<p>&nbsp;<\/p>\n","protected":false},"excerpt":{"rendered":"<p>Tuotenumero 500430 T-Paita Veza Woman \u2013 paksu naisten t-paita painettuna tai painamattomana Veza Woman t-paita on laadukas naisten paksu lyhythihainen puuvillainen t-paita, joka sopii erinomaisesti painatukseen, yrityspaitoihin, promootiotuotteisiin, tapahtumiin sek\u00e4 j\u00e4lleenmyyntiin. Tuotteet myyd\u00e4\u00e4n sek\u00e4 painettuina ett\u00e4 painamattomina, joten voit tilata paidat valmiiksi painettuina logolla, tekstill\u00e4 tai designilla tai ilman painatusta omaan k\u00e4ytt\u00f6\u00f6n tai jatkopainatusta varten. [&hellip;]<\/p>\n","protected":false},"featured_media":14648,"template":"","meta":{"_acf_changed":false,"om_disable_all_campaigns":false,"_monsterinsights_skip_tracking":false,"_monsterinsights_sitenote_active":false,"_monsterinsights_sitenote_note":"","_monsterinsights_sitenote_category":0},"product_brand":[],"product_cat":[505],"product_tag":[298,544,425],"class_list":{"0":"post-13966","1":"product","2":"type-product","3":"status-publish","4":"has-post-thumbnail","6":"product_cat-rolytpaidat","7":"product_tag-painatus","8":"product_tag-paita-painatus","9":"product_tag-t-paita","10":"product_shipping_class-postipaketti","12":"first","13":"instock","14":"taxable","15":"shipping-taxable","16":"purchasable","17":"product-type-simple"},"acf":[],"aioseo_notices":[],"_links":{"self":[{"href":"https:\/\/www.roly24.com\/index.php\/wp-json\/wp\/v2\/product\/13966","targetHints":{"allow":["GET"]}}],"collection":[{"href":"https:\/\/www.roly24.com\/index.php\/wp-json\/wp\/v2\/product"}],"about":[{"href":"https:\/\/www.roly24.com\/index.php\/wp-json\/wp\/v2\/types\/product"}],"version-history":[{"count":4,"href":"https:\/\/www.roly24.com\/index.php\/wp-json\/wp\/v2\/product\/13966\/revisions"}],"predecessor-version":[{"id":21889,"href":"https:\/\/www.roly24.com\/index.php\/wp-json\/wp\/v2\/product\/13966\/revisions\/21889"}],"wp:featuredmedia":[{"embeddable":true,"href":"https:\/\/www.roly24.com\/index.php\/wp-json\/wp\/v2\/media\/14648"}],"wp:attachment":[{"href":"https:\/\/www.roly24.com\/index.php\/wp-json\/wp\/v2\/media?parent=13966"}],"wp:term":[{"taxonomy":"product_brand","embeddable":true,"href":"https:\/\/www.roly24.com\/index.php\/wp-json\/wp\/v2\/product_brand?post=13966"},{"taxonomy":"product_cat","embeddable":true,"href":"https:\/\/www.roly24.com\/index.php\/wp-json\/wp\/v2\/product_cat?post=13966"},{"taxonomy":"product_tag","embeddable":true,"href":"https:\/\/www.roly24.com\/index.php\/wp-json\/wp\/v2\/product_tag?post=13966"}],"curies":[{"name":"wp","href":"https:\/\/api.w.org\/{rel}","templated":true}]}}