{"id":13930,"date":"2025-01-23T11:01:05","date_gmt":"2025-01-23T09:01:05","guid":{"rendered":"https:\/\/www.roly24.com\/?post_type=product&#038;p=13930"},"modified":"2026-03-13T11:03:23","modified_gmt":"2026-03-13T09:03:23","slug":"t-paita-breda","status":"publish","type":"product","link":"https:\/\/www.roly24.com\/index.php\/tuote\/t-paita-breda\/","title":{"rendered":"Tekninen unisex T-paita BREDA 175g\/m\u00b2 painettuna tai painamattomana"},"content":{"rendered":"<p><strong>Tuotenumero 500431<\/strong><\/p>\n<article class=\"text-token-text-primary w-full focus:outline-none [--shadow-height:45px] has-data-writing-block:pointer-events-none has-data-writing-block:-mt-(--shadow-height) has-data-writing-block:pt-(--shadow-height) [&amp;:has([data-writing-block])&gt;*]:pointer-events-auto scroll-mt-(--header-height)\" dir=\"auto\" tabindex=\"-1\" data-turn-id=\"3c76c012-ecc2-4681-b555-a586a356c4cc\" data-testid=\"conversation-turn-83\" data-scroll-anchor=\"false\" data-turn=\"user\"><\/article>\n<article class=\"text-token-text-primary w-full focus:outline-none [--shadow-height:45px] has-data-writing-block:pointer-events-none has-data-writing-block:-mt-(--shadow-height) has-data-writing-block:pt-(--shadow-height) [&amp;:has([data-writing-block])&gt;*]:pointer-events-auto scroll-mt-[calc(var(--header-height)+min(200px,max(70px,20svh)))]\" dir=\"auto\" tabindex=\"-1\" data-turn-id=\"request-WEB:31a753ef-2533-435b-bbcc-9002d69ba02b-67\" data-testid=\"conversation-turn-84\" data-scroll-anchor=\"true\" data-turn=\"assistant\">\n<div class=\"text-base my-auto mx-auto pb-10 [--thread-content-margin:--spacing(4)] @w-sm\/main:[--thread-content-margin:--spacing(6)] @w-lg\/main:[--thread-content-margin:--spacing(16)] px-(--thread-content-margin)\">\n<div class=\"[--thread-content-max-width:40rem] @w-lg\/main:[--thread-content-max-width:48rem] mx-auto max-w-(--thread-content-max-width) flex-1 group\/turn-messages focus-visible:outline-hidden relative flex w-full min-w-0 flex-col agent-turn\" tabindex=\"-1\">\n<div class=\"flex max-w-full flex-col grow\">\n<div class=\"min-h-8 text-message relative flex w-full flex-col items-end gap-2 text-start break-words whitespace-normal [.text-message+&amp;]:mt-1\" dir=\"auto\" data-message-author-role=\"assistant\" data-message-id=\"0941f30d-5da9-4b59-b414-4d8b2b9ee73c\" data-message-model-slug=\"gpt-5-3\">\n<div class=\"flex w-full flex-col gap-1 empty:hidden first:pt-[1px]\">\n<div class=\"markdown prose dark:prose-invert w-full wrap-break-word light markdown-new-styling\">\n<h2 data-start=\"0\" data-end=\"70\">T-Paita Breda \u2013 luomupuuvilla t-paita painettuna tai painamattomana<\/h2>\n<p data-start=\"72\" data-end=\"512\"><strong data-start=\"72\" data-end=\"89\">Breda t-paita<\/strong> on laadukas <strong data-start=\"102\" data-end=\"177\">lyhythihainen putkimallinen t-paita OCS-sertifioidusta luomupuuvillasta<\/strong>, joka sopii erinomaisesti <strong data-start=\"204\" data-end=\"293\">painatukseen, yrityspaitoihin, promootiotuotteisiin, tapahtumiin sek\u00e4 j\u00e4lleenmyyntiin<\/strong>. Tuotteet myyd\u00e4\u00e4n <strong data-start=\"312\" data-end=\"352\">sek\u00e4 painettuina ett\u00e4 painamattomina<\/strong>, joten voit tilata paidat valmiiksi painettuna logolla, tekstill\u00e4 tai designilla tai vaihtoehtoisesti ilman painatusta omaa k\u00e4ytt\u00f6\u00e4 tai jatkopainatusta varten.<\/p>\n<p data-start=\"514\" data-end=\"855\">Paita on valmistettu <strong data-start=\"535\" data-end=\"574\">OCS-sertifioidusta luomupuuvillasta<\/strong>, joka on pehme\u00e4, hengitt\u00e4v\u00e4 ja vastuullinen valinta. <strong data-start=\"628\" data-end=\"669\">Putkimainen rakenne ilman sivusaumoja<\/strong> lis\u00e4\u00e4 k\u00e4ytt\u00f6mukavuutta ja tarjoaa tasaisen pinnan painatukselle. <strong data-start=\"735\" data-end=\"766\">1\u00d71 uurrettu py\u00f6re\u00e4 p\u00e4\u00e4ntie<\/strong> sek\u00e4 <strong data-start=\"772\" data-end=\"815\">vahvistetut peitetyt saumat kauluksessa<\/strong> parantavat kest\u00e4vyytt\u00e4 ja viimeistely\u00e4.<\/p>\n<h3 data-start=\"857\" data-end=\"873\">Ominaisuudet<\/h3>\n<p data-start=\"874\" data-end=\"1243\">Lyhythihainen t-paita \u2022 Putkimainen rakenne ilman sivusaumoja \u2022 <strong data-start=\"938\" data-end=\"971\">OCS-sertifioitu luomupuuvilla<\/strong> \u2022 <strong data-start=\"974\" data-end=\"1005\">1\u00d71 uurrettu py\u00f6re\u00e4 p\u00e4\u00e4ntie<\/strong> \u2022 Vahvistetut peitetyt saumat kauluksessa \u2022 Pehme\u00e4 ja hengitt\u00e4v\u00e4 kangas \u2022 <strong data-start=\"1080\" data-end=\"1104\">Irrotettava etiketti<\/strong> (sopii j\u00e4lleenmyyntiin ja omaan br\u00e4nd\u00e4ykseen) \u2022 <strong data-start=\"1153\" data-end=\"1169\">Duo-konsepti<\/strong> \u2022 Erinomainen painatuspinta \u2022 <strong data-start=\"1200\" data-end=\"1243\">Saatavana painettuna tai painamattomana<\/strong><\/p>\n<h3 data-start=\"1245\" data-end=\"1259\">Materiaali<\/h3>\n<p data-start=\"1260\" data-end=\"1330\"><strong data-start=\"1260\" data-end=\"1299\">100 % luomupuuvillaa (biopuuvillaa)<\/strong><br data-start=\"1299\" data-end=\"1302\" \/><strong data-start=\"1302\" data-end=\"1330\">Single Jersey \u2022 175 g\/m\u00b2<\/strong><\/p>\n<p data-start=\"1332\" data-end=\"1391\">Heather Grey 58:<br data-start=\"1348\" data-end=\"1351\" \/><strong data-start=\"1351\" data-end=\"1391\">85 % luomupuuvillaa \/ 15 % viskoosia<\/strong><\/p>\n<p data-start=\"1393\" data-end=\"1481\">Materiaali on paksu, hengitt\u00e4v\u00e4 ja eritt\u00e4in hyvin soveltuva <strong data-start=\"1453\" data-end=\"1480\">t-paitojen painatukseen<\/strong>.<\/p>\n<h3 data-start=\"1483\" data-end=\"1499\">Sertifiointi<\/h3>\n<p data-start=\"1500\" data-end=\"1645\"><strong data-start=\"1500\" data-end=\"1534\">OCS \u2013 Organic Content Standard<\/strong><br data-start=\"1534\" data-end=\"1537\" \/>Sertifiointi varmistaa, ett\u00e4 tuotteessa k\u00e4ytetty puuvilla on <strong data-start=\"1598\" data-end=\"1644\">luomuviljelty\u00e4 ja vastuullisesti tuotettua<\/strong>.<\/p>\n<h3 data-start=\"1647\" data-end=\"1664\">K\u00e4ytt\u00f6kohteet<\/h3>\n<p data-start=\"1665\" data-end=\"1826\">Sopii hyvin esimerkiksi:<br data-start=\"1689\" data-end=\"1692\" \/>yrityspaitoihin \u2022 promootiotuotteisiin \u2022 tapahtumapaitoihin \u2022 vastuullisiin br\u00e4ndituotteisiin \u2022 verkkokauppamyyntiin \u2022 j\u00e4lleenmyyntiin<\/p>\n<h3 data-start=\"1828\" data-end=\"1870\">Tuotteet painettuna tai painamattomana<\/h3>\n<p data-start=\"1871\" data-end=\"2019\">Voit tilata Breda paidat <strong data-start=\"1896\" data-end=\"1914\">painamattomina<\/strong> omaa painotuotantoa varten tai <strong data-start=\"1946\" data-end=\"1971\">valmiiksi painettuina<\/strong> esimerkiksi logolla, tekstill\u00e4 tai grafiikalla.<\/p>\n<p data-start=\"2021\" data-end=\"2118\">Mahdolliset painatusmenetelm\u00e4t:<br data-start=\"2052\" data-end=\"2055\" \/><strong data-start=\"2055\" data-end=\"2118\">DTF-painatus \u2022 silkkipainatus \u2022 siirtopainatus \u2022 brodeeraus<\/strong><\/p>\n<h3 data-start=\"2120\" data-end=\"2152\">Suuret er\u00e4t ja j\u00e4lleenmyyj\u00e4t<\/h3>\n<p data-start=\"2153\" data-end=\"2376\">Toimitamme <strong data-start=\"2164\" data-end=\"2198\">suuremmat er\u00e4t tarjouspohjalta<\/strong> esimerkiksi j\u00e4lleenmyyjille, painotaloille, yrityksille, yhdistyksille ja tapahtumaj\u00e4rjest\u00e4jille. Tuotteet voidaan toimittaa <strong data-start=\"2324\" data-end=\"2358\">painettuina tai painamattomina<\/strong> tilauksen mukaan.<\/p>\n<p data-start=\"2378\" data-end=\"2418\">\ud83d\udce9 <strong data-start=\"2381\" data-end=\"2418\">Pyyd\u00e4 tarjous suuremmista erist\u00e4.<\/strong><\/p>\n<h3 data-start=\"2420\" data-end=\"2454\">FAQ \u2013 Usein kysytyt kysymykset<\/h3>\n<p data-start=\"2456\" data-end=\"2601\"><strong data-start=\"2456\" data-end=\"2499\">Voiko Breda t-paidan tilata painettuna?<\/strong><br data-start=\"2499\" data-end=\"2502\" \/>Kyll\u00e4. Paidat voidaan toimittaa <strong data-start=\"2534\" data-end=\"2600\">valmiiksi painettuina omalla logolla, tekstill\u00e4 tai designilla<\/strong>.<\/p>\n<p data-start=\"2603\" data-end=\"2714\"><strong data-start=\"2603\" data-end=\"2646\">Voiko t-paidan tilata ilman painatusta?<\/strong><br data-start=\"2646\" data-end=\"2649\" \/>Kyll\u00e4. Tuotteet myyd\u00e4\u00e4n <strong data-start=\"2673\" data-end=\"2713\">sek\u00e4 painettuina ett\u00e4 painamattomina<\/strong>.<\/p>\n<p data-start=\"2716\" data-end=\"2874\"><strong data-start=\"2716\" data-end=\"2757\">Onko Breda t-paita hyv\u00e4 painatukseen?<\/strong><br data-start=\"2757\" data-end=\"2760\" \/>Kyll\u00e4. Laadukas <strong data-start=\"2776\" data-end=\"2808\">175 g\/m\u00b2 luomupuuvillakangas<\/strong> soveltuu eritt\u00e4in hyvin DTF-, silkkipaino- ja siirtopainatukseen.<\/p>\n<p data-start=\"2876\" data-end=\"3062\"><strong data-start=\"2876\" data-end=\"2908\">Mit\u00e4 materiaalia t-paita on?<\/strong><br data-start=\"2908\" data-end=\"2911\" \/>T-paita on valmistettu <strong data-start=\"2934\" data-end=\"2990\">100 % OCS-sertifioidusta luomupuuvillasta (175 g\/m\u00b2)<\/strong>. Heather Grey -v\u00e4ri sis\u00e4lt\u00e4\u00e4 <strong data-start=\"3020\" data-end=\"3061\">85 % luomupuuvillaa ja 15 % viskoosia<\/strong>.<\/p>\n<p data-start=\"3064\" data-end=\"3218\"><strong data-start=\"3064\" data-end=\"3098\">Sopiiko paita j\u00e4lleenmyyntiin?<\/strong><br data-start=\"3098\" data-end=\"3101\" \/>Kyll\u00e4. <strong data-start=\"3108\" data-end=\"3132\">Irrotettava etiketti<\/strong> mahdollistaa oman br\u00e4ndin lis\u00e4\u00e4misen ja tekee tuotteesta erinomaisen j\u00e4lleenmyyntiin.<\/p>\n<p data-start=\"3220\" data-end=\"3365\"><strong data-start=\"3220\" data-end=\"3265\">Saako suuremmista tilauksista tarjouksen?<\/strong><br data-start=\"3265\" data-end=\"3268\" \/>Kyll\u00e4. <strong data-start=\"3275\" data-end=\"3328\">Suuremmat tilaukset hinnoitellaan tarjouspohjalta<\/strong> j\u00e4lleenmyyjille ja alan toimijoille.<\/p>\n<\/div>\n<\/div>\n<\/div>\n<\/div>\n<\/div>\n<\/div>\n<\/article>\n<p><img decoding=\"async\" class=\"mr-1 grey\" title=\"40\u00ba pesu max\" src=\"https:\/\/static.gorfactory.es\/images\/icons\/20221116171353_Lavar-40-max.png\" alt=\"40\u00ba pesu max\" width=\"40\" height=\"40\" data-v-6089ed0a=\"\" data-v-00b2e954=\"\" \/><img decoding=\"async\" class=\"mr-1 grey\" title=\"\u00c4l\u00e4 valkaise\" src=\"https:\/\/static.gorfactory.es\/images\/icons\/20220914110315_No%20usar%20blanqueador.png\" alt=\"\u00c4l\u00e4 valkaise\" width=\"40\" height=\"40\" data-v-6089ed0a=\"\" data-v-00b2e954=\"\" \/><img decoding=\"async\" class=\"mr-1 grey\" title=\"\u00c4l\u00e4 rumpukuivaa\" src=\"https:\/\/static.gorfactory.es\/images\/icons\/20220914110302_No%20secar%20en%20secadora.png\" alt=\"\u00c4l\u00e4 rumpukuivaa\" width=\"40\" height=\"40\" data-v-6089ed0a=\"\" data-v-00b2e954=\"\" \/><img loading=\"lazy\" decoding=\"async\" class=\"mr-1 grey\" title=\"Silitys keskil\u00e4mp\u00f6tilassa (max. 150\u00ba)\" src=\"https:\/\/static.gorfactory.es\/images\/icons\/20221110105823_Planchar-Max%20150.png\" alt=\"Silitys keskil\u00e4mp\u00f6tilassa (max. 150\u00ba)\" width=\"40\" height=\"40\" data-v-6089ed0a=\"\" data-v-00b2e954=\"\" \/><img loading=\"lazy\" decoding=\"async\" class=\"mr-1 grey\" title=\"\u00c4l\u00e4 kuivapesua\" src=\"https:\/\/static.gorfactory.es\/images\/icons\/20220914110151_No%20lavar%20en%20seco.png\" alt=\"\u00c4l\u00e4 kuivapesua\" width=\"39\" height=\"39\" data-v-6089ed0a=\"\" data-v-00b2e954=\"\" \/><\/p>\n<p><strong>Mittausohjeet:<\/strong><br \/>\n<strong>Leveys: Tuotteen reunasta reunaan 2cm hihojen alapuolelta.<\/strong><br \/>\n<strong>Pituus: Olkap\u00e4\u00e4n korkeimmasta kohdasta tuotteen\u00a0alareunaan.<\/strong><\/p>\n<table id=\"size_chart\" class=\"table table-responsive\" style=\"height: 265px;\" width=\"203\" cellspacing=\"0\" cellpadding=\"0\">\n<tbody>\n<tr>\n<th>Koko<\/th>\n<th><img decoding=\"async\" src=\"https:\/\/wordans-a1a5.kxcdn.com\/images\/wordans2010\/length.png\" alt=\"Length\" \/>\u00a0<label id=\"lengthLabel\">Pituus<\/label><\/th>\n<th><img decoding=\"async\" src=\"https:\/\/wordans-a1a5.kxcdn.com\/images\/wordans2010\/width.png\" alt=\"Width\" \/>\u00a0<label id=\"widthLabel\">Leveys<\/label><\/th>\n<\/tr>\n<tr>\n<td>S<\/td>\n<td>69<\/td>\n<td>49<\/td>\n<\/tr>\n<tr>\n<td>M<\/td>\n<td>71<\/td>\n<td>52<\/td>\n<\/tr>\n<tr>\n<td>L<\/td>\n<td>73<\/td>\n<td>55<\/td>\n<\/tr>\n<tr>\n<td>XL<\/td>\n<td>75<\/td>\n<td>58<\/td>\n<\/tr>\n<tr>\n<td>2XL<\/td>\n<td>77<\/td>\n<td>62<\/td>\n<\/tr>\n<tr>\n<td>3XL<\/td>\n<td>79<\/td>\n<td>66<\/td>\n<\/tr>\n<\/tbody>\n<\/table>\n<p>&nbsp;<\/p>\n","protected":false},"excerpt":{"rendered":"<p>Tuotenumero 500431 T-Paita Breda \u2013 luomupuuvilla t-paita painettuna tai painamattomana Breda t-paita on laadukas lyhythihainen putkimallinen t-paita OCS-sertifioidusta luomupuuvillasta, joka sopii erinomaisesti painatukseen, yrityspaitoihin, promootiotuotteisiin, tapahtumiin sek\u00e4 j\u00e4lleenmyyntiin. Tuotteet myyd\u00e4\u00e4n sek\u00e4 painettuina ett\u00e4 painamattomina, joten voit tilata paidat valmiiksi painettuna logolla, tekstill\u00e4 tai designilla tai vaihtoehtoisesti ilman painatusta omaa k\u00e4ytt\u00f6\u00e4 tai jatkopainatusta varten. Paita on [&hellip;]<\/p>\n","protected":false},"featured_media":14649,"template":"","meta":{"_acf_changed":false,"om_disable_all_campaigns":false,"_monsterinsights_skip_tracking":false,"_monsterinsights_sitenote_active":false,"_monsterinsights_sitenote_note":"","_monsterinsights_sitenote_category":0},"product_brand":[],"product_cat":[505],"product_tag":[298,544,425],"class_list":{"0":"post-13930","1":"product","2":"type-product","3":"status-publish","4":"has-post-thumbnail","6":"product_cat-rolytpaidat","7":"product_tag-painatus","8":"product_tag-paita-painatus","9":"product_tag-t-paita","10":"product_shipping_class-postipaketti","12":"first","13":"instock","14":"taxable","15":"shipping-taxable","16":"purchasable","17":"product-type-simple"},"acf":[],"aioseo_notices":[],"_links":{"self":[{"href":"https:\/\/www.roly24.com\/index.php\/wp-json\/wp\/v2\/product\/13930","targetHints":{"allow":["GET"]}}],"collection":[{"href":"https:\/\/www.roly24.com\/index.php\/wp-json\/wp\/v2\/product"}],"about":[{"href":"https:\/\/www.roly24.com\/index.php\/wp-json\/wp\/v2\/types\/product"}],"version-history":[{"count":4,"href":"https:\/\/www.roly24.com\/index.php\/wp-json\/wp\/v2\/product\/13930\/revisions"}],"predecessor-version":[{"id":21823,"href":"https:\/\/www.roly24.com\/index.php\/wp-json\/wp\/v2\/product\/13930\/revisions\/21823"}],"wp:featuredmedia":[{"embeddable":true,"href":"https:\/\/www.roly24.com\/index.php\/wp-json\/wp\/v2\/media\/14649"}],"wp:attachment":[{"href":"https:\/\/www.roly24.com\/index.php\/wp-json\/wp\/v2\/media?parent=13930"}],"wp:term":[{"taxonomy":"product_brand","embeddable":true,"href":"https:\/\/www.roly24.com\/index.php\/wp-json\/wp\/v2\/product_brand?post=13930"},{"taxonomy":"product_cat","embeddable":true,"href":"https:\/\/www.roly24.com\/index.php\/wp-json\/wp\/v2\/product_cat?post=13930"},{"taxonomy":"product_tag","embeddable":true,"href":"https:\/\/www.roly24.com\/index.php\/wp-json\/wp\/v2\/product_tag?post=13930"}],"curies":[{"name":"wp","href":"https:\/\/api.w.org\/{rel}","templated":true}]}}