{"id":13354,"date":"2025-01-14T12:09:54","date_gmt":"2025-01-14T10:09:54","guid":{"rendered":"https:\/\/www.roly24.com\/?post_type=product&#038;p=13354"},"modified":"2026-03-14T17:18:40","modified_gmt":"2026-03-14T15:18:40","slug":"liivi-bellagio","status":"publish","type":"product","link":"https:\/\/www.roly24.com\/index.php\/tuote\/liivi-bellagio\/","title":{"rendered":"L\u00e4mmin fleece-liivi vetoketjulla BELLAGIO  painettuna tai painamattomana"},"content":{"rendered":"<p><strong>Tuotenumero 500802<\/strong><\/p>\n<div class=\"relative basis-auto flex-col -mb-(--composer-overlap-px) [--composer-overlap-px:28px] grow flex\">\n<div class=\"flex flex-col text-sm pb-25\">\n<article class=\"text-token-text-primary w-full focus:outline-none [--shadow-height:45px] has-data-writing-block:pointer-events-none has-data-writing-block:-mt-(--shadow-height) has-data-writing-block:pt-(--shadow-height) [&amp;:has([data-writing-block])&gt;*]:pointer-events-auto scroll-mt-[calc(var(--header-height)+min(200px,max(70px,20svh)))]\" dir=\"auto\" tabindex=\"-1\" data-turn-id=\"request-WEB:0f7b24a8-39fd-40ff-811e-6cfb5bd17dc4-74\" data-testid=\"conversation-turn-128\" data-scroll-anchor=\"true\" data-turn=\"assistant\">\n<div class=\"text-base my-auto mx-auto pb-10 [--thread-content-margin:var(--thread-content-margin-xs,calc(var(--spacing)*4))] @w-sm\/main:[--thread-content-margin:var(--thread-content-margin-sm,calc(var(--spacing)*6))] @w-lg\/main:[--thread-content-margin:var(--thread-content-margin-lg,calc(var(--spacing)*16))] px-(--thread-content-margin)\">\n<div class=\"[--thread-content-max-width:40rem] @w-lg\/main:[--thread-content-max-width:48rem] mx-auto max-w-(--thread-content-max-width) flex-1 group\/turn-messages focus-visible:outline-hidden relative flex w-full min-w-0 flex-col agent-turn\" tabindex=\"-1\">\n<div class=\"flex max-w-full flex-col gap-4 grow\">\n<div class=\"min-h-8 text-message relative flex w-full flex-col items-end gap-2 text-start break-words whitespace-normal [.text-message+&amp;]:mt-1\" dir=\"auto\" data-message-author-role=\"assistant\" data-message-id=\"e1d550bd-be7c-4510-993b-395f8d9e077a\" data-message-model-slug=\"gpt-5-3\">\n<div class=\"flex w-full flex-col gap-1 empty:hidden\">\n<div class=\"markdown prose dark:prose-invert w-full wrap-break-word light markdown-new-styling\">\n<h3 data-start=\"0\" data-end=\"62\"><strong data-start=\"0\" data-end=\"62\">Liivi Bellagio \u2013 l\u00e4mmin fleece-liivi vetoketjulla | Roly24<\/strong><\/h3>\n<p data-start=\"64\" data-end=\"328\">Bellagio on <strong data-start=\"76\" data-end=\"116\">l\u00e4mmin fleece-liivi poolokauluksella<\/strong>, joka sopii erinomaisesti <strong data-start=\"143\" data-end=\"207\">ty\u00f6vaatteeksi, yritysvaatteeksi, ulkoiluun sek\u00e4 vapaa-aikaan<\/strong>. Pehme\u00e4 fleece-materiaali tekee liivist\u00e4 mukavan k\u00e4ytt\u00e4\u00e4 viileiss\u00e4 s\u00e4\u00e4olosuhteissa joko v\u00e4likerroksena tai sellaisenaan.<\/p>\n<p data-start=\"330\" data-end=\"573\">Liiviss\u00e4 on <strong data-start=\"342\" data-end=\"397\">t\u00e4yspitk\u00e4 vetoketju sek\u00e4 vetoketjulliset sivutaskut<\/strong>, jotka tarjoavat k\u00e4yt\u00e4nn\u00f6llist\u00e4 s\u00e4ilytystilaa ja lis\u00e4\u00e4v\u00e4t k\u00e4ytt\u00f6mukavuutta. Ajaton ja selke\u00e4 malli sopii hyvin my\u00f6s <strong data-start=\"514\" data-end=\"572\">logopainatukseen yrityksille, seuroille ja tapahtumiin<\/strong>.<\/p>\n<p data-start=\"575\" data-end=\"709\">Tuote on <strong data-start=\"584\" data-end=\"627\">saatavana painettuna tai painamattomana<\/strong>, joten se sopii hyvin <strong data-start=\"650\" data-end=\"708\">yrityksille, seuroille, tapahtumiin ja j\u00e4lleenmyyjille<\/strong>.<\/p>\n<h2 data-section-id=\"14dkvgu\" data-start=\"711\" data-end=\"726\">Ominaisuudet<\/h2>\n<p data-start=\"728\" data-end=\"906\">\u2022 L\u00e4mmin fleece-liivi<br data-start=\"749\" data-end=\"752\" \/>\u2022 Poolokaulus suojaamaan kaulaa<br data-start=\"783\" data-end=\"786\" \/>\u2022 T\u00e4yspitk\u00e4 vetoketju<br data-start=\"807\" data-end=\"810\" \/>\u2022 Kaksi vetoketjullista sivutaskua<br data-start=\"844\" data-end=\"847\" \/>\u2022 Pehme\u00e4 ja mukava fleece-kangas<br data-start=\"879\" data-end=\"882\" \/>\u2022 Irrotettava etiketti<\/p>\n<h2 data-section-id=\"1yf6ifa\" data-start=\"908\" data-end=\"921\">Materiaali<\/h2>\n<p data-start=\"923\" data-end=\"971\"><strong data-start=\"923\" data-end=\"938\">Materiaali:<\/strong> 100 % polyesteri, fleecekangas<\/p>\n<p data-start=\"973\" data-end=\"994\"><strong data-start=\"973\" data-end=\"983\">Paino:<\/strong> 300 g\/m\u00b2<\/p>\n<p data-start=\"996\" data-end=\"1099\">Fleece-materiaali tekee liivist\u00e4 <strong data-start=\"1029\" data-end=\"1064\">l\u00e4mpim\u00e4n, kevyen ja hengitt\u00e4v\u00e4n<\/strong>, mik\u00e4 sopii hyvin viile\u00e4\u00e4n s\u00e4\u00e4h\u00e4n.<\/p>\n<h2 data-section-id=\"1izbzca\" data-start=\"1101\" data-end=\"1129\">Mahdolliset merkkaustavat<\/h2>\n<p data-start=\"1131\" data-end=\"1195\"><strong data-start=\"1131\" data-end=\"1144\">Painatus:<\/strong> DTF<br data-start=\"1148\" data-end=\"1151\" \/><strong data-start=\"1151\" data-end=\"1166\">Brodeeraus:<\/strong> Saatavilla tarjouspyynn\u00f6ll\u00e4.<\/p>\n<h2 data-section-id=\"wipf49\" data-start=\"1197\" data-end=\"1213\">K\u00e4ytt\u00f6kohteet<\/h2>\n<p data-start=\"1215\" data-end=\"1329\">\u2022 yritys- ja ty\u00f6vaatteet<br data-start=\"1239\" data-end=\"1242\" \/>\u2022 ulkoilu ja vapaa-aika<br data-start=\"1265\" data-end=\"1268\" \/>\u2022 urheiluseurat ja tapahtumat<br data-start=\"1297\" data-end=\"1300\" \/>\u2022 kampanja- ja logovaatteet<\/p>\n<h2 data-section-id=\"m4e5ur\" data-start=\"1331\" data-end=\"1346\">Toimitusaika<\/h2>\n<p data-start=\"1348\" data-end=\"1463\">Arvioitu toimitusaika <strong data-start=\"1370\" data-end=\"1387\">noin 1 viikko<\/strong>.<br data-start=\"1388\" data-end=\"1391\" \/>Toimitusaika voi vaihdella tilausm\u00e4\u00e4r\u00e4n ja mahdollisen merkinn\u00e4n mukaan.<\/p>\n<h2 data-section-id=\"1hryhf7\" data-start=\"1465\" data-end=\"1471\">FAQ<\/h2>\n<p data-start=\"1473\" data-end=\"1601\"><strong data-start=\"1473\" data-end=\"1517\">Voiko Bellagio-liivin tilata painettuna?<\/strong><br data-start=\"1517\" data-end=\"1520\" \/>Kyll\u00e4. Liivi voidaan toimittaa <strong data-start=\"1551\" data-end=\"1600\">logolla, tekstill\u00e4 tai grafiikalla painettuna<\/strong>.<\/p>\n<p data-start=\"1603\" data-end=\"1708\"><strong data-start=\"1603\" data-end=\"1646\">Voiko tuotteen tilata ilman painatusta?<\/strong><br data-start=\"1646\" data-end=\"1649\" \/>Kyll\u00e4, Bellagio-liivi on saatavana my\u00f6s <strong data-start=\"1689\" data-end=\"1707\">painamattomana<\/strong>.<\/p>\n<p data-start=\"1710\" data-end=\"1841\"><strong data-start=\"1710\" data-end=\"1755\">Mist\u00e4 materiaalista liivi on valmistettu?<\/strong><br data-start=\"1755\" data-end=\"1758\" \/>Liivi on valmistettu <strong data-start=\"1779\" data-end=\"1815\">100 % polyesterifleece-kankaasta<\/strong>, joka on l\u00e4mmin ja kevyt.<\/p>\n<p data-start=\"1843\" data-end=\"1983\" data-is-last-node=\"\" data-is-only-node=\"\"><strong data-start=\"1843\" data-end=\"1878\">Sopiiko liivi yritysvaatteeksi?<\/strong><br data-start=\"1878\" data-end=\"1881\" \/>Kyll\u00e4. Bellagio-liivi sopii erinomaisesti <strong data-start=\"1923\" data-end=\"1982\">yrityksen ty\u00f6vaatteeksi, logovaatteeksi ja ulkok\u00e4ytt\u00f6\u00f6n<\/strong>.<\/p>\n<\/div>\n<\/div>\n<\/div>\n<\/div>\n<\/div>\n<\/div>\n<\/article>\n<\/div>\n<\/div>\n<p data-v-f0f089fc=\"\"><img decoding=\"async\" class=\"mr-1 grey\" title=\"40\u00ba pesu max\" src=\"https:\/\/static.gorfactory.es\/images\/icons\/20221116171353_Lavar-40-max.png\" alt=\"40\u00ba pesu max\" width=\"40\" height=\"40\" data-v-6089ed0a=\"\" data-v-f0f089fc=\"\" \/><img decoding=\"async\" class=\"mr-1 grey\" title=\"\u00c4l\u00e4 valkaise\" src=\"https:\/\/static.gorfactory.es\/images\/icons\/20220914110315_No%20usar%20blanqueador.png\" alt=\"\u00c4l\u00e4 valkaise\" width=\"40\" height=\"40\" data-v-6089ed0a=\"\" data-v-f0f089fc=\"\" \/><img decoding=\"async\" class=\"mr-1 grey\" title=\"\u00c4l\u00e4 rumpukuivaa\" src=\"https:\/\/static.gorfactory.es\/images\/icons\/20220914110302_No%20secar%20en%20secadora.png\" alt=\"\u00c4l\u00e4 rumpukuivaa\" width=\"40\" height=\"40\" data-v-6089ed0a=\"\" data-v-f0f089fc=\"\" \/><img loading=\"lazy\" decoding=\"async\" class=\"mr-1 grey\" title=\"\u00c4l\u00e4 silit\u00e4\" src=\"https:\/\/static.gorfactory.es\/images\/icons\/20220914110249_No%20planchar.png\" alt=\"\u00c4l\u00e4 silit\u00e4\" width=\"40\" height=\"40\" data-v-6089ed0a=\"\" data-v-f0f089fc=\"\" \/><img loading=\"lazy\" decoding=\"async\" class=\"mr-1 grey\" title=\"\u00c4l\u00e4 kuivapesua\" src=\"https:\/\/static.gorfactory.es\/images\/icons\/20220914110151_No%20lavar%20en%20seco.png\" alt=\"\u00c4l\u00e4 kuivapesua\" width=\"40\" height=\"40\" data-v-6089ed0a=\"\" data-v-f0f089fc=\"\" \/><\/p>\n<table id=\"size_chart\" class=\"table table-responsive\" style=\"height: 265px;\" width=\"203\" cellspacing=\"0\" cellpadding=\"0\">\n<tbody>\n<tr>\n<th>Koko<\/th>\n<th><img decoding=\"async\" src=\"https:\/\/wordans-a1a5.kxcdn.com\/images\/wordans2010\/length.png\" alt=\"Length\" \/>\u00a0<label id=\"lengthLabel\">Pituus<\/label><\/th>\n<th><img decoding=\"async\" src=\"https:\/\/wordans-a1a5.kxcdn.com\/images\/wordans2010\/width.png\" alt=\"Width\" \/>\u00a0<label id=\"widthLabel\">Leveys<\/label><\/th>\n<\/tr>\n<tr>\n<td>S<\/td>\n<td>65<\/td>\n<td>50<\/td>\n<\/tr>\n<tr>\n<td>M<\/td>\n<td>67<\/td>\n<td>53<\/td>\n<\/tr>\n<tr>\n<td>L<\/td>\n<td>69<\/td>\n<td>56<\/td>\n<\/tr>\n<tr>\n<td>XL<\/td>\n<td>71<\/td>\n<td>59<\/td>\n<\/tr>\n<tr>\n<td>2XL<\/td>\n<td>73<\/td>\n<td>62<\/td>\n<\/tr>\n<tr>\n<td>3XL<\/td>\n<td>75<\/td>\n<td>65<\/td>\n<\/tr>\n<\/tbody>\n<\/table>\n<p>&nbsp;<\/p>\n","protected":false},"excerpt":{"rendered":"<p>Tuotenumero 500802 Liivi Bellagio \u2013 l\u00e4mmin fleece-liivi vetoketjulla | Roly24 Bellagio on l\u00e4mmin fleece-liivi poolokauluksella, joka sopii erinomaisesti ty\u00f6vaatteeksi, yritysvaatteeksi, ulkoiluun sek\u00e4 vapaa-aikaan. Pehme\u00e4 fleece-materiaali tekee liivist\u00e4 mukavan k\u00e4ytt\u00e4\u00e4 viileiss\u00e4 s\u00e4\u00e4olosuhteissa joko v\u00e4likerroksena tai sellaisenaan. Liiviss\u00e4 on t\u00e4yspitk\u00e4 vetoketju sek\u00e4 vetoketjulliset sivutaskut, jotka tarjoavat k\u00e4yt\u00e4nn\u00f6llist\u00e4 s\u00e4ilytystilaa ja lis\u00e4\u00e4v\u00e4t k\u00e4ytt\u00f6mukavuutta. Ajaton ja selke\u00e4 malli sopii hyvin [&hellip;]<\/p>\n","protected":false},"featured_media":13584,"template":"","meta":{"_acf_changed":false,"om_disable_all_campaigns":false,"_monsterinsights_skip_tracking":false,"_monsterinsights_sitenote_active":false,"_monsterinsights_sitenote_note":"","_monsterinsights_sitenote_category":0},"product_brand":[],"product_cat":[501],"product_tag":[453,175,546,298],"class_list":{"0":"post-13354","1":"product","2":"type-product","3":"status-publish","4":"has-post-thumbnail","6":"product_cat-rolyliivit","7":"product_tag-fleece","8":"product_tag-liivi","9":"product_tag-liivi-painatuksella","10":"product_tag-painatus","11":"product_shipping_class-postipaketti","13":"first","14":"instock","15":"taxable","16":"shipping-taxable","17":"purchasable","18":"product-type-simple"},"acf":[],"aioseo_notices":[],"_links":{"self":[{"href":"https:\/\/www.roly24.com\/index.php\/wp-json\/wp\/v2\/product\/13354","targetHints":{"allow":["GET"]}}],"collection":[{"href":"https:\/\/www.roly24.com\/index.php\/wp-json\/wp\/v2\/product"}],"about":[{"href":"https:\/\/www.roly24.com\/index.php\/wp-json\/wp\/v2\/types\/product"}],"version-history":[{"count":2,"href":"https:\/\/www.roly24.com\/index.php\/wp-json\/wp\/v2\/product\/13354\/revisions"}],"predecessor-version":[{"id":22074,"href":"https:\/\/www.roly24.com\/index.php\/wp-json\/wp\/v2\/product\/13354\/revisions\/22074"}],"wp:featuredmedia":[{"embeddable":true,"href":"https:\/\/www.roly24.com\/index.php\/wp-json\/wp\/v2\/media\/13584"}],"wp:attachment":[{"href":"https:\/\/www.roly24.com\/index.php\/wp-json\/wp\/v2\/media?parent=13354"}],"wp:term":[{"taxonomy":"product_brand","embeddable":true,"href":"https:\/\/www.roly24.com\/index.php\/wp-json\/wp\/v2\/product_brand?post=13354"},{"taxonomy":"product_cat","embeddable":true,"href":"https:\/\/www.roly24.com\/index.php\/wp-json\/wp\/v2\/product_cat?post=13354"},{"taxonomy":"product_tag","embeddable":true,"href":"https:\/\/www.roly24.com\/index.php\/wp-json\/wp\/v2\/product_tag?post=13354"}],"curies":[{"name":"wp","href":"https:\/\/api.w.org\/{rel}","templated":true}]}}