{"id":13335,"date":"2025-01-14T11:54:49","date_gmt":"2025-01-14T09:54:49","guid":{"rendered":"https:\/\/www.roly24.com\/?post_type=product&#038;p=13335"},"modified":"2026-03-14T16:57:24","modified_gmt":"2026-03-14T14:57:24","slug":"softshell-takki-rudolph","status":"publish","type":"product","link":"https:\/\/www.roly24.com\/index.php\/tuote\/softshell-takki-rudolph\/","title":{"rendered":"3-kerroksinen vedenpit\u00e4v\u00e4 softshell-takki RUDOLPH painettuna tai painamattomana"},"content":{"rendered":"<p><strong>Tuotenumero 500901<\/strong><\/p>\n<div class=\"relative basis-auto flex-col -mb-(--composer-overlap-px) [--composer-overlap-px:28px] grow flex\">\n<div class=\"flex flex-col text-sm pb-25\">\n<article class=\"text-token-text-primary w-full focus:outline-none [--shadow-height:45px] has-data-writing-block:pointer-events-none has-data-writing-block:-mt-(--shadow-height) has-data-writing-block:pt-(--shadow-height) [&amp;:has([data-writing-block])&gt;*]:pointer-events-auto scroll-mt-[calc(var(--header-height)+min(200px,max(70px,20svh)))]\" dir=\"auto\" tabindex=\"-1\" data-turn-id=\"request-WEB:0f7b24a8-39fd-40ff-811e-6cfb5bd17dc4-67\" data-testid=\"conversation-turn-114\" data-scroll-anchor=\"true\" data-turn=\"assistant\">\n<div class=\"text-base my-auto mx-auto pb-10 [--thread-content-margin:var(--thread-content-margin-xs,calc(var(--spacing)*4))] @w-sm\/main:[--thread-content-margin:var(--thread-content-margin-sm,calc(var(--spacing)*6))] @w-lg\/main:[--thread-content-margin:var(--thread-content-margin-lg,calc(var(--spacing)*16))] px-(--thread-content-margin)\">\n<div class=\"[--thread-content-max-width:40rem] @w-lg\/main:[--thread-content-max-width:48rem] mx-auto max-w-(--thread-content-max-width) flex-1 group\/turn-messages focus-visible:outline-hidden relative flex w-full min-w-0 flex-col agent-turn\" tabindex=\"-1\">\n<div class=\"flex max-w-full flex-col gap-4 grow\">\n<div class=\"min-h-8 text-message relative flex w-full flex-col items-end gap-2 text-start break-words whitespace-normal [.text-message+&amp;]:mt-1\" dir=\"auto\" data-message-author-role=\"assistant\" data-message-id=\"dd0a4a04-1371-4285-b800-e6f371c9d659\" data-message-model-slug=\"gpt-5-3\">\n<div class=\"flex w-full flex-col gap-1 empty:hidden\">\n<div class=\"markdown prose dark:prose-invert w-full wrap-break-word light markdown-new-styling\">\n<h3 data-start=\"0\" data-end=\"80\"><strong data-start=\"0\" data-end=\"80\">Softshell-takki Rudolph \u2013 3-kerroksinen vedenpit\u00e4v\u00e4 softshell-takki | Roly24<\/strong><\/h3>\n<p data-start=\"82\" data-end=\"348\">Rudolph on <strong data-start=\"93\" data-end=\"126\">3-kerroksinen softshell-takki<\/strong>, joka sopii erinomaisesti <strong data-start=\"153\" data-end=\"219\">ty\u00f6vaatteeksi, ulkoiluun, yritysvaatteeksi ja urheiluseuroille<\/strong>. Takki tarjoaa tehokkaan suojan tuulta ja sadetta vastaan sek\u00e4 miellytt\u00e4v\u00e4n l\u00e4mm\u00f6n eritt\u00e4in l\u00e4mpim\u00e4n mikrofleecevuoren ansiosta.<\/p>\n<p data-start=\"350\" data-end=\"617\">Takissa on <strong data-start=\"361\" data-end=\"477\">t\u00e4yspitk\u00e4 vetoketju leukasuojalla, kolme vetoketjullista taskua sek\u00e4 s\u00e4\u00e4dett\u00e4v\u00e4t hihansuut ja kiristett\u00e4v\u00e4 helma<\/strong>, jotka parantavat k\u00e4ytt\u00f6mukavuutta ja istuvuutta. Rinnassa ja sel\u00e4ss\u00e4 oleva <strong data-start=\"554\" data-end=\"577\">ikonimuotoinen alue<\/strong> soveltuu hyvin logolle tai merkinn\u00e4lle.<\/p>\n<p data-start=\"619\" data-end=\"751\">Tuote on <strong data-start=\"628\" data-end=\"671\">saatavana painettuna tai painamattomana<\/strong>, joten se sopii hyvin <strong data-start=\"694\" data-end=\"750\">yrityksille, seuroille, tapahtumiin ja ty\u00f6vaatteeksi<\/strong>.<\/p>\n<h2 data-section-id=\"14dkvgu\" data-start=\"753\" data-end=\"768\">Ominaisuudet<\/h2>\n<p data-start=\"770\" data-end=\"1073\">\u2022 3-kerroksinen softshell-takki<br data-start=\"801\" data-end=\"804\" \/>\u2022 T\u00e4yspitk\u00e4 vetoketju leukasuojalla<br data-start=\"839\" data-end=\"842\" \/>\u2022 L\u00e4mmin mikrofleece-sis\u00e4vuori<br data-start=\"872\" data-end=\"875\" \/>\u2022 Vetoketjullinen rintatasku<br data-start=\"903\" data-end=\"906\" \/>\u2022 Kaksi vetoketjullista sivutaskua<br data-start=\"940\" data-end=\"943\" \/>\u2022 Tarrakiinnitteiset s\u00e4\u00e4dett\u00e4v\u00e4t hihansuut<br data-start=\"985\" data-end=\"988\" \/>\u2022 S\u00e4\u00e4dett\u00e4v\u00e4 alahelma kiristysny\u00f6rill\u00e4<br data-start=\"1026\" data-end=\"1029\" \/>\u2022 Rinnassa ja sel\u00e4ss\u00e4 merkint\u00e4alue logolle<\/p>\n<h2 data-section-id=\"1yf6ifa\" data-start=\"1075\" data-end=\"1088\">Materiaali<\/h2>\n<p data-start=\"1090\" data-end=\"1191\"><strong data-start=\"1090\" data-end=\"1100\">Kuori:<\/strong> 95 % polyesteri \/ 5 % elastaani<br data-start=\"1132\" data-end=\"1135\" \/><strong data-start=\"1135\" data-end=\"1145\">Vuori:<\/strong> 100 % eritt\u00e4in l\u00e4mmin mikrofleecepolyesteri<\/p>\n<p data-start=\"1193\" data-end=\"1214\"><strong data-start=\"1193\" data-end=\"1203\">Paino:<\/strong> 300 g\/m\u00b2<\/p>\n<p data-start=\"1216\" data-end=\"1306\">Softshell-materiaali tekee takista <strong data-start=\"1251\" data-end=\"1305\">joustavan, l\u00e4mpim\u00e4n, tuulenpit\u00e4v\u00e4n ja vedenpit\u00e4v\u00e4n<\/strong>.<\/p>\n<p data-start=\"1308\" data-end=\"1373\"><strong data-start=\"1308\" data-end=\"1326\">Vedenpit\u00e4vyys:<\/strong><br data-start=\"1326\" data-end=\"1329\" \/>Hydrostaattinen painetesti <strong data-start=\"1356\" data-end=\"1373\">&gt; 3000 mm H\u2082O<\/strong><\/p>\n<h2 data-section-id=\"1izbzca\" data-start=\"1375\" data-end=\"1403\">Mahdolliset merkkaustavat<\/h2>\n<p data-start=\"1405\" data-end=\"1469\"><strong data-start=\"1405\" data-end=\"1418\">Painatus:<\/strong> DTF<br data-start=\"1422\" data-end=\"1425\" \/><strong data-start=\"1425\" data-end=\"1440\">Brodeeraus:<\/strong> Saatavilla tarjouspyynn\u00f6ll\u00e4.<\/p>\n<h2 data-section-id=\"wipf49\" data-start=\"1471\" data-end=\"1487\">K\u00e4ytt\u00f6kohteet<\/h2>\n<p data-start=\"1489\" data-end=\"1607\">\u2022 yritys- ja ty\u00f6vaatteet<br data-start=\"1513\" data-end=\"1516\" \/>\u2022 urheiluseurat ja joukkueet<br data-start=\"1544\" data-end=\"1547\" \/>\u2022 ulkoilu ja vapaa-aika<br data-start=\"1570\" data-end=\"1573\" \/>\u2022 tapahtumat ja kampanjavaatteet<\/p>\n<h2 data-section-id=\"m4e5ur\" data-start=\"1609\" data-end=\"1624\">Toimitusaika<\/h2>\n<p data-start=\"1626\" data-end=\"1741\">Arvioitu toimitusaika <strong data-start=\"1648\" data-end=\"1665\">noin 1 viikko<\/strong>.<br data-start=\"1666\" data-end=\"1669\" \/>Toimitusaika voi vaihdella tilausm\u00e4\u00e4r\u00e4n ja mahdollisen merkinn\u00e4n mukaan.<\/p>\n<h2 data-section-id=\"1hryhf7\" data-start=\"1743\" data-end=\"1749\">FAQ<\/h2>\n<p data-start=\"1751\" data-end=\"1887\"><strong data-start=\"1751\" data-end=\"1803\">Voiko Rudolph softshell-takin tilata painettuna?<\/strong><br data-start=\"1803\" data-end=\"1806\" \/>Kyll\u00e4. Takki voidaan toimittaa <strong data-start=\"1837\" data-end=\"1886\">logolla, tekstill\u00e4 tai grafiikalla painettuna<\/strong>.<\/p>\n<p data-start=\"1889\" data-end=\"2003\"><strong data-start=\"1889\" data-end=\"1932\">Voiko tuotteen tilata ilman painatusta?<\/strong><br data-start=\"1932\" data-end=\"1935\" \/>Kyll\u00e4, Rudolph softshell-takki on saatavana my\u00f6s <strong data-start=\"1984\" data-end=\"2002\">painamattomana<\/strong>.<\/p>\n<p data-start=\"2005\" data-end=\"2138\"><strong data-start=\"2005\" data-end=\"2032\">Onko takki vedenpit\u00e4v\u00e4?<\/strong><br data-start=\"2032\" data-end=\"2035\" \/>Kyll\u00e4. Takki on <strong data-start=\"2051\" data-end=\"2092\">vedenpit\u00e4v\u00e4 (&gt;3000 mm H\u2082O vesipilari)<\/strong> ja sopii hyvin vaihteleviin s\u00e4\u00e4olosuhteisiin.<\/p>\n<p data-start=\"2140\" data-end=\"2289\" data-is-last-node=\"\" data-is-only-node=\"\"><strong data-start=\"2140\" data-end=\"2175\">Sopiiko takki yritysvaatteeksi?<\/strong><br data-start=\"2175\" data-end=\"2178\" \/>Kyll\u00e4. Rudolph softshell-takki sopii erinomaisesti <strong data-start=\"2229\" data-end=\"2288\">yrityksen ty\u00f6vaatteeksi, logovaatteeksi ja ulkok\u00e4ytt\u00f6\u00f6n<\/strong>.<\/p>\n<\/div>\n<\/div>\n<\/div>\n<\/div>\n<\/div>\n<\/div>\n<\/article>\n<\/div>\n<\/div>\n<p><img decoding=\"async\" class=\"mr-1 grey\" title=\"40\u00ba pesu max\" src=\"https:\/\/static.gorfactory.es\/images\/icons\/20221116171353_Lavar-40-max.png\" alt=\"40\u00ba pesu max\" width=\"40\" height=\"40\" data-v-6089ed0a=\"\" data-v-f0f089fc=\"\" \/><img decoding=\"async\" class=\"mr-1 grey\" title=\"\u00c4l\u00e4 valkaise\" src=\"https:\/\/static.gorfactory.es\/images\/icons\/20220914110315_No%20usar%20blanqueador.png\" alt=\"\u00c4l\u00e4 valkaise\" width=\"40\" height=\"40\" data-v-6089ed0a=\"\" data-v-f0f089fc=\"\" \/><img decoding=\"async\" class=\"mr-1 grey\" title=\"\u00c4l\u00e4 rumpukuivaa\" src=\"https:\/\/static.gorfactory.es\/images\/icons\/20220914110302_No%20secar%20en%20secadora.png\" alt=\"\u00c4l\u00e4 rumpukuivaa\" width=\"40\" height=\"40\" data-v-6089ed0a=\"\" data-v-f0f089fc=\"\" \/><img loading=\"lazy\" decoding=\"async\" class=\"mr-1 grey\" title=\"\u00c4l\u00e4 silit\u00e4\" src=\"https:\/\/static.gorfactory.es\/images\/icons\/20220914110249_No%20planchar.png\" alt=\"\u00c4l\u00e4 silit\u00e4\" width=\"40\" height=\"40\" data-v-6089ed0a=\"\" data-v-f0f089fc=\"\" \/><img loading=\"lazy\" decoding=\"async\" class=\"mr-1 grey\" title=\"\u00c4l\u00e4 kuivapesua\" src=\"https:\/\/static.gorfactory.es\/images\/icons\/20220914110151_No%20lavar%20en%20seco.png\" alt=\"\u00c4l\u00e4 kuivapesua\" width=\"40\" height=\"40\" data-v-6089ed0a=\"\" data-v-f0f089fc=\"\" \/><\/p>\n<table id=\"size_chart\" class=\"table table-responsive\" style=\"height: 265px;\" width=\"203\" cellspacing=\"0\" cellpadding=\"0\">\n<tbody>\n<tr>\n<th>Koko<\/th>\n<th><img decoding=\"async\" src=\"https:\/\/wordans-a1a5.kxcdn.com\/images\/wordans2010\/length.png\" alt=\"Length\" \/>\u00a0<label id=\"lengthLabel\">Pituus<\/label><\/th>\n<th><img decoding=\"async\" src=\"https:\/\/wordans-a1a5.kxcdn.com\/images\/wordans2010\/width.png\" alt=\"Width\" \/>\u00a0<label id=\"widthLabel\">Leveys<\/label><\/th>\n<\/tr>\n<tr>\n<td>S<\/td>\n<td>74<\/td>\n<td>53<\/td>\n<\/tr>\n<tr>\n<td>M<\/td>\n<td>75<\/td>\n<td>55<\/td>\n<\/tr>\n<tr>\n<td>L<\/td>\n<td>76<\/td>\n<td>58<\/td>\n<\/tr>\n<tr>\n<td>XL<\/td>\n<td>77<\/td>\n<td>62<\/td>\n<\/tr>\n<tr>\n<td>2XL<\/td>\n<td>78<\/td>\n<td>65<\/td>\n<\/tr>\n<tr>\n<td>3XL<\/td>\n<td>79<\/td>\n<td>67<\/td>\n<\/tr>\n<\/tbody>\n<\/table>\n<p>&nbsp;<\/p>\n","protected":false},"excerpt":{"rendered":"<p>Tuotenumero 500901 Softshell-takki Rudolph \u2013 3-kerroksinen vedenpit\u00e4v\u00e4 softshell-takki | Roly24 Rudolph on 3-kerroksinen softshell-takki, joka sopii erinomaisesti ty\u00f6vaatteeksi, ulkoiluun, yritysvaatteeksi ja urheiluseuroille. Takki tarjoaa tehokkaan suojan tuulta ja sadetta vastaan sek\u00e4 miellytt\u00e4v\u00e4n l\u00e4mm\u00f6n eritt\u00e4in l\u00e4mpim\u00e4n mikrofleecevuoren ansiosta. Takissa on t\u00e4yspitk\u00e4 vetoketju leukasuojalla, kolme vetoketjullista taskua sek\u00e4 s\u00e4\u00e4dett\u00e4v\u00e4t hihansuut ja kiristett\u00e4v\u00e4 helma, jotka parantavat k\u00e4ytt\u00f6mukavuutta ja [&hellip;]<\/p>\n","protected":false},"featured_media":13588,"template":"","meta":{"_acf_changed":false,"om_disable_all_campaigns":false,"_monsterinsights_skip_tracking":false,"_monsterinsights_sitenote_active":false,"_monsterinsights_sitenote_note":"","_monsterinsights_sitenote_category":0},"product_brand":[],"product_cat":[503],"product_tag":[298,616,548,439],"class_list":{"0":"post-13335","1":"product","2":"type-product","3":"status-publish","4":"has-post-thumbnail","6":"product_cat-rolysoftshell","7":"product_tag-painatus","8":"product_tag-softshell","9":"product_tag-takin-painatus","10":"product_tag-takki","11":"product_shipping_class-postipaketti","13":"first","14":"instock","15":"taxable","16":"shipping-taxable","17":"purchasable","18":"product-type-simple"},"acf":[],"aioseo_notices":[],"_links":{"self":[{"href":"https:\/\/www.roly24.com\/index.php\/wp-json\/wp\/v2\/product\/13335","targetHints":{"allow":["GET"]}}],"collection":[{"href":"https:\/\/www.roly24.com\/index.php\/wp-json\/wp\/v2\/product"}],"about":[{"href":"https:\/\/www.roly24.com\/index.php\/wp-json\/wp\/v2\/types\/product"}],"version-history":[{"count":2,"href":"https:\/\/www.roly24.com\/index.php\/wp-json\/wp\/v2\/product\/13335\/revisions"}],"predecessor-version":[{"id":22066,"href":"https:\/\/www.roly24.com\/index.php\/wp-json\/wp\/v2\/product\/13335\/revisions\/22066"}],"wp:featuredmedia":[{"embeddable":true,"href":"https:\/\/www.roly24.com\/index.php\/wp-json\/wp\/v2\/media\/13588"}],"wp:attachment":[{"href":"https:\/\/www.roly24.com\/index.php\/wp-json\/wp\/v2\/media?parent=13335"}],"wp:term":[{"taxonomy":"product_brand","embeddable":true,"href":"https:\/\/www.roly24.com\/index.php\/wp-json\/wp\/v2\/product_brand?post=13335"},{"taxonomy":"product_cat","embeddable":true,"href":"https:\/\/www.roly24.com\/index.php\/wp-json\/wp\/v2\/product_cat?post=13335"},{"taxonomy":"product_tag","embeddable":true,"href":"https:\/\/www.roly24.com\/index.php\/wp-json\/wp\/v2\/product_tag?post=13335"}],"curies":[{"name":"wp","href":"https:\/\/api.w.org\/{rel}","templated":true}]}}