{"id":13320,"date":"2025-01-14T11:44:46","date_gmt":"2025-01-14T09:44:46","guid":{"rendered":"https:\/\/www.roly24.com\/?post_type=product&#038;p=13320"},"modified":"2026-03-14T17:01:32","modified_gmt":"2026-03-14T15:01:32","slug":"softshell-takki-siberia","status":"publish","type":"product","link":"https:\/\/www.roly24.com\/index.php\/tuote\/softshell-takki-siberia\/","title":{"rendered":"2-kerroksinen urheilullinen softshell-takki, SIBERIA painettuna tai painamattomana"},"content":{"rendered":"<p><strong>Tuotenumero 500902<\/strong><\/p>\n<article class=\"text-token-text-primary w-full focus:outline-none [--shadow-height:45px] has-data-writing-block:pointer-events-none has-data-writing-block:-mt-(--shadow-height) has-data-writing-block:pt-(--shadow-height) [&amp;:has([data-writing-block])&gt;*]:pointer-events-auto scroll-mt-(--header-height)\" dir=\"auto\" tabindex=\"-1\" data-turn-id=\"4a276d2c-e8c5-4b39-b60b-411b1edac3bb\" data-testid=\"conversation-turn-115\" data-scroll-anchor=\"false\" data-turn=\"user\"><\/article>\n<article class=\"text-token-text-primary w-full focus:outline-none [--shadow-height:45px] has-data-writing-block:pointer-events-none has-data-writing-block:-mt-(--shadow-height) has-data-writing-block:pt-(--shadow-height) [&amp;:has([data-writing-block])&gt;*]:pointer-events-auto scroll-mt-[calc(var(--header-height)+min(200px,max(70px,20svh)))]\" dir=\"auto\" tabindex=\"-1\" data-turn-id=\"request-WEB:0f7b24a8-39fd-40ff-811e-6cfb5bd17dc4-68\" data-testid=\"conversation-turn-116\" data-scroll-anchor=\"true\" data-turn=\"assistant\">\n<div class=\"text-base my-auto mx-auto pb-10 [--thread-content-margin:var(--thread-content-margin-xs,calc(var(--spacing)*4))] @w-sm\/main:[--thread-content-margin:var(--thread-content-margin-sm,calc(var(--spacing)*6))] @w-lg\/main:[--thread-content-margin:var(--thread-content-margin-lg,calc(var(--spacing)*16))] px-(--thread-content-margin)\">\n<div class=\"[--thread-content-max-width:40rem] @w-lg\/main:[--thread-content-max-width:48rem] mx-auto max-w-(--thread-content-max-width) flex-1 group\/turn-messages focus-visible:outline-hidden relative flex w-full min-w-0 flex-col agent-turn\" tabindex=\"-1\">\n<div class=\"flex max-w-full flex-col gap-4 grow\">\n<div class=\"min-h-8 text-message relative flex w-full flex-col items-end gap-2 text-start break-words whitespace-normal [.text-message+&amp;]:mt-1\" dir=\"auto\" data-message-author-role=\"assistant\" data-message-id=\"e8901652-d5c0-43c7-a61b-fb3bb4c4ac8c\" data-message-model-slug=\"gpt-5-3\">\n<div class=\"flex w-full flex-col gap-1 empty:hidden\">\n<div class=\"markdown prose dark:prose-invert w-full wrap-break-word light markdown-new-styling\">\n<h3 data-start=\"0\" data-end=\"76\"><strong data-start=\"0\" data-end=\"76\">Softshell-takki Siberia \u2013 urheilullinen softshell-takki hupulla | Roly24<\/strong><\/h3>\n<p data-start=\"78\" data-end=\"347\">Siberia on <strong data-start=\"89\" data-end=\"136\">2-kerroksinen urheilullinen softshell-takki<\/strong>, joka sopii erinomaisesti <strong data-start=\"163\" data-end=\"231\">ty\u00f6vaatteeksi, ulkoiluun, yritysvaatteeksi sek\u00e4 urheiluseuroille<\/strong>. L\u00e4mmin mikrofleecevuori ja joustava softshell-materiaali tarjoavat mukavuutta ja suojaa viileiss\u00e4 s\u00e4\u00e4olosuhteissa.<\/p>\n<p data-start=\"349\" data-end=\"551\">Takissa on <strong data-start=\"360\" data-end=\"475\">injektoitu keskivetoketju kontrastiv\u00e4risell\u00e4 leukasuojalla, useita k\u00e4yt\u00e4nn\u00f6llisi\u00e4 taskuja sek\u00e4 taitettava huppu<\/strong>, jotka tekev\u00e4t takista monipuolisen ja k\u00e4yt\u00e4nn\u00f6llisen aktiiviseen k\u00e4ytt\u00f6\u00f6n.<\/p>\n<p data-start=\"553\" data-end=\"685\">Tuote on <strong data-start=\"562\" data-end=\"605\">saatavana painettuna tai painamattomana<\/strong>, joten se sopii hyvin <strong data-start=\"628\" data-end=\"684\">yrityksille, seuroille, tapahtumiin ja ty\u00f6vaatteeksi<\/strong>.<\/p>\n<h2 data-section-id=\"14dkvgu\" data-start=\"687\" data-end=\"702\">Ominaisuudet<\/h2>\n<p data-start=\"704\" data-end=\"1092\">\u2022 2-kerroksinen urheilullinen softshell-takki<br data-start=\"749\" data-end=\"752\" \/>\u2022 Injektoitu vetoketju kontrastiv\u00e4risell\u00e4 leukasuojalla<br data-start=\"807\" data-end=\"810\" \/>\u2022 L\u00e4mmin kontrastiv\u00e4rinen mikrofleece-sis\u00e4vuori<br data-start=\"857\" data-end=\"860\" \/>\u2022 Kaksi vetoketjullista sivutaskua<br data-start=\"894\" data-end=\"897\" \/>\u2022 Vetoketjullinen rintatasku n\u00e4kym\u00e4tt\u00f6m\u00e4ll\u00e4 vetoketjulla<br data-start=\"953\" data-end=\"956\" \/>\u2022 Pieni tasku vasemmassa hihassa<br data-start=\"988\" data-end=\"991\" \/>\u2022 Taitettava huppu mikrofleecevuorella<br data-start=\"1029\" data-end=\"1032\" \/>\u2022 Resorit hihansuissa ja helmassa<br data-start=\"1065\" data-end=\"1068\" \/>\u2022 Irrotettava etiketti<\/p>\n<h2 data-section-id=\"1yf6ifa\" data-start=\"1094\" data-end=\"1107\">Materiaali<\/h2>\n<p data-start=\"1109\" data-end=\"1210\"><strong data-start=\"1109\" data-end=\"1119\">Kuori:<\/strong> 92 % polyesteri \/ 8 % elastaani<br data-start=\"1151\" data-end=\"1154\" \/><strong data-start=\"1154\" data-end=\"1164\">Vuori:<\/strong> 100 % eritt\u00e4in l\u00e4mmin mikrofleecepolyesteri<\/p>\n<p data-start=\"1212\" data-end=\"1233\"><strong data-start=\"1212\" data-end=\"1222\">Paino:<\/strong> 300 g\/m\u00b2<\/p>\n<p data-start=\"1235\" data-end=\"1358\">Softshell-materiaali tekee takista <strong data-start=\"1270\" data-end=\"1305\">joustavan, l\u00e4mpim\u00e4n ja kest\u00e4v\u00e4n<\/strong>, mik\u00e4 sopii hyvin ulkoiluun ja aktiiviseen k\u00e4ytt\u00f6\u00f6n.<\/p>\n<h2 data-section-id=\"1izbzca\" data-start=\"1360\" data-end=\"1388\">Mahdolliset merkkaustavat<\/h2>\n<p data-start=\"1390\" data-end=\"1454\"><strong data-start=\"1390\" data-end=\"1403\">Painatus:<\/strong> DTF<br data-start=\"1407\" data-end=\"1410\" \/><strong data-start=\"1410\" data-end=\"1425\">Brodeeraus:<\/strong> Saatavilla tarjouspyynn\u00f6ll\u00e4.<\/p>\n<h2 data-section-id=\"wipf49\" data-start=\"1456\" data-end=\"1472\">K\u00e4ytt\u00f6kohteet<\/h2>\n<p data-start=\"1474\" data-end=\"1592\">\u2022 yritys- ja ty\u00f6vaatteet<br data-start=\"1498\" data-end=\"1501\" \/>\u2022 urheiluseurat ja joukkueet<br data-start=\"1529\" data-end=\"1532\" \/>\u2022 ulkoilu ja vapaa-aika<br data-start=\"1555\" data-end=\"1558\" \/>\u2022 tapahtumat ja kampanjavaatteet<\/p>\n<h2 data-section-id=\"m4e5ur\" data-start=\"1594\" data-end=\"1609\">Toimitusaika<\/h2>\n<p data-start=\"1611\" data-end=\"1726\">Arvioitu toimitusaika <strong data-start=\"1633\" data-end=\"1650\">noin 1 viikko<\/strong>.<br data-start=\"1651\" data-end=\"1654\" \/>Toimitusaika voi vaihdella tilausm\u00e4\u00e4r\u00e4n ja mahdollisen merkinn\u00e4n mukaan.<\/p>\n<h2 data-section-id=\"1hryhf7\" data-start=\"1728\" data-end=\"1734\">FAQ<\/h2>\n<p data-start=\"1736\" data-end=\"1872\"><strong data-start=\"1736\" data-end=\"1788\">Voiko Siberia softshell-takin tilata painettuna?<\/strong><br data-start=\"1788\" data-end=\"1791\" \/>Kyll\u00e4. Takki voidaan toimittaa <strong data-start=\"1822\" data-end=\"1871\">logolla, tekstill\u00e4 tai grafiikalla painettuna<\/strong>.<\/p>\n<p data-start=\"1874\" data-end=\"1988\"><strong data-start=\"1874\" data-end=\"1917\">Voiko tuotteen tilata ilman painatusta?<\/strong><br data-start=\"1917\" data-end=\"1920\" \/>Kyll\u00e4, Siberia softshell-takki on saatavana my\u00f6s <strong data-start=\"1969\" data-end=\"1987\">painamattomana<\/strong>.<\/p>\n<p data-start=\"1990\" data-end=\"2089\"><strong data-start=\"1990\" data-end=\"2013\">Onko takissa huppu?<\/strong><br data-start=\"2013\" data-end=\"2016\" \/>Kyll\u00e4. Takissa on <strong data-start=\"2034\" data-end=\"2088\">taitettava huppu, jossa on l\u00e4mmin mikrofleecevuori<\/strong>.<\/p>\n<p data-start=\"2091\" data-end=\"2229\" data-is-last-node=\"\" data-is-only-node=\"\"><strong data-start=\"2091\" data-end=\"2123\">Sopiiko takki ty\u00f6vaatteeksi?<\/strong><br data-start=\"2123\" data-end=\"2126\" \/>Kyll\u00e4. Siberia softshell-takki sopii hyvin <strong data-start=\"2169\" data-end=\"2228\">yrityksen ty\u00f6vaatteeksi, logovaatteeksi ja ulkok\u00e4ytt\u00f6\u00f6n<\/strong>.<\/p>\n<\/div>\n<\/div>\n<\/div>\n<\/div>\n<\/div>\n<\/div>\n<\/article>\n<p><img decoding=\"async\" class=\"mr-1 grey\" title=\"30\u00ba pesu max.\" src=\"https:\/\/static.gorfactory.es\/images\/icons\/20220914110209_Lavar%20a%2030%C2%BA%20m%C3%A1ximo.png\" alt=\"30\u00ba pesu max.\" width=\"40\" height=\"40\" data-v-6089ed0a=\"\" data-v-f0f089fc=\"\" \/><img decoding=\"async\" class=\"mr-1 grey\" title=\"\u00c4l\u00e4 valkaise\" src=\"https:\/\/static.gorfactory.es\/images\/icons\/20220914110315_No%20usar%20blanqueador.png\" alt=\"\u00c4l\u00e4 valkaise\" width=\"40\" height=\"40\" data-v-6089ed0a=\"\" data-v-f0f089fc=\"\" \/><img decoding=\"async\" class=\"mr-1 grey\" title=\"\u00c4l\u00e4 rumpukuivaa\" src=\"https:\/\/static.gorfactory.es\/images\/icons\/20220914110302_No%20secar%20en%20secadora.png\" alt=\"\u00c4l\u00e4 rumpukuivaa\" width=\"40\" height=\"40\" data-v-6089ed0a=\"\" data-v-f0f089fc=\"\" \/><img loading=\"lazy\" decoding=\"async\" class=\"mr-1 grey\" title=\"\u00c4l\u00e4 silit\u00e4\" src=\"https:\/\/static.gorfactory.es\/images\/icons\/20220914110249_No%20planchar.png\" alt=\"\u00c4l\u00e4 silit\u00e4\" width=\"39\" height=\"39\" data-v-6089ed0a=\"\" data-v-f0f089fc=\"\" \/><img loading=\"lazy\" decoding=\"async\" class=\"mr-1 grey\" title=\"\u00c4l\u00e4 kuivapesua\" src=\"https:\/\/static.gorfactory.es\/images\/icons\/20220914110151_No%20lavar%20en%20seco.png\" alt=\"\u00c4l\u00e4 kuivapesua\" width=\"40\" height=\"40\" data-v-6089ed0a=\"\" data-v-f0f089fc=\"\" \/><\/p>\n<table id=\"size_chart\" class=\"table table-responsive\" style=\"height: 265px;\" width=\"203\" cellspacing=\"0\" cellpadding=\"0\">\n<tbody>\n<tr>\n<th>Koko<\/th>\n<th><img decoding=\"async\" src=\"https:\/\/wordans-a1a5.kxcdn.com\/images\/wordans2010\/length.png\" alt=\"Length\" \/>\u00a0<label id=\"lengthLabel\">Pituus<\/label><\/th>\n<th><img decoding=\"async\" src=\"https:\/\/wordans-a1a5.kxcdn.com\/images\/wordans2010\/width.png\" alt=\"Width\" \/>\u00a0<label id=\"widthLabel\">Leveys<\/label><\/th>\n<\/tr>\n<tr>\n<td>XS<\/td>\n<td>73<\/td>\n<td>51<\/td>\n<\/tr>\n<tr>\n<td>S<\/td>\n<td>74<\/td>\n<td>53<\/td>\n<\/tr>\n<tr>\n<td>M<\/td>\n<td>75<\/td>\n<td>55<\/td>\n<\/tr>\n<tr>\n<td>L<\/td>\n<td>76<\/td>\n<td>58<\/td>\n<\/tr>\n<tr>\n<td>XL<\/td>\n<td>77<\/td>\n<td>62<\/td>\n<\/tr>\n<tr>\n<td>2XL<\/td>\n<td>78<\/td>\n<td>65<\/td>\n<\/tr>\n<tr>\n<td>3XL<\/td>\n<td>79<\/td>\n<td>67<\/td>\n<\/tr>\n<\/tbody>\n<\/table>\n<p>&nbsp;<\/p>\n","protected":false},"excerpt":{"rendered":"<p>Tuotenumero 500902 Softshell-takki Siberia \u2013 urheilullinen softshell-takki hupulla | Roly24 Siberia on 2-kerroksinen urheilullinen softshell-takki, joka sopii erinomaisesti ty\u00f6vaatteeksi, ulkoiluun, yritysvaatteeksi sek\u00e4 urheiluseuroille. L\u00e4mmin mikrofleecevuori ja joustava softshell-materiaali tarjoavat mukavuutta ja suojaa viileiss\u00e4 s\u00e4\u00e4olosuhteissa. Takissa on injektoitu keskivetoketju kontrastiv\u00e4risell\u00e4 leukasuojalla, useita k\u00e4yt\u00e4nn\u00f6llisi\u00e4 taskuja sek\u00e4 taitettava huppu, jotka tekev\u00e4t takista monipuolisen ja k\u00e4yt\u00e4nn\u00f6llisen aktiiviseen k\u00e4ytt\u00f6\u00f6n. Tuote [&hellip;]<\/p>\n","protected":false},"featured_media":13590,"template":"","meta":{"_acf_changed":false,"om_disable_all_campaigns":false,"_monsterinsights_skip_tracking":false,"_monsterinsights_sitenote_active":false,"_monsterinsights_sitenote_note":"","_monsterinsights_sitenote_category":0},"product_brand":[],"product_cat":[503],"product_tag":[298,616,548,439],"class_list":{"0":"post-13320","1":"product","2":"type-product","3":"status-publish","4":"has-post-thumbnail","6":"product_cat-rolysoftshell","7":"product_tag-painatus","8":"product_tag-softshell","9":"product_tag-takin-painatus","10":"product_tag-takki","11":"product_shipping_class-postipaketti","13":"first","14":"instock","15":"taxable","16":"shipping-taxable","17":"purchasable","18":"product-type-simple"},"acf":[],"aioseo_notices":[],"_links":{"self":[{"href":"https:\/\/www.roly24.com\/index.php\/wp-json\/wp\/v2\/product\/13320","targetHints":{"allow":["GET"]}}],"collection":[{"href":"https:\/\/www.roly24.com\/index.php\/wp-json\/wp\/v2\/product"}],"about":[{"href":"https:\/\/www.roly24.com\/index.php\/wp-json\/wp\/v2\/types\/product"}],"version-history":[{"count":2,"href":"https:\/\/www.roly24.com\/index.php\/wp-json\/wp\/v2\/product\/13320\/revisions"}],"predecessor-version":[{"id":22067,"href":"https:\/\/www.roly24.com\/index.php\/wp-json\/wp\/v2\/product\/13320\/revisions\/22067"}],"wp:featuredmedia":[{"embeddable":true,"href":"https:\/\/www.roly24.com\/index.php\/wp-json\/wp\/v2\/media\/13590"}],"wp:attachment":[{"href":"https:\/\/www.roly24.com\/index.php\/wp-json\/wp\/v2\/media?parent=13320"}],"wp:term":[{"taxonomy":"product_brand","embeddable":true,"href":"https:\/\/www.roly24.com\/index.php\/wp-json\/wp\/v2\/product_brand?post=13320"},{"taxonomy":"product_cat","embeddable":true,"href":"https:\/\/www.roly24.com\/index.php\/wp-json\/wp\/v2\/product_cat?post=13320"},{"taxonomy":"product_tag","embeddable":true,"href":"https:\/\/www.roly24.com\/index.php\/wp-json\/wp\/v2\/product_tag?post=13320"}],"curies":[{"name":"wp","href":"https:\/\/api.w.org\/{rel}","templated":true}]}}