{"id":13308,"date":"2025-01-14T11:29:34","date_gmt":"2025-01-14T09:29:34","guid":{"rendered":"https:\/\/www.roly24.com\/?post_type=product&#038;p=13308"},"modified":"2026-03-14T16:54:18","modified_gmt":"2026-03-14T14:54:18","slug":"softshell-takki-antartida-woman","status":"publish","type":"product","link":"https:\/\/www.roly24.com\/index.php\/tuote\/softshell-takki-antartida-woman\/","title":{"rendered":"Slim-fit softshell-takki ANTRATIDA Woman painettuna tai painamattomana"},"content":{"rendered":"<p><strong>Tuotenumero 500903<\/strong><\/p>\n<h3 data-start=\"0\" data-end=\"79\"><strong data-start=\"0\" data-end=\"79\">Softshell-takki Antartida Women \u2013 naisten slim-fit softshell-takki | Roly24<\/strong><\/h3>\n<p data-start=\"81\" data-end=\"360\">Antartida Women on <strong data-start=\"100\" data-end=\"150\">naisten slim-fit 2-kerroksinen softshell-takki<\/strong>, joka sopii erinomaisesti <strong data-start=\"177\" data-end=\"245\">ty\u00f6vaatteeksi, yritysvaatteeksi, ulkoiluun sek\u00e4 urheiluseuroille<\/strong>. Takki tarjoaa hyv\u00e4n suojan tuulta ja kevytt\u00e4 sadetta vastaan sek\u00e4 miellytt\u00e4v\u00e4n l\u00e4mm\u00f6n mikrofleecevuoren ansiosta.<\/p>\n<p data-start=\"362\" data-end=\"653\">Takissa on <strong data-start=\"373\" data-end=\"502\">k\u00e4\u00e4nteinen tiivistetty vetoketju leukasuojalla, kolme vetoketjullista taskua sek\u00e4 s\u00e4\u00e4dett\u00e4v\u00e4t hihansuut ja kiristett\u00e4v\u00e4 helma<\/strong>, jotka parantavat k\u00e4ytt\u00f6mukavuutta ja istuvuutta. Naisten mallin <strong data-start=\"568\" data-end=\"605\">slim-fit leikkaus ja raglan-hihat<\/strong> tekev\u00e4t takista hyvin istuvan ja urheilullisen.<\/p>\n<p data-start=\"655\" data-end=\"787\">Tuote on <strong data-start=\"664\" data-end=\"707\">saatavana painettuna tai painamattomana<\/strong>, joten se sopii hyvin <strong data-start=\"730\" data-end=\"786\">yrityksille, seuroille, tapahtumiin ja ty\u00f6vaatteeksi<\/strong>.<\/p>\n<h2 data-section-id=\"14dkvgu\" data-start=\"789\" data-end=\"804\">Ominaisuudet<\/h2>\n<p data-start=\"806\" data-end=\"1114\">\u2022 Naisten slim-fit softshell-takki<br data-start=\"840\" data-end=\"843\" \/>\u2022 2-kerroksinen softshell-rakenne<br data-start=\"876\" data-end=\"879\" \/>\u2022 K\u00e4\u00e4nteinen vetoketju leukasuojalla<br data-start=\"915\" data-end=\"918\" \/>\u2022 L\u00e4mmin mikrofleece-sis\u00e4vuori<br data-start=\"948\" data-end=\"951\" \/>\u2022 Kolme vetoketjullista ulkotaskua<br data-start=\"985\" data-end=\"988\" \/>\u2022 Tarrakiinnitteiset s\u00e4\u00e4dett\u00e4v\u00e4t hihansuut<br data-start=\"1030\" data-end=\"1033\" \/>\u2022 S\u00e4\u00e4dett\u00e4v\u00e4 alahelma kiristysny\u00f6rill\u00e4<br data-start=\"1071\" data-end=\"1074\" \/>\u2022 Raglan-hihat parempaan liikkuvuuteen<\/p>\n<h2 data-section-id=\"1yf6ifa\" data-start=\"1116\" data-end=\"1129\">Materiaali<\/h2>\n<p data-start=\"1131\" data-end=\"1232\"><strong data-start=\"1131\" data-end=\"1141\">Kuori:<\/strong> 92 % polyesteri \/ 8 % elastaani<br data-start=\"1173\" data-end=\"1176\" \/><strong data-start=\"1176\" data-end=\"1186\">Vuori:<\/strong> 100 % eritt\u00e4in l\u00e4mmin mikrofleecepolyesteri<\/p>\n<p data-start=\"1234\" data-end=\"1255\"><strong data-start=\"1234\" data-end=\"1244\">Paino:<\/strong> 300 g\/m\u00b2<\/p>\n<p data-start=\"1257\" data-end=\"1348\">Softshell-materiaali tekee takista <strong data-start=\"1292\" data-end=\"1347\">joustavan, l\u00e4mpim\u00e4n, vedenkest\u00e4v\u00e4n ja tuulenpit\u00e4v\u00e4n<\/strong>.<\/p>\n<p data-start=\"1350\" data-end=\"1373\"><strong data-start=\"1350\" data-end=\"1365\">Vesipilari:<\/strong> 1000 mm<\/p>\n<h2 data-section-id=\"1izbzca\" data-start=\"1375\" data-end=\"1403\">Mahdolliset merkkaustavat<\/h2>\n<p data-start=\"1405\" data-end=\"1469\"><strong data-start=\"1405\" data-end=\"1418\">Painatus:<\/strong> DTF<br data-start=\"1422\" data-end=\"1425\" \/><strong data-start=\"1425\" data-end=\"1440\">Brodeeraus:<\/strong> Saatavilla tarjouspyynn\u00f6ll\u00e4.<\/p>\n<h2 data-section-id=\"wipf49\" data-start=\"1471\" data-end=\"1487\">K\u00e4ytt\u00f6kohteet<\/h2>\n<p data-start=\"1489\" data-end=\"1607\">\u2022 yritys- ja ty\u00f6vaatteet<br data-start=\"1513\" data-end=\"1516\" \/>\u2022 urheiluseurat ja joukkueet<br data-start=\"1544\" data-end=\"1547\" \/>\u2022 ulkoilu ja vapaa-aika<br data-start=\"1570\" data-end=\"1573\" \/>\u2022 tapahtumat ja kampanjavaatteet<\/p>\n<h2 data-section-id=\"m4e5ur\" data-start=\"1609\" data-end=\"1624\">Toimitusaika<\/h2>\n<p data-start=\"1626\" data-end=\"1741\">Arvioitu toimitusaika <strong data-start=\"1648\" data-end=\"1665\">noin 1 viikko<\/strong>.<br data-start=\"1666\" data-end=\"1669\" \/>Toimitusaika voi vaihdella tilausm\u00e4\u00e4r\u00e4n ja mahdollisen merkinn\u00e4n mukaan.<\/p>\n<h2 data-section-id=\"1hryhf7\" data-start=\"1743\" data-end=\"1749\">FAQ<\/h2>\n<p data-start=\"1751\" data-end=\"1895\"><strong data-start=\"1751\" data-end=\"1811\">Voiko Antartida Women softshell-takin tilata painettuna?<\/strong><br data-start=\"1811\" data-end=\"1814\" \/>Kyll\u00e4. Takki voidaan toimittaa <strong data-start=\"1845\" data-end=\"1894\">logolla, tekstill\u00e4 tai grafiikalla painettuna<\/strong>.<\/p>\n<p data-start=\"1897\" data-end=\"2019\"><strong data-start=\"1897\" data-end=\"1940\">Voiko tuotteen tilata ilman painatusta?<\/strong><br data-start=\"1940\" data-end=\"1943\" \/>Kyll\u00e4, Antartida Women softshell-takki on saatavana my\u00f6s <strong data-start=\"2000\" data-end=\"2018\">painamattomana<\/strong>.<\/p>\n<p data-start=\"2021\" data-end=\"2132\"><strong data-start=\"2021\" data-end=\"2059\">Onko takki veden- ja tuulenpit\u00e4v\u00e4?<\/strong><br data-start=\"2059\" data-end=\"2062\" \/>Kyll\u00e4. Takki on <strong data-start=\"2078\" data-end=\"2131\">vedenkest\u00e4v\u00e4 (1000 mm vesipilari) ja tuulenpit\u00e4v\u00e4<\/strong>.<\/p>\n<p data-start=\"2134\" data-end=\"2273\" data-is-last-node=\"\" data-is-only-node=\"\"><strong data-start=\"2134\" data-end=\"2178\">Onko t\u00e4st\u00e4 mallista my\u00f6s miesten versio?<\/strong><br data-start=\"2178\" data-end=\"2181\" \/>Kyll\u00e4. Antartida kuuluu <strong data-start=\"2205\" data-end=\"2223\">Duo-konseptiin<\/strong>, joten siit\u00e4 on saatavana my\u00f6s <strong data-start=\"2255\" data-end=\"2272\">miesten malli<\/strong>.<\/p>\n<p data-v-f0f089fc=\"\"><img decoding=\"async\" class=\"mr-1 grey\" title=\"40\u00ba pesu max\" src=\"https:\/\/static.gorfactory.es\/images\/icons\/20221116171353_Lavar-40-max.png\" alt=\"40\u00ba pesu max\" width=\"40\" height=\"40\" data-v-6089ed0a=\"\" data-v-f0f089fc=\"\" \/><img decoding=\"async\" class=\"mr-1 grey\" title=\"\u00c4l\u00e4 valkaise\" src=\"https:\/\/static.gorfactory.es\/images\/icons\/20220914110315_No%20usar%20blanqueador.png\" alt=\"\u00c4l\u00e4 valkaise\" width=\"40\" height=\"40\" data-v-6089ed0a=\"\" data-v-f0f089fc=\"\" \/><img decoding=\"async\" class=\"mr-1 grey\" title=\"\u00c4l\u00e4 rumpukuivaa\" src=\"https:\/\/static.gorfactory.es\/images\/icons\/20220914110302_No%20secar%20en%20secadora.png\" alt=\"\u00c4l\u00e4 rumpukuivaa\" width=\"40\" height=\"40\" data-v-6089ed0a=\"\" data-v-f0f089fc=\"\" \/><img loading=\"lazy\" decoding=\"async\" class=\"mr-1 grey\" title=\"Silitys alhaisessa l\u00e4mp\u00f6tilassa (max. 110\u00ba)\" src=\"https:\/\/static.gorfactory.es\/images\/icons\/20221117085113_Planchar-110.png\" alt=\"Silitys alhaisessa l\u00e4mp\u00f6tilassa (max. 110\u00ba)\" width=\"40\" height=\"40\" data-v-6089ed0a=\"\" data-v-f0f089fc=\"\" \/><img loading=\"lazy\" decoding=\"async\" class=\"mr-1 grey\" title=\"\u00c4l\u00e4 kuivapesua\" src=\"https:\/\/static.gorfactory.es\/images\/icons\/20220914110151_No%20lavar%20en%20seco.png\" alt=\"\u00c4l\u00e4 kuivapesua\" width=\"40\" height=\"40\" data-v-6089ed0a=\"\" data-v-f0f089fc=\"\" \/><\/p>\n<table id=\"size_chart\" class=\"table table-responsive\" style=\"height: 265px;\" width=\"203\" cellspacing=\"0\" cellpadding=\"0\">\n<tbody>\n<tr>\n<th>Koko<\/th>\n<th><img decoding=\"async\" src=\"https:\/\/wordans-a1a5.kxcdn.com\/images\/wordans2010\/length.png\" alt=\"Length\" \/>\u00a0<label id=\"lengthLabel\">Pituus<\/label><\/th>\n<th><img decoding=\"async\" src=\"https:\/\/wordans-a1a5.kxcdn.com\/images\/wordans2010\/width.png\" alt=\"Width\" \/>\u00a0<label id=\"widthLabel\">Leveys<\/label><\/th>\n<\/tr>\n<tr>\n<td>S<\/td>\n<td>64<\/td>\n<td>48<\/td>\n<\/tr>\n<tr>\n<td>M<\/td>\n<td>66<\/td>\n<td>50<\/td>\n<\/tr>\n<tr>\n<td>L<\/td>\n<td>68<\/td>\n<td>53<\/td>\n<\/tr>\n<tr>\n<td>XL<\/td>\n<td>69<\/td>\n<td>55<\/td>\n<\/tr>\n<tr>\n<td>2XL<\/td>\n<td>70<\/td>\n<td>58<\/td>\n<\/tr>\n<tr>\n<td>3XL<\/td>\n<td>72<\/td>\n<td>60<\/td>\n<\/tr>\n<\/tbody>\n<\/table>\n<p>&nbsp;<\/p>\n","protected":false},"excerpt":{"rendered":"<p>Tuotenumero 500903 Softshell-takki Antartida Women \u2013 naisten slim-fit softshell-takki | Roly24 Antartida Women on naisten slim-fit 2-kerroksinen softshell-takki, joka sopii erinomaisesti ty\u00f6vaatteeksi, yritysvaatteeksi, ulkoiluun sek\u00e4 urheiluseuroille. Takki tarjoaa hyv\u00e4n suojan tuulta ja kevytt\u00e4 sadetta vastaan sek\u00e4 miellytt\u00e4v\u00e4n l\u00e4mm\u00f6n mikrofleecevuoren ansiosta. Takissa on k\u00e4\u00e4nteinen tiivistetty vetoketju leukasuojalla, kolme vetoketjullista taskua sek\u00e4 s\u00e4\u00e4dett\u00e4v\u00e4t hihansuut ja kiristett\u00e4v\u00e4 helma, [&hellip;]<\/p>\n","protected":false},"featured_media":13591,"template":"","meta":{"_acf_changed":false,"om_disable_all_campaigns":false,"_monsterinsights_skip_tracking":false,"_monsterinsights_sitenote_active":false,"_monsterinsights_sitenote_note":"","_monsterinsights_sitenote_category":0},"product_brand":[],"product_cat":[503],"product_tag":[298,616,548,439],"class_list":{"0":"post-13308","1":"product","2":"type-product","3":"status-publish","4":"has-post-thumbnail","6":"product_cat-rolysoftshell","7":"product_tag-painatus","8":"product_tag-softshell","9":"product_tag-takin-painatus","10":"product_tag-takki","11":"product_shipping_class-postipaketti","13":"first","14":"instock","15":"taxable","16":"shipping-taxable","17":"purchasable","18":"product-type-simple"},"acf":[],"aioseo_notices":[],"_links":{"self":[{"href":"https:\/\/www.roly24.com\/index.php\/wp-json\/wp\/v2\/product\/13308","targetHints":{"allow":["GET"]}}],"collection":[{"href":"https:\/\/www.roly24.com\/index.php\/wp-json\/wp\/v2\/product"}],"about":[{"href":"https:\/\/www.roly24.com\/index.php\/wp-json\/wp\/v2\/types\/product"}],"version-history":[{"count":2,"href":"https:\/\/www.roly24.com\/index.php\/wp-json\/wp\/v2\/product\/13308\/revisions"}],"predecessor-version":[{"id":22065,"href":"https:\/\/www.roly24.com\/index.php\/wp-json\/wp\/v2\/product\/13308\/revisions\/22065"}],"wp:featuredmedia":[{"embeddable":true,"href":"https:\/\/www.roly24.com\/index.php\/wp-json\/wp\/v2\/media\/13591"}],"wp:attachment":[{"href":"https:\/\/www.roly24.com\/index.php\/wp-json\/wp\/v2\/media?parent=13308"}],"wp:term":[{"taxonomy":"product_brand","embeddable":true,"href":"https:\/\/www.roly24.com\/index.php\/wp-json\/wp\/v2\/product_brand?post=13308"},{"taxonomy":"product_cat","embeddable":true,"href":"https:\/\/www.roly24.com\/index.php\/wp-json\/wp\/v2\/product_cat?post=13308"},{"taxonomy":"product_tag","embeddable":true,"href":"https:\/\/www.roly24.com\/index.php\/wp-json\/wp\/v2\/product_tag?post=13308"}],"curies":[{"name":"wp","href":"https:\/\/api.w.org\/{rel}","templated":true}]}}