{"id":13253,"date":"2025-01-13T13:28:57","date_gmt":"2025-01-13T11:28:57","guid":{"rendered":"https:\/\/www.roly24.com\/?post_type=product&#038;p=13253"},"modified":"2026-03-14T16:18:24","modified_gmt":"2026-03-14T14:18:24","slug":"takki-alaska","status":"publish","type":"product","link":"https:\/\/www.roly24.com\/index.php\/tuote\/takki-alaska\/","title":{"rendered":"Kest\u00e4v\u00e4 ripstop-kangas parka Takki ALASKA painettuna tai painamattomana"},"content":{"rendered":"<p><strong>Tuotenumero 500609<\/strong><\/p>\n<h2 data-section-id=\"3guo7p\" data-start=\"0\" data-end=\"69\">Takki Alaska \u2013 kest\u00e4v\u00e4 ripstop-parka painettuna tai painamattomana<\/h2>\n<p data-start=\"71\" data-end=\"502\"><strong data-start=\"71\" data-end=\"87\">Alaska takki<\/strong> on eritt\u00e4in kest\u00e4v\u00e4 <strong data-start=\"108\" data-end=\"132\">ripstop-kangas parka<\/strong>, joka on suunniteltu vaativiin olosuhteisiin. Takki sopii erinomaisesti <strong data-start=\"205\" data-end=\"309\">ty\u00f6vaatteisiin, yritysvaatteisiin, ulkoiluun, tapahtumiin, promootiotuotteisiin sek\u00e4 j\u00e4lleenmyyntiin<\/strong>. Tuotteet myyd\u00e4\u00e4n <strong data-start=\"328\" data-end=\"368\">sek\u00e4 painettuina ett\u00e4 painamattomina<\/strong>, joten takit voidaan toimittaa valmiiksi painettuina logolla, tekstill\u00e4 tai ilman painatusta omaa k\u00e4ytt\u00f6\u00e4 tai jatkomerkkausta varten.<\/p>\n<p data-start=\"504\" data-end=\"788\">Takissa on <strong data-start=\"515\" data-end=\"567\">etuvetoketju leukasuojalla sek\u00e4 taitettava huppu<\/strong>, jotka tarjoavat hyv\u00e4n suojan kylm\u00e4\u00e4 ja tuulta vastaan. <strong data-start=\"624\" data-end=\"642\">Ripstop-kangas<\/strong> tekee takista erityisen kest\u00e4v\u00e4n aktiiviseen k\u00e4ytt\u00f6\u00f6n. <strong data-start=\"698\" data-end=\"748\">Sis\u00e4hihansuissa peukaloleikatut yksityiskohdat<\/strong> lis\u00e4\u00e4v\u00e4t mukavuutta ja suojaa kylm\u00e4lt\u00e4.<\/p>\n<p data-start=\"790\" data-end=\"1059\">Takissa on runsaasti s\u00e4ilytystilaa: <strong data-start=\"826\" data-end=\"861\">kolme vetoketjullista etutaskua<\/strong> (yksi rinnassa ja kaksi sivuilla) sek\u00e4 <strong data-start=\"901\" data-end=\"941\">kaksi sis\u00e4taskua tarrakiinnityksell\u00e4<\/strong>. <strong data-start=\"943\" data-end=\"988\">S\u00e4\u00e4dett\u00e4v\u00e4t hihansuut tarrakiinnityksell\u00e4<\/strong> sek\u00e4 <strong data-start=\"994\" data-end=\"1026\">s\u00e4\u00e4timet hupussa ja helmassa<\/strong> mahdollistavat hyv\u00e4n istuvuuden.<\/p>\n<h3 data-section-id=\"rog7al\" data-start=\"1061\" data-end=\"1077\">Ominaisuudet<\/h3>\n<p data-start=\"1078\" data-end=\"1449\">Kest\u00e4v\u00e4 parkatakki \u2022 <strong data-start=\"1099\" data-end=\"1117\">Ripstop-kangas<\/strong> \u2022 <strong data-start=\"1120\" data-end=\"1150\">Etuvetoketju leukasuojalla<\/strong> \u2022 <strong data-start=\"1153\" data-end=\"1173\">Taitettava huppu<\/strong> \u2022 <strong data-start=\"1176\" data-end=\"1208\">Peukaloaukot sis\u00e4hihansuissa<\/strong> \u2022 <strong data-start=\"1211\" data-end=\"1246\">Kolme vetoketjullista etutaskua<\/strong> \u2022 <strong data-start=\"1249\" data-end=\"1289\">Kaksi sis\u00e4taskua tarrakiinnityksell\u00e4<\/strong> \u2022 <strong data-start=\"1292\" data-end=\"1337\">S\u00e4\u00e4dett\u00e4v\u00e4t hihansuut tarrakiinnityksell\u00e4<\/strong> \u2022 <strong data-start=\"1340\" data-end=\"1369\">S\u00e4\u00e4dett\u00e4v\u00e4 huppu ja helma<\/strong> \u2022 <strong data-start=\"1372\" data-end=\"1403\">Vedenpit\u00e4v\u00e4 ja tuulenpit\u00e4v\u00e4<\/strong> \u2022 <strong data-start=\"1406\" data-end=\"1449\">Saatavana painettuna tai painamattomana<\/strong><\/p>\n<h3 data-section-id=\"dpzujp\" data-start=\"1451\" data-end=\"1465\">Materiaali<\/h3>\n<p data-start=\"1466\" data-end=\"1543\">Kuori: <strong data-start=\"1473\" data-end=\"1513\">100 % polyesteri (quadrille ripstop)<\/strong><br data-start=\"1513\" data-end=\"1516\" \/>Vuori: <strong data-start=\"1523\" data-end=\"1543\">100 % polyesteri<\/strong><\/p>\n<p data-start=\"1545\" data-end=\"1564\">Paino: <strong data-start=\"1552\" data-end=\"1564\">300 g\/m\u00b2<\/strong><\/p>\n<h3 data-section-id=\"q08wlc\" data-start=\"1566\" data-end=\"1582\">Toimitusaika<\/h3>\n<p data-start=\"1583\" data-end=\"1700\"><strong data-start=\"1583\" data-end=\"1623\">Arvioitu toimitusaika noin 1 viikko.<\/strong><br data-start=\"1623\" data-end=\"1626\" \/>Toimitusaika voi vaihdella tilausm\u00e4\u00e4r\u00e4n ja mahdollisen painatuksen mukaan.<\/p>\n<h3 data-section-id=\"19f8ccq\" data-start=\"1702\" data-end=\"1719\">K\u00e4ytt\u00f6kohteet<\/h3>\n<p data-start=\"1720\" data-end=\"1906\">Sopii hyvin esimerkiksi:<br data-start=\"1744\" data-end=\"1747\" \/>ty\u00f6vaatteisiin \u2022 yritysvaatteisiin \u2022 ulkoiluun \u2022 vapaa-aikaan \u2022 tapahtumiin \u2022 promootiotuotteisiin \u2022 br\u00e4ndituotteisiin \u2022 verkkokauppamyyntiin \u2022 j\u00e4lleenmyyntiin<\/p>\n<h3 data-section-id=\"6b1txa\" data-start=\"1908\" data-end=\"1950\">Tuotteet painettuna tai painamattomana<\/h3>\n<p data-start=\"1951\" data-end=\"2099\">Voit tilata <strong data-start=\"1963\" data-end=\"1994\">Alaska takit painamattomina<\/strong> omaa painotuotantoa varten tai <strong data-start=\"2026\" data-end=\"2051\">valmiiksi painettuina<\/strong> esimerkiksi logolla, tekstill\u00e4 tai grafiikalla.<\/p>\n<p data-start=\"2101\" data-end=\"2193\">Merkkaustavat:<br data-start=\"2127\" data-end=\"2130\" \/><strong data-start=\"2130\" data-end=\"2193\">DTF-painatus<\/strong><\/p>\n<h3 data-section-id=\"gwkuul\" data-start=\"2195\" data-end=\"2227\">Suuret er\u00e4t ja j\u00e4lleenmyyj\u00e4t<\/h3>\n<p data-start=\"2228\" data-end=\"2454\">Toimitamme <strong data-start=\"2239\" data-end=\"2273\">suuremmat er\u00e4t tarjouspohjalta<\/strong> esimerkiksi j\u00e4lleenmyyjille, yrityksille, yhdistyksille, urheiluseuroille ja tapahtumaj\u00e4rjest\u00e4jille. Tuotteet voidaan toimittaa <strong data-start=\"2402\" data-end=\"2436\">painettuina tai painamattomina<\/strong> tilauksen mukaan.<\/p>\n<p data-start=\"2456\" data-end=\"2496\">\ud83d\udce9 <strong data-start=\"2459\" data-end=\"2496\">Pyyd\u00e4 tarjous suuremmista erist\u00e4.<\/strong><\/p>\n<h3 data-section-id=\"181otkz\" data-start=\"2498\" data-end=\"2532\">FAQ \u2013 Usein kysytyt kysymykset<\/h3>\n<p data-start=\"2534\" data-end=\"2665\"><strong data-start=\"2534\" data-end=\"2575\">Voiko Alaska takin tilata painettuna?<\/strong><br data-start=\"2575\" data-end=\"2578\" \/>Kyll\u00e4. Takit voidaan toimittaa <strong data-start=\"2609\" data-end=\"2664\">valmiiksi painettuina logolla tai omalla designilla<\/strong>.<\/p>\n<p data-start=\"2667\" data-end=\"2775\"><strong data-start=\"2667\" data-end=\"2707\">Voiko takin tilata ilman painatusta?<\/strong><br data-start=\"2707\" data-end=\"2710\" \/>Kyll\u00e4. Tuotteet myyd\u00e4\u00e4n <strong data-start=\"2734\" data-end=\"2774\">sek\u00e4 painettuina ett\u00e4 painamattomina<\/strong>.<\/p>\n<p data-start=\"2777\" data-end=\"2901\"><strong data-start=\"2777\" data-end=\"2815\">Onko takki veden- ja tuulenpit\u00e4v\u00e4?<\/strong><br data-start=\"2815\" data-end=\"2818\" \/>Kyll\u00e4. Takki on <strong data-start=\"2834\" data-end=\"2865\">vedenpit\u00e4v\u00e4 ja tuulenpit\u00e4v\u00e4<\/strong>, joten se sopii hyvin ulkok\u00e4ytt\u00f6\u00f6n.<\/p>\n<p data-start=\"2903\" data-end=\"3037\"><strong data-start=\"2903\" data-end=\"2930\">Mik\u00e4 on ripstop-kangas?<\/strong><br data-start=\"2930\" data-end=\"2933\" \/>Ripstop on <strong data-start=\"2944\" data-end=\"2971\">eritt\u00e4in kest\u00e4v\u00e4 kangas<\/strong>, joka est\u00e4\u00e4 repe\u00e4mien levi\u00e4mist\u00e4 ja parantaa vaatteen k\u00e4ytt\u00f6ik\u00e4\u00e4.<\/p>\n<p data-start=\"3039\" data-end=\"3174\"><strong data-start=\"3039\" data-end=\"3072\">Kuinka pitk\u00e4 toimitusaika on?<\/strong><br data-start=\"3072\" data-end=\"3075\" \/>Arvioitu toimitusaika on <strong data-start=\"3100\" data-end=\"3117\">noin 1 viikko<\/strong>, riippuen tilausm\u00e4\u00e4r\u00e4st\u00e4 ja mahdollisesta painatuksesta.<\/p>\n<p><img decoding=\"async\" class=\"mr-1 grey\" title=\"30\u00ba pesu max.\" src=\"https:\/\/static.gorfactory.es\/images\/icons\/20220914110209_Lavar%20a%2030%C2%BA%20m%C3%A1ximo.png\" alt=\"30\u00ba pesu max.\" width=\"40\" height=\"40\" data-v-6089ed0a=\"\" data-v-f0f089fc=\"\" \/><img decoding=\"async\" class=\"mr-1 grey\" title=\"\u00c4l\u00e4 valkaise\" src=\"https:\/\/static.gorfactory.es\/images\/icons\/20220914110315_No%20usar%20blanqueador.png\" alt=\"\u00c4l\u00e4 valkaise\" width=\"40\" height=\"40\" data-v-6089ed0a=\"\" data-v-f0f089fc=\"\" \/><img decoding=\"async\" class=\"mr-1 grey\" title=\"\u00c4l\u00e4 rumpukuivaa\" src=\"https:\/\/static.gorfactory.es\/images\/icons\/20220914110302_No%20secar%20en%20secadora.png\" alt=\"\u00c4l\u00e4 rumpukuivaa\" width=\"40\" height=\"40\" data-v-6089ed0a=\"\" data-v-f0f089fc=\"\" \/><img loading=\"lazy\" decoding=\"async\" class=\"mr-1 grey\" title=\"\u00c4l\u00e4 silit\u00e4\" src=\"https:\/\/static.gorfactory.es\/images\/icons\/20220914110249_No%20planchar.png\" alt=\"\u00c4l\u00e4 silit\u00e4\" width=\"40\" height=\"40\" data-v-6089ed0a=\"\" data-v-f0f089fc=\"\" \/><img loading=\"lazy\" decoding=\"async\" class=\"mr-1 grey\" title=\"\u00c4l\u00e4 kuivapesua\" src=\"https:\/\/static.gorfactory.es\/images\/icons\/20220914110151_No%20lavar%20en%20seco.png\" alt=\"\u00c4l\u00e4 kuivapesua\" width=\"40\" height=\"40\" data-v-6089ed0a=\"\" data-v-f0f089fc=\"\" \/><\/p>\n<p>&nbsp;<\/p>\n<table id=\"size_chart\" class=\"table table-responsive\" style=\"height: 265px;\" width=\"203\" cellspacing=\"0\" cellpadding=\"0\">\n<tbody>\n<tr>\n<th>Koko<\/th>\n<th><img decoding=\"async\" src=\"https:\/\/wordans-a1a5.kxcdn.com\/images\/wordans2010\/length.png\" alt=\"Length\" \/>\u00a0<label id=\"lengthLabel\">Pituus<\/label><\/th>\n<th><img decoding=\"async\" src=\"https:\/\/wordans-a1a5.kxcdn.com\/images\/wordans2010\/width.png\" alt=\"Width\" \/>\u00a0<label id=\"widthLabel\">Leveys<\/label><\/th>\n<\/tr>\n<tr>\n<td>S<\/td>\n<td>70<\/td>\n<td>53<\/td>\n<\/tr>\n<tr>\n<td>M<\/td>\n<td>72<\/td>\n<td>56<\/td>\n<\/tr>\n<tr>\n<td>L<\/td>\n<td>74<\/td>\n<td>59<\/td>\n<\/tr>\n<tr>\n<td>XL<\/td>\n<td>76<\/td>\n<td>63<\/td>\n<\/tr>\n<tr>\n<td>2XL<\/td>\n<td>77<\/td>\n<td>67<\/td>\n<\/tr>\n<tr>\n<td>3XL<\/td>\n<td>78<\/td>\n<td>71<\/td>\n<\/tr>\n<\/tbody>\n<\/table>\n<p>&nbsp;<\/p>\n","protected":false},"excerpt":{"rendered":"<p>Tuotenumero 500609 Takki Alaska \u2013 kest\u00e4v\u00e4 ripstop-parka painettuna tai painamattomana Alaska takki on eritt\u00e4in kest\u00e4v\u00e4 ripstop-kangas parka, joka on suunniteltu vaativiin olosuhteisiin. Takki sopii erinomaisesti ty\u00f6vaatteisiin, yritysvaatteisiin, ulkoiluun, tapahtumiin, promootiotuotteisiin sek\u00e4 j\u00e4lleenmyyntiin. Tuotteet myyd\u00e4\u00e4n sek\u00e4 painettuina ett\u00e4 painamattomina, joten takit voidaan toimittaa valmiiksi painettuina logolla, tekstill\u00e4 tai ilman painatusta omaa k\u00e4ytt\u00f6\u00e4 tai jatkomerkkausta varten. Takissa [&hellip;]<\/p>\n","protected":false},"featured_media":13565,"template":"","meta":{"_acf_changed":false,"om_disable_all_campaigns":false,"_monsterinsights_skip_tracking":false,"_monsterinsights_sitenote_active":false,"_monsterinsights_sitenote_note":"","_monsterinsights_sitenote_category":0},"product_brand":[],"product_cat":[500],"product_tag":[298,548,439],"class_list":{"0":"post-13253","1":"product","2":"type-product","3":"status-publish","4":"has-post-thumbnail","6":"product_cat-ulkotakit","7":"product_tag-painatus","8":"product_tag-takin-painatus","9":"product_tag-takki","10":"product_shipping_class-postipaketti","12":"first","13":"instock","14":"taxable","15":"shipping-taxable","16":"purchasable","17":"product-type-simple"},"acf":[],"aioseo_notices":[],"_links":{"self":[{"href":"https:\/\/www.roly24.com\/index.php\/wp-json\/wp\/v2\/product\/13253","targetHints":{"allow":["GET"]}}],"collection":[{"href":"https:\/\/www.roly24.com\/index.php\/wp-json\/wp\/v2\/product"}],"about":[{"href":"https:\/\/www.roly24.com\/index.php\/wp-json\/wp\/v2\/types\/product"}],"version-history":[{"count":4,"href":"https:\/\/www.roly24.com\/index.php\/wp-json\/wp\/v2\/product\/13253\/revisions"}],"predecessor-version":[{"id":22053,"href":"https:\/\/www.roly24.com\/index.php\/wp-json\/wp\/v2\/product\/13253\/revisions\/22053"}],"wp:featuredmedia":[{"embeddable":true,"href":"https:\/\/www.roly24.com\/index.php\/wp-json\/wp\/v2\/media\/13565"}],"wp:attachment":[{"href":"https:\/\/www.roly24.com\/index.php\/wp-json\/wp\/v2\/media?parent=13253"}],"wp:term":[{"taxonomy":"product_brand","embeddable":true,"href":"https:\/\/www.roly24.com\/index.php\/wp-json\/wp\/v2\/product_brand?post=13253"},{"taxonomy":"product_cat","embeddable":true,"href":"https:\/\/www.roly24.com\/index.php\/wp-json\/wp\/v2\/product_cat?post=13253"},{"taxonomy":"product_tag","embeddable":true,"href":"https:\/\/www.roly24.com\/index.php\/wp-json\/wp\/v2\/product_tag?post=13253"}],"curies":[{"name":"wp","href":"https:\/\/api.w.org\/{rel}","templated":true}]}}