{"id":13165,"date":"2025-01-13T10:24:55","date_gmt":"2025-01-13T08:24:55","guid":{"rendered":"https:\/\/www.roly24.com\/?post_type=product&#038;p=13165"},"modified":"2026-03-14T16:15:24","modified_gmt":"2026-03-14T14:15:24","slug":"takki-makalu","status":"publish","type":"product","link":"https:\/\/www.roly24.com\/index.php\/tuote\/takki-makalu\/","title":{"rendered":"Vedenpit\u00e4v\u00e4 takki microfleece-vuorella MAKALU painettuna tai painamattomana"},"content":{"rendered":"<p><strong>Tuotenumero 500616<\/strong><\/p>\n<h2 data-section-id=\"13w2p7d\" data-start=\"0\" data-end=\"71\">Takki Makalu \u2013 kevyt vedenpit\u00e4v\u00e4 takki painettuna tai painamattomana<\/h2>\n<p data-start=\"73\" data-end=\"553\"><strong data-start=\"73\" data-end=\"89\">Makalu takki<\/strong> on kevyt ja k\u00e4yt\u00e4nn\u00f6llinen <strong data-start=\"117\" data-end=\"163\">vedenpit\u00e4v\u00e4 ulkotakki microfleece-vuorella<\/strong>, joka tarjoaa mukavuutta ja suojaa vaihtelevissa s\u00e4\u00e4olosuhteissa. Takki sopii erinomaisesti <strong data-start=\"256\" data-end=\"360\">yritysvaatteisiin, ty\u00f6vaatteisiin, ulkoiluun, tapahtumiin, promootiotuotteisiin sek\u00e4 j\u00e4lleenmyyntiin<\/strong>. Tuotteet myyd\u00e4\u00e4n <strong data-start=\"379\" data-end=\"419\">sek\u00e4 painettuina ett\u00e4 painamattomina<\/strong>, joten takit voidaan toimittaa valmiiksi painettuina logolla, tekstill\u00e4 tai ilman painatusta omaa k\u00e4ytt\u00f6\u00e4 tai jatkomerkkausta varten.<\/p>\n<p data-start=\"555\" data-end=\"805\">Takissa on <strong data-start=\"566\" data-end=\"616\">korkea kaulus sek\u00e4 taitettava huppu s\u00e4\u00e4timill\u00e4<\/strong>, jotka suojaavat tuulelta ja sateelta. <strong data-start=\"656\" data-end=\"677\">Microfleece-vuori<\/strong> lis\u00e4\u00e4 l\u00e4mp\u00f6\u00e4 ja k\u00e4ytt\u00f6mukavuutta viileiss\u00e4 olosuhteissa. <strong data-start=\"735\" data-end=\"769\">Vetoketju edess\u00e4 leukasuojalla<\/strong> tekee takista miellytt\u00e4v\u00e4n k\u00e4ytt\u00e4\u00e4.<\/p>\n<p data-start=\"807\" data-end=\"947\"><strong data-start=\"807\" data-end=\"830\">Joustavat hihansuut<\/strong>, <strong data-start=\"832\" data-end=\"868\">kaksi vetoketjullista sivutaskua<\/strong> sek\u00e4 <strong data-start=\"874\" data-end=\"897\">sis\u00e4inen rintatasku<\/strong> lis\u00e4\u00e4v\u00e4t k\u00e4yt\u00e4nn\u00f6llisyytt\u00e4 arjessa ja ulkoilussa.<\/p>\n<h3 data-section-id=\"rog7al\" data-start=\"949\" data-end=\"965\">Ominaisuudet<\/h3>\n<p data-start=\"966\" data-end=\"1273\">Kevyt ulkotakki \u2022 <strong data-start=\"984\" data-end=\"1021\">Vedenpit\u00e4v\u00e4 ja tuulenpit\u00e4v\u00e4 malli<\/strong> \u2022 <strong data-start=\"1024\" data-end=\"1041\">Korkea kaulus<\/strong> \u2022 <strong data-start=\"1044\" data-end=\"1075\">Taitettava huppu s\u00e4\u00e4timill\u00e4<\/strong> \u2022 <strong data-start=\"1078\" data-end=\"1112\">Microfleece-vuori lis\u00e4l\u00e4mm\u00f6lle<\/strong> \u2022 <strong data-start=\"1115\" data-end=\"1142\">Vetoketju leukasuojalla<\/strong> \u2022 <strong data-start=\"1145\" data-end=\"1168\">Joustavat hihansuut<\/strong> \u2022 <strong data-start=\"1171\" data-end=\"1201\">Vetoketjulliset sivutaskut<\/strong> \u2022 <strong data-start=\"1204\" data-end=\"1227\">Sis\u00e4inen rintatasku<\/strong> \u2022 <strong data-start=\"1230\" data-end=\"1273\">Saatavana painettuna tai painamattomana<\/strong><\/p>\n<h3 data-section-id=\"dpzujp\" data-start=\"1275\" data-end=\"1289\">Materiaali<\/h3>\n<p data-start=\"1290\" data-end=\"1396\">Kuori: <strong data-start=\"1297\" data-end=\"1317\">100 % polyesteri<\/strong><br data-start=\"1317\" data-end=\"1320\" \/>Pehmuste: <strong data-start=\"1330\" data-end=\"1350\">100 % polyesteri<\/strong><br data-start=\"1350\" data-end=\"1353\" \/>Vuori: <strong data-start=\"1360\" data-end=\"1394\">100 % polyesteri (microfleece)<\/strong><\/p>\n<p data-start=\"1398\" data-end=\"1417\">Paino: <strong data-start=\"1405\" data-end=\"1417\">330 g\/m\u00b2<\/strong><\/p>\n<h3 data-section-id=\"q08wlc\" data-start=\"1419\" data-end=\"1435\">Toimitusaika<\/h3>\n<p data-start=\"1436\" data-end=\"1553\"><strong data-start=\"1436\" data-end=\"1476\">Arvioitu toimitusaika noin 1 viikko.<\/strong><br data-start=\"1476\" data-end=\"1479\" \/>Toimitusaika voi vaihdella tilausm\u00e4\u00e4r\u00e4n ja mahdollisen painatuksen mukaan.<\/p>\n<h3 data-section-id=\"19f8ccq\" data-start=\"1555\" data-end=\"1572\">K\u00e4ytt\u00f6kohteet<\/h3>\n<p data-start=\"1573\" data-end=\"1759\">Sopii hyvin esimerkiksi:<br data-start=\"1597\" data-end=\"1600\" \/>yritysvaatteisiin \u2022 ty\u00f6vaatteisiin \u2022 ulkoiluun \u2022 vapaa-aikaan \u2022 tapahtumiin \u2022 promootiotuotteisiin \u2022 br\u00e4ndituotteisiin \u2022 verkkokauppamyyntiin \u2022 j\u00e4lleenmyyntiin<\/p>\n<h3 data-section-id=\"6b1txa\" data-start=\"1761\" data-end=\"1803\">Tuotteet painettuna tai painamattomana<\/h3>\n<p data-start=\"1804\" data-end=\"1952\">Voit tilata <strong data-start=\"1816\" data-end=\"1847\">Makalu takit painamattomina<\/strong> omaa painotuotantoa varten tai <strong data-start=\"1879\" data-end=\"1904\">valmiiksi painettuina<\/strong> esimerkiksi logolla, tekstill\u00e4 tai grafiikalla.<\/p>\n<p data-start=\"1954\" data-end=\"2029\">Mahdolliset merkkaustavat:<br data-start=\"1980\" data-end=\"1983\" \/><strong data-start=\"1983\" data-end=\"2029\">DTF-painatus \u2022 siirtopainatus \u2022 brodeeraus<\/strong><\/p>\n<h3 data-section-id=\"gwkuul\" data-start=\"2031\" data-end=\"2063\">Suuret er\u00e4t ja j\u00e4lleenmyyj\u00e4t<\/h3>\n<p data-start=\"2064\" data-end=\"2290\">Toimitamme <strong data-start=\"2075\" data-end=\"2109\">suuremmat er\u00e4t tarjouspohjalta<\/strong> esimerkiksi j\u00e4lleenmyyjille, yrityksille, yhdistyksille, urheiluseuroille ja tapahtumaj\u00e4rjest\u00e4jille. Tuotteet voidaan toimittaa <strong data-start=\"2238\" data-end=\"2272\">painettuina tai painamattomina<\/strong> tilauksen mukaan.<\/p>\n<p data-start=\"2292\" data-end=\"2332\">\ud83d\udce9 <strong data-start=\"2295\" data-end=\"2332\">Pyyd\u00e4 tarjous suuremmista erist\u00e4.<\/strong><\/p>\n<h3 data-section-id=\"181otkz\" data-start=\"2334\" data-end=\"2368\">FAQ \u2013 Usein kysytyt kysymykset<\/h3>\n<p data-start=\"2370\" data-end=\"2501\"><strong data-start=\"2370\" data-end=\"2411\">Voiko Makalu takin tilata painettuna?<\/strong><br data-start=\"2411\" data-end=\"2414\" \/>Kyll\u00e4. Takit voidaan toimittaa <strong data-start=\"2445\" data-end=\"2500\">valmiiksi painettuina logolla tai omalla designilla<\/strong>.<\/p>\n<p data-start=\"2503\" data-end=\"2611\"><strong data-start=\"2503\" data-end=\"2543\">Voiko takin tilata ilman painatusta?<\/strong><br data-start=\"2543\" data-end=\"2546\" \/>Kyll\u00e4. Tuotteet myyd\u00e4\u00e4n <strong data-start=\"2570\" data-end=\"2610\">sek\u00e4 painettuina ett\u00e4 painamattomina<\/strong>.<\/p>\n<p data-start=\"2613\" data-end=\"2737\"><strong data-start=\"2613\" data-end=\"2651\">Onko takki veden- ja tuulenpit\u00e4v\u00e4?<\/strong><br data-start=\"2651\" data-end=\"2654\" \/>Kyll\u00e4. Takki on <strong data-start=\"2670\" data-end=\"2701\">vedenpit\u00e4v\u00e4 ja tuulenpit\u00e4v\u00e4<\/strong>, joten se sopii hyvin ulkok\u00e4ytt\u00f6\u00f6n.<\/p>\n<p data-start=\"2739\" data-end=\"2851\"><strong data-start=\"2739\" data-end=\"2769\">Onko takissa l\u00e4mmin vuori?<\/strong><br data-start=\"2769\" data-end=\"2772\" \/>Kyll\u00e4. Takissa on <strong data-start=\"2790\" data-end=\"2811\">microfleece-vuori<\/strong>, joka lis\u00e4\u00e4 l\u00e4mp\u00f6\u00e4 ja k\u00e4ytt\u00f6mukavuutta.<\/p>\n<p data-start=\"2853\" data-end=\"2988\"><strong data-start=\"2853\" data-end=\"2886\">Kuinka pitk\u00e4 toimitusaika on?<\/strong><br data-start=\"2886\" data-end=\"2889\" \/>Arvioitu toimitusaika on <strong data-start=\"2914\" data-end=\"2931\">noin 1 viikko<\/strong>, riippuen tilausm\u00e4\u00e4r\u00e4st\u00e4 ja mahdollisesta painatuksesta.<\/p>\n<p data-v-f0f089fc=\"\"><img decoding=\"async\" class=\"mr-1 grey\" title=\"30\u00ba pesu max.\" src=\"https:\/\/static.gorfactory.es\/images\/icons\/20220914110209_Lavar%20a%2030%C2%BA%20m%C3%A1ximo.png\" alt=\"30\u00ba pesu max.\" width=\"40\" height=\"40\" data-v-6089ed0a=\"\" data-v-f0f089fc=\"\" \/><img decoding=\"async\" class=\"mr-1 grey\" title=\"\u00c4l\u00e4 valkaise\" src=\"https:\/\/static.gorfactory.es\/images\/icons\/20220914110315_No%20usar%20blanqueador.png\" alt=\"\u00c4l\u00e4 valkaise\" width=\"40\" height=\"40\" data-v-6089ed0a=\"\" data-v-f0f089fc=\"\" \/><img decoding=\"async\" class=\"mr-1 grey\" title=\"\u00c4l\u00e4 rumpukuivaa\" src=\"https:\/\/static.gorfactory.es\/images\/icons\/20220914110302_No%20secar%20en%20secadora.png\" alt=\"\u00c4l\u00e4 rumpukuivaa\" width=\"40\" height=\"40\" data-v-6089ed0a=\"\" data-v-f0f089fc=\"\" \/><img loading=\"lazy\" decoding=\"async\" class=\"mr-1 grey\" title=\"\u00c4l\u00e4 silit\u00e4\" src=\"https:\/\/static.gorfactory.es\/images\/icons\/20220914110249_No%20planchar.png\" alt=\"\u00c4l\u00e4 silit\u00e4\" width=\"40\" height=\"40\" data-v-6089ed0a=\"\" data-v-f0f089fc=\"\" \/><img loading=\"lazy\" decoding=\"async\" class=\"mr-1 grey\" title=\"\u00c4l\u00e4 kuivapesua\" src=\"https:\/\/static.gorfactory.es\/images\/icons\/20220914110151_No%20lavar%20en%20seco.png\" alt=\"\u00c4l\u00e4 kuivapesua\" width=\"40\" height=\"40\" data-v-6089ed0a=\"\" data-v-f0f089fc=\"\" \/><\/p>\n<p>&nbsp;<\/p>\n<table id=\"size_chart\" class=\"table table-responsive\" style=\"height: 265px;\" width=\"203\" cellspacing=\"0\" cellpadding=\"0\">\n<tbody>\n<tr>\n<th>Koko<\/th>\n<th><img decoding=\"async\" src=\"https:\/\/wordans-a1a5.kxcdn.com\/images\/wordans2010\/length.png\" alt=\"Length\" \/>\u00a0<label id=\"lengthLabel\">Pituus<\/label><\/th>\n<th><img decoding=\"async\" src=\"https:\/\/wordans-a1a5.kxcdn.com\/images\/wordans2010\/width.png\" alt=\"Width\" \/>\u00a0<label id=\"widthLabel\">Leveys<\/label><\/th>\n<\/tr>\n<tr>\n<td>S<\/td>\n<td>71<\/td>\n<td>60<\/td>\n<\/tr>\n<tr>\n<td>M<\/td>\n<td>72<\/td>\n<td>62<\/td>\n<\/tr>\n<tr>\n<td>L<\/td>\n<td>73<\/td>\n<td>65<\/td>\n<\/tr>\n<tr>\n<td>XL<\/td>\n<td>74<\/td>\n<td>67<\/td>\n<\/tr>\n<tr>\n<td>2XL<\/td>\n<td>75<\/td>\n<td>70<\/td>\n<\/tr>\n<tr>\n<td>3XL<\/td>\n<td>76<\/td>\n<td>73<\/td>\n<\/tr>\n<\/tbody>\n<\/table>\n<p>&nbsp;<\/p>\n","protected":false},"excerpt":{"rendered":"<p>Tuotenumero 500616 Takki Makalu \u2013 kevyt vedenpit\u00e4v\u00e4 takki painettuna tai painamattomana Makalu takki on kevyt ja k\u00e4yt\u00e4nn\u00f6llinen vedenpit\u00e4v\u00e4 ulkotakki microfleece-vuorella, joka tarjoaa mukavuutta ja suojaa vaihtelevissa s\u00e4\u00e4olosuhteissa. Takki sopii erinomaisesti yritysvaatteisiin, ty\u00f6vaatteisiin, ulkoiluun, tapahtumiin, promootiotuotteisiin sek\u00e4 j\u00e4lleenmyyntiin. Tuotteet myyd\u00e4\u00e4n sek\u00e4 painettuina ett\u00e4 painamattomina, joten takit voidaan toimittaa valmiiksi painettuina logolla, tekstill\u00e4 tai ilman painatusta omaa [&hellip;]<\/p>\n","protected":false},"featured_media":13572,"template":"","meta":{"_acf_changed":false,"om_disable_all_campaigns":false,"_monsterinsights_skip_tracking":false,"_monsterinsights_sitenote_active":false,"_monsterinsights_sitenote_note":"","_monsterinsights_sitenote_category":0},"product_brand":[],"product_cat":[500],"product_tag":[298,548,439],"class_list":{"0":"post-13165","1":"product","2":"type-product","3":"status-publish","4":"has-post-thumbnail","6":"product_cat-ulkotakit","7":"product_tag-painatus","8":"product_tag-takin-painatus","9":"product_tag-takki","10":"product_shipping_class-postipaketti","12":"first","13":"instock","14":"taxable","15":"shipping-taxable","16":"purchasable","17":"product-type-simple"},"acf":[],"aioseo_notices":[],"_links":{"self":[{"href":"https:\/\/www.roly24.com\/index.php\/wp-json\/wp\/v2\/product\/13165","targetHints":{"allow":["GET"]}}],"collection":[{"href":"https:\/\/www.roly24.com\/index.php\/wp-json\/wp\/v2\/product"}],"about":[{"href":"https:\/\/www.roly24.com\/index.php\/wp-json\/wp\/v2\/types\/product"}],"version-history":[{"count":3,"href":"https:\/\/www.roly24.com\/index.php\/wp-json\/wp\/v2\/product\/13165\/revisions"}],"predecessor-version":[{"id":22051,"href":"https:\/\/www.roly24.com\/index.php\/wp-json\/wp\/v2\/product\/13165\/revisions\/22051"}],"wp:featuredmedia":[{"embeddable":true,"href":"https:\/\/www.roly24.com\/index.php\/wp-json\/wp\/v2\/media\/13572"}],"wp:attachment":[{"href":"https:\/\/www.roly24.com\/index.php\/wp-json\/wp\/v2\/media?parent=13165"}],"wp:term":[{"taxonomy":"product_brand","embeddable":true,"href":"https:\/\/www.roly24.com\/index.php\/wp-json\/wp\/v2\/product_brand?post=13165"},{"taxonomy":"product_cat","embeddable":true,"href":"https:\/\/www.roly24.com\/index.php\/wp-json\/wp\/v2\/product_cat?post=13165"},{"taxonomy":"product_tag","embeddable":true,"href":"https:\/\/www.roly24.com\/index.php\/wp-json\/wp\/v2\/product_tag?post=13165"}],"curies":[{"name":"wp","href":"https:\/\/api.w.org\/{rel}","templated":true}]}}