{"id":12331,"date":"2024-08-15T09:59:22","date_gmt":"2024-08-15T07:59:22","guid":{"rendered":"https:\/\/www.roly24.com\/?post_type=product&#038;p=12331"},"modified":"2026-03-13T08:39:16","modified_gmt":"2026-03-13T06:39:16","slug":"miesten-esiliina-benoitkappalehinta-alkaen","status":"publish","type":"product","link":"https:\/\/www.roly24.com\/index.php\/tuote\/miesten-esiliina-benoitkappalehinta-alkaen\/","title":{"rendered":"Esiliina Benoit"},"content":{"rendered":"<p><strong>Tuotenumero 400503<\/strong><\/p>\n<h3>Pitk\u00e4 esiliina<\/h3>\n<p>\u2022 Twill-kangasta.<br \/>\n\u2022 Kaulahihna s\u00e4\u00e4dett\u00e4v\u00e4ll\u00e4 muovisoljella.<br \/>\n\u2022 Sivukiinnitysnauhat.<br \/>\n\u2022 Kaksi etutaskua.<\/p>\n<p>Materiaali: 80% polyesteri \/ 20% puuvilla, 220 g \/ m\u00b2 twill.<br \/>\nTaskun mitat: 40 x 22 cm.<br \/>\nV\u00e4rit: Valkoinen, musta, tumman harmaa,<br \/>\npunainen, graniitti, laivaston sininen,<br \/>\ntumma hiekka.<\/p>\n<p><img decoding=\"async\" class=\"alignnone size-medium wp-image-12332\" src=\"https:\/\/www.roly24.com\/wp-content\/uploads\/2024\/08\/miesten-esiliina-benoit-300x53.jpg\" alt=\"\" width=\"300\" height=\"53\" srcset=\"https:\/\/www.roly24.com\/wp-content\/uploads\/2024\/08\/miesten-esiliina-benoit-300x53.jpg 300w, https:\/\/www.roly24.com\/wp-content\/uploads\/2024\/08\/miesten-esiliina-benoit-600x106.jpg 600w, https:\/\/www.roly24.com\/wp-content\/uploads\/2024\/08\/miesten-esiliina-benoit.jpg 746w\" sizes=\"(max-width: 300px) 100vw, 300px\" \/><\/p>\n<p>&nbsp;<\/p>\n","protected":false},"excerpt":{"rendered":"<p>Tuotenumero 400503 Pitk\u00e4 esiliina \u2022 Twill-kangasta. \u2022 Kaulahihna s\u00e4\u00e4dett\u00e4v\u00e4ll\u00e4 muovisoljella. \u2022 Sivukiinnitysnauhat. \u2022 Kaksi etutaskua. Materiaali: 80% polyesteri \/ 20% puuvilla, 220 g \/ m\u00b2 twill. Taskun mitat: 40 x 22 cm. V\u00e4rit: Valkoinen, musta, tumman harmaa, punainen, graniitti, laivaston sininen, tumma hiekka. &nbsp;<\/p>\n","protected":false},"featured_media":12333,"template":"","meta":{"_acf_changed":false,"om_disable_all_campaigns":false,"_monsterinsights_skip_tracking":false,"_monsterinsights_sitenote_active":false,"_monsterinsights_sitenote_note":"","_monsterinsights_sitenote_category":0},"product_brand":[],"product_cat":[495],"product_tag":[620,622,298],"class_list":{"0":"post-12331","1":"product","2":"type-product","3":"status-publish","4":"has-post-thumbnail","6":"product_cat-esiliinat","7":"product_tag-esiliina","8":"product_tag-esiliina-painatuksella","9":"product_tag-painatus","10":"product_shipping_class-postipaketti","12":"first","13":"instock","14":"taxable","15":"shipping-taxable","16":"purchasable","17":"product-type-simple"},"acf":[],"aioseo_notices":[],"_links":{"self":[{"href":"https:\/\/www.roly24.com\/index.php\/wp-json\/wp\/v2\/product\/12331","targetHints":{"allow":["GET"]}}],"collection":[{"href":"https:\/\/www.roly24.com\/index.php\/wp-json\/wp\/v2\/product"}],"about":[{"href":"https:\/\/www.roly24.com\/index.php\/wp-json\/wp\/v2\/types\/product"}],"version-history":[{"count":1,"href":"https:\/\/www.roly24.com\/index.php\/wp-json\/wp\/v2\/product\/12331\/revisions"}],"predecessor-version":[{"id":21355,"href":"https:\/\/www.roly24.com\/index.php\/wp-json\/wp\/v2\/product\/12331\/revisions\/21355"}],"wp:featuredmedia":[{"embeddable":true,"href":"https:\/\/www.roly24.com\/index.php\/wp-json\/wp\/v2\/media\/12333"}],"wp:attachment":[{"href":"https:\/\/www.roly24.com\/index.php\/wp-json\/wp\/v2\/media?parent=12331"}],"wp:term":[{"taxonomy":"product_brand","embeddable":true,"href":"https:\/\/www.roly24.com\/index.php\/wp-json\/wp\/v2\/product_brand?post=12331"},{"taxonomy":"product_cat","embeddable":true,"href":"https:\/\/www.roly24.com\/index.php\/wp-json\/wp\/v2\/product_cat?post=12331"},{"taxonomy":"product_tag","embeddable":true,"href":"https:\/\/www.roly24.com\/index.php\/wp-json\/wp\/v2\/product_tag?post=12331"}],"curies":[{"name":"wp","href":"https:\/\/api.w.org\/{rel}","templated":true}]}}