{"id":12031,"date":"2024-06-24T09:31:55","date_gmt":"2024-06-24T07:31:55","guid":{"rendered":"https:\/\/www.roly24.com\/?post_type=product&#038;p=12031"},"modified":"2026-03-14T11:53:59","modified_gmt":"2026-03-14T09:53:59","slug":"pikeepaita-pegaso-premium-kids","status":"publish","type":"product","link":"https:\/\/www.roly24.com\/index.php\/tuote\/pikeepaita-pegaso-premium-kids\/","title":{"rendered":"Lasten Pikeepaita PEGASO Premium 190g\/m\u00b2 painettuina tai painamattomina"},"content":{"rendered":"<p><strong>Tuotenumero 500316<\/strong><\/p>\n<h2 data-section-id=\"1pfe5as\" data-start=\"0\" data-end=\"83\">Pikeepaita Pegaso Premium Kids \u2013 lasten pikeepaita painettuna tai painamattomana<\/h2>\n<p data-start=\"85\" data-end=\"510\"><strong data-start=\"85\" data-end=\"119\">Pegaso Premium Kids pikeepaita<\/strong> on laadukas ja kest\u00e4v\u00e4 <strong data-start=\"143\" data-end=\"178\">lasten lyhythihainen pikeepaita<\/strong>, joka sopii erinomaisesti <strong data-start=\"205\" data-end=\"301\">kouluille, urheilujoukkueille, tapahtumiin, yritysten lastenvaatteisiin sek\u00e4 j\u00e4lleenmyyntiin<\/strong>. Tuotteet myyd\u00e4\u00e4n <strong data-start=\"320\" data-end=\"360\">sek\u00e4 painettuina ett\u00e4 painamattomina<\/strong>, joten paidat voidaan toimittaa valmiiksi painettuina logolla, tekstill\u00e4 tai designilla tai ilman painatusta omaa k\u00e4ytt\u00f6\u00e4 tai jatkopainatusta varten.<\/p>\n<p data-start=\"512\" data-end=\"793\">Paidassa on <strong data-start=\"524\" data-end=\"571\">klassinen pikeekaulus ja 3-napin nappilista<\/strong>, jotka antavat siistin ja ajattoman ilmeen. <strong data-start=\"616\" data-end=\"660\">1\u00d71 resorineulos kauluksessa ja hihoissa<\/strong> lis\u00e4\u00e4 k\u00e4ytt\u00f6mukavuutta ja kest\u00e4vyytt\u00e4. <strong data-start=\"700\" data-end=\"715\">Sivuhalkiot<\/strong> parantavat liikkuvuutta, ja <strong data-start=\"744\" data-end=\"770\">valinnainen rintatasku<\/strong> tuo k\u00e4yt\u00e4nn\u00f6llisyytt\u00e4.<\/p>\n<p data-start=\"795\" data-end=\"1049\">Pikeekangas yhdist\u00e4\u00e4 <strong data-start=\"816\" data-end=\"866\">puuvillan pehmeyden ja polyesterin kest\u00e4vyyden<\/strong>, mik\u00e4 tekee paidasta helppohoitoisen ja pitk\u00e4ik\u00e4isen. Kangas on k\u00e4sitelty <strong data-start=\"941\" data-end=\"997\">nyppyyntymist\u00e4 (pilling) ehk\u00e4isev\u00e4ll\u00e4 viimeistelyll\u00e4<\/strong>, mik\u00e4 auttaa s\u00e4ilytt\u00e4m\u00e4\u00e4n siistin ulkon\u00e4\u00f6n pitk\u00e4\u00e4n.<\/p>\n<h3 data-section-id=\"rog7al\" data-start=\"1051\" data-end=\"1067\">Ominaisuudet<\/h3>\n<p data-start=\"1068\" data-end=\"1475\">Lasten lyhythihainen pikeepaita \u2022 Klassinen pikeekaulus \u2022 <strong data-start=\"1126\" data-end=\"1148\">3-napin nappilista<\/strong> \u2022 1\u00d71 resori kauluksessa ja hihoissa \u2022 Kauluksessa vahvistetut peitetyt saumat \u2022 <strong data-start=\"1230\" data-end=\"1274\">Sivuhalkiot paremman liikkuvuuden vuoksi<\/strong> \u2022 Valinnainen rintatasku \u2022 <strong data-start=\"1302\" data-end=\"1337\">Nyppyyntymist\u00e4 est\u00e4v\u00e4 k\u00e4sittely<\/strong> \u2022 <strong data-start=\"1340\" data-end=\"1364\">Irrotettava etiketti<\/strong> (sopii j\u00e4lleenmyyntiin ja omaan br\u00e4nd\u00e4ykseen) \u2022 <strong data-start=\"1413\" data-end=\"1456\">Saatavana painettuna tai painamattomana<\/strong> \u2022 <strong data-start=\"1459\" data-end=\"1475\">Duo-konsepti<\/strong><\/p>\n<h3 data-section-id=\"dpzujp\" data-start=\"1477\" data-end=\"1491\">Materiaali<\/h3>\n<p data-start=\"1492\" data-end=\"1546\"><strong data-start=\"1492\" data-end=\"1527\">60 % puuvilla \/ 40 % polyesteri<\/strong><br data-start=\"1527\" data-end=\"1530\" \/><strong data-start=\"1530\" data-end=\"1546\">Pikee-neulos<\/strong><\/p>\n<p data-start=\"1548\" data-end=\"1604\">Paino:<br data-start=\"1554\" data-end=\"1557\" \/><strong data-start=\"1557\" data-end=\"1577\">190 g\/m\u00b2 (v\u00e4rit)<\/strong><br data-start=\"1577\" data-end=\"1580\" \/><strong data-start=\"1580\" data-end=\"1604\">220 g\/m\u00b2 (valkoinen)<\/strong><\/p>\n<p data-start=\"1606\" data-end=\"1727\">Kest\u00e4v\u00e4 ja hengitt\u00e4v\u00e4 pikeekangas soveltuu hyvin <strong data-start=\"1655\" data-end=\"1726\">arkik\u00e4ytt\u00f6\u00f6n, koulupaitoihin sek\u00e4 yritys- ja tapahtumatekstiileihin<\/strong>.<\/p>\n<h3 data-section-id=\"q08wlc\" data-start=\"1729\" data-end=\"1745\">Toimitusaika<\/h3>\n<p data-start=\"1746\" data-end=\"1863\"><strong data-start=\"1746\" data-end=\"1786\">Arvioitu toimitusaika noin 1 viikko.<\/strong><br data-start=\"1786\" data-end=\"1789\" \/>Toimitusaika voi vaihdella tilausm\u00e4\u00e4r\u00e4n ja mahdollisen painatuksen mukaan.<\/p>\n<h3 data-section-id=\"19f8ccq\" data-start=\"1865\" data-end=\"1882\">K\u00e4ytt\u00f6kohteet<\/h3>\n<p data-start=\"1883\" data-end=\"2073\">Sopii hyvin esimerkiksi:<br data-start=\"1907\" data-end=\"1910\" \/>koulupaitoihin \u2022 urheilujoukkueille \u2022 tapahtumiin \u2022 promootiotuotteisiin \u2022 yritysten lastenvaatteisiin \u2022 br\u00e4ndituotteisiin \u2022 verkkokauppamyyntiin \u2022 j\u00e4lleenmyyntiin<\/p>\n<h3 data-section-id=\"6b1txa\" data-start=\"2075\" data-end=\"2117\">Tuotteet painettuna tai painamattomana<\/h3>\n<p data-start=\"2118\" data-end=\"2285\">Voit tilata Pegaso Premium Kids pikeepaidat <strong data-start=\"2162\" data-end=\"2180\">painamattomina<\/strong> omaa painotuotantoa varten tai <strong data-start=\"2212\" data-end=\"2237\">valmiiksi painettuina<\/strong> esimerkiksi logolla, tekstill\u00e4 tai grafiikalla.<\/p>\n<h3 data-start=\"2287\" data-end=\"2362\"><strong>Painatus<\/strong><br data-start=\"2313\" data-end=\"2316\" \/>DTF-painatus<\/h3>\n<h3 data-section-id=\"gwkuul\" data-start=\"2364\" data-end=\"2396\">Suuret er\u00e4t ja j\u00e4lleenmyyj\u00e4t<\/h3>\n<p data-start=\"2397\" data-end=\"2620\">Toimitamme <strong data-start=\"2408\" data-end=\"2442\">suuremmat er\u00e4t tarjouspohjalta<\/strong> esimerkiksi j\u00e4lleenmyyjille, painotaloille, yrityksille, yhdistyksille ja tapahtumaj\u00e4rjest\u00e4jille. Tuotteet voidaan toimittaa <strong data-start=\"2568\" data-end=\"2602\">painettuina tai painamattomina<\/strong> tilauksen mukaan.<\/p>\n<p data-start=\"2622\" data-end=\"2662\">\ud83d\udce9 <strong data-start=\"2625\" data-end=\"2662\">Pyyd\u00e4 tarjous suuremmista erist\u00e4.<\/strong><\/p>\n<h3 data-section-id=\"181otkz\" data-start=\"2664\" data-end=\"2698\">FAQ \u2013 Usein kysytyt kysymykset<\/h3>\n<p data-start=\"2700\" data-end=\"2844\"><strong data-start=\"2700\" data-end=\"2760\">Voiko Pegaso Premium Kids pikeepaidan tilata painettuna?<\/strong><br data-start=\"2760\" data-end=\"2763\" \/>Kyll\u00e4. Paidat voidaan toimittaa <strong data-start=\"2795\" data-end=\"2843\">valmiiksi painettuina logolla tai designilla<\/strong>.<\/p>\n<p data-start=\"2846\" data-end=\"2960\"><strong data-start=\"2846\" data-end=\"2892\">Voiko pikeepaidan tilata ilman painatusta?<\/strong><br data-start=\"2892\" data-end=\"2895\" \/>Kyll\u00e4. Tuotteet myyd\u00e4\u00e4n <strong data-start=\"2919\" data-end=\"2959\">sek\u00e4 painettuina ett\u00e4 painamattomina<\/strong>.<\/p>\n<p data-start=\"2962\" data-end=\"3079\"><strong data-start=\"2962\" data-end=\"2997\">Mit\u00e4 materiaalia pikeepaita on?<\/strong><br data-start=\"2997\" data-end=\"3000\" \/>Paita on valmistettu <strong data-start=\"3021\" data-end=\"3078\">60 % puuvillasta ja 40 % polyesterist\u00e4 (pikee-neulos)<\/strong>.<\/p>\n<p data-start=\"3081\" data-end=\"3219\"><strong data-start=\"3081\" data-end=\"3120\">Onko paita kest\u00e4v\u00e4 lasten k\u00e4ytt\u00f6\u00f6n?<\/strong><br data-start=\"3120\" data-end=\"3123\" \/>Kyll\u00e4. <strong data-start=\"3130\" data-end=\"3188\">Nyppyyntymist\u00e4 est\u00e4v\u00e4 k\u00e4sittely ja kest\u00e4v\u00e4 pikeekangas<\/strong> tekev\u00e4t paidasta pitk\u00e4ik\u00e4isen.<\/p>\n<p data-start=\"3221\" data-end=\"3356\"><strong data-start=\"3221\" data-end=\"3254\">Kuinka pitk\u00e4 toimitusaika on?<\/strong><br data-start=\"3254\" data-end=\"3257\" \/>Arvioitu toimitusaika on <strong data-start=\"3282\" data-end=\"3299\">noin 1 viikko<\/strong>, riippuen tilausm\u00e4\u00e4r\u00e4st\u00e4 ja mahdollisesta painatuksesta.<\/p>\n<div class=\"ml-auto d-flex align-items-center\" data-v-5ec54137=\"\">\n<div data-v-5ec54137=\"\"><\/div>\n<\/div>\n<div data-v-5ec54137=\"\"><img decoding=\"async\" class=\"mr-1 grey\" title=\"Do not dry clean\" src=\"https:\/\/static.gorfactory.es\/images\/icons\/20220914110151_No%20lavar%20en%20seco.png\" alt=\"Do not dry clean\" width=\"40\" height=\"40\" data-v-6089ed0a=\"\" data-v-636bb056=\"\" \/><img decoding=\"async\" class=\"mr-1 grey\" title=\"Do not tumble dry\" src=\"https:\/\/static.gorfactory.es\/images\/icons\/20220914110302_No%20secar%20en%20secadora.png\" alt=\"Do not tumble dry\" width=\"40\" height=\"40\" data-v-6089ed0a=\"\" data-v-636bb056=\"\" \/><img decoding=\"async\" class=\"mr-1 grey\" title=\"Do not bleach\" src=\"https:\/\/static.gorfactory.es\/images\/icons\/20220914110315_No%20usar%20blanqueador.png\" alt=\"Do not bleach\" width=\"40\" height=\"40\" data-v-6089ed0a=\"\" data-v-636bb056=\"\" \/><img loading=\"lazy\" decoding=\"async\" class=\"mr-1 grey\" title=\"60\u00ba max wash\" src=\"https:\/\/static.gorfactory.es\/images\/icons\/20201130174047_lavado_60.png\" alt=\"60\u00ba max wash\" width=\"40\" height=\"40\" data-v-6089ed0a=\"\" data-v-636bb056=\"\" \/><img loading=\"lazy\" decoding=\"async\" class=\"mr-1 grey\" title=\"Iron at medium temperature (Max. 150\u00ba)\" src=\"https:\/\/static.gorfactory.es\/images\/icons\/20221110105823_Planchar-Max%20150.png\" alt=\"Iron at medium temperature (Max. 150\u00ba)\" width=\"40\" height=\"40\" data-v-6089ed0a=\"\" data-v-636bb056=\"\" \/><\/div>\n<div data-v-5ec54137=\"\"><\/div>\n<div data-v-5ec54137=\"\"><strong>Mittausohjeet:<\/strong><br \/>\n<strong>Leveys: Tuotteen reunasta reunaan 2cm hihojen alapuolelta.<\/strong><br \/>\n<strong>Pituus: Olkap\u00e4\u00e4n korkeimmasta kohdasta tuotteen\u00a0alareunaan.<\/strong><\/div>\n<div data-v-5ec54137=\"\"><\/div>\n<table id=\"size_chart\" class=\"table table-responsive\" style=\"height: 265px;\" width=\"203\" cellspacing=\"0\" cellpadding=\"0\">\n<tbody>\n<tr>\n<th>Koko<\/th>\n<th><img decoding=\"async\" src=\"https:\/\/wordans-a1a5.kxcdn.com\/images\/wordans2010\/length.png\" alt=\"Length\" \/>\u00a0<label id=\"lengthLabel\">Pituus<\/label><\/th>\n<th><img decoding=\"async\" src=\"https:\/\/wordans-a1a5.kxcdn.com\/images\/wordans2010\/width.png\" alt=\"Width\" \/>\u00a0<label id=\"widthLabel\">Leveys<\/label><\/th>\n<\/tr>\n<tr>\n<td>1 \/ 2<\/td>\n<td>40<\/td>\n<td>31<\/td>\n<\/tr>\n<tr>\n<td>3 \/ 4<\/td>\n<td>44<\/td>\n<td>34<\/td>\n<\/tr>\n<tr>\n<td>5 \/ 6<\/td>\n<td>48<\/td>\n<td>37<\/td>\n<\/tr>\n<tr>\n<td>7 \/ 8<\/td>\n<td>52<\/td>\n<td>40<\/td>\n<\/tr>\n<tr>\n<td>9 \/ 10<\/td>\n<td>56<\/td>\n<td>43<\/td>\n<\/tr>\n<tr>\n<td>11 \/ 12<\/td>\n<td>60<\/td>\n<td>47<\/td>\n<\/tr>\n<tr>\n<td>&#8211;<\/td>\n<td>&#8211;<\/td>\n<td>&#8211;<\/td>\n<\/tr>\n<tr>\n<td>&#8211;<\/td>\n<td>&#8211;<\/td>\n<td>&#8211;<\/td>\n<\/tr>\n<\/tbody>\n<\/table>\n<p>&nbsp;<\/p>\n","protected":false},"excerpt":{"rendered":"<p>Tuotenumero 500316 Pikeepaita Pegaso Premium Kids \u2013 lasten pikeepaita painettuna tai painamattomana Pegaso Premium Kids pikeepaita on laadukas ja kest\u00e4v\u00e4 lasten lyhythihainen pikeepaita, joka sopii erinomaisesti kouluille, urheilujoukkueille, tapahtumiin, yritysten lastenvaatteisiin sek\u00e4 j\u00e4lleenmyyntiin. Tuotteet myyd\u00e4\u00e4n sek\u00e4 painettuina ett\u00e4 painamattomina, joten paidat voidaan toimittaa valmiiksi painettuina logolla, tekstill\u00e4 tai designilla tai ilman painatusta omaa k\u00e4ytt\u00f6\u00e4 tai [&hellip;]<\/p>\n","protected":false},"featured_media":14672,"template":"","meta":{"_acf_changed":false,"om_disable_all_campaigns":false,"_monsterinsights_skip_tracking":false,"_monsterinsights_sitenote_active":false,"_monsterinsights_sitenote_note":"","_monsterinsights_sitenote_category":0},"product_brand":[],"product_cat":[506,365],"product_tag":[298,544,583,367,610],"class_list":{"0":"post-12031","1":"product","2":"type-product","3":"status-publish","4":"has-post-thumbnail","6":"product_cat-rolypikeepaidat","7":"product_cat-pikeepaidat","8":"product_tag-painatus","9":"product_tag-paita-painatus","10":"product_tag-pikee","11":"product_tag-pikeepaita","12":"product_tag-pitkahihainen-pikee","13":"product_shipping_class-postipaketti","15":"first","16":"instock","17":"taxable","18":"shipping-taxable","19":"purchasable","20":"product-type-simple"},"acf":[],"aioseo_notices":[],"_links":{"self":[{"href":"https:\/\/www.roly24.com\/index.php\/wp-json\/wp\/v2\/product\/12031","targetHints":{"allow":["GET"]}}],"collection":[{"href":"https:\/\/www.roly24.com\/index.php\/wp-json\/wp\/v2\/product"}],"about":[{"href":"https:\/\/www.roly24.com\/index.php\/wp-json\/wp\/v2\/types\/product"}],"version-history":[{"count":3,"href":"https:\/\/www.roly24.com\/index.php\/wp-json\/wp\/v2\/product\/12031\/revisions"}],"predecessor-version":[{"id":21973,"href":"https:\/\/www.roly24.com\/index.php\/wp-json\/wp\/v2\/product\/12031\/revisions\/21973"}],"wp:featuredmedia":[{"embeddable":true,"href":"https:\/\/www.roly24.com\/index.php\/wp-json\/wp\/v2\/media\/14672"}],"wp:attachment":[{"href":"https:\/\/www.roly24.com\/index.php\/wp-json\/wp\/v2\/media?parent=12031"}],"wp:term":[{"taxonomy":"product_brand","embeddable":true,"href":"https:\/\/www.roly24.com\/index.php\/wp-json\/wp\/v2\/product_brand?post=12031"},{"taxonomy":"product_cat","embeddable":true,"href":"https:\/\/www.roly24.com\/index.php\/wp-json\/wp\/v2\/product_cat?post=12031"},{"taxonomy":"product_tag","embeddable":true,"href":"https:\/\/www.roly24.com\/index.php\/wp-json\/wp\/v2\/product_tag?post=12031"}],"curies":[{"name":"wp","href":"https:\/\/api.w.org\/{rel}","templated":true}]}}