{"id":11752,"date":"2024-05-20T08:38:29","date_gmt":"2024-05-20T06:38:29","guid":{"rendered":"https:\/\/www.roly24.com\/?post_type=product&#038;p=11752"},"modified":"2025-06-04T11:51:10","modified_gmt":"2025-06-04T09:51:10","slug":"vesitiivis-parka-merakkappalehinta-alkaen","status":"publish","type":"product","link":"https:\/\/www.roly24.com\/index.php\/tuote\/vesitiivis-parka-merakkappalehinta-alkaen\/","title":{"rendered":"Vesitiivis parka MERAK &#8211; Kappalehinta alkaen"},"content":{"rendered":"<p><strong>Tuotenumero 301104<\/strong><\/p>\n<p>Yhdistetty ja pehmustettu n\u00e4kyv\u00e4 parka. Vedenpit\u00e4v\u00e4 kangas kuumasaumatuilla saumoilla. Taitettava huppu s\u00e4\u00e4dett\u00e4v\u00e4ll\u00e4 kiristysny\u00f6rill\u00e4. Kaksi vaakasuoraa huomionauhaa rinnassa ja hihat ja pystysuora olkap\u00e4ill\u00e4. Rintatasku, jossa l\u00e4pp\u00e4, tarranauha ja henkil\u00f6kortti. Kaksi l\u00e4p\u00e4llist\u00e4 etutaskua. Vetoketjullinen sis\u00e4tasku. Piilotetut 1&#215;1 uurretut hihansuut. Etuhousu, jossa metalliset lukkopainikkeet ja kaksinkertaiset Edess\u00e4 vetoketju. Sis\u00e4inen p\u00e4\u00e4sy silkkipainatukseen.<\/p>\n<p>Materiaali: Kuori: 100% vedenpit\u00e4v\u00e4 laminoitu polyesteri. Vuori: 100% polyesteri\u00e4. Vanu: 100% polyesteri\u00e4. 365 gsm.<\/p>\n<p>CE-vaatimustenmukaisuus seuraavien standardien mukaisesti:<br \/>\nEN ISO 13688:2013\/A1:2021<br \/>\nEN ISO 20471:2013\/A1:2017.<br \/>\nUNE-EN 343:2019. Luokka 3_1<br \/>\nA-EN 14058:2017. Luokka 4_2_0,24_WP<br \/>\nLuokka II: 221 &#8211; 55221 &#8211; 55223 &#8211; 52221 &#8211; 23221.<\/p>\n<div data-v-5ec54137=\"\"><img decoding=\"async\" class=\"mr-1 grey\" title=\"Do not iron\" src=\"https:\/\/static.gorfactory.es\/images\/icons\/20220914110249_No%20planchar.png\" alt=\"Do not iron\" width=\"40\" height=\"40\" data-v-6089ed0a=\"\" data-v-636bb056=\"\" \/><img decoding=\"async\" class=\"mr-1 grey\" title=\"Do not dry clean\" src=\"https:\/\/static.gorfactory.es\/images\/icons\/20220914110151_No%20lavar%20en%20seco.png\" alt=\"Do not dry clean\" width=\"40\" height=\"40\" data-v-6089ed0a=\"\" data-v-636bb056=\"\" \/><img decoding=\"async\" class=\"mr-1 grey\" title=\"Do not tumble dry\" src=\"https:\/\/static.gorfactory.es\/images\/icons\/20220914110302_No%20secar%20en%20secadora.png\" alt=\"Do not tumble dry\" width=\"40\" height=\"40\" data-v-6089ed0a=\"\" data-v-636bb056=\"\" \/><img loading=\"lazy\" decoding=\"async\" class=\"mr-1 grey\" title=\"30\u00ba wash max.\" src=\"https:\/\/static.gorfactory.es\/images\/icons\/20220914110209_Lavar%20a%2030%C2%BA%20m%C3%A1ximo.png\" alt=\"30\u00ba wash max.\" width=\"40\" height=\"40\" data-v-6089ed0a=\"\" data-v-636bb056=\"\" \/><img loading=\"lazy\" decoding=\"async\" class=\"mr-1 grey\" title=\"Do not bleach\" src=\"https:\/\/static.gorfactory.es\/images\/icons\/20220914110315_No%20usar%20blanqueador.png\" alt=\"Do not bleach\" width=\"40\" height=\"40\" data-v-6089ed0a=\"\" data-v-636bb056=\"\" \/><\/div>\n<div data-v-5ec54137=\"\"><\/div>\n<div data-v-5ec54137=\"\"><\/div>\n<table id=\"size_chart\" class=\"table table-responsive\" style=\"height: 265px;\" width=\"203\" cellspacing=\"0\" cellpadding=\"0\">\n<tbody>\n<tr>\n<th>Koko<\/th>\n<th><img decoding=\"async\" src=\"https:\/\/wordans-a1a5.kxcdn.com\/images\/wordans2010\/length.png\" alt=\"Length\" \/>\u00a0<label id=\"lengthLabel\">Pituus<\/label><\/th>\n<th><img decoding=\"async\" src=\"https:\/\/wordans-a1a5.kxcdn.com\/images\/wordans2010\/width.png\" alt=\"Width\" \/>\u00a0<label id=\"widthLabel\">Leveys<\/label><\/th>\n<\/tr>\n<tr>\n<td>S<\/td>\n<td>84<\/td>\n<td>57<\/td>\n<\/tr>\n<tr>\n<td>M<\/td>\n<td>84<\/td>\n<td>60<\/td>\n<\/tr>\n<tr>\n<td>L<\/td>\n<td>85<\/td>\n<td>63<\/td>\n<\/tr>\n<tr>\n<td>XL<\/td>\n<td>87<\/td>\n<td>66<\/td>\n<\/tr>\n<tr>\n<td>2XL<\/td>\n<td>89<\/td>\n<td>69<\/td>\n<\/tr>\n<tr>\n<td>3XL<\/td>\n<td>91<\/td>\n<td>72<\/td>\n<\/tr>\n<tr>\n<td>4XL<\/td>\n<td>93<\/td>\n<td>76<\/td>\n<\/tr>\n<tr>\n<td>5XL<\/td>\n<td>&#8211;<\/td>\n<td>&#8211;<\/td>\n<\/tr>\n<\/tbody>\n<\/table>\n<p>&nbsp;<\/p>\n","protected":false},"excerpt":{"rendered":"<p>Tuotenumero 301104 Yhdistetty ja pehmustettu n\u00e4kyv\u00e4 parka. Vedenpit\u00e4v\u00e4 kangas kuumasaumatuilla saumoilla. Taitettava huppu s\u00e4\u00e4dett\u00e4v\u00e4ll\u00e4 kiristysny\u00f6rill\u00e4. Kaksi vaakasuoraa huomionauhaa rinnassa ja hihat ja pystysuora olkap\u00e4ill\u00e4. Rintatasku, jossa l\u00e4pp\u00e4, tarranauha ja henkil\u00f6kortti. Kaksi l\u00e4p\u00e4llist\u00e4 etutaskua. Vetoketjullinen sis\u00e4tasku. Piilotetut 1&#215;1 uurretut hihansuut. Etuhousu, jossa metalliset lukkopainikkeet ja kaksinkertaiset Edess\u00e4 vetoketju. Sis\u00e4inen p\u00e4\u00e4sy silkkipainatukseen. Materiaali: Kuori: 100% vedenpit\u00e4v\u00e4 laminoitu [&hellip;]<\/p>\n","protected":false},"featured_media":11754,"template":"","meta":{"_acf_changed":false,"om_disable_all_campaigns":false,"_monsterinsights_skip_tracking":false,"_monsterinsights_sitenote_active":false,"_monsterinsights_sitenote_note":"","_monsterinsights_sitenote_category":0},"product_brand":[],"product_cat":[357],"product_tag":[632,298,551,439,440,435],"class_list":{"0":"post-11752","1":"product","2":"type-product","3":"status-publish","4":"has-post-thumbnail","6":"product_cat-tyotakit2","7":"product_tag-huomiotakki","8":"product_tag-painatus","9":"product_tag-parka","10":"product_tag-takki","11":"product_tag-takki-painatuksella","12":"product_tag-tyotakki","13":"product_shipping_class-postipaketti","15":"first","16":"instock","17":"taxable","18":"shipping-taxable","19":"purchasable","20":"product-type-simple"},"acf":[],"aioseo_notices":[],"_links":{"self":[{"href":"https:\/\/www.roly24.com\/index.php\/wp-json\/wp\/v2\/product\/11752","targetHints":{"allow":["GET"]}}],"collection":[{"href":"https:\/\/www.roly24.com\/index.php\/wp-json\/wp\/v2\/product"}],"about":[{"href":"https:\/\/www.roly24.com\/index.php\/wp-json\/wp\/v2\/types\/product"}],"version-history":[{"count":0,"href":"https:\/\/www.roly24.com\/index.php\/wp-json\/wp\/v2\/product\/11752\/revisions"}],"wp:featuredmedia":[{"embeddable":true,"href":"https:\/\/www.roly24.com\/index.php\/wp-json\/wp\/v2\/media\/11754"}],"wp:attachment":[{"href":"https:\/\/www.roly24.com\/index.php\/wp-json\/wp\/v2\/media?parent=11752"}],"wp:term":[{"taxonomy":"product_brand","embeddable":true,"href":"https:\/\/www.roly24.com\/index.php\/wp-json\/wp\/v2\/product_brand?post=11752"},{"taxonomy":"product_cat","embeddable":true,"href":"https:\/\/www.roly24.com\/index.php\/wp-json\/wp\/v2\/product_cat?post=11752"},{"taxonomy":"product_tag","embeddable":true,"href":"https:\/\/www.roly24.com\/index.php\/wp-json\/wp\/v2\/product_tag?post=11752"}],"curies":[{"name":"wp","href":"https:\/\/api.w.org\/{rel}","templated":true}]}}