{"id":11636,"date":"2024-05-15T10:46:07","date_gmt":"2024-05-15T08:46:07","guid":{"rendered":"https:\/\/www.roly24.com\/?post_type=product&#038;p=11636"},"modified":"2026-03-14T17:07:47","modified_gmt":"2026-03-14T15:07:47","slug":"liivit-oslo-woman","status":"publish","type":"product","link":"https:\/\/www.roly24.com\/index.php\/tuote\/liivit-oslo-woman\/","title":{"rendered":"Istuva pehmustettu gilet-liivi Oslo Woman painettuna tai painamattomana"},"content":{"rendered":"<p><strong>Tuotenumero 500806<\/strong><\/p>\n<div class=\"relative basis-auto flex-col -mb-(--composer-overlap-px) [--composer-overlap-px:28px] grow flex\">\n<div class=\"flex flex-col text-sm pb-25\">\n<article class=\"text-token-text-primary w-full focus:outline-none [--shadow-height:45px] has-data-writing-block:pointer-events-none has-data-writing-block:-mt-(--shadow-height) has-data-writing-block:pt-(--shadow-height) [&amp;:has([data-writing-block])&gt;*]:pointer-events-auto scroll-mt-[calc(var(--header-height)+min(200px,max(70px,20svh)))]\" dir=\"auto\" tabindex=\"-1\" data-turn-id=\"request-WEB:0f7b24a8-39fd-40ff-811e-6cfb5bd17dc4-70\" data-testid=\"conversation-turn-120\" data-scroll-anchor=\"true\" data-turn=\"assistant\">\n<div class=\"text-base my-auto mx-auto pb-10 [--thread-content-margin:var(--thread-content-margin-xs,calc(var(--spacing)*4))] @w-sm\/main:[--thread-content-margin:var(--thread-content-margin-sm,calc(var(--spacing)*6))] @w-lg\/main:[--thread-content-margin:var(--thread-content-margin-lg,calc(var(--spacing)*16))] px-(--thread-content-margin)\">\n<div class=\"[--thread-content-max-width:40rem] @w-lg\/main:[--thread-content-max-width:48rem] mx-auto max-w-(--thread-content-max-width) flex-1 group\/turn-messages focus-visible:outline-hidden relative flex w-full min-w-0 flex-col agent-turn\" tabindex=\"-1\">\n<div class=\"flex max-w-full flex-col gap-4 grow\">\n<div class=\"min-h-8 text-message relative flex w-full flex-col items-end gap-2 text-start break-words whitespace-normal [.text-message+&amp;]:mt-1\" dir=\"auto\" data-message-author-role=\"assistant\" data-message-id=\"1a751008-11ad-4ee6-9312-a04c92e3d238\" data-message-model-slug=\"gpt-5-3\">\n<div class=\"flex w-full flex-col gap-1 empty:hidden\">\n<div class=\"markdown prose dark:prose-invert w-full wrap-break-word light markdown-new-styling\">\n<h3 data-start=\"0\" data-end=\"69\"><strong data-start=\"0\" data-end=\"69\">Liivi Oslo Woman \u2013 naisten kevyt pehmustettu gilet-liivi | Roly24<\/strong><\/h3>\n<p data-start=\"71\" data-end=\"354\">Oslo Woman on <strong data-start=\"85\" data-end=\"150\">naisten istuva pehmustettu gilet-liivi h\u00f6yhenefektit\u00e4ytteell\u00e4<\/strong>, joka sopii erinomaisesti <strong data-start=\"177\" data-end=\"239\">ty\u00f6vaatteeksi, ulkoiluun, yritysvaatteeksi ja vapaa-aikaan<\/strong>. Kevyt rakenne sek\u00e4 veden- ja tuulenpit\u00e4v\u00e4 materiaali tekev\u00e4t liivist\u00e4 k\u00e4yt\u00e4nn\u00f6llisen viileisiin s\u00e4\u00e4olosuhteisiin.<\/p>\n<p data-start=\"356\" data-end=\"610\">Liiviss\u00e4 on <strong data-start=\"368\" data-end=\"479\">k\u00e4\u00e4nteinen vetoketju leukasuojalla, vetoketjulliset sivutaskut sek\u00e4 joustava reunus helmassa ja k\u00e4denteiss\u00e4<\/strong>, jotka parantavat k\u00e4ytt\u00f6mukavuutta ja istuvuutta. Naisten mallin <strong data-start=\"545\" data-end=\"564\">istuva leikkaus<\/strong> tekee liivist\u00e4 tyylikk\u00e4\u00e4n ja mukavan k\u00e4ytt\u00e4\u00e4.<\/p>\n<p data-start=\"612\" data-end=\"744\">Tuote on <strong data-start=\"621\" data-end=\"664\">saatavana painettuna tai painamattomana<\/strong>, joten se sopii hyvin <strong data-start=\"687\" data-end=\"743\">yrityksille, seuroille, tapahtumiin ja ty\u00f6vaatteeksi<\/strong>.<\/p>\n<h2 data-section-id=\"14dkvgu\" data-start=\"746\" data-end=\"761\">Ominaisuudet<\/h2>\n<p data-start=\"763\" data-end=\"1018\">\u2022 Naisten istuva pehmustettu gilet-liivi<br data-start=\"803\" data-end=\"806\" \/>\u2022 H\u00f6yhenefekti polyesterit\u00e4yte<br data-start=\"836\" data-end=\"839\" \/>\u2022 K\u00e4\u00e4nteinen vetoketju leukasuojalla<br data-start=\"875\" data-end=\"878\" \/>\u2022 Kaksi vetoketjullista sivutaskua<br data-start=\"912\" data-end=\"915\" \/>\u2022 Kontrastinen sis\u00e4vuori<br data-start=\"939\" data-end=\"942\" \/>\u2022 Joustava reunus helmassa ja k\u00e4denteiss\u00e4<br data-start=\"983\" data-end=\"986\" \/>\u2022 Kevyt ja helposti taitettava<\/p>\n<h2 data-section-id=\"1yf6ifa\" data-start=\"1020\" data-end=\"1033\">Materiaali<\/h2>\n<p data-start=\"1035\" data-end=\"1144\"><strong data-start=\"1035\" data-end=\"1045\">Kuori:<\/strong> 100 % polyesteri, 300T<br data-start=\"1068\" data-end=\"1071\" \/><strong data-start=\"1071\" data-end=\"1081\">Vuori:<\/strong> 100 % polyesteri<br data-start=\"1098\" data-end=\"1101\" \/><strong data-start=\"1101\" data-end=\"1111\">T\u00e4yte:<\/strong> 100 % polyesteri, h\u00f6yhenefekti<\/p>\n<p data-start=\"1146\" data-end=\"1167\"><strong data-start=\"1146\" data-end=\"1156\">Paino:<\/strong> 290 g\/m\u00b2<\/p>\n<p data-start=\"1169\" data-end=\"1279\">Materiaali tekee liivist\u00e4 <strong data-start=\"1195\" data-end=\"1247\">kevyen, l\u00e4mpim\u00e4n, vedenkest\u00e4v\u00e4n ja tuulenpit\u00e4v\u00e4n<\/strong>, mik\u00e4 sopii hyvin ulkok\u00e4ytt\u00f6\u00f6n.<\/p>\n<h2 data-section-id=\"1izbzca\" data-start=\"1281\" data-end=\"1309\">Mahdolliset merkkaustavat<\/h2>\n<p data-start=\"1311\" data-end=\"1375\"><strong data-start=\"1311\" data-end=\"1324\">Painatus:<\/strong> DTF<br data-start=\"1328\" data-end=\"1331\" \/><strong data-start=\"1331\" data-end=\"1346\">Brodeeraus:<\/strong> Saatavilla tarjouspyynn\u00f6ll\u00e4.<\/p>\n<h2 data-section-id=\"wipf49\" data-start=\"1377\" data-end=\"1393\">K\u00e4ytt\u00f6kohteet<\/h2>\n<p data-start=\"1395\" data-end=\"1509\">\u2022 yritys- ja ty\u00f6vaatteet<br data-start=\"1419\" data-end=\"1422\" \/>\u2022 ulkoilu ja vapaa-aika<br data-start=\"1445\" data-end=\"1448\" \/>\u2022 urheiluseurat ja tapahtumat<br data-start=\"1477\" data-end=\"1480\" \/>\u2022 kampanja- ja logovaatteet<\/p>\n<h2 data-section-id=\"m4e5ur\" data-start=\"1511\" data-end=\"1526\">Toimitusaika<\/h2>\n<p data-start=\"1528\" data-end=\"1643\">Arvioitu toimitusaika <strong data-start=\"1550\" data-end=\"1567\">noin 1 viikko<\/strong>.<br data-start=\"1568\" data-end=\"1571\" \/>Toimitusaika voi vaihdella tilausm\u00e4\u00e4r\u00e4n ja mahdollisen merkinn\u00e4n mukaan.<\/p>\n<h2 data-section-id=\"1hryhf7\" data-start=\"1645\" data-end=\"1651\">FAQ<\/h2>\n<p data-start=\"1653\" data-end=\"1783\"><strong data-start=\"1653\" data-end=\"1699\">Voiko Oslo Woman liivin tilata painettuna?<\/strong><br data-start=\"1699\" data-end=\"1702\" \/>Kyll\u00e4. Liivi voidaan toimittaa <strong data-start=\"1733\" data-end=\"1782\">logolla, tekstill\u00e4 tai grafiikalla painettuna<\/strong>.<\/p>\n<p data-start=\"1785\" data-end=\"1892\"><strong data-start=\"1785\" data-end=\"1828\">Voiko tuotteen tilata ilman painatusta?<\/strong><br data-start=\"1828\" data-end=\"1831\" \/>Kyll\u00e4, Oslo Woman liivi on saatavana my\u00f6s <strong data-start=\"1873\" data-end=\"1891\">painamattomana<\/strong>.<\/p>\n<p data-start=\"1894\" data-end=\"2025\"><strong data-start=\"1894\" data-end=\"1938\">Onko liivi vedenkest\u00e4v\u00e4 ja tuulenpit\u00e4v\u00e4?<\/strong><br data-start=\"1938\" data-end=\"1941\" \/>Kyll\u00e4. Liivi on <strong data-start=\"1957\" data-end=\"1989\">vedenkest\u00e4v\u00e4 ja tuulenpit\u00e4v\u00e4<\/strong>, joten se sopii hyvin ulkok\u00e4ytt\u00f6\u00f6n.<\/p>\n<p data-start=\"2027\" data-end=\"2188\" data-is-last-node=\"\" data-is-only-node=\"\"><strong data-start=\"2027\" data-end=\"2082\">Onko t\u00e4st\u00e4 mallista my\u00f6s unisex tai miesten versio?<\/strong><br data-start=\"2082\" data-end=\"2085\" \/>Kyll\u00e4. Oslo kuuluu <strong data-start=\"2104\" data-end=\"2122\">Duo-konseptiin<\/strong>, joten siit\u00e4 on saatavana my\u00f6s <strong data-start=\"2154\" data-end=\"2187\">toinen malli samasta sarjasta<\/strong>.<\/p>\n<\/div>\n<\/div>\n<\/div>\n<\/div>\n<\/div>\n<\/div>\n<\/article>\n<\/div>\n<\/div>\n<div data-v-5ec54137=\"\"><img decoding=\"async\" class=\"mr-1 grey\" title=\"40\u00ba wash max\" src=\"https:\/\/static.gorfactory.es\/images\/icons\/20221116171353_Lavar-40-max.png\" alt=\"40\u00ba wash max\" width=\"40\" height=\"40\" data-v-6089ed0a=\"\" data-v-636bb056=\"\" \/><img decoding=\"async\" class=\"mr-1 grey\" title=\"Do not bleach\" src=\"https:\/\/static.gorfactory.es\/images\/icons\/20220914110315_No%20usar%20blanqueador.png\" alt=\"Do not bleach\" width=\"40\" height=\"40\" data-v-6089ed0a=\"\" data-v-636bb056=\"\" \/><img decoding=\"async\" class=\"mr-1 grey\" title=\"Iron at medium temperature (Max. 150\u00ba)\" src=\"https:\/\/static.gorfactory.es\/images\/icons\/20221110105823_Planchar-Max%20150.png\" alt=\"Iron at medium temperature (Max. 150\u00ba)\" width=\"40\" height=\"40\" data-v-6089ed0a=\"\" data-v-636bb056=\"\" \/><img loading=\"lazy\" decoding=\"async\" class=\"mr-1 grey\" title=\"Do not dry clean\" src=\"https:\/\/static.gorfactory.es\/images\/icons\/20220914110151_No%20lavar%20en%20seco.png\" alt=\"Do not dry clean\" width=\"40\" height=\"40\" data-v-6089ed0a=\"\" data-v-636bb056=\"\" \/><img loading=\"lazy\" decoding=\"async\" class=\"mr-1 grey\" title=\"Do not tumble dry\" src=\"https:\/\/static.gorfactory.es\/images\/icons\/20220914110302_No%20secar%20en%20secadora.png\" alt=\"Do not tumble dry\" width=\"40\" height=\"40\" data-v-6089ed0a=\"\" data-v-636bb056=\"\" \/><\/div>\n<div data-v-5ec54137=\"\"><\/div>\n<table id=\"size_chart\" class=\"table table-responsive\" style=\"height: 265px;\" width=\"203\" cellspacing=\"0\" cellpadding=\"0\">\n<tbody>\n<tr>\n<th>Koko<\/th>\n<th><img decoding=\"async\" src=\"https:\/\/wordans-a1a5.kxcdn.com\/images\/wordans2010\/length.png\" alt=\"Length\" \/>\u00a0<label id=\"lengthLabel\">Pituus<\/label><\/th>\n<th><img decoding=\"async\" src=\"https:\/\/wordans-a1a5.kxcdn.com\/images\/wordans2010\/width.png\" alt=\"Width\" \/>\u00a0<label id=\"widthLabel\">Leveys<\/label><\/th>\n<\/tr>\n<tr>\n<td>S<\/td>\n<td>59<\/td>\n<td>49<\/td>\n<\/tr>\n<tr>\n<td>M<\/td>\n<td>61<\/td>\n<td>51<\/td>\n<\/tr>\n<tr>\n<td>L<\/td>\n<td>63<\/td>\n<td>53<\/td>\n<\/tr>\n<tr>\n<td>XL<\/td>\n<td>64<\/td>\n<td>56<\/td>\n<\/tr>\n<tr>\n<td>2XL<\/td>\n<td>65<\/td>\n<td>59<\/td>\n<\/tr>\n<tr>\n<td>3XL<\/td>\n<td>&#8211;<\/td>\n<td>&#8211;<\/td>\n<\/tr>\n<tr>\n<td>4XL<\/td>\n<td>&#8211;<\/td>\n<td>&#8211;<\/td>\n<\/tr>\n<tr>\n<td>5XL<\/td>\n<td>&#8211;<\/td>\n<td>&#8211;<\/td>\n<\/tr>\n<\/tbody>\n<\/table>\n<p>&nbsp;<\/p>\n","protected":false},"excerpt":{"rendered":"<p>Tuotenumero 500806 Liivi Oslo Woman \u2013 naisten kevyt pehmustettu gilet-liivi | Roly24 Oslo Woman on naisten istuva pehmustettu gilet-liivi h\u00f6yhenefektit\u00e4ytteell\u00e4, joka sopii erinomaisesti ty\u00f6vaatteeksi, ulkoiluun, yritysvaatteeksi ja vapaa-aikaan. Kevyt rakenne sek\u00e4 veden- ja tuulenpit\u00e4v\u00e4 materiaali tekev\u00e4t liivist\u00e4 k\u00e4yt\u00e4nn\u00f6llisen viileisiin s\u00e4\u00e4olosuhteisiin. Liiviss\u00e4 on k\u00e4\u00e4nteinen vetoketju leukasuojalla, vetoketjulliset sivutaskut sek\u00e4 joustava reunus helmassa ja k\u00e4denteiss\u00e4, jotka parantavat [&hellip;]<\/p>\n","protected":false},"featured_media":13580,"template":"","meta":{"_acf_changed":false,"om_disable_all_campaigns":false,"_monsterinsights_skip_tracking":false,"_monsterinsights_sitenote_active":false,"_monsterinsights_sitenote_note":"","_monsterinsights_sitenote_category":0},"product_brand":[],"product_cat":[486,501],"product_tag":[175,546,298],"class_list":{"0":"post-11636","1":"product","2":"type-product","3":"status-publish","4":"has-post-thumbnail","6":"product_cat-liivit","7":"product_cat-rolyliivit","8":"product_tag-liivi","9":"product_tag-liivi-painatuksella","10":"product_tag-painatus","11":"product_shipping_class-postipaketti","13":"first","14":"instock","15":"taxable","16":"shipping-taxable","17":"purchasable","18":"product-type-simple"},"acf":[],"aioseo_notices":[],"_links":{"self":[{"href":"https:\/\/www.roly24.com\/index.php\/wp-json\/wp\/v2\/product\/11636","targetHints":{"allow":["GET"]}}],"collection":[{"href":"https:\/\/www.roly24.com\/index.php\/wp-json\/wp\/v2\/product"}],"about":[{"href":"https:\/\/www.roly24.com\/index.php\/wp-json\/wp\/v2\/types\/product"}],"version-history":[{"count":2,"href":"https:\/\/www.roly24.com\/index.php\/wp-json\/wp\/v2\/product\/11636\/revisions"}],"predecessor-version":[{"id":22069,"href":"https:\/\/www.roly24.com\/index.php\/wp-json\/wp\/v2\/product\/11636\/revisions\/22069"}],"wp:featuredmedia":[{"embeddable":true,"href":"https:\/\/www.roly24.com\/index.php\/wp-json\/wp\/v2\/media\/13580"}],"wp:attachment":[{"href":"https:\/\/www.roly24.com\/index.php\/wp-json\/wp\/v2\/media?parent=11636"}],"wp:term":[{"taxonomy":"product_brand","embeddable":true,"href":"https:\/\/www.roly24.com\/index.php\/wp-json\/wp\/v2\/product_brand?post=11636"},{"taxonomy":"product_cat","embeddable":true,"href":"https:\/\/www.roly24.com\/index.php\/wp-json\/wp\/v2\/product_cat?post=11636"},{"taxonomy":"product_tag","embeddable":true,"href":"https:\/\/www.roly24.com\/index.php\/wp-json\/wp\/v2\/product_tag?post=11636"}],"curies":[{"name":"wp","href":"https:\/\/api.w.org\/{rel}","templated":true}]}}