{"id":11627,"date":"2024-05-15T10:08:34","date_gmt":"2024-05-15T08:08:34","guid":{"rendered":"https:\/\/www.roly24.com\/?post_type=product&#038;p=11627"},"modified":"2026-03-14T17:05:31","modified_gmt":"2026-03-14T15:05:31","slug":"liivit-oslo","status":"publish","type":"product","link":"https:\/\/www.roly24.com\/index.php\/tuote\/liivit-oslo\/","title":{"rendered":"Pehmustettu gilet-liivi h\u00f6yhenefektit\u00e4ytteell\u00e4 OSLO painettuna tai painamattomana"},"content":{"rendered":"<p><strong>Tuotenumero 500807<\/strong><\/p>\n<h3 data-start=\"0\" data-end=\"55\"><strong data-start=\"0\" data-end=\"55\">Liivi Oslo \u2013 kevyt pehmustettu gilet-liivi | Roly24<\/strong><\/h3>\n<p data-start=\"57\" data-end=\"325\">Oslo on <strong data-start=\"65\" data-end=\"121\">kevyt pehmustettu gilet-liivi h\u00f6yhenefektit\u00e4ytteell\u00e4<\/strong>, joka sopii erinomaisesti <strong data-start=\"148\" data-end=\"212\">ty\u00f6vaatteeksi, ulkoiluun, yritysvaatteeksi sek\u00e4 vapaa-aikaan<\/strong>. Vedenkest\u00e4v\u00e4 ja tuulenpit\u00e4v\u00e4 rakenne tekee liivist\u00e4 k\u00e4yt\u00e4nn\u00f6llisen viileisiin ja vaihteleviin s\u00e4\u00e4olosuhteisiin.<\/p>\n<p data-start=\"327\" data-end=\"565\">Liiviss\u00e4 on <strong data-start=\"339\" data-end=\"450\">k\u00e4\u00e4nteinen vetoketju leukasuojalla, vetoketjulliset sivutaskut sek\u00e4 joustava reunus helmassa ja k\u00e4denteiss\u00e4<\/strong>, jotka parantavat k\u00e4ytt\u00f6mukavuutta. Kevyt rakenne tekee liivist\u00e4 <strong data-start=\"516\" data-end=\"564\">helposti taitettavan ja mukana kuljetettavan<\/strong>.<\/p>\n<p data-start=\"567\" data-end=\"699\">Tuote on <strong data-start=\"576\" data-end=\"619\">saatavana painettuna tai painamattomana<\/strong>, joten se sopii hyvin <strong data-start=\"642\" data-end=\"698\">yrityksille, seuroille, tapahtumiin ja ty\u00f6vaatteeksi<\/strong>.<\/p>\n<h2 data-section-id=\"14dkvgu\" data-start=\"701\" data-end=\"716\">Ominaisuudet<\/h2>\n<p data-start=\"718\" data-end=\"964\">\u2022 Kevyt pehmustettu gilet-liivi<br data-start=\"749\" data-end=\"752\" \/>\u2022 H\u00f6yhenefekti polyesterit\u00e4yte<br data-start=\"782\" data-end=\"785\" \/>\u2022 K\u00e4\u00e4nteinen vetoketju leukasuojalla<br data-start=\"821\" data-end=\"824\" \/>\u2022 Kaksi vetoketjullista sivutaskua<br data-start=\"858\" data-end=\"861\" \/>\u2022 Joustava reunus helmassa ja k\u00e4denteiss\u00e4<br data-start=\"902\" data-end=\"905\" \/>\u2022 Kontrastinen sis\u00e4vuori<br data-start=\"929\" data-end=\"932\" \/>\u2022 Kevyt ja helposti taitettava<\/p>\n<h2 data-section-id=\"1yf6ifa\" data-start=\"966\" data-end=\"979\">Materiaali<\/h2>\n<p data-start=\"981\" data-end=\"1090\"><strong data-start=\"981\" data-end=\"991\">Kuori:<\/strong> 100 % polyesteri, 300T<br data-start=\"1014\" data-end=\"1017\" \/><strong data-start=\"1017\" data-end=\"1027\">Vuori:<\/strong> 100 % polyesteri<br data-start=\"1044\" data-end=\"1047\" \/><strong data-start=\"1047\" data-end=\"1057\">T\u00e4yte:<\/strong> 100 % polyesteri, h\u00f6yhenefekti<\/p>\n<p data-start=\"1092\" data-end=\"1113\"><strong data-start=\"1092\" data-end=\"1102\">Paino:<\/strong> 290 g\/m\u00b2<\/p>\n<p data-start=\"1115\" data-end=\"1225\">Materiaali tekee liivist\u00e4 <strong data-start=\"1141\" data-end=\"1193\">kevyen, l\u00e4mpim\u00e4n, vedenkest\u00e4v\u00e4n ja tuulenpit\u00e4v\u00e4n<\/strong>, mik\u00e4 sopii hyvin ulkok\u00e4ytt\u00f6\u00f6n.<\/p>\n<h2 data-section-id=\"1izbzca\" data-start=\"1227\" data-end=\"1255\">Mahdolliset merkkaustavat<\/h2>\n<p data-start=\"1257\" data-end=\"1321\"><strong data-start=\"1257\" data-end=\"1270\">Painatus:<\/strong> DTF<br data-start=\"1274\" data-end=\"1277\" \/><strong data-start=\"1277\" data-end=\"1292\">Brodeeraus:<\/strong> Saatavilla tarjouspyynn\u00f6ll\u00e4.<\/p>\n<h2 data-section-id=\"wipf49\" data-start=\"1323\" data-end=\"1339\">K\u00e4ytt\u00f6kohteet<\/h2>\n<p data-start=\"1341\" data-end=\"1455\">\u2022 yritys- ja ty\u00f6vaatteet<br data-start=\"1365\" data-end=\"1368\" \/>\u2022 ulkoilu ja vapaa-aika<br data-start=\"1391\" data-end=\"1394\" \/>\u2022 urheiluseurat ja tapahtumat<br data-start=\"1423\" data-end=\"1426\" \/>\u2022 kampanja- ja logovaatteet<\/p>\n<h2 data-section-id=\"m4e5ur\" data-start=\"1457\" data-end=\"1472\">Toimitusaika<\/h2>\n<p data-start=\"1474\" data-end=\"1589\">Arvioitu toimitusaika <strong data-start=\"1496\" data-end=\"1513\">noin 1 viikko<\/strong>.<br data-start=\"1514\" data-end=\"1517\" \/>Toimitusaika voi vaihdella tilausm\u00e4\u00e4r\u00e4n ja mahdollisen merkinn\u00e4n mukaan.<\/p>\n<h2 data-section-id=\"1hryhf7\" data-start=\"1591\" data-end=\"1597\">FAQ<\/h2>\n<p data-start=\"1599\" data-end=\"1723\"><strong data-start=\"1599\" data-end=\"1639\">Voiko Oslo-liivin tilata painettuna?<\/strong><br data-start=\"1639\" data-end=\"1642\" \/>Kyll\u00e4. Liivi voidaan toimittaa <strong data-start=\"1673\" data-end=\"1722\">logolla, tekstill\u00e4 tai grafiikalla painettuna<\/strong>.<\/p>\n<p data-start=\"1725\" data-end=\"1826\"><strong data-start=\"1725\" data-end=\"1768\">Voiko tuotteen tilata ilman painatusta?<\/strong><br data-start=\"1768\" data-end=\"1771\" \/>Kyll\u00e4, Oslo-liivi on saatavana my\u00f6s <strong data-start=\"1807\" data-end=\"1825\">painamattomana<\/strong>.<\/p>\n<p data-start=\"1828\" data-end=\"1959\"><strong data-start=\"1828\" data-end=\"1872\">Onko liivi vedenkest\u00e4v\u00e4 ja tuulenpit\u00e4v\u00e4?<\/strong><br data-start=\"1872\" data-end=\"1875\" \/>Kyll\u00e4. Liivi on <strong data-start=\"1891\" data-end=\"1923\">vedenkest\u00e4v\u00e4 ja tuulenpit\u00e4v\u00e4<\/strong>, joten se sopii hyvin ulkok\u00e4ytt\u00f6\u00f6n.<\/p>\n<p data-start=\"1961\" data-end=\"2090\" data-is-last-node=\"\" data-is-only-node=\"\"><strong data-start=\"1961\" data-end=\"2005\">Onko liivi helppo ottaa mukaan matkalle?<\/strong><br data-start=\"2005\" data-end=\"2008\" \/>Kyll\u00e4. Oslo-liivi on <strong data-start=\"2029\" data-end=\"2052\">kevyt ja taitettava<\/strong>, joten se on helppo kuljettaa mukana.<\/p>\n<div class=\"ml-auto d-flex align-items-center\" data-v-5ec54137=\"\">\n<div data-v-5ec54137=\"\"><\/div>\n<\/div>\n<div data-v-5ec54137=\"\"><img decoding=\"async\" class=\"mr-1 grey\" title=\"40\u00ba wash max\" src=\"https:\/\/static.gorfactory.es\/images\/icons\/20221116171353_Lavar-40-max.png\" alt=\"40\u00ba wash max\" width=\"40\" height=\"40\" data-v-6089ed0a=\"\" data-v-636bb056=\"\" \/><img decoding=\"async\" class=\"mr-1 grey\" title=\"Do not bleach\" src=\"https:\/\/static.gorfactory.es\/images\/icons\/20220914110315_No%20usar%20blanqueador.png\" alt=\"Do not bleach\" width=\"40\" height=\"40\" data-v-6089ed0a=\"\" data-v-636bb056=\"\" \/><img decoding=\"async\" class=\"mr-1 grey\" title=\"Iron at medium temperature (Max. 150\u00ba)\" src=\"https:\/\/static.gorfactory.es\/images\/icons\/20221110105823_Planchar-Max%20150.png\" alt=\"Iron at medium temperature (Max. 150\u00ba)\" width=\"40\" height=\"40\" data-v-6089ed0a=\"\" data-v-636bb056=\"\" \/><img loading=\"lazy\" decoding=\"async\" class=\"mr-1 grey\" title=\"Do not dry clean\" src=\"https:\/\/static.gorfactory.es\/images\/icons\/20220914110151_No%20lavar%20en%20seco.png\" alt=\"Do not dry clean\" width=\"40\" height=\"40\" data-v-6089ed0a=\"\" data-v-636bb056=\"\" \/><img loading=\"lazy\" decoding=\"async\" class=\"mr-1 grey\" title=\"Do not tumble dry\" src=\"https:\/\/static.gorfactory.es\/images\/icons\/20220914110302_No%20secar%20en%20secadora.png\" alt=\"Do not tumble dry\" width=\"40\" height=\"40\" data-v-6089ed0a=\"\" data-v-636bb056=\"\" \/><\/div>\n<div data-v-5ec54137=\"\"><\/div>\n<div data-v-5ec54137=\"\"><\/div>\n<table id=\"size_chart\" class=\"table table-responsive\" style=\"height: 265px;\" width=\"203\" cellspacing=\"0\" cellpadding=\"0\">\n<tbody>\n<tr>\n<th>Koko<\/th>\n<th><img decoding=\"async\" src=\"https:\/\/wordans-a1a5.kxcdn.com\/images\/wordans2010\/length.png\" alt=\"Length\" \/>\u00a0<label id=\"lengthLabel\">Pituus<\/label><\/th>\n<th><img decoding=\"async\" src=\"https:\/\/wordans-a1a5.kxcdn.com\/images\/wordans2010\/width.png\" alt=\"Width\" \/>\u00a0<label id=\"widthLabel\">Leveys<\/label><\/th>\n<\/tr>\n<tr>\n<td>S<\/td>\n<td>66<\/td>\n<td>53<\/td>\n<\/tr>\n<tr>\n<td>M<\/td>\n<td>68<\/td>\n<td>55,5<\/td>\n<\/tr>\n<tr>\n<td>L<\/td>\n<td>70<\/td>\n<td>58<\/td>\n<\/tr>\n<tr>\n<td>XL<\/td>\n<td>72<\/td>\n<td>61,5<\/td>\n<\/tr>\n<tr>\n<td>2XL<\/td>\n<td>74<\/td>\n<td>65<\/td>\n<\/tr>\n<tr>\n<td>3XL<\/td>\n<td>75<\/td>\n<td>69<\/td>\n<\/tr>\n<tr>\n<td>4XL<\/td>\n<td>76<\/td>\n<td>73<\/td>\n<\/tr>\n<tr>\n<td>5XL<\/td>\n<td>&#8211;<\/td>\n<td>&#8211;<\/td>\n<\/tr>\n<\/tbody>\n<\/table>\n<p>&nbsp;<\/p>\n","protected":false},"excerpt":{"rendered":"<p>Tuotenumero 500807 Liivi Oslo \u2013 kevyt pehmustettu gilet-liivi | Roly24 Oslo on kevyt pehmustettu gilet-liivi h\u00f6yhenefektit\u00e4ytteell\u00e4, joka sopii erinomaisesti ty\u00f6vaatteeksi, ulkoiluun, yritysvaatteeksi sek\u00e4 vapaa-aikaan. Vedenkest\u00e4v\u00e4 ja tuulenpit\u00e4v\u00e4 rakenne tekee liivist\u00e4 k\u00e4yt\u00e4nn\u00f6llisen viileisiin ja vaihteleviin s\u00e4\u00e4olosuhteisiin. Liiviss\u00e4 on k\u00e4\u00e4nteinen vetoketju leukasuojalla, vetoketjulliset sivutaskut sek\u00e4 joustava reunus helmassa ja k\u00e4denteiss\u00e4, jotka parantavat k\u00e4ytt\u00f6mukavuutta. Kevyt rakenne tekee liivist\u00e4 [&hellip;]<\/p>\n","protected":false},"featured_media":13579,"template":"","meta":{"_acf_changed":false,"om_disable_all_campaigns":false,"_monsterinsights_skip_tracking":false,"_monsterinsights_sitenote_active":false,"_monsterinsights_sitenote_note":"","_monsterinsights_sitenote_category":0},"product_brand":[],"product_cat":[486,501],"product_tag":[175,546,298],"class_list":{"0":"post-11627","1":"product","2":"type-product","3":"status-publish","4":"has-post-thumbnail","6":"product_cat-liivit","7":"product_cat-rolyliivit","8":"product_tag-liivi","9":"product_tag-liivi-painatuksella","10":"product_tag-painatus","11":"product_shipping_class-postipaketti","13":"first","14":"instock","15":"taxable","16":"shipping-taxable","17":"purchasable","18":"product-type-simple"},"acf":[],"aioseo_notices":[],"_links":{"self":[{"href":"https:\/\/www.roly24.com\/index.php\/wp-json\/wp\/v2\/product\/11627","targetHints":{"allow":["GET"]}}],"collection":[{"href":"https:\/\/www.roly24.com\/index.php\/wp-json\/wp\/v2\/product"}],"about":[{"href":"https:\/\/www.roly24.com\/index.php\/wp-json\/wp\/v2\/types\/product"}],"version-history":[{"count":2,"href":"https:\/\/www.roly24.com\/index.php\/wp-json\/wp\/v2\/product\/11627\/revisions"}],"predecessor-version":[{"id":22068,"href":"https:\/\/www.roly24.com\/index.php\/wp-json\/wp\/v2\/product\/11627\/revisions\/22068"}],"wp:featuredmedia":[{"embeddable":true,"href":"https:\/\/www.roly24.com\/index.php\/wp-json\/wp\/v2\/media\/13579"}],"wp:attachment":[{"href":"https:\/\/www.roly24.com\/index.php\/wp-json\/wp\/v2\/media?parent=11627"}],"wp:term":[{"taxonomy":"product_brand","embeddable":true,"href":"https:\/\/www.roly24.com\/index.php\/wp-json\/wp\/v2\/product_brand?post=11627"},{"taxonomy":"product_cat","embeddable":true,"href":"https:\/\/www.roly24.com\/index.php\/wp-json\/wp\/v2\/product_cat?post=11627"},{"taxonomy":"product_tag","embeddable":true,"href":"https:\/\/www.roly24.com\/index.php\/wp-json\/wp\/v2\/product_tag?post=11627"}],"curies":[{"name":"wp","href":"https:\/\/api.w.org\/{rel}","templated":true}]}}