{"id":11408,"date":"2024-05-03T12:19:26","date_gmt":"2024-05-03T10:19:26","guid":{"rendered":"https:\/\/www.roly24.com\/?post_type=product&#038;p=11408"},"modified":"2026-03-14T09:42:39","modified_gmt":"2026-03-14T07:42:39","slug":"t-paita-bahrain-womankappalehinta-alkaen","status":"publish","type":"product","link":"https:\/\/www.roly24.com\/index.php\/tuote\/t-paita-bahrain-womankappalehinta-alkaen\/","title":{"rendered":"Naisten tekninen T-Paita BAHRAIN 135g\/m\u00b2  painettuna tai painamattomana"},"content":{"rendered":"<p><strong>Tuotenumero 501124<\/strong><\/p>\n<h2 data-section-id=\"133vmfk\" data-start=\"0\" data-end=\"88\">T-Paita Bahrain Women \u2013 naisten tekninen raglan t-paita painettuna tai painamattomana<\/h2>\n<p data-start=\"90\" data-end=\"588\"><strong data-start=\"90\" data-end=\"115\">Bahrain Women t-paita<\/strong> on kevyt ja suorituskykyinen <strong data-start=\"145\" data-end=\"180\">naisten tekninen raglan-t-paita<\/strong>, joka on valmistettu <strong data-start=\"202\" data-end=\"248\">CONTROL-DRY teknisest\u00e4 polyesterikankaasta<\/strong>. Paita sopii erinomaisesti <strong data-start=\"276\" data-end=\"379\">urheiluun, treeniin, joukkuepaitoihin, yritystapahtumiin, promootiotuotteisiin sek\u00e4 j\u00e4lleenmyyntiin<\/strong>. Tuotteet myyd\u00e4\u00e4n <strong data-start=\"398\" data-end=\"438\">sek\u00e4 painettuina ett\u00e4 painamattomina<\/strong>, joten paidat voidaan toimittaa valmiiksi painettuina logolla, tekstill\u00e4 tai designilla tai ilman painatusta omaa k\u00e4ytt\u00f6\u00e4 tai jatkopainatusta varten.<\/p>\n<p data-start=\"590\" data-end=\"879\">Paidassa on <strong data-start=\"602\" data-end=\"633\">raglanhihat ja hihapaneelit<\/strong>, jotka lis\u00e4\u00e4v\u00e4t liikkuvuutta ja mukavuutta aktiivisessa k\u00e4yt\u00f6ss\u00e4. <strong data-start=\"700\" data-end=\"740\">Py\u00f6re\u00e4 p\u00e4\u00e4ntie peitetyill\u00e4 saumoilla<\/strong> parantaa k\u00e4ytt\u00f6mukavuutta ja kest\u00e4vyytt\u00e4. <strong data-start=\"783\" data-end=\"838\">Overlock-viimeistely k\u00e4denteiss\u00e4 ja hihapaneeleissa<\/strong> antaa paidalle modernin teknisen ilmeen.<\/p>\n<p data-start=\"881\" data-end=\"1040\">Kevyt <strong data-start=\"887\" data-end=\"926\">vohveli interlock -polyesterikangas<\/strong> on hengitt\u00e4v\u00e4 ja nopeasti kuivuva, mik\u00e4 tekee paidasta erinomaisen vaihtoehdon urheiluun ja aktiiviseen k\u00e4ytt\u00f6\u00f6n.<\/p>\n<h3 data-section-id=\"rog7al\" data-start=\"1042\" data-end=\"1058\">Ominaisuudet<\/h3>\n<p data-start=\"1059\" data-end=\"1480\">Naisten tekninen lyhythihainen t-paita \u2022 <strong data-start=\"1100\" data-end=\"1115\">Raglanhihat<\/strong> \u2022 Py\u00f6re\u00e4 p\u00e4\u00e4ntie peitetyill\u00e4 saumoilla \u2022 Hihapaneelit \u2022 Overlock-viimeistely k\u00e4denteiss\u00e4 ja hihoissa \u2022 <strong data-start=\"1219\" data-end=\"1245\">CONTROL-DRY teknologia<\/strong> \u2022 Hengitt\u00e4v\u00e4 ja nopeasti kuivuva kangas \u2022 <strong data-start=\"1288\" data-end=\"1307\">Tekninen kangas<\/strong> \u2022 <strong data-start=\"1310\" data-end=\"1334\">Irrotettava etiketti<\/strong> (sopii j\u00e4lleenmyyntiin ja omaan br\u00e4nd\u00e4ykseen) \u2022 <strong data-start=\"1383\" data-end=\"1415\">UV-suojakerroin v\u00e4rin mukaan<\/strong> \u2022 <strong data-start=\"1418\" data-end=\"1434\">Duo-konsepti<\/strong> \u2022 <strong data-start=\"1437\" data-end=\"1480\">Saatavana painettuna tai painamattomana<\/strong><\/p>\n<h3 data-section-id=\"dpzujp\" data-start=\"1482\" data-end=\"1496\">Materiaali<\/h3>\n<p data-start=\"1497\" data-end=\"1552\"><strong data-start=\"1497\" data-end=\"1517\">100 % polyesteri<\/strong><br data-start=\"1517\" data-end=\"1520\" \/><strong data-start=\"1520\" data-end=\"1552\">Vohveli interlock \u2022 135 g\/m\u00b2<\/strong><\/p>\n<p data-start=\"1554\" data-end=\"1672\">Kevyt ja hengitt\u00e4v\u00e4 tekninen kangas soveltuu erinomaisesti <strong data-start=\"1613\" data-end=\"1671\">urheiluun, treeniin ja teknisten paitojen painatukseen<\/strong>.<\/p>\n<h3 data-section-id=\"q08wlc\" data-start=\"1674\" data-end=\"1690\">Toimitusaika<\/h3>\n<p data-start=\"1691\" data-end=\"1808\"><strong data-start=\"1691\" data-end=\"1731\">Arvioitu toimitusaika noin 1 viikko.<\/strong><br data-start=\"1731\" data-end=\"1734\" \/>Toimitusaika voi vaihdella tilausm\u00e4\u00e4r\u00e4n ja mahdollisen painatuksen mukaan.<\/p>\n<h3 data-section-id=\"19f8ccq\" data-start=\"1810\" data-end=\"1827\">K\u00e4ytt\u00f6kohteet<\/h3>\n<p data-start=\"1828\" data-end=\"2009\">Sopii hyvin esimerkiksi:<br data-start=\"1852\" data-end=\"1855\" \/>urheiluun \u2022 treeniin \u2022 juoksuun \u2022 joukkuepaitoihin \u2022 yritystapahtumiin \u2022 promootiotuotteisiin \u2022 br\u00e4ndituotteisiin \u2022 verkkokauppamyyntiin \u2022 j\u00e4lleenmyyntiin<\/p>\n<h3 data-section-id=\"6b1txa\" data-start=\"2011\" data-end=\"2053\">Tuotteet painettuna tai painamattomana<\/h3>\n<p data-start=\"2054\" data-end=\"2210\">Voit tilata Bahrain Women paidat <strong data-start=\"2087\" data-end=\"2105\">painamattomina<\/strong> omaa painotuotantoa varten tai <strong data-start=\"2137\" data-end=\"2162\">valmiiksi painettuina<\/strong> esimerkiksi logolla, tekstill\u00e4 tai grafiikalla.<\/p>\n<p data-start=\"2212\" data-end=\"2287\">Mahdolliset merkkaustavat:<br data-start=\"2238\" data-end=\"2241\" \/><strong data-start=\"2241\" data-end=\"2287\">DTF-painatus \u2022 siirtopainatus \u2022 brodeeraus<\/strong><\/p>\n<h3 data-section-id=\"gwkuul\" data-start=\"2289\" data-end=\"2321\">Suuret er\u00e4t ja j\u00e4lleenmyyj\u00e4t<\/h3>\n<p data-start=\"2322\" data-end=\"2545\">Toimitamme <strong data-start=\"2333\" data-end=\"2367\">suuremmat er\u00e4t tarjouspohjalta<\/strong> esimerkiksi j\u00e4lleenmyyjille, painotaloille, yrityksille, yhdistyksille ja tapahtumaj\u00e4rjest\u00e4jille. Tuotteet voidaan toimittaa <strong data-start=\"2493\" data-end=\"2527\">painettuina tai painamattomina<\/strong> tilauksen mukaan.<\/p>\n<p data-start=\"2547\" data-end=\"2587\">\ud83d\udce9 <strong data-start=\"2550\" data-end=\"2587\">Pyyd\u00e4 tarjous suuremmista erist\u00e4.<\/strong><\/p>\n<h3 data-section-id=\"181otkz\" data-start=\"2589\" data-end=\"2623\">FAQ \u2013 Usein kysytyt kysymykset<\/h3>\n<p data-start=\"2625\" data-end=\"2767\"><strong data-start=\"2625\" data-end=\"2676\">Voiko Bahrain Women t-paidan tilata painettuna?<\/strong><br data-start=\"2676\" data-end=\"2679\" \/>Kyll\u00e4. Paidat voidaan toimittaa <strong data-start=\"2711\" data-end=\"2766\">valmiiksi painettuina omalla logolla tai designilla<\/strong>.<\/p>\n<p data-start=\"2769\" data-end=\"2880\"><strong data-start=\"2769\" data-end=\"2812\">Voiko t-paidan tilata ilman painatusta?<\/strong><br data-start=\"2812\" data-end=\"2815\" \/>Kyll\u00e4. Tuotteet myyd\u00e4\u00e4n <strong data-start=\"2839\" data-end=\"2879\">sek\u00e4 painettuina ett\u00e4 painamattomina<\/strong>.<\/p>\n<p data-start=\"2882\" data-end=\"3049\"><strong data-start=\"2882\" data-end=\"2920\">Onko Bahrain Women hyv\u00e4 urheiluun?<\/strong><br data-start=\"2920\" data-end=\"2923\" \/>Kyll\u00e4. <strong data-start=\"2930\" data-end=\"2971\">CONTROL-DRY tekninen polyesterikangas<\/strong> on hengitt\u00e4v\u00e4 ja nopeasti kuivuva, mik\u00e4 tekee paidasta erinomaisen urheiluun.<\/p>\n<p data-start=\"3051\" data-end=\"3162\"><strong data-start=\"3051\" data-end=\"3083\">Mit\u00e4 materiaalia t-paita on?<\/strong><br data-start=\"3083\" data-end=\"3086\" \/>T-paita on valmistettu <strong data-start=\"3109\" data-end=\"3161\">100 % polyesterist\u00e4 (135 g\/m\u00b2 vohveli interlock)<\/strong>.<\/p>\n<p data-start=\"3164\" data-end=\"3246\"><strong data-start=\"3164\" data-end=\"3191\">Onko paidassa UV-suoja?<\/strong><br data-start=\"3191\" data-end=\"3194\" \/>Kyll\u00e4. Paidassa on <strong data-start=\"3213\" data-end=\"3245\">UV-suojakerroin v\u00e4rin mukaan<\/strong>.<\/p>\n<p data-start=\"3248\" data-end=\"3383\"><strong data-start=\"3248\" data-end=\"3281\">Kuinka pitk\u00e4 toimitusaika on?<\/strong><br data-start=\"3281\" data-end=\"3284\" \/>Arvioitu toimitusaika on <strong data-start=\"3309\" data-end=\"3326\">noin 1 viikko<\/strong>, riippuen tilausm\u00e4\u00e4r\u00e4st\u00e4 ja mahdollisesta painatuksesta.<\/p>\n<div class=\"ml-auto d-flex align-items-center\" data-v-5ec54137=\"\">\n<div data-v-5ec54137=\"\">\n<p><img decoding=\"async\" class=\"mr-1 grey\" title=\"Iron at low temperature (Max. 110\u00ba)\" src=\"https:\/\/static.gorfactory.es\/images\/icons\/20221117085113_Planchar-110.png\" alt=\"Iron at low temperature (Max. 110\u00ba)\" width=\"40\" height=\"40\" data-v-6089ed0a=\"\" data-v-8e628e4a=\"\" \/><img decoding=\"async\" class=\"mr-1 grey\" title=\"Do not dry clean\" src=\"https:\/\/static.gorfactory.es\/images\/icons\/20220914110151_No%20lavar%20en%20seco.png\" alt=\"Do not dry clean\" width=\"40\" height=\"40\" data-v-6089ed0a=\"\" data-v-8e628e4a=\"\" \/><img decoding=\"async\" class=\"mr-1 grey\" title=\"Do not tumble dry\" src=\"https:\/\/static.gorfactory.es\/images\/icons\/20220914110302_No%20secar%20en%20secadora.png\" alt=\"Do not tumble dry\" width=\"40\" height=\"40\" data-v-6089ed0a=\"\" data-v-8e628e4a=\"\" \/><img loading=\"lazy\" decoding=\"async\" class=\"mr-1 grey\" title=\"30\u00ba wash max.\" src=\"https:\/\/static.gorfactory.es\/images\/icons\/20220914110209_Lavar%20a%2030%C2%BA%20m%C3%A1ximo.png\" alt=\"30\u00ba wash max.\" width=\"40\" height=\"40\" data-v-6089ed0a=\"\" data-v-8e628e4a=\"\" \/><img loading=\"lazy\" decoding=\"async\" class=\"mr-1 grey\" title=\"Do not bleach\" src=\"https:\/\/static.gorfactory.es\/images\/icons\/20220914110315_No%20usar%20blanqueador.png\" alt=\"Do not bleach\" width=\"40\" height=\"40\" data-v-6089ed0a=\"\" data-v-8e628e4a=\"\" \/><\/p>\n<\/div>\n<\/div>\n<div data-v-5ec54137=\"\"><strong>Mittausohjeet:<\/strong><br \/>\n<strong>Leveys: Tuotteen reunasta reunaan 2cm hihojen alapuolelta.<\/strong><br \/>\n<strong>Pituus: Olkap\u00e4\u00e4n korkeimmasta kohdasta tuotteen\u00a0alareunaan.<\/strong><\/div>\n<div data-v-5ec54137=\"\"><\/div>\n<table id=\"size_chart\" class=\"table table-responsive\" style=\"height: 265px;\" width=\"203\" cellspacing=\"0\" cellpadding=\"0\">\n<tbody>\n<tr>\n<th>Koko<\/th>\n<th><img decoding=\"async\" src=\"https:\/\/wordans-a1a5.kxcdn.com\/images\/wordans2010\/length.png\" alt=\"Length\" \/>\u00a0<label id=\"lengthLabel\">Pituus<\/label><\/th>\n<th><img decoding=\"async\" src=\"https:\/\/wordans-a1a5.kxcdn.com\/images\/wordans2010\/width.png\" alt=\"Width\" \/>\u00a0<label id=\"widthLabel\">Leveys<\/label><\/th>\n<\/tr>\n<tr>\n<td>S<\/td>\n<td>62<\/td>\n<td>42<\/td>\n<\/tr>\n<tr>\n<td>M<\/td>\n<td>64<\/td>\n<td>45<\/td>\n<\/tr>\n<tr>\n<td>L<\/td>\n<td>66<\/td>\n<td>48<\/td>\n<\/tr>\n<tr>\n<td>XL<\/td>\n<td>68<\/td>\n<td>51<\/td>\n<\/tr>\n<tr>\n<td>2XL<\/td>\n<td>70<\/td>\n<td>54<\/td>\n<\/tr>\n<\/tbody>\n<\/table>\n<p>&nbsp;<\/p>\n","protected":false},"excerpt":{"rendered":"<p>Tuotenumero 501124 T-Paita Bahrain Women \u2013 naisten tekninen raglan t-paita painettuna tai painamattomana Bahrain Women t-paita on kevyt ja suorituskykyinen naisten tekninen raglan-t-paita, joka on valmistettu CONTROL-DRY teknisest\u00e4 polyesterikankaasta. Paita sopii erinomaisesti urheiluun, treeniin, joukkuepaitoihin, yritystapahtumiin, promootiotuotteisiin sek\u00e4 j\u00e4lleenmyyntiin. Tuotteet myyd\u00e4\u00e4n sek\u00e4 painettuina ett\u00e4 painamattomina, joten paidat voidaan toimittaa valmiiksi painettuina logolla, tekstill\u00e4 tai designilla [&hellip;]<\/p>\n","protected":false},"featured_media":15763,"template":"","meta":{"_acf_changed":false,"om_disable_all_campaigns":false,"_monsterinsights_skip_tracking":false,"_monsterinsights_sitenote_active":false,"_monsterinsights_sitenote_note":"","_monsterinsights_sitenote_category":0},"product_brand":[],"product_cat":[512,513],"product_tag":[298,609,425,555],"class_list":{"0":"post-11408","1":"product","2":"type-product","3":"status-publish","4":"has-post-thumbnail","6":"product_cat-sport","7":"product_cat-sport-t-paidat","8":"product_tag-painatus","9":"product_tag-paita-painatuksella","10":"product_tag-t-paita","11":"product_tag-tekninen-paita","12":"product_shipping_class-postipaketti","14":"first","15":"instock","16":"taxable","17":"shipping-taxable","18":"purchasable","19":"product-type-simple"},"acf":[],"aioseo_notices":[],"_links":{"self":[{"href":"https:\/\/www.roly24.com\/index.php\/wp-json\/wp\/v2\/product\/11408","targetHints":{"allow":["GET"]}}],"collection":[{"href":"https:\/\/www.roly24.com\/index.php\/wp-json\/wp\/v2\/product"}],"about":[{"href":"https:\/\/www.roly24.com\/index.php\/wp-json\/wp\/v2\/types\/product"}],"version-history":[{"count":3,"href":"https:\/\/www.roly24.com\/index.php\/wp-json\/wp\/v2\/product\/11408\/revisions"}],"predecessor-version":[{"id":21960,"href":"https:\/\/www.roly24.com\/index.php\/wp-json\/wp\/v2\/product\/11408\/revisions\/21960"}],"wp:featuredmedia":[{"embeddable":true,"href":"https:\/\/www.roly24.com\/index.php\/wp-json\/wp\/v2\/media\/15763"}],"wp:attachment":[{"href":"https:\/\/www.roly24.com\/index.php\/wp-json\/wp\/v2\/media?parent=11408"}],"wp:term":[{"taxonomy":"product_brand","embeddable":true,"href":"https:\/\/www.roly24.com\/index.php\/wp-json\/wp\/v2\/product_brand?post=11408"},{"taxonomy":"product_cat","embeddable":true,"href":"https:\/\/www.roly24.com\/index.php\/wp-json\/wp\/v2\/product_cat?post=11408"},{"taxonomy":"product_tag","embeddable":true,"href":"https:\/\/www.roly24.com\/index.php\/wp-json\/wp\/v2\/product_tag?post=11408"}],"curies":[{"name":"wp","href":"https:\/\/api.w.org\/{rel}","templated":true}]}}