{"id":3,"date":"2019-06-05T11:39:57","date_gmt":"2019-06-05T11:39:57","guid":{"rendered":"https:\/\/www.roly24.com\/?page_id=3"},"modified":"2026-03-17T13:38:07","modified_gmt":"2026-03-17T11:38:07","slug":"privacy-policy","status":"publish","type":"page","link":"https:\/\/www.roly24.com\/index.php\/privacy-policy\/","title":{"rendered":"Tietosuojaseloste"},"content":{"rendered":"\n<p><\/p>\n\n\n\n<p><strong>20.1.2026<\/strong><\/p>\n\n\n\n<p>Rekisterinpit\u00e4j\u00e4:<\/p>\n\n\n\n<p>Printingshop24 Oy<\/p>\n\n\n\n<p>Y-&nbsp;3579355-7<\/p>\n\n\n\n<p><\/p>\n\n\n\n<p>Printingshop24 Oy tallentaa ja k\u00e4sittelee asiakkaidensa henkil\u00f6tietoja EU:n yleisen tietosuoja-asetuksen (GDPR, 2016\/679) sek\u00e4 nykyisen henkil\u00f6tietolain (523\/1999) mukaisesti. Asiakkaan on hyv\u00e4ksytt\u00e4v\u00e4 t\u00e4m\u00e4n tietosuojaselosteen ehdot ennen verkkokaupasta tilaamista. Henkil\u00f6tietojen antaminen on edellytys tilaamiselle. Verkkokaupastamme ei voi tilata tuotteita antamatta henkil\u00f6tietoja.<\/p>\n\n\n\n<p>Rekisterin k\u00e4ytt\u00f6tarkoituksia ovat:<\/p>\n\n\n\n<p>Asiakkuuden yll\u00e4pito, kuten tilausten k\u00e4sittely, toimitus, takuuasiat ja laskutus.<br>Asiakkuuteen liittyv\u00e4 viestint\u00e4, kuten&nbsp;erilaiset kampanjat.<br>K\u00e4ytt\u00f6kokemuksen parantaminen, tuotesuositusten antaminen ja markkinoinnin kohdennus.<br><br>Henkil\u00f6tietojen k\u00e4sittelyss\u00e4 ja k\u00e4sittelyn suunnittelussa noudatamme hyvi\u00e4 tietosuojak\u00e4yt\u00e4nt\u00f6j\u00e4. Henkil\u00f6tietojen k\u00e4sittelyss\u00e4 on huomioitu 25.5.2018 alkaen noudatettavan EU:n yleisen tietosuoja-asetuksen (GDPR) vaatimukset.&nbsp;<\/p>\n\n\n\n<p>Vantaan Printingshop24 Oy:n asiakasrekisteri sis\u00e4lt\u00e4\u00e4 seuraavat tiedot<\/p>\n\n\n\n<ol class=\"wp-block-list\">\n<li>etu- ja sukunimi<\/li>\n\n\n\n<li>s\u00e4hk\u00f6posti<\/li>\n\n\n\n<li>puhelinnumero<\/li>\n\n\n\n<li>postiosoite<\/li>\n\n\n\n<li>maksutiedot, mukaan lukien luottosopimukset ja muut laskutustiedot<\/li>\n\n\n\n<li>tilaushistoria.<\/li>\n<\/ol>\n\n\n\n<p>S\u00e4ilyt\u00e4mme henkil\u00f6kohtaisia tietojasi vain tarvittavan ajan, jotta voimme t\u00e4ytt\u00e4\u00e4 t\u00e4ss\u00e4 tietosuojaselosteessa kuvatut k\u00e4ytt\u00f6tarkoitukset. Suomen kirjanpitolaki asettaa velvoitteita tiedon pidempiaikaiselle tallentamiselle.&nbsp;Henkil\u00f6tietoja vastaanottavat:<\/p>\n\n\n\n<p>Yrityksemme ja sen ty\u00f6ntekij\u00e4t.<br>Maksunv\u00e4litt\u00e4j\u00e4, joka vastaanottaa maksut.<br>Kuljetusyritys, joka kuljettaa tavaran asiakkaalle.<\/p>\n\n\n\n<p><br>Rekisterin tiedot koostuvat asiakkaan itse ilmoittamista tiedoista verkkokaupassamme tai muutoin ja erilaisin s\u00e4hk\u00f6isin lomakkein ker\u00e4tt\u00e4vist\u00e4 tiedoista.&nbsp;K\u00e4yt\u00e4mme luotettuja sopimuskumppaneita, jolloin tietoa voidaan siirt\u00e4\u00e4 kolmannelle osapuolelle. Kaikkien kumppanien kanssa on sopimuksissa huomioitu EU:n tietosuoja-asetuksen ja muun lains\u00e4\u00e4d\u00e4nn\u00f6n asettamat vaatimukset.&nbsp;Rekister\u00f6idyill\u00e4 on seuraavat oikeudet:<\/p>\n\n\n\n<p>Oikeus tarkastaa itse\u00e4 koskevat henkil\u00f6tiedot.<br>Oikeus tietojen oikaisemiseen.<br>Oikeus k\u00e4sittelyn rajoittamiseen (esimerkiksi oikeus kielt\u00e4\u00e4 markkinointi).<br>Oikeus vastustaa k\u00e4sittely\u00e4.<br>Oikeus peruuttaa suostumus (esimerkiksi oikeus peruuttaa suostumus markkinointiin).<br>Oikeus tehd\u00e4 valitus valvontaviranomaiselle.<\/p>\n\n\n\n<p><br>Muutoksista tulee ilmoittaa s\u00e4hk\u00f6postitse asiakaspalveluumme&nbsp;<a href=\"mailto:info@painokauppa.fi\" target=\"_blank\" rel=\"noreferrer noopener\">info<\/a>@admin&nbsp;<br>Ev\u00e4steiden k\u00e4ytt\u00f6&nbsp;Ev\u00e4ste (Cookie) on pieni tekstitiedosto, jonka selain tallentaa k\u00e4ytt\u00e4j\u00e4n p\u00e4\u00e4telaitteelle. Ev\u00e4steet sis\u00e4lt\u00e4v\u00e4t yksil\u00f6llisen tunnisteen, jonka avulla k\u00e4ytt\u00e4ji\u00e4 voidaan tunnistaa. Printingshop24 Oy k\u00e4ytt\u00e4\u00e4 verkkopalvelussaan ev\u00e4steit\u00e4 palvelujen toteuttamiseksi ja helpottamaan palvelujen k\u00e4ytt\u00f6\u00e4. K\u00e4ytt\u00e4j\u00e4\u00e4 ei voida tunnistaa pelkkien ev\u00e4steiden avulla. K\u00e4ytt\u00e4j\u00e4 voi antaa suostumuksensa ev\u00e4steiden k\u00e4yt\u00f6lle tai kielt\u00e4\u00e4 sen selaimensa asetuksista.<\/p>\n","protected":false},"excerpt":{"rendered":"<p>20.1.2026 Rekisterinpit\u00e4j\u00e4: Printingshop24 Oy Y-&nbsp;3579355-7 Printingshop24 Oy tallentaa ja k\u00e4sittelee asiakkaidensa henkil\u00f6tietoja EU:n yleisen tietosuoja-asetuksen (GDPR, 2016\/679) sek\u00e4 nykyisen henkil\u00f6tietolain (523\/1999) mukaisesti. Asiakkaan on hyv\u00e4ksytt\u00e4v\u00e4 t\u00e4m\u00e4n tietosuojaselosteen ehdot ennen verkkokaupasta tilaamista. Henkil\u00f6tietojen antaminen on edellytys tilaamiselle. Verkkokaupastamme ei voi tilata tuotteita antamatta henkil\u00f6tietoja. Rekisterin k\u00e4ytt\u00f6tarkoituksia ovat: Asiakkuuden yll\u00e4pito, kuten tilausten k\u00e4sittely, toimitus, takuuasiat ja laskutus.Asiakkuuteen [&hellip;]<\/p>\n","protected":false},"author":1,"featured_media":0,"parent":0,"menu_order":0,"comment_status":"closed","ping_status":"open","template":"","meta":{"_acf_changed":false,"om_disable_all_campaigns":false,"_monsterinsights_skip_tracking":false,"_monsterinsights_sitenote_active":false,"_monsterinsights_sitenote_note":"","_monsterinsights_sitenote_category":0,"footnotes":""},"class_list":["post-3","page","type-page","status-publish","hentry"],"acf":[],"aioseo_notices":[],"_links":{"self":[{"href":"https:\/\/www.roly24.com\/index.php\/wp-json\/wp\/v2\/pages\/3","targetHints":{"allow":["GET"]}}],"collection":[{"href":"https:\/\/www.roly24.com\/index.php\/wp-json\/wp\/v2\/pages"}],"about":[{"href":"https:\/\/www.roly24.com\/index.php\/wp-json\/wp\/v2\/types\/page"}],"author":[{"embeddable":true,"href":"https:\/\/www.roly24.com\/index.php\/wp-json\/wp\/v2\/users\/1"}],"replies":[{"embeddable":true,"href":"https:\/\/www.roly24.com\/index.php\/wp-json\/wp\/v2\/comments?post=3"}],"version-history":[{"count":1,"href":"https:\/\/www.roly24.com\/index.php\/wp-json\/wp\/v2\/pages\/3\/revisions"}],"predecessor-version":[{"id":22196,"href":"https:\/\/www.roly24.com\/index.php\/wp-json\/wp\/v2\/pages\/3\/revisions\/22196"}],"wp:attachment":[{"href":"https:\/\/www.roly24.com\/index.php\/wp-json\/wp\/v2\/media?parent=3"}],"curies":[{"name":"wp","href":"https:\/\/api.w.org\/{rel}","templated":true}]}}