{"id":22222,"date":"2026-03-18T11:25:30","date_gmt":"2026-03-18T09:25:30","guid":{"rendered":"https:\/\/www.roly24.com\/?page_id=22222"},"modified":"2026-03-18T11:25:49","modified_gmt":"2026-03-18T09:25:49","slug":"kassit-sivustoa-paivitetaan","status":"publish","type":"page","link":"https:\/\/www.roly24.com\/index.php\/kassit-sivustoa-paivitetaan\/","title":{"rendered":"Kassit &#8211; SIVUSTOA P\u00c4IVITET\u00c4\u00c4N"},"content":{"rendered":"","protected":false},"excerpt":{"rendered":"","protected":false},"author":1,"featured_media":0,"parent":0,"menu_order":0,"comment_status":"closed","ping_status":"closed","template":"","meta":{"_acf_changed":false,"om_disable_all_campaigns":false,"_monsterinsights_skip_tracking":false,"_monsterinsights_sitenote_active":false,"_monsterinsights_sitenote_note":"","_monsterinsights_sitenote_category":0,"footnotes":""},"class_list":["post-22222","page","type-page","status-publish","hentry"],"acf":[],"aioseo_notices":[],"_links":{"self":[{"href":"https:\/\/www.roly24.com\/index.php\/wp-json\/wp\/v2\/pages\/22222","targetHints":{"allow":["GET"]}}],"collection":[{"href":"https:\/\/www.roly24.com\/index.php\/wp-json\/wp\/v2\/pages"}],"about":[{"href":"https:\/\/www.roly24.com\/index.php\/wp-json\/wp\/v2\/types\/page"}],"author":[{"embeddable":true,"href":"https:\/\/www.roly24.com\/index.php\/wp-json\/wp\/v2\/users\/1"}],"replies":[{"embeddable":true,"href":"https:\/\/www.roly24.com\/index.php\/wp-json\/wp\/v2\/comments?post=22222"}],"version-history":[{"count":2,"href":"https:\/\/www.roly24.com\/index.php\/wp-json\/wp\/v2\/pages\/22222\/revisions"}],"predecessor-version":[{"id":22225,"href":"https:\/\/www.roly24.com\/index.php\/wp-json\/wp\/v2\/pages\/22222\/revisions\/22225"}],"wp:attachment":[{"href":"https:\/\/www.roly24.com\/index.php\/wp-json\/wp\/v2\/media?parent=22222"}],"curies":[{"name":"wp","href":"https:\/\/api.w.org\/{rel}","templated":true}]}}