{"id":21058,"date":"2025-11-26T19:47:53","date_gmt":"2025-11-26T17:47:53","guid":{"rendered":"https:\/\/www.roly24.com\/?page_id=21058"},"modified":"2025-11-26T19:54:53","modified_gmt":"2025-11-26T17:54:53","slug":"tyovaatteet","status":"publish","type":"page","link":"https:\/\/www.roly24.com\/index.php\/tyovaatteet\/","title":{"rendered":"Ty\u00f6vaatteet"},"content":{"rendered":"\t\t<div data-elementor-type=\"wp-page\" data-elementor-id=\"21058\" class=\"elementor elementor-21058\" data-elementor-post-type=\"page\">\n\t\t\t\t\t\t<section class=\"elementor-section elementor-top-section elementor-element elementor-element-cac8f53 elementor-section-full_width elementor-section-height-default elementor-section-height-default\" data-id=\"cac8f53\" data-element_type=\"section\" data-e-type=\"section\">\n\t\t\t\t\t\t\t<div class=\"elementor-background-overlay\"><\/div>\n\t\t\t\t\t\t\t<div class=\"elementor-container elementor-column-gap-default\">\n\t\t\t\t\t<div class=\"elementor-column elementor-col-100 elementor-top-column elementor-element elementor-element-552fb35\" data-id=\"552fb35\" data-element_type=\"column\" data-e-type=\"column\">\n\t\t\t<div class=\"elementor-widget-wrap elementor-element-populated\">\n\t\t\t\t\t\t<div class=\"elementor-element elementor-element-411ce09 elementor-widget elementor-widget-heading\" data-id=\"411ce09\" data-element_type=\"widget\" data-e-type=\"widget\" data-widget_type=\"heading.default\">\n\t\t\t\t<div class=\"elementor-widget-container\">\n\t\t\t\t\t<h2 class=\"elementor-heading-title elementor-size-default\">SIVUJA RAKENNETAAN<\/h2>\t\t\t\t<\/div>\n\t\t\t\t<\/div>\n\t\t\t\t<div class=\"elementor-element elementor-element-3e712f7 elementor-widget elementor-widget-spacer\" data-id=\"3e712f7\" data-element_type=\"widget\" data-e-type=\"widget\" data-widget_type=\"spacer.default\">\n\t\t\t\t<div class=\"elementor-widget-container\">\n\t\t\t\t\t\t\t<div class=\"elementor-spacer\">\n\t\t\t<div class=\"elementor-spacer-inner\"><\/div>\n\t\t<\/div>\n\t\t\t\t\t\t<\/div>\n\t\t\t\t<\/div>\n\t\t\t\t<div class=\"elementor-element elementor-element-46a4450 elementor-widget elementor-widget-heading\" data-id=\"46a4450\" data-element_type=\"widget\" data-e-type=\"widget\" data-widget_type=\"heading.default\">\n\t\t\t\t<div class=\"elementor-widget-container\">\n\t\t\t\t\t<h2 class=\"elementor-heading-title elementor-size-default\">- Hyv\u00e4 n\u00e4kyvyys <br>\n- Teollisuussektori<br> \n- Tulenkest\u00e4v\u00e4 <br>\n- Hotelli ja ravintola <br>\n- Elintarviketeollisuus <br>\n- Terveys ja kosmetiikka <br>\n- Perusasusteet <br>\n- Ty\u00f6keng\u00e4t<\/h2>\t\t\t\t<\/div>\n\t\t\t\t<\/div>\n\t\t\t\t<div class=\"elementor-element elementor-element-8537ddd elementor-widget elementor-widget-spacer\" data-id=\"8537ddd\" data-element_type=\"widget\" data-e-type=\"widget\" data-widget_type=\"spacer.default\">\n\t\t\t\t<div class=\"elementor-widget-container\">\n\t\t\t\t\t\t\t<div class=\"elementor-spacer\">\n\t\t\t<div class=\"elementor-spacer-inner\"><\/div>\n\t\t<\/div>\n\t\t\t\t\t\t<\/div>\n\t\t\t\t<\/div>\n\t\t\t\t\t<\/div>\n\t\t<\/div>\n\t\t\t\t\t<\/div>\n\t\t<\/section>\n\t\t\t\t<\/div>\n\t\t","protected":false},"excerpt":{"rendered":"<p>SIVUJA RAKENNETAAN &#8211; Hyv\u00e4 n\u00e4kyvyys &#8211; Teollisuussektori &#8211; Tulenkest\u00e4v\u00e4 &#8211; Hotelli ja ravintola &#8211; Elintarviketeollisuus &#8211; Terveys ja kosmetiikka &#8211; Perusasusteet &#8211; Ty\u00f6keng\u00e4t<\/p>\n","protected":false},"author":1,"featured_media":0,"parent":0,"menu_order":0,"comment_status":"closed","ping_status":"closed","template":"","meta":{"_acf_changed":false,"om_disable_all_campaigns":false,"_monsterinsights_skip_tracking":false,"_monsterinsights_sitenote_active":false,"_monsterinsights_sitenote_note":"","_monsterinsights_sitenote_category":0,"footnotes":""},"class_list":["post-21058","page","type-page","status-publish","hentry"],"acf":[],"aioseo_notices":[],"_links":{"self":[{"href":"https:\/\/www.roly24.com\/index.php\/wp-json\/wp\/v2\/pages\/21058","targetHints":{"allow":["GET"]}}],"collection":[{"href":"https:\/\/www.roly24.com\/index.php\/wp-json\/wp\/v2\/pages"}],"about":[{"href":"https:\/\/www.roly24.com\/index.php\/wp-json\/wp\/v2\/types\/page"}],"author":[{"embeddable":true,"href":"https:\/\/www.roly24.com\/index.php\/wp-json\/wp\/v2\/users\/1"}],"replies":[{"embeddable":true,"href":"https:\/\/www.roly24.com\/index.php\/wp-json\/wp\/v2\/comments?post=21058"}],"version-history":[{"count":10,"href":"https:\/\/www.roly24.com\/index.php\/wp-json\/wp\/v2\/pages\/21058\/revisions"}],"predecessor-version":[{"id":21073,"href":"https:\/\/www.roly24.com\/index.php\/wp-json\/wp\/v2\/pages\/21058\/revisions\/21073"}],"wp:attachment":[{"href":"https:\/\/www.roly24.com\/index.php\/wp-json\/wp\/v2\/media?parent=21058"}],"curies":[{"name":"wp","href":"https:\/\/api.w.org\/{rel}","templated":true}]}}