{"id":1298,"date":"2018-04-26T10:51:14","date_gmt":"2018-04-26T08:51:14","guid":{"rendered":"https:\/\/allprint.fi\/?page_id=9"},"modified":"2026-04-21T12:59:21","modified_gmt":"2026-04-21T10:59:21","slug":"etusivu","status":"publish","type":"page","link":"https:\/\/www.roly24.com\/","title":{"rendered":"Etusivu"},"content":{"rendered":"\t\t<div data-elementor-type=\"wp-post\" data-elementor-id=\"1298\" class=\"elementor elementor-1298\" data-elementor-post-type=\"page\">\n\t\t\t\t\t\t<section class=\"elementor-section elementor-top-section elementor-element elementor-element-64d32e3 elementor-section-full_width elementor-section-height-default elementor-section-height-default\" data-id=\"64d32e3\" data-element_type=\"section\" data-e-type=\"section\">\n\t\t\t\t\t\t<div class=\"elementor-container elementor-column-gap-default\">\n\t\t\t\t\t<div class=\"elementor-column elementor-col-100 elementor-top-column elementor-element elementor-element-e291439\" data-id=\"e291439\" data-element_type=\"column\" data-e-type=\"column\">\n\t\t\t<div class=\"elementor-widget-wrap elementor-element-populated\">\n\t\t\t\t\t\t<div class=\"elementor-element elementor-element-891c5aa elementor-widget elementor-widget-spacer\" data-id=\"891c5aa\" data-element_type=\"widget\" data-e-type=\"widget\" data-widget_type=\"spacer.default\">\n\t\t\t\t<div class=\"elementor-widget-container\">\n\t\t\t\t\t\t\t<div class=\"elementor-spacer\">\n\t\t\t<div class=\"elementor-spacer-inner\"><\/div>\n\t\t<\/div>\n\t\t\t\t\t\t<\/div>\n\t\t\t\t<\/div>\n\t\t\t\t<div class=\"elementor-element elementor-element-f636d14 elementor-widget elementor-widget-heading\" data-id=\"f636d14\" data-element_type=\"widget\" data-e-type=\"widget\" data-widget_type=\"heading.default\">\n\t\t\t\t<div class=\"elementor-widget-container\">\n\t\t\t\t\t<h1 class=\"elementor-heading-title elementor-size-default\">Suunnittele, br\u00e4nd\u00e4\u00e4 ja tilaa asusteet ja markkinointituotteet vaivattomasti. <br>\nMeilt\u00e4 l\u00f6yd\u00e4t tuotteet yrityksille, seuroille, ravintoloille, tapahtumiin ja omaan k\u00e4ytt\u00f6\u00f6n<br> \n\u2013 painettuna tai ilman, nopeasti toimitettuna.<\/h1>\t\t\t\t<\/div>\n\t\t\t\t<\/div>\n\t\t\t\t<div class=\"elementor-element elementor-element-a7ae66a elementor-widget elementor-widget-image\" data-id=\"a7ae66a\" data-element_type=\"widget\" data-e-type=\"widget\" data-widget_type=\"image.default\">\n\t\t\t\t<div class=\"elementor-widget-container\">\n\t\t\t\t\t\t\t\t\t\t\t\t\t\t\t<img fetchpriority=\"high\" decoding=\"async\" width=\"2048\" height=\"1365\" src=\"https:\/\/www.roly24.com\/wp-content\/uploads\/2026\/04\/transparent.png\" class=\"attachment-full size-full wp-image-22310\" alt=\"\" srcset=\"https:\/\/www.roly24.com\/wp-content\/uploads\/2026\/04\/transparent.png 2048w, https:\/\/www.roly24.com\/wp-content\/uploads\/2026\/04\/transparent-300x200.png 300w, https:\/\/www.roly24.com\/wp-content\/uploads\/2026\/04\/transparent-1024x683.png 1024w, https:\/\/www.roly24.com\/wp-content\/uploads\/2026\/04\/transparent-768x512.png 768w, https:\/\/www.roly24.com\/wp-content\/uploads\/2026\/04\/transparent-1536x1024.png 1536w, https:\/\/www.roly24.com\/wp-content\/uploads\/2026\/04\/transparent-600x400.png 600w\" sizes=\"(max-width: 2048px) 100vw, 2048px\" \/>\t\t\t\t\t\t\t\t\t\t\t\t\t\t\t<\/div>\n\t\t\t\t<\/div>\n\t\t\t\t<div class=\"elementor-element elementor-element-2254fac elementor-widget elementor-widget-text-editor\" data-id=\"2254fac\" data-element_type=\"widget\" data-e-type=\"widget\" data-widget_type=\"text-editor.default\">\n\t\t\t\t<div class=\"elementor-widget-container\">\n\t\t\t\t\t\t\t\t\t<p>Tilaa Roly t-paidat, hupparit, takit, urheiluvaatteet, ravintola-asusteet ja ty\u00f6vaatteet omalla painatuksella nopeasti ja edullisesti \u2013 kaikki yritystekstiilit yhdest\u00e4 paikasta.<\/p><p>Valikoimastamme l\u00f6yd\u00e4t laadukkaat mainostekstiilit ja liikelahjat, kuten mukit, kangaskassit, reput, kaulanauhat, sateenvarjot ja lenkkarit painettuna omalla logolla tai ilman.<\/p><p>Olemme Roly ja Stamina -tuotteiden maahantuoja \u2013 tarjoamme Euroopan suurimman asuste- ja promootiotuotevalmistajan tuotteet suoraan yrityksille kilpailukykyiseen hintaan.<\/p><p><strong><span style=\"font-size: large;\">Roly T-paidat painatuksella<br \/>Yritystekstiilit omalla logolla<br \/>Mainostuotteet ja liikelahjat nopeasti<br \/>Edulliset hinnat ja nopeat toimitukset<br \/>Tilaa vaikka 1kpl<\/span><\/strong><\/p><p><span style=\"font-size: large;\"><strong>Tilaa yrityksellesi laadukkaat painotuotteet helposti \u2013 s\u00e4\u00e4st\u00e4 aikaa ja rahaa yhdell\u00e4 luotettavalla kumppanilla.<\/strong><\/span><\/p>\t\t\t\t\t\t\t\t<\/div>\n\t\t\t\t<\/div>\n\t\t\t\t\t<\/div>\n\t\t<\/div>\n\t\t\t\t\t<\/div>\n\t\t<\/section>\n\t\t\t\t<\/div>\n\t\t","protected":false},"excerpt":{"rendered":"<p>Suunnittele, br\u00e4nd\u00e4\u00e4 ja tilaa asusteet ja markkinointituotteet vaivattomasti. Meilt\u00e4 l\u00f6yd\u00e4t tuotteet yrityksille, seuroille, ravintoloille, tapahtumiin ja omaan k\u00e4ytt\u00f6\u00f6n \u2013 painettuna tai ilman, nopeasti toimitettuna. Tilaa Roly t-paidat, hupparit, takit, urheiluvaatteet, ravintola-asusteet ja ty\u00f6vaatteet omalla painatuksella nopeasti ja edullisesti \u2013 kaikki yritystekstiilit yhdest\u00e4 paikasta. Valikoimastamme l\u00f6yd\u00e4t laadukkaat mainostekstiilit ja liikelahjat, kuten mukit, kangaskassit, reput, kaulanauhat, sateenvarjot [&hellip;]<\/p>\n","protected":false},"author":1,"featured_media":0,"parent":0,"menu_order":0,"comment_status":"closed","ping_status":"closed","template":"","meta":{"_acf_changed":false,"om_disable_all_campaigns":false,"_monsterinsights_skip_tracking":false,"_monsterinsights_sitenote_active":false,"_monsterinsights_sitenote_note":"","_monsterinsights_sitenote_category":0,"footnotes":""},"class_list":["post-1298","page","type-page","status-publish","hentry"],"acf":[],"aioseo_notices":[],"_links":{"self":[{"href":"https:\/\/www.roly24.com\/index.php\/wp-json\/wp\/v2\/pages\/1298","targetHints":{"allow":["GET"]}}],"collection":[{"href":"https:\/\/www.roly24.com\/index.php\/wp-json\/wp\/v2\/pages"}],"about":[{"href":"https:\/\/www.roly24.com\/index.php\/wp-json\/wp\/v2\/types\/page"}],"author":[{"embeddable":true,"href":"https:\/\/www.roly24.com\/index.php\/wp-json\/wp\/v2\/users\/1"}],"replies":[{"embeddable":true,"href":"https:\/\/www.roly24.com\/index.php\/wp-json\/wp\/v2\/comments?post=1298"}],"version-history":[{"count":84,"href":"https:\/\/www.roly24.com\/index.php\/wp-json\/wp\/v2\/pages\/1298\/revisions"}],"predecessor-version":[{"id":22414,"href":"https:\/\/www.roly24.com\/index.php\/wp-json\/wp\/v2\/pages\/1298\/revisions\/22414"}],"wp:attachment":[{"href":"https:\/\/www.roly24.com\/index.php\/wp-json\/wp\/v2\/media?parent=1298"}],"curies":[{"name":"wp","href":"https:\/\/api.w.org\/{rel}","templated":true}]}}